{"id":9360,"date":"2023-11-27T11:23:36","date_gmt":"2023-11-27T10:23:36","guid":{"rendered":"https:\/\/www3.compagniefruitiere.frla-delicadeza-del-platano\/"},"modified":"2023-12-04T12:46:37","modified_gmt":"2023-12-04T11:46:37","slug":"la-delicadeza-del-platano","status":"publish","type":"page","link":"https:\/\/www.compagniefruitiere.fr\/es\/la-delicadeza-del-platano\/","title":{"rendered":"LA DELICADEZA DEL PL\u00c1TANO"},"content":{"rendered":"\n<h2 class=\"wp-block-heading\"><strong>C\u00e9lebre por su sabor \u00fanico, el pl\u00e1tano SCB de Costa de Marfil encarna tambi\u00e9n un modelo de cultivo respetuoso con la humanidad y el medio ambiente.<\/strong><\/h2>\n\n<h3 class=\"wp-block-heading\"><strong>Parcours et vie d\u2019un fruit raffin\u00e9.<\/strong><\/h3>\n\n<p>Chaque jour en Afrique et en Am\u00e9rique latine, des mains expertes cultivent des bananiers, plantes \u00e9ph\u00e9m\u00e8res n\u00e9anmoins productives. R\u00e9colt\u00e9es toute l\u2019ann\u00e9e, les bananes sont des fruits p\u00e9rennes \u00e0 croissance rapide (environ 9 mois). S\u2019il en existe aujourd\u2019hui plus de 1000 vari\u00e9t\u00e9s, la banane dessert Cavendish compte pour plus de la moiti\u00e9 de la production mondiale. Moelleuse, sucr\u00e9e, immacul\u00e9e et choy\u00e9e, une Cavendish peut rencontrer plus d\u2019une cinquantaine d\u2019intervenants avant d\u2019atterrir dans nos assiettes.<\/p>\n\n<h3 class=\"wp-block-heading\"><strong>Culture et r\u00e9colte : des gestes pr\u00e9cis<\/strong><\/h3>\n\n<p>Cinq mois apr\u00e8s la plantation des boutures ou rejets, la floraison se d\u00e9clenche sur un tronc essentiellement constitu\u00e9 de feuilles enroul\u00e9es. Appara\u00eet ensuite le r\u00e9gime de bananes compos\u00e9 de \u00ab mains \u00bb, les bouquets, et de \u00ab doigts \u00bb, les fruits. Sensibles au froid, au vent, aux variations de temp\u00e9ratures, aux moisissures, aux insectes et aux chocs, les bananes requi\u00e8rent beaucoup de douceur et de soins. Dans les plantations o\u00f9 le sol est r\u00e9guli\u00e8rement drain\u00e9, les cultivateurs s\u2019affairent. Ils effeuillent, mesurent, fertilisent, \u00e9liminent les pistils et parasites, pratiquent le tuteurage, tout en surveillant les coulures de latex et traquant les parasites ou champignons. Ils n\u2019oublient pas non plus de supprimer les rejets qui se forment au pied de la souche m\u00e8re mena\u00e7ant la survie du bananier, c\u2019est l\u2019\u0153illetonnage. D\u2019ailleurs, au moment de la r\u00e9colte, un seul rejet successeur sera sauvegard\u00e9. Vers le sixi\u00e8me mois, ils prot\u00e8gent les r\u00e9gimes \u00e0 l\u2019aide d\u2019une gaine. Ce sac de protection permet \u00e9galement de cr\u00e9er un microclimat propice \u00e0 la croissance des fruits.<\/p>\n\n<p>Une fois que les bananes ont atteint la taille souhait\u00e9e et qu\u2019elles entrent naturellement en phase de sommeil, les gaines sont retir\u00e9es et des s\u00e9parateurs sont pos\u00e9s entre chaque main. Cette p\u00e9riode durant laquelle les fruits freinent leur respiration et donc leur maturation, est souvent compar\u00e9e \u00e0 une forme d\u2019hibernation. C\u2019est \u00e0 ce moment-l\u00e0 que la r\u00e9colte peut commencer. Taill\u00e9s manuellement d\u2019un geste net, les r\u00e9gimes qui produisent jusqu\u2019\u00e0 250 bananes sont port\u00e9s \u00e0 l\u2019\u00e9paule et d\u00e9licatement d\u00e9pos\u00e9s dans des bacs suspendus \u00e0 des c\u00e2bles parcourant la plantation. Arriv\u00e9s \u00e0 la station de conditionnement, ils sont ensuite d\u00e9coup\u00e9s en bouquets, tremp\u00e9s et frott\u00e9s dans un bain de sulfate d\u2019alun, afin d\u2019\u00e9liminer tout r\u00e9sidu de latex ou insecte r\u00e9calcitrant.<\/p>\n\n<div class=\"wp-block-divi-layout\">[et_pb_section fb_built=\u00bb1&#8243; admin_label=\u00bbsection\u00bb _builder_version=\u00bb4.21.0&#8243; width=\u00bb100%\u00bb max_width=\u00bb100%\u00bb custom_margin=\u00bb20px|0px|0px|0px|false|false\u00bb custom_padding=\u00bb0px|0px|0px|0px|false|false\u00bb global_colors_info=\u00bb{}\u00bb][et_pb_row admin_label=\u00bbrow\u00bb _builder_version=\u00bb4.21.0&#8243; background_size=\u00bbinitial\u00bb background_position=\u00bbtop_left\u00bb background_repeat=\u00bbrepeat\u00bb width=\u00bb100%\u00bb custom_margin=\u00bb0px|0px|0px|0px|false|false\u00bb custom_padding=\u00bb0px|0px|0px|0px|false|false\u00bb global_colors_info=\u00bb{}\u00bb][et_pb_column type=\u00bb4_4&#8243; _builder_version=\u00bb4.21.0&#8243; _module_preset=\u00bbdefault\u00bb global_colors_info=\u00bb{}\u00bb][dnxte_coverflowslider_parent dnxte_coverflow_loop=\u00bbon\u00bb dnxte_coverflow_centered_slides=\u00bbon\u00bb dnxte_coverflow_auto_height=\u00bbon\u00bb dnxte_coverflow_equal_height=\u00bboff\u00bb dnxte_coverflow_grab=\u00bbon\u00bb dnxte_coverflow_keyboard_enable=\u00bboff\u00bb dnxte_coverflow_mousewheel_enable=\u00bboff\u00bb dnxte_coverflow_speed=\u00bb674&#8243; dnxte_coverflow_arrows=\u00bbon\u00bb dnxte_coverflow_pagination_type=\u00bbnone\u00bb dnxte_coverflow_breakpoint_desktop=\u00bb2&#8243; dnxte_coverflow_arrow_color=\u00bbrgba(255,255,255,0.7)\u00bb dnxte_coverflow_arrow_background_color=\u00bbrgba(255,255,255,0)\u00bb dnxte_coverflow_arrow_size=\u00bb48&#8243; lightbox_showhide=\u00bbon\u00bb dnxte_coverflow_breakpoint_desktop_tablet=\u00bb2&#8243; dnxte_coverflow_breakpoint_desktop_phone=\u00bb2&#8243; dnxte_coverflow_breakpoint_desktop_last_edited=\u00bbon|phone\u00bb admin_label=\u00bbNext Divi Carousel\u00bb _builder_version=\u00bb4.20.0&#8243; _module_preset=\u00bbdefault\u00bb custom_padding=\u00bb||||false|false\u00bb custom_padding_tablet=\u00bb||||false|false\u00bb custom_padding_phone=\u00bb||30px||false|false\u00bb custom_padding_last_edited=\u00bbon|phone\u00bb border_radii_image_border=\u00bbon|15px|15px|15px|15px\u00bb global_colors_info=\u00bb{}\u00bb][dnxte_coverflowslider_child coverflowslider_image=\u00bbhttps:\/\/www.compagniefruitiere.fr\/wp-content\/uploads\/2022\/11\/compagnie-fruitiere-container-l-slider-500&#215;500.webp\u00bb _builder_version=\u00bb4.19.0&#8243; _module_preset=\u00bbdefault\u00bb global_colors_info=\u00bb{}\u00bb][\/dnxte_coverflowslider_child][dnxte_coverflowslider_child coverflowslider_image=\u00bbhttps:\/\/www.compagniefruitiere.fr\/wp-content\/uploads\/2022\/11\/compagnie-fruitiere-coted-ivoire2016-1127-slider-500&#215;500.webp\u00bb _builder_version=\u00bb4.19.0&#8243; _module_preset=\u00bbdefault\u00bb global_colors_info=\u00bb{}\u00bb][\/dnxte_coverflowslider_child][dnxte_coverflowslider_child coverflowslider_image=\u00bbhttps:\/\/www.compagniefruitiere.fr\/wp-content\/uploads\/2022\/11\/compagnie-fruitiere-coted-ivoire2016-1446-slider-500&#215;500.webp\u00bb _builder_version=\u00bb4.19.0&#8243; _module_preset=\u00bbdefault\u00bb global_colors_info=\u00bb{}\u00bb][\/dnxte_coverflowslider_child][\/dnxte_coverflowslider_parent][\/et_pb_column][\/et_pb_row][\/et_pb_section]<\/div>\n\n<h3 class=\"wp-block-heading\"><strong>Pr\u00e9par\u00e9es pour le grand voyage<\/strong><\/h3>\n\n<p>Avant de proc\u00e9der \u00e0 l\u2019emballage, des classificateurs v\u00e9rifient la qualit\u00e9 esth\u00e9tique des bananes encore vertes. Celles destin\u00e9es au march\u00e9 europ\u00e9en doivent suivre des normes strictes en termes de taille, de morphologie et de colorim\u00e9trie. Celles qui ne correspondent pas sont d\u2019embl\u00e9e \u00e9cart\u00e9es. Tri\u00e9s, pes\u00e9s, \u00e9tiquet\u00e9s, les bouquets conformes sont ensuite dispos\u00e9s avec soin dans des cartons ajour\u00e9s et a\u00e9r\u00e9s. Des agr\u00e9eurs contr\u00f4lent les indications affich\u00e9es sur les colis comme la cat\u00e9gorie, la destination finale et le code de tra\u00e7abilit\u00e9. Enfin, les colis sont ensuite rang\u00e9s sur des palettes \u00e9galement munies de codes-barres. Une fois arriv\u00e9es au port de d\u00e9part, les palettes partent en chambres froides ferm\u00e9es et ventil\u00e9es, o\u00f9 r\u00e8gne une temp\u00e9rature de 13 \u00e0 14\u00b0. Les bananes voyageront dans ces conditions afin que leur phase de sommeil soit prolong\u00e9e le temps du trajet.<\/p>\n\n<p>Pour exemple, les bananes produites en Afrique par la Soci\u00e9t\u00e9 de Culture Banani\u00e8re (SCB), une des filiales de la Compagnie Fruiti\u00e8re, sont charg\u00e9es sur des navires \u00e0 Abidjan, en C\u00f4te d\u2019Ivoire. Le transport qui peut durer entre 10 et 15 jours importe tout autant que le sol des plantations, l\u2019ensoleillement ou l\u2019humidit\u00e9 \u00e0 l\u2019ann\u00e9e. Dans les cales des navires, thermom\u00e8tres et ventilateurs maintiennent les bananes vertes en sommeil. Une simple variation de quelques dixi\u00e8mes de degr\u00e9 risquerait de d\u00e9clencher une maturation trop rapide, ou \u00e0 l\u2019inverse de provoquer des frisures dues au froid. Une fois d\u00e9barqu\u00e9s dans les ports europ\u00e9ens, 3% des colis (environ 250 palettes) sont auscult\u00e9s \u00e0 la loupe afin de contr\u00f4ler si la taille, la courbure et m\u00eame le blanc de la chair correspondent bien aux normes europ\u00e9ennes et \u00e0 la cat\u00e9gorie indiqu\u00e9e. On s\u2019assure \u00e9galement que les fruits ne pr\u00e9sentent pas de couronnes endommag\u00e9es ou de traces de latex.<\/p>\n\n<h3 class=\"wp-block-heading\"><strong>Maturation et consommation<\/strong><\/h3>\n\n<p>Avant d\u2019\u00eatre livr\u00e9s aux commer\u00e7ants, les fruits doivent encore reprendre leur cycle de maturation, plac\u00e9s en m\u00fbrisserie. En quelques jours, dans une atmosph\u00e8re contr\u00f4l\u00e9e \u00e0 environ 17\u00b0, l\u2019amidon se m\u00e9tamorphose en sucre, la peau jaunit et la chair s\u2019attendrit. D\u00e9licieuses mais toujours fragiles, les bananes livr\u00e9es aux clients doivent \u00eatre extraites de leur carton avec pr\u00e9caution, soit un bouquet \u00e0 la fois. Conserv\u00e9es loin du r\u00e9frig\u00e9rateur, elles pourront alors garder pendant une semaine leur belle couleur ocr\u00e9e et la douceur de leur go\u00fbt valeureusement gagn\u00e9s.<\/p>\n","protected":false},"excerpt":{"rendered":"<p>C\u00e9lebre por su sabor \u00fanico, el pl\u00e1tano SCB de Costa de Marfil encarna tambi\u00e9n un modelo de cultivo respetuoso con la humanidad y el medio ambiente. Parcours et vie d\u2019un fruit raffin\u00e9. Chaque jour en Afrique et en Am\u00e9rique latine, des mains expertes cultivent des bananiers, plantes \u00e9ph\u00e9m\u00e8res n\u00e9anmoins productives. R\u00e9colt\u00e9es toute l\u2019ann\u00e9e, les bananes [&hellip;]<\/p>\n","protected":false},"author":2,"featured_media":0,"parent":0,"menu_order":0,"comment_status":"closed","ping_status":"closed","template":"","meta":{"_et_pb_use_builder":"off","_et_pb_old_content":"","_et_gb_content_width":"","footnotes":""},"class_list":["post-9360","page","type-page","status-publish","hentry"],"yoast_head":"<!-- This site is optimized with the Yoast SEO plugin v27.3 - https:\/\/yoast.com\/product\/yoast-seo-wordpress\/ -->\n<title>LA DELICADEZA DEL PL\u00c1TANO - Compagnie fruiti\u00e8re<\/title>\n<meta name=\"robots\" content=\"index, follow, max-snippet:-1, max-image-preview:large, max-video-preview:-1\" \/>\n<link rel=\"canonical\" href=\"https:\/\/www.compagniefruitiere.fr\/es\/la-delicadeza-del-platano\/\" \/>\n<meta property=\"og:locale\" content=\"es_ES\" \/>\n<meta property=\"og:type\" content=\"article\" \/>\n<meta property=\"og:title\" content=\"LA DELICADEZA DEL PL\u00c1TANO - Compagnie fruiti\u00e8re\" \/>\n<meta property=\"og:description\" content=\"C\u00e9lebre por su sabor \u00fanico, el pl\u00e1tano SCB de Costa de Marfil encarna tambi\u00e9n un modelo de cultivo respetuoso con la humanidad y el medio ambiente. Parcours et vie d\u2019un fruit raffin\u00e9. Chaque jour en Afrique et en Am\u00e9rique latine, des mains expertes cultivent des bananiers, plantes \u00e9ph\u00e9m\u00e8res n\u00e9anmoins productives. R\u00e9colt\u00e9es toute l\u2019ann\u00e9e, les bananes [&hellip;]\" \/>\n<meta property=\"og:url\" content=\"https:\/\/www.compagniefruitiere.fr\/es\/la-delicadeza-del-platano\/\" \/>\n<meta property=\"og:site_name\" content=\"Compagnie fruiti\u00e8re\" \/>\n<meta property=\"article:modified_time\" content=\"2023-12-04T11:46:37+00:00\" \/>\n<meta name=\"twitter:card\" content=\"summary_large_image\" \/>\n<meta name=\"twitter:label1\" content=\"Tiempo de lectura\" \/>\n\t<meta name=\"twitter:data1\" content=\"6 minutos\" \/>\n<script type=\"application\/ld+json\" class=\"yoast-schema-graph\">{\"@context\":\"https:\\\/\\\/schema.org\",\"@graph\":[{\"@type\":\"WebPage\",\"@id\":\"https:\\\/\\\/www.compagniefruitiere.fr\\\/es\\\/la-delicadeza-del-platano\\\/\",\"url\":\"https:\\\/\\\/www.compagniefruitiere.fr\\\/es\\\/la-delicadeza-del-platano\\\/\",\"name\":\"LA DELICADEZA DEL PL\u00c1TANO - Compagnie fruiti\u00e8re\",\"isPartOf\":{\"@id\":\"https:\\\/\\\/www.compagniefruitiere.fr\\\/es\\\/#website\"},\"datePublished\":\"2023-11-27T10:23:36+00:00\",\"dateModified\":\"2023-12-04T11:46:37+00:00\",\"breadcrumb\":{\"@id\":\"https:\\\/\\\/www.compagniefruitiere.fr\\\/es\\\/la-delicadeza-del-platano\\\/#breadcrumb\"},\"inLanguage\":\"es\",\"potentialAction\":[{\"@type\":\"ReadAction\",\"target\":[\"https:\\\/\\\/www.compagniefruitiere.fr\\\/es\\\/la-delicadeza-del-platano\\\/\"]}]},{\"@type\":\"BreadcrumbList\",\"@id\":\"https:\\\/\\\/www.compagniefruitiere.fr\\\/es\\\/la-delicadeza-del-platano\\\/#breadcrumb\",\"itemListElement\":[{\"@type\":\"ListItem\",\"position\":1,\"name\":\"Accueil\",\"item\":\"https:\\\/\\\/www.compagniefruitiere.fr\\\/es\\\/\"},{\"@type\":\"ListItem\",\"position\":2,\"name\":\"LA DELICADEZA DEL PL\u00c1TANO\"}]},{\"@type\":\"WebSite\",\"@id\":\"https:\\\/\\\/www.compagniefruitiere.fr\\\/es\\\/#website\",\"url\":\"https:\\\/\\\/www.compagniefruitiere.fr\\\/es\\\/\",\"name\":\"Compagnie fruiti\u00e8re\",\"description\":\"Origine : Nature.\",\"publisher\":{\"@id\":\"https:\\\/\\\/www.compagniefruitiere.fr\\\/es\\\/#organization\"},\"potentialAction\":[{\"@type\":\"SearchAction\",\"target\":{\"@type\":\"EntryPoint\",\"urlTemplate\":\"https:\\\/\\\/www.compagniefruitiere.fr\\\/es\\\/?s={search_term_string}\"},\"query-input\":{\"@type\":\"PropertyValueSpecification\",\"valueRequired\":true,\"valueName\":\"search_term_string\"}}],\"inLanguage\":\"es\"},{\"@type\":\"Organization\",\"@id\":\"https:\\\/\\\/www.compagniefruitiere.fr\\\/es\\\/#organization\",\"name\":\"Compagnie fruiti\u00e8re\",\"url\":\"https:\\\/\\\/www.compagniefruitiere.fr\\\/es\\\/\",\"logo\":{\"@type\":\"ImageObject\",\"inLanguage\":\"es\",\"@id\":\"https:\\\/\\\/www.compagniefruitiere.fr\\\/es\\\/#\\\/schema\\\/logo\\\/image\\\/\",\"url\":\"https:\\\/\\\/www.compagniefruitiere.fr\\\/wp-content\\\/uploads\\\/2022\\\/03\\\/compagniefrutiere-logo.svg\",\"contentUrl\":\"https:\\\/\\\/www.compagniefruitiere.fr\\\/wp-content\\\/uploads\\\/2022\\\/03\\\/compagniefrutiere-logo.svg\",\"width\":471,\"height\":113,\"caption\":\"Compagnie fruiti\u00e8re\"},\"image\":{\"@id\":\"https:\\\/\\\/www.compagniefruitiere.fr\\\/es\\\/#\\\/schema\\\/logo\\\/image\\\/\"},\"sameAs\":[\"https:\\\/\\\/www.linkedin.com\\\/company\\\/compagnie-fruitiere\\\/\"]}]}<\/script>\n<!-- \/ Yoast SEO plugin. -->","yoast_head_json":{"title":"LA DELICADEZA DEL PL\u00c1TANO - Compagnie fruiti\u00e8re","robots":{"index":"index","follow":"follow","max-snippet":"max-snippet:-1","max-image-preview":"max-image-preview:large","max-video-preview":"max-video-preview:-1"},"canonical":"https:\/\/www.compagniefruitiere.fr\/es\/la-delicadeza-del-platano\/","og_locale":"es_ES","og_type":"article","og_title":"LA DELICADEZA DEL PL\u00c1TANO - Compagnie fruiti\u00e8re","og_description":"C\u00e9lebre por su sabor \u00fanico, el pl\u00e1tano SCB de Costa de Marfil encarna tambi\u00e9n un modelo de cultivo respetuoso con la humanidad y el medio ambiente. Parcours et vie d\u2019un fruit raffin\u00e9. Chaque jour en Afrique et en Am\u00e9rique latine, des mains expertes cultivent des bananiers, plantes \u00e9ph\u00e9m\u00e8res n\u00e9anmoins productives. R\u00e9colt\u00e9es toute l\u2019ann\u00e9e, les bananes [&hellip;]","og_url":"https:\/\/www.compagniefruitiere.fr\/es\/la-delicadeza-del-platano\/","og_site_name":"Compagnie fruiti\u00e8re","article_modified_time":"2023-12-04T11:46:37+00:00","twitter_card":"summary_large_image","twitter_misc":{"Tiempo de lectura":"6 minutos"},"schema":{"@context":"https:\/\/schema.org","@graph":[{"@type":"WebPage","@id":"https:\/\/www.compagniefruitiere.fr\/es\/la-delicadeza-del-platano\/","url":"https:\/\/www.compagniefruitiere.fr\/es\/la-delicadeza-del-platano\/","name":"LA DELICADEZA DEL PL\u00c1TANO - Compagnie fruiti\u00e8re","isPartOf":{"@id":"https:\/\/www.compagniefruitiere.fr\/es\/#website"},"datePublished":"2023-11-27T10:23:36+00:00","dateModified":"2023-12-04T11:46:37+00:00","breadcrumb":{"@id":"https:\/\/www.compagniefruitiere.fr\/es\/la-delicadeza-del-platano\/#breadcrumb"},"inLanguage":"es","potentialAction":[{"@type":"ReadAction","target":["https:\/\/www.compagniefruitiere.fr\/es\/la-delicadeza-del-platano\/"]}]},{"@type":"BreadcrumbList","@id":"https:\/\/www.compagniefruitiere.fr\/es\/la-delicadeza-del-platano\/#breadcrumb","itemListElement":[{"@type":"ListItem","position":1,"name":"Accueil","item":"https:\/\/www.compagniefruitiere.fr\/es\/"},{"@type":"ListItem","position":2,"name":"LA DELICADEZA DEL PL\u00c1TANO"}]},{"@type":"WebSite","@id":"https:\/\/www.compagniefruitiere.fr\/es\/#website","url":"https:\/\/www.compagniefruitiere.fr\/es\/","name":"Compagnie fruiti\u00e8re","description":"Origine : Nature.","publisher":{"@id":"https:\/\/www.compagniefruitiere.fr\/es\/#organization"},"potentialAction":[{"@type":"SearchAction","target":{"@type":"EntryPoint","urlTemplate":"https:\/\/www.compagniefruitiere.fr\/es\/?s={search_term_string}"},"query-input":{"@type":"PropertyValueSpecification","valueRequired":true,"valueName":"search_term_string"}}],"inLanguage":"es"},{"@type":"Organization","@id":"https:\/\/www.compagniefruitiere.fr\/es\/#organization","name":"Compagnie fruiti\u00e8re","url":"https:\/\/www.compagniefruitiere.fr\/es\/","logo":{"@type":"ImageObject","inLanguage":"es","@id":"https:\/\/www.compagniefruitiere.fr\/es\/#\/schema\/logo\/image\/","url":"https:\/\/www.compagniefruitiere.fr\/wp-content\/uploads\/2022\/03\/compagniefrutiere-logo.svg","contentUrl":"https:\/\/www.compagniefruitiere.fr\/wp-content\/uploads\/2022\/03\/compagniefrutiere-logo.svg","width":471,"height":113,"caption":"Compagnie fruiti\u00e8re"},"image":{"@id":"https:\/\/www.compagniefruitiere.fr\/es\/#\/schema\/logo\/image\/"},"sameAs":["https:\/\/www.linkedin.com\/company\/compagnie-fruitiere\/"]}]}},"_links":{"self":[{"href":"https:\/\/www.compagniefruitiere.fr\/es\/wp-json\/wp\/v2\/pages\/9360","targetHints":{"allow":["GET"]}}],"collection":[{"href":"https:\/\/www.compagniefruitiere.fr\/es\/wp-json\/wp\/v2\/pages"}],"about":[{"href":"https:\/\/www.compagniefruitiere.fr\/es\/wp-json\/wp\/v2\/types\/page"}],"author":[{"embeddable":true,"href":"https:\/\/www.compagniefruitiere.fr\/es\/wp-json\/wp\/v2\/users\/2"}],"replies":[{"embeddable":true,"href":"https:\/\/www.compagniefruitiere.fr\/es\/wp-json\/wp\/v2\/comments?post=9360"}],"version-history":[{"count":1,"href":"https:\/\/www.compagniefruitiere.fr\/es\/wp-json\/wp\/v2\/pages\/9360\/revisions"}],"predecessor-version":[{"id":9361,"href":"https:\/\/www.compagniefruitiere.fr\/es\/wp-json\/wp\/v2\/pages\/9360\/revisions\/9361"}],"wp:attachment":[{"href":"https:\/\/www.compagniefruitiere.fr\/es\/wp-json\/wp\/v2\/media?parent=9360"}],"curies":[{"name":"wp","href":"https:\/\/api.w.org\/{rel}","templated":true}]}}