{"id":9350,"date":"2023-11-27T11:18:27","date_gmt":"2023-11-27T10:18:27","guid":{"rendered":"https:\/\/www3.compagniefruitiere.frscb-premium\/"},"modified":"2025-05-21T11:31:27","modified_gmt":"2025-05-21T09:31:27","slug":"scb-premium","status":"publish","type":"page","link":"https:\/\/www.compagniefruitiere.fr\/es\/scb-premium\/","title":{"rendered":"SCB"},"content":{"rendered":"\n<p>Con unas especificaciones altamente exigentes, la marca SCB se ha consolidado a lo largo de los a\u00f1os como un referente para profesionales que buscan la m\u00e1xima calidad. El pl\u00e1tano Cavendish, cultivado en nuestras plantaciones en \u00c1frica y Am\u00e9rica Central, es el ejemplo perfecto de la meticulosa atenci\u00f3n prestada a lo largo de toda la cadena de producci\u00f3n. Primero, los frutos se seleccionan a mano durante la cosecha. Posteriormente, se embalan espec\u00edficamente para su env\u00edo y viajan en contenedores o bodegas de atm\u00f3sfera controlada. Los pl\u00e1tanos llegan as\u00ed a las estanter\u00edas con una textura suave pero firme y un sabor delicadamente dulce. Otro producto estrella de la gama, la pi\u00f1a Ana&#8217;Dou tambi\u00e9n recibe la m\u00e1xima atenci\u00f3n, desde su recolecci\u00f3n en plena madurez hasta su llegada a la mesa del consumidor, haciendo gala de un bonito color dorado y con una carne mantecosa y un sabor fragante.<\/p>\n\n\n\n<figure class=\"wp-block-image size-large\"><img loading=\"lazy\" decoding=\"async\" width=\"1024\" height=\"682\" src=\"https:\/\/www.compagniefruitiere.fr\/wp-content\/uploads\/2023\/09\/Cameroun2022-Bananes-3954-1024x682.webp\" alt=\"\" class=\"wp-image-8850\" srcset=\"https:\/\/www.compagniefruitiere.fr\/wp-content\/uploads\/2023\/09\/Cameroun2022-Bananes-3954-980x653.webp 980w, https:\/\/www.compagniefruitiere.fr\/wp-content\/uploads\/2023\/09\/Cameroun2022-Bananes-3954-480x320.webp 480w\" sizes=\"(min-width: 0px) and (max-width: 480px) 480px, (min-width: 481px) and (max-width: 980px) 980px, (min-width: 981px) 1024px, 100vw\" \/><\/figure>\n\n\n\n<p>Esta atenci\u00f3n en todo momento hace de SCB una marca de excelencia que garantiza pl\u00e1tanos de una calidad incomparable y de sabor realmente \u00fanico.<\/p>\n\n\n\n<p>Los pl\u00e1tanos SCB, en funci\u00f3n de su origen, cuentan con las certificaciones ISO 14001, Global G.A.P., Rainforest Alliance, Fairtrade y Agricultura biol\u00f3gica europea.<\/p>\n","protected":false},"excerpt":{"rendered":"<p>Con unas especificaciones altamente exigentes, la marca SCB se ha consolidado a lo largo de los a\u00f1os como un referente para profesionales que buscan la m\u00e1xima calidad. El pl\u00e1tano Cavendish, cultivado en nuestras plantaciones en \u00c1frica y Am\u00e9rica Central, es el ejemplo perfecto de la meticulosa atenci\u00f3n prestada a lo largo de toda la cadena [&hellip;]<\/p>\n","protected":false},"author":2,"featured_media":0,"parent":0,"menu_order":0,"comment_status":"closed","ping_status":"closed","template":"","meta":{"_et_pb_use_builder":"off","_et_pb_old_content":"","_et_gb_content_width":"","footnotes":""},"class_list":["post-9350","page","type-page","status-publish","hentry"],"yoast_head":"<!-- This site is optimized with the Yoast SEO plugin v27.1.1 - https:\/\/yoast.com\/product\/yoast-seo-wordpress\/ -->\n<title>SCB - Compagnie fruiti\u00e8re<\/title>\n<meta name=\"robots\" content=\"index, follow, max-snippet:-1, max-image-preview:large, max-video-preview:-1\" \/>\n<link rel=\"canonical\" href=\"https:\/\/www.compagniefruitiere.fr\/es\/scb-premium\/\" \/>\n<meta property=\"og:locale\" content=\"es_ES\" \/>\n<meta property=\"og:type\" content=\"article\" \/>\n<meta property=\"og:title\" content=\"SCB - Compagnie fruiti\u00e8re\" \/>\n<meta property=\"og:description\" content=\"Con unas especificaciones altamente exigentes, la marca SCB se ha consolidado a lo largo de los a\u00f1os como un referente para profesionales que buscan la m\u00e1xima calidad. El pl\u00e1tano Cavendish, cultivado en nuestras plantaciones en \u00c1frica y Am\u00e9rica Central, es el ejemplo perfecto de la meticulosa atenci\u00f3n prestada a lo largo de toda la cadena [&hellip;]\" \/>\n<meta property=\"og:url\" content=\"https:\/\/www.compagniefruitiere.fr\/es\/scb-premium\/\" \/>\n<meta property=\"og:site_name\" content=\"Compagnie fruiti\u00e8re\" \/>\n<meta property=\"article:modified_time\" content=\"2025-05-21T09:31:27+00:00\" \/>\n<meta property=\"og:image\" content=\"https:\/\/www.compagniefruitiere.fr\/wp-content\/uploads\/2023\/09\/Cameroun2022-Bananes-3954.webp\" \/>\n\t<meta property=\"og:image:width\" content=\"1400\" \/>\n\t<meta property=\"og:image:height\" content=\"933\" \/>\n\t<meta property=\"og:image:type\" content=\"image\/webp\" \/>\n<meta name=\"twitter:card\" content=\"summary_large_image\" \/>\n<meta name=\"twitter:label1\" content=\"Tiempo de lectura\" \/>\n\t<meta name=\"twitter:data1\" content=\"2 minutos\" \/>\n<script type=\"application\/ld+json\" class=\"yoast-schema-graph\">{\"@context\":\"https:\/\/schema.org\",\"@graph\":[{\"@type\":\"WebPage\",\"@id\":\"https:\/\/www.compagniefruitiere.fr\/es\/scb-premium\/\",\"url\":\"https:\/\/www.compagniefruitiere.fr\/es\/scb-premium\/\",\"name\":\"SCB - Compagnie fruiti\u00e8re\",\"isPartOf\":{\"@id\":\"https:\/\/www.compagniefruitiere.fr\/es\/#website\"},\"primaryImageOfPage\":{\"@id\":\"https:\/\/www.compagniefruitiere.fr\/es\/scb-premium\/#primaryimage\"},\"image\":{\"@id\":\"https:\/\/www.compagniefruitiere.fr\/es\/scb-premium\/#primaryimage\"},\"thumbnailUrl\":\"https:\/\/www.compagniefruitiere.fr\/wp-content\/uploads\/2023\/09\/Cameroun2022-Bananes-3954-1024x682.webp\",\"datePublished\":\"2023-11-27T10:18:27+00:00\",\"dateModified\":\"2025-05-21T09:31:27+00:00\",\"breadcrumb\":{\"@id\":\"https:\/\/www.compagniefruitiere.fr\/es\/scb-premium\/#breadcrumb\"},\"inLanguage\":\"es\",\"potentialAction\":[{\"@type\":\"ReadAction\",\"target\":[\"https:\/\/www.compagniefruitiere.fr\/es\/scb-premium\/\"]}]},{\"@type\":\"ImageObject\",\"inLanguage\":\"es\",\"@id\":\"https:\/\/www.compagniefruitiere.fr\/es\/scb-premium\/#primaryimage\",\"url\":\"https:\/\/www.compagniefruitiere.fr\/wp-content\/uploads\/2023\/09\/Cameroun2022-Bananes-3954-1024x682.webp\",\"contentUrl\":\"https:\/\/www.compagniefruitiere.fr\/wp-content\/uploads\/2023\/09\/Cameroun2022-Bananes-3954-1024x682.webp\"},{\"@type\":\"BreadcrumbList\",\"@id\":\"https:\/\/www.compagniefruitiere.fr\/es\/scb-premium\/#breadcrumb\",\"itemListElement\":[{\"@type\":\"ListItem\",\"position\":1,\"name\":\"Accueil\",\"item\":\"https:\/\/www.compagniefruitiere.fr\/es\/\"},{\"@type\":\"ListItem\",\"position\":2,\"name\":\"SCB\"}]},{\"@type\":\"WebSite\",\"@id\":\"https:\/\/www.compagniefruitiere.fr\/es\/#website\",\"url\":\"https:\/\/www.compagniefruitiere.fr\/es\/\",\"name\":\"Compagnie fruiti\u00e8re\",\"description\":\"Origine : Nature.\",\"publisher\":{\"@id\":\"https:\/\/www.compagniefruitiere.fr\/es\/#organization\"},\"potentialAction\":[{\"@type\":\"SearchAction\",\"target\":{\"@type\":\"EntryPoint\",\"urlTemplate\":\"https:\/\/www.compagniefruitiere.fr\/es\/?s={search_term_string}\"},\"query-input\":{\"@type\":\"PropertyValueSpecification\",\"valueRequired\":true,\"valueName\":\"search_term_string\"}}],\"inLanguage\":\"es\"},{\"@type\":\"Organization\",\"@id\":\"https:\/\/www.compagniefruitiere.fr\/es\/#organization\",\"name\":\"Compagnie fruiti\u00e8re\",\"url\":\"https:\/\/www.compagniefruitiere.fr\/es\/\",\"logo\":{\"@type\":\"ImageObject\",\"inLanguage\":\"es\",\"@id\":\"https:\/\/www.compagniefruitiere.fr\/es\/#\/schema\/logo\/image\/\",\"url\":\"https:\/\/www.compagniefruitiere.fr\/wp-content\/uploads\/2022\/03\/compagniefrutiere-logo.svg\",\"contentUrl\":\"https:\/\/www.compagniefruitiere.fr\/wp-content\/uploads\/2022\/03\/compagniefrutiere-logo.svg\",\"width\":471,\"height\":113,\"caption\":\"Compagnie fruiti\u00e8re\"},\"image\":{\"@id\":\"https:\/\/www.compagniefruitiere.fr\/es\/#\/schema\/logo\/image\/\"},\"sameAs\":[\"https:\/\/www.linkedin.com\/company\/compagnie-fruitiere\/\"]}]}<\/script>\n<!-- \/ Yoast SEO plugin. -->","yoast_head_json":{"title":"SCB - Compagnie fruiti\u00e8re","robots":{"index":"index","follow":"follow","max-snippet":"max-snippet:-1","max-image-preview":"max-image-preview:large","max-video-preview":"max-video-preview:-1"},"canonical":"https:\/\/www.compagniefruitiere.fr\/es\/scb-premium\/","og_locale":"es_ES","og_type":"article","og_title":"SCB - Compagnie fruiti\u00e8re","og_description":"Con unas especificaciones altamente exigentes, la marca SCB se ha consolidado a lo largo de los a\u00f1os como un referente para profesionales que buscan la m\u00e1xima calidad. El pl\u00e1tano Cavendish, cultivado en nuestras plantaciones en \u00c1frica y Am\u00e9rica Central, es el ejemplo perfecto de la meticulosa atenci\u00f3n prestada a lo largo de toda la cadena [&hellip;]","og_url":"https:\/\/www.compagniefruitiere.fr\/es\/scb-premium\/","og_site_name":"Compagnie fruiti\u00e8re","article_modified_time":"2025-05-21T09:31:27+00:00","og_image":[{"width":1400,"height":933,"url":"https:\/\/www.compagniefruitiere.fr\/wp-content\/uploads\/2023\/09\/Cameroun2022-Bananes-3954.webp","type":"image\/webp"}],"twitter_card":"summary_large_image","twitter_misc":{"Tiempo de lectura":"2 minutos"},"schema":{"@context":"https:\/\/schema.org","@graph":[{"@type":"WebPage","@id":"https:\/\/www.compagniefruitiere.fr\/es\/scb-premium\/","url":"https:\/\/www.compagniefruitiere.fr\/es\/scb-premium\/","name":"SCB - Compagnie fruiti\u00e8re","isPartOf":{"@id":"https:\/\/www.compagniefruitiere.fr\/es\/#website"},"primaryImageOfPage":{"@id":"https:\/\/www.compagniefruitiere.fr\/es\/scb-premium\/#primaryimage"},"image":{"@id":"https:\/\/www.compagniefruitiere.fr\/es\/scb-premium\/#primaryimage"},"thumbnailUrl":"https:\/\/www.compagniefruitiere.fr\/wp-content\/uploads\/2023\/09\/Cameroun2022-Bananes-3954-1024x682.webp","datePublished":"2023-11-27T10:18:27+00:00","dateModified":"2025-05-21T09:31:27+00:00","breadcrumb":{"@id":"https:\/\/www.compagniefruitiere.fr\/es\/scb-premium\/#breadcrumb"},"inLanguage":"es","potentialAction":[{"@type":"ReadAction","target":["https:\/\/www.compagniefruitiere.fr\/es\/scb-premium\/"]}]},{"@type":"ImageObject","inLanguage":"es","@id":"https:\/\/www.compagniefruitiere.fr\/es\/scb-premium\/#primaryimage","url":"https:\/\/www.compagniefruitiere.fr\/wp-content\/uploads\/2023\/09\/Cameroun2022-Bananes-3954-1024x682.webp","contentUrl":"https:\/\/www.compagniefruitiere.fr\/wp-content\/uploads\/2023\/09\/Cameroun2022-Bananes-3954-1024x682.webp"},{"@type":"BreadcrumbList","@id":"https:\/\/www.compagniefruitiere.fr\/es\/scb-premium\/#breadcrumb","itemListElement":[{"@type":"ListItem","position":1,"name":"Accueil","item":"https:\/\/www.compagniefruitiere.fr\/es\/"},{"@type":"ListItem","position":2,"name":"SCB"}]},{"@type":"WebSite","@id":"https:\/\/www.compagniefruitiere.fr\/es\/#website","url":"https:\/\/www.compagniefruitiere.fr\/es\/","name":"Compagnie fruiti\u00e8re","description":"Origine : Nature.","publisher":{"@id":"https:\/\/www.compagniefruitiere.fr\/es\/#organization"},"potentialAction":[{"@type":"SearchAction","target":{"@type":"EntryPoint","urlTemplate":"https:\/\/www.compagniefruitiere.fr\/es\/?s={search_term_string}"},"query-input":{"@type":"PropertyValueSpecification","valueRequired":true,"valueName":"search_term_string"}}],"inLanguage":"es"},{"@type":"Organization","@id":"https:\/\/www.compagniefruitiere.fr\/es\/#organization","name":"Compagnie fruiti\u00e8re","url":"https:\/\/www.compagniefruitiere.fr\/es\/","logo":{"@type":"ImageObject","inLanguage":"es","@id":"https:\/\/www.compagniefruitiere.fr\/es\/#\/schema\/logo\/image\/","url":"https:\/\/www.compagniefruitiere.fr\/wp-content\/uploads\/2022\/03\/compagniefrutiere-logo.svg","contentUrl":"https:\/\/www.compagniefruitiere.fr\/wp-content\/uploads\/2022\/03\/compagniefrutiere-logo.svg","width":471,"height":113,"caption":"Compagnie fruiti\u00e8re"},"image":{"@id":"https:\/\/www.compagniefruitiere.fr\/es\/#\/schema\/logo\/image\/"},"sameAs":["https:\/\/www.linkedin.com\/company\/compagnie-fruitiere\/"]}]}},"_links":{"self":[{"href":"https:\/\/www.compagniefruitiere.fr\/es\/wp-json\/wp\/v2\/pages\/9350","targetHints":{"allow":["GET"]}}],"collection":[{"href":"https:\/\/www.compagniefruitiere.fr\/es\/wp-json\/wp\/v2\/pages"}],"about":[{"href":"https:\/\/www.compagniefruitiere.fr\/es\/wp-json\/wp\/v2\/types\/page"}],"author":[{"embeddable":true,"href":"https:\/\/www.compagniefruitiere.fr\/es\/wp-json\/wp\/v2\/users\/2"}],"replies":[{"embeddable":true,"href":"https:\/\/www.compagniefruitiere.fr\/es\/wp-json\/wp\/v2\/comments?post=9350"}],"version-history":[{"count":5,"href":"https:\/\/www.compagniefruitiere.fr\/es\/wp-json\/wp\/v2\/pages\/9350\/revisions"}],"predecessor-version":[{"id":11728,"href":"https:\/\/www.compagniefruitiere.fr\/es\/wp-json\/wp\/v2\/pages\/9350\/revisions\/11728"}],"wp:attachment":[{"href":"https:\/\/www.compagniefruitiere.fr\/es\/wp-json\/wp\/v2\/media?parent=9350"}],"curies":[{"name":"wp","href":"https:\/\/api.w.org\/{rel}","templated":true}]}}