{"id":6593,"date":"2022-08-19T00:25:01","date_gmt":"2022-08-18T22:25:01","guid":{"rendered":"https:\/\/www3.compagniefruitiere.frcontacto\/"},"modified":"2026-03-06T10:00:36","modified_gmt":"2026-03-06T09:00:36","slug":"contacto","status":"publish","type":"page","link":"https:\/\/www.compagniefruitiere.fr\/es\/contacto\/","title":{"rendered":"Contacto"},"content":{"rendered":"\n<p><\/p>\n\n\n\n<p><strong>\u00bfDesea unirse a nosotros?<\/strong><\/p>\n\n\n\n<p>Para que su candidatura sea tenida en cuenta y protegida seg\u00fan las normas del RGPD, utilice exclusivamente nuestro Espacio de empleo <a href=\"https:\/\/compagniefruitiere-career.talent-soft.com\/homepage.aspx?LCID=3082\" target=\"_blank\" rel=\"noreferrer noopener\">aqui<\/a>.<\/p>\n\n\n\n<p>Nota: Las candidaturas enviadas a trav\u00e9s de este formulario de contacto no podr\u00e1n ser tramitadas y ser\u00e1n eliminadas autom\u00e1ticamente.<\/p>\n\n\n<div class=\"forminator-ui forminator-custom-form forminator-custom-form-6597 forminator-design--default  forminator_ajax\" data-forminator-render=\"0\" data-form=\"forminator-module-6597\" data-uid=\"69d7bc7701e73\"><br\/><\/div><form\n\t\t\t\tid=\"forminator-module-6597\"\n\t\t\t\tclass=\"forminator-ui forminator-custom-form forminator-custom-form-6597 forminator-design--default  forminator_ajax\"\n\t\t\t\tmethod=\"post\"\n\t\t\t\tdata-forminator-render=\"0\"\n\t\t\t\tdata-form-id=\"6597\"\n\t\t\t\t data-color-option=\"default\" data-design=\"default\" data-grid=\"open\" style=\"display: none;\"\n\t\t\t\tdata-uid=\"69d7bc7701e73\"\n\t\t\t><div role=\"alert\" aria-live=\"polite\" class=\"forminator-response-message forminator-error\" aria-hidden=\"true\"><\/div><div class=\"forminator-row\"><div id=\"select-1\" class=\"forminator-field-select forminator-col forminator-col-12 \"><div class=\"forminator-field\"><select  id=\"forminator-form-6597__field--select-1_69d7bc7701e73\" class=\"forminator-select--field forminator-select2 forminator-select2-multiple\" data-required=\"\" name=\"select-1\" data-default-value=\"\" data-placeholder=\"\u00bfA qui\u00e9n desea contactar?\" data-search=\"false\" data-search-placeholder=\"\u00bfA qui\u00e9n desea contactar?\" data-checkbox=\"false\" data-allow-clear=\"false\" aria-labelledby=\"forminator-form-6597__field--select-1_69d7bc7701e73-label\"><option value=\"\"  >\u00bfA qui\u00e9n desea contactar?<\/option><option value=\"Communication\"  data-calculation=\"0\">Communication<\/option><option value=\"Commerce\"  data-calculation=\"0\">Commerce<\/option><option value=\"Qualit\u00e9\"  data-calculation=\"0\">Qualit\u00e9<\/option><option value=\"Ressources-humaines\"  data-calculation=\"0\">Ressources humaines<\/option><option value=\"Juridique\"  data-calculation=\"0\">Juridique<\/option><option value=\"Finances\"  data-calculation=\"0\">Finances<\/option><option value=\"Achats\"  data-calculation=\"0\">Achats<\/option><option value=\"Promoteur-des-ventes\"  data-calculation=\"0\">Promoteur des ventes<\/option><option value=\"Visites\"  data-calculation=\"0\">Visites<\/option><option value=\"Presse\"  data-calculation=\"0\">Presse<\/option><option value=\"Partenariats\"  data-calculation=\"0\">Partenariats<\/option><\/select><\/div><\/div><\/div><div class=\"forminator-row\"><div id=\"name-1\" class=\"forminator-field-name forminator-col forminator-col-6 \"><div class=\"forminator-field\"><input type=\"text\" name=\"name-1\" value=\"\" placeholder=\"Apellido *\" id=\"forminator-field-name-1_69d7bc7701e73\" class=\"forminator-input forminator-name--field\" aria-required=\"true\" autocomplete=\"name\" \/><\/div><\/div><div id=\"name-2\" class=\"forminator-field-name forminator-col forminator-col-6 \"><div class=\"forminator-field\"><input type=\"text\" name=\"name-2\" value=\"\" placeholder=\"Nombre *\" id=\"forminator-field-name-2_69d7bc7701e73\" class=\"forminator-input forminator-name--field\" aria-required=\"true\" autocomplete=\"name\" \/><\/div><\/div><\/div><div class=\"forminator-row\"><div id=\"email-1\" class=\"forminator-field-email forminator-col forminator-col-6 \"><div class=\"forminator-field\"><input type=\"email\" name=\"email-1\" value=\"\" placeholder=\"Email *\" id=\"forminator-field-email-1_69d7bc7701e73\" class=\"forminator-input forminator-email--field\" data-required=\"true\" aria-required=\"true\" autocomplete=\"email\" \/><\/div><\/div><div id=\"phone-1\" class=\"forminator-field-phone forminator-col forminator-col-6 \"><div class=\"forminator-field\"><input type=\"text\" name=\"phone-1\" value=\"\" placeholder=\"Tel\u00e9fono\" id=\"forminator-field-phone-1_69d7bc7701e73\" class=\"forminator-input forminator-field--phone\" data-required=\"\" aria-required=\"false\" autocomplete=\"off\" \/><\/div><\/div><\/div><div class=\"forminator-row\"><div id=\"textarea-1\" class=\"forminator-field-textarea forminator-col forminator-col-12 \"><div class=\"forminator-field\"><textarea name=\"textarea-1\" placeholder=\"Mensaje *\" id=\"forminator-field-textarea-1_69d7bc7701e73\" class=\"forminator-textarea\" rows=\"6\" style=\"min-height:140px;\" ><\/textarea><\/div><\/div><\/div><div class=\"forminator-row\"><div id=\"consent-1\" class=\"forminator-field-consent forminator-col forminator-col-12 \"><div class=\"forminator-field\"><div class=\"forminator-checkbox__wrapper\"><label id=\"forminator-field-consent-1_69d7bc7701e73__label\" class=\"forminator-checkbox forminator-consent\"><input type=\"checkbox\" name=\"consent-1\" id=\"forminator-field-consent-1_69d7bc7701e73\" value=\"checked\" aria-labelledby=\"forminator-field-consent-1_69d7bc7701e73-label\" aria-describedby=\"forminator-field-consent-1_69d7bc7701e73__description\" data-required=\"true\" aria-required=\"true\" \/><span class=\"forminator-checkbox-box\" aria-hidden=\"true\"><\/span><\/label><div id=\"forminator-field-consent-1_69d7bc7701e73__description\" class=\"forminator-checkbox__label forminator-consent__label\"><p>Al enviar este formulario acepto <a href=\"\/mentions-legales\/\">los avisos legales<\/a> y <a href=\"\/politique-de-confidentialite\/\">la pol\u00edtica de confidencialidad<\/a>.<\/p><\/div><\/div><\/div><\/div><\/div><input type=\"hidden\" name=\"referer_url\" value=\"\" \/><div class=\"forminator-row forminator-row-last\"><div class=\"forminator-col\"><div class=\"forminator-field\"><button class=\"forminator-button forminator-button-submit\">Env&iacute;a el mensaje<\/button><\/div><\/div><\/div><input type=\"hidden\" id=\"forminator_nonce\" name=\"forminator_nonce\" value=\"f5c637848b\" \/><input type=\"hidden\" name=\"_wp_http_referer\" value=\"\/es\/wp-json\/wp\/v2\/pages\/6593\" \/><input type=\"hidden\" name=\"form_id\" value=\"6597\"><input type=\"hidden\" name=\"page_id\" value=\"6593\"><input type=\"hidden\" name=\"form_type\" value=\"default\"><input type=\"hidden\" name=\"current_url\" value=\"https:\/\/www.compagniefruitiere.fr\/es\/contacto\/\"><input type=\"hidden\" name=\"render_id\" value=\"0\"><input type=\"hidden\" name=\"action\" value=\"forminator_submit_form_custom-forms\"><label for=\"input_8\" class=\"forminator-hidden\" aria-hidden=\"true\">Por favor, no rellenes este campo. <input id=\"input_8\" type=\"text\" name=\"input_8\" value=\"\" autocomplete=\"off\"><\/label><\/form>\n","protected":false},"excerpt":{"rendered":"<p>\u00bfDesea unirse a nosotros? Para que su candidatura sea tenida en cuenta y protegida seg\u00fan las normas del RGPD, utilice exclusivamente nuestro Espacio de empleo aqui. Nota: Las candidaturas enviadas a trav\u00e9s de este formulario de contacto no podr\u00e1n ser tramitadas y ser\u00e1n eliminadas autom\u00e1ticamente.<\/p>\n","protected":false},"author":1,"featured_media":0,"parent":0,"menu_order":0,"comment_status":"closed","ping_status":"closed","template":"","meta":{"_et_pb_use_builder":"off","_et_pb_old_content":"","_et_gb_content_width":"","footnotes":""},"class_list":["post-6593","page","type-page","status-publish","hentry"],"yoast_head":"<!-- This site is optimized with the Yoast SEO plugin v27.3 - https:\/\/yoast.com\/product\/yoast-seo-wordpress\/ -->\n<title>Contacte la Compagnie Fruiti\u00e8re | Compagnie Fruiti\u00e8re<\/title>\n<meta name=\"description\" content=\"P\u00f3ngase en contacto con la Compagnie Fruiti\u00e8re para cualquier solicitud o informaci\u00f3n. M\u00e1s informaci\u00f3n sobre nuestros datos de contacto y c\u00f3mo llegar f\u00e1cilmente.\" \/>\n<meta name=\"robots\" content=\"index, follow, max-snippet:-1, max-image-preview:large, max-video-preview:-1\" \/>\n<link rel=\"canonical\" href=\"https:\/\/www.compagniefruitiere.fr\/es\/contacto\/\" \/>\n<meta property=\"og:locale\" content=\"es_ES\" \/>\n<meta property=\"og:type\" content=\"article\" \/>\n<meta property=\"og:title\" content=\"Contacte la Compagnie Fruiti\u00e8re | Compagnie Fruiti\u00e8re\" \/>\n<meta property=\"og:description\" content=\"P\u00f3ngase en contacto con la Compagnie Fruiti\u00e8re para cualquier solicitud o informaci\u00f3n. M\u00e1s informaci\u00f3n sobre nuestros datos de contacto y c\u00f3mo llegar f\u00e1cilmente.\" \/>\n<meta property=\"og:url\" content=\"https:\/\/www.compagniefruitiere.fr\/es\/contacto\/\" \/>\n<meta property=\"og:site_name\" content=\"Compagnie fruiti\u00e8re\" \/>\n<meta property=\"article:modified_time\" content=\"2026-03-06T09:00:36+00:00\" \/>\n<meta name=\"twitter:card\" content=\"summary_large_image\" \/>\n<meta name=\"twitter:label1\" content=\"Tiempo de lectura\" \/>\n\t<meta name=\"twitter:data1\" content=\"1 minuto\" \/>\n<script type=\"application\/ld+json\" class=\"yoast-schema-graph\">{\"@context\":\"https:\\\/\\\/schema.org\",\"@graph\":[{\"@type\":\"WebPage\",\"@id\":\"https:\\\/\\\/www.compagniefruitiere.fr\\\/es\\\/contacto\\\/\",\"url\":\"https:\\\/\\\/www.compagniefruitiere.fr\\\/es\\\/contacto\\\/\",\"name\":\"Contacte la Compagnie Fruiti\u00e8re | Compagnie Fruiti\u00e8re\",\"isPartOf\":{\"@id\":\"https:\\\/\\\/www.compagniefruitiere.fr\\\/es\\\/#website\"},\"datePublished\":\"2022-08-18T22:25:01+00:00\",\"dateModified\":\"2026-03-06T09:00:36+00:00\",\"description\":\"P\u00f3ngase en contacto con la Compagnie Fruiti\u00e8re para cualquier solicitud o informaci\u00f3n. M\u00e1s informaci\u00f3n sobre nuestros datos de contacto y c\u00f3mo llegar f\u00e1cilmente.\",\"breadcrumb\":{\"@id\":\"https:\\\/\\\/www.compagniefruitiere.fr\\\/es\\\/contacto\\\/#breadcrumb\"},\"inLanguage\":\"es\",\"potentialAction\":[{\"@type\":\"ReadAction\",\"target\":[\"https:\\\/\\\/www.compagniefruitiere.fr\\\/es\\\/contacto\\\/\"]}]},{\"@type\":\"BreadcrumbList\",\"@id\":\"https:\\\/\\\/www.compagniefruitiere.fr\\\/es\\\/contacto\\\/#breadcrumb\",\"itemListElement\":[{\"@type\":\"ListItem\",\"position\":1,\"name\":\"Accueil\",\"item\":\"https:\\\/\\\/www.compagniefruitiere.fr\\\/es\\\/\"},{\"@type\":\"ListItem\",\"position\":2,\"name\":\"Contacto\"}]},{\"@type\":\"WebSite\",\"@id\":\"https:\\\/\\\/www.compagniefruitiere.fr\\\/es\\\/#website\",\"url\":\"https:\\\/\\\/www.compagniefruitiere.fr\\\/es\\\/\",\"name\":\"Compagnie fruiti\u00e8re\",\"description\":\"Origine : Nature.\",\"publisher\":{\"@id\":\"https:\\\/\\\/www.compagniefruitiere.fr\\\/es\\\/#organization\"},\"potentialAction\":[{\"@type\":\"SearchAction\",\"target\":{\"@type\":\"EntryPoint\",\"urlTemplate\":\"https:\\\/\\\/www.compagniefruitiere.fr\\\/es\\\/?s={search_term_string}\"},\"query-input\":{\"@type\":\"PropertyValueSpecification\",\"valueRequired\":true,\"valueName\":\"search_term_string\"}}],\"inLanguage\":\"es\"},{\"@type\":\"Organization\",\"@id\":\"https:\\\/\\\/www.compagniefruitiere.fr\\\/es\\\/#organization\",\"name\":\"Compagnie fruiti\u00e8re\",\"url\":\"https:\\\/\\\/www.compagniefruitiere.fr\\\/es\\\/\",\"logo\":{\"@type\":\"ImageObject\",\"inLanguage\":\"es\",\"@id\":\"https:\\\/\\\/www.compagniefruitiere.fr\\\/es\\\/#\\\/schema\\\/logo\\\/image\\\/\",\"url\":\"https:\\\/\\\/www.compagniefruitiere.fr\\\/wp-content\\\/uploads\\\/2022\\\/03\\\/compagniefrutiere-logo.svg\",\"contentUrl\":\"https:\\\/\\\/www.compagniefruitiere.fr\\\/wp-content\\\/uploads\\\/2022\\\/03\\\/compagniefrutiere-logo.svg\",\"width\":471,\"height\":113,\"caption\":\"Compagnie fruiti\u00e8re\"},\"image\":{\"@id\":\"https:\\\/\\\/www.compagniefruitiere.fr\\\/es\\\/#\\\/schema\\\/logo\\\/image\\\/\"},\"sameAs\":[\"https:\\\/\\\/www.linkedin.com\\\/company\\\/compagnie-fruitiere\\\/\"]}]}<\/script>\n<!-- \/ Yoast SEO plugin. -->","yoast_head_json":{"title":"Contacte la Compagnie Fruiti\u00e8re | Compagnie Fruiti\u00e8re","description":"P\u00f3ngase en contacto con la Compagnie Fruiti\u00e8re para cualquier solicitud o informaci\u00f3n. M\u00e1s informaci\u00f3n sobre nuestros datos de contacto y c\u00f3mo llegar f\u00e1cilmente.","robots":{"index":"index","follow":"follow","max-snippet":"max-snippet:-1","max-image-preview":"max-image-preview:large","max-video-preview":"max-video-preview:-1"},"canonical":"https:\/\/www.compagniefruitiere.fr\/es\/contacto\/","og_locale":"es_ES","og_type":"article","og_title":"Contacte la Compagnie Fruiti\u00e8re | Compagnie Fruiti\u00e8re","og_description":"P\u00f3ngase en contacto con la Compagnie Fruiti\u00e8re para cualquier solicitud o informaci\u00f3n. M\u00e1s informaci\u00f3n sobre nuestros datos de contacto y c\u00f3mo llegar f\u00e1cilmente.","og_url":"https:\/\/www.compagniefruitiere.fr\/es\/contacto\/","og_site_name":"Compagnie fruiti\u00e8re","article_modified_time":"2026-03-06T09:00:36+00:00","twitter_card":"summary_large_image","twitter_misc":{"Tiempo de lectura":"1 minuto"},"schema":{"@context":"https:\/\/schema.org","@graph":[{"@type":"WebPage","@id":"https:\/\/www.compagniefruitiere.fr\/es\/contacto\/","url":"https:\/\/www.compagniefruitiere.fr\/es\/contacto\/","name":"Contacte la Compagnie Fruiti\u00e8re | Compagnie Fruiti\u00e8re","isPartOf":{"@id":"https:\/\/www.compagniefruitiere.fr\/es\/#website"},"datePublished":"2022-08-18T22:25:01+00:00","dateModified":"2026-03-06T09:00:36+00:00","description":"P\u00f3ngase en contacto con la Compagnie Fruiti\u00e8re para cualquier solicitud o informaci\u00f3n. M\u00e1s informaci\u00f3n sobre nuestros datos de contacto y c\u00f3mo llegar f\u00e1cilmente.","breadcrumb":{"@id":"https:\/\/www.compagniefruitiere.fr\/es\/contacto\/#breadcrumb"},"inLanguage":"es","potentialAction":[{"@type":"ReadAction","target":["https:\/\/www.compagniefruitiere.fr\/es\/contacto\/"]}]},{"@type":"BreadcrumbList","@id":"https:\/\/www.compagniefruitiere.fr\/es\/contacto\/#breadcrumb","itemListElement":[{"@type":"ListItem","position":1,"name":"Accueil","item":"https:\/\/www.compagniefruitiere.fr\/es\/"},{"@type":"ListItem","position":2,"name":"Contacto"}]},{"@type":"WebSite","@id":"https:\/\/www.compagniefruitiere.fr\/es\/#website","url":"https:\/\/www.compagniefruitiere.fr\/es\/","name":"Compagnie fruiti\u00e8re","description":"Origine : Nature.","publisher":{"@id":"https:\/\/www.compagniefruitiere.fr\/es\/#organization"},"potentialAction":[{"@type":"SearchAction","target":{"@type":"EntryPoint","urlTemplate":"https:\/\/www.compagniefruitiere.fr\/es\/?s={search_term_string}"},"query-input":{"@type":"PropertyValueSpecification","valueRequired":true,"valueName":"search_term_string"}}],"inLanguage":"es"},{"@type":"Organization","@id":"https:\/\/www.compagniefruitiere.fr\/es\/#organization","name":"Compagnie fruiti\u00e8re","url":"https:\/\/www.compagniefruitiere.fr\/es\/","logo":{"@type":"ImageObject","inLanguage":"es","@id":"https:\/\/www.compagniefruitiere.fr\/es\/#\/schema\/logo\/image\/","url":"https:\/\/www.compagniefruitiere.fr\/wp-content\/uploads\/2022\/03\/compagniefrutiere-logo.svg","contentUrl":"https:\/\/www.compagniefruitiere.fr\/wp-content\/uploads\/2022\/03\/compagniefrutiere-logo.svg","width":471,"height":113,"caption":"Compagnie fruiti\u00e8re"},"image":{"@id":"https:\/\/www.compagniefruitiere.fr\/es\/#\/schema\/logo\/image\/"},"sameAs":["https:\/\/www.linkedin.com\/company\/compagnie-fruitiere\/"]}]}},"_links":{"self":[{"href":"https:\/\/www.compagniefruitiere.fr\/es\/wp-json\/wp\/v2\/pages\/6593","targetHints":{"allow":["GET"]}}],"collection":[{"href":"https:\/\/www.compagniefruitiere.fr\/es\/wp-json\/wp\/v2\/pages"}],"about":[{"href":"https:\/\/www.compagniefruitiere.fr\/es\/wp-json\/wp\/v2\/types\/page"}],"author":[{"embeddable":true,"href":"https:\/\/www.compagniefruitiere.fr\/es\/wp-json\/wp\/v2\/users\/1"}],"replies":[{"embeddable":true,"href":"https:\/\/www.compagniefruitiere.fr\/es\/wp-json\/wp\/v2\/comments?post=6593"}],"version-history":[{"count":7,"href":"https:\/\/www.compagniefruitiere.fr\/es\/wp-json\/wp\/v2\/pages\/6593\/revisions"}],"predecessor-version":[{"id":12982,"href":"https:\/\/www.compagniefruitiere.fr\/es\/wp-json\/wp\/v2\/pages\/6593\/revisions\/12982"}],"wp:attachment":[{"href":"https:\/\/www.compagniefruitiere.fr\/es\/wp-json\/wp\/v2\/media?parent=6593"}],"curies":[{"name":"wp","href":"https:\/\/api.w.org\/{rel}","templated":true}]}}