{"id":6544,"date":"2022-07-12T18:15:03","date_gmt":"2022-07-12T16:15:03","guid":{"rendered":"https:\/\/www3.compagniefruitiere.frgestion-responsable-y-empoderadora\/"},"modified":"2025-06-02T16:39:13","modified_gmt":"2025-06-02T14:39:13","slug":"gestion-responsable-y-empoderadora","status":"publish","type":"page","link":"https:\/\/www.compagniefruitiere.fr\/es\/gestion-responsable-y-empoderadora\/","title":{"rendered":"Empleador responsable"},"content":{"rendered":"\n<p>Como reflejo de nuestra actividad entre distintos continentes, pa\u00edses y culturas, nuestro enfoque de gesti\u00f3n se basa en la apertura y el respeto a las diferencias. Atentos a las necesidades de nuestros empleados, fomentamos la iniciativa personal para promover el sentido de la responsabilidad, y tenemos en cuenta la personalidad y los antecedentes de cada persona como un gran activo empresarial. <\/p>\n\n\n\n<p>En todos los lugares donde operamos, fomentamos el di\u00e1logo social y garantizamos el bienestar de nuestros empleados a trav\u00e9s de nuestras condiciones de trabajo, prestaciones, acceso a la formaci\u00f3n y cobertura sanitaria optimizada. <\/p>\n\n\n\n<p>Gracias a nuestro software <a href=\"https:\/\/www.farms-digital.com\/home\">FARMS Digital<\/a>, podemos gestionar las rotaciones de nuestros equipos que trabajan en las parcelas de forma optimizada, garantizando ritmos m\u00e1s equilibrados para todos.<\/p>\n\n\n\n<p>En nuestras filiales y con nuestros proveedores, garantizamos el m\u00e1s estricto respeto de los derechos humanos y los derechos de los trabajadores. Combatimos todas las formas de discriminaci\u00f3n, el trabajo infantil y la desigualdad de g\u00e9nero, y garantizamos que nuestras sedes ofrezcan un entorno de trabajo digno y seguro. Los acuerdos alcanzados en nuestras frecuentes conversaciones con los interlocutores sociales se aplican por igual a nuestros empleados fijos, temporales y temporeros.<\/p>\n","protected":false},"excerpt":{"rendered":"<p>Como reflejo de nuestra actividad entre distintos continentes, pa\u00edses y culturas, nuestro enfoque de gesti\u00f3n se basa en la apertura y el respeto a las diferencias. Atentos a las necesidades de nuestros empleados, fomentamos la iniciativa personal para promover el sentido de la responsabilidad, y tenemos en cuenta la personalidad y los antecedentes de cada [&hellip;]<\/p>\n","protected":false},"author":1,"featured_media":0,"parent":0,"menu_order":0,"comment_status":"closed","ping_status":"closed","template":"","meta":{"_et_pb_use_builder":"off","_et_pb_old_content":"","_et_gb_content_width":"","footnotes":""},"class_list":["post-6544","page","type-page","status-publish","hentry"],"yoast_head":"<!-- This site is optimized with the Yoast SEO plugin v27.3 - https:\/\/yoast.com\/product\/yoast-seo-wordpress\/ -->\n<title>Gesti\u00f3n responsable | Compagnie Fruiti\u00e8re<\/title>\n<meta name=\"description\" content=\"La Compagnie Fruiti\u00e8re adopta un enfoque de gesti\u00f3n responsable para capacitar a sus empleados de cara a un futuro sostenible\" \/>\n<meta name=\"robots\" content=\"index, follow, max-snippet:-1, max-image-preview:large, max-video-preview:-1\" \/>\n<link rel=\"canonical\" href=\"https:\/\/www.compagniefruitiere.fr\/es\/gestion-responsable-y-empoderadora\/\" \/>\n<meta property=\"og:locale\" content=\"es_ES\" \/>\n<meta property=\"og:type\" content=\"article\" \/>\n<meta property=\"og:title\" content=\"Gesti\u00f3n responsable | Compagnie Fruiti\u00e8re\" \/>\n<meta property=\"og:description\" content=\"La Compagnie Fruiti\u00e8re adopta un enfoque de gesti\u00f3n responsable para capacitar a sus empleados de cara a un futuro sostenible\" \/>\n<meta property=\"og:url\" content=\"https:\/\/www.compagniefruitiere.fr\/es\/gestion-responsable-y-empoderadora\/\" \/>\n<meta property=\"og:site_name\" content=\"Compagnie fruiti\u00e8re\" \/>\n<meta property=\"article:modified_time\" content=\"2025-06-02T14:39:13+00:00\" \/>\n<meta name=\"twitter:card\" content=\"summary_large_image\" \/>\n<meta name=\"twitter:label1\" content=\"Tiempo de lectura\" \/>\n\t<meta name=\"twitter:data1\" content=\"1 minuto\" \/>\n<script type=\"application\/ld+json\" class=\"yoast-schema-graph\">{\"@context\":\"https:\\\/\\\/schema.org\",\"@graph\":[{\"@type\":\"WebPage\",\"@id\":\"https:\\\/\\\/www.compagniefruitiere.fr\\\/es\\\/gestion-responsable-y-empoderadora\\\/\",\"url\":\"https:\\\/\\\/www.compagniefruitiere.fr\\\/es\\\/gestion-responsable-y-empoderadora\\\/\",\"name\":\"Gesti\u00f3n responsable | Compagnie Fruiti\u00e8re\",\"isPartOf\":{\"@id\":\"https:\\\/\\\/www.compagniefruitiere.fr\\\/es\\\/#website\"},\"datePublished\":\"2022-07-12T16:15:03+00:00\",\"dateModified\":\"2025-06-02T14:39:13+00:00\",\"description\":\"La Compagnie Fruiti\u00e8re adopta un enfoque de gesti\u00f3n responsable para capacitar a sus empleados de cara a un futuro sostenible\",\"breadcrumb\":{\"@id\":\"https:\\\/\\\/www.compagniefruitiere.fr\\\/es\\\/gestion-responsable-y-empoderadora\\\/#breadcrumb\"},\"inLanguage\":\"es\",\"potentialAction\":[{\"@type\":\"ReadAction\",\"target\":[\"https:\\\/\\\/www.compagniefruitiere.fr\\\/es\\\/gestion-responsable-y-empoderadora\\\/\"]}]},{\"@type\":\"BreadcrumbList\",\"@id\":\"https:\\\/\\\/www.compagniefruitiere.fr\\\/es\\\/gestion-responsable-y-empoderadora\\\/#breadcrumb\",\"itemListElement\":[{\"@type\":\"ListItem\",\"position\":1,\"name\":\"Accueil\",\"item\":\"https:\\\/\\\/www.compagniefruitiere.fr\\\/es\\\/\"},{\"@type\":\"ListItem\",\"position\":2,\"name\":\"Empleador responsable\"}]},{\"@type\":\"WebSite\",\"@id\":\"https:\\\/\\\/www.compagniefruitiere.fr\\\/es\\\/#website\",\"url\":\"https:\\\/\\\/www.compagniefruitiere.fr\\\/es\\\/\",\"name\":\"Compagnie fruiti\u00e8re\",\"description\":\"Origine : Nature.\",\"publisher\":{\"@id\":\"https:\\\/\\\/www.compagniefruitiere.fr\\\/es\\\/#organization\"},\"potentialAction\":[{\"@type\":\"SearchAction\",\"target\":{\"@type\":\"EntryPoint\",\"urlTemplate\":\"https:\\\/\\\/www.compagniefruitiere.fr\\\/es\\\/?s={search_term_string}\"},\"query-input\":{\"@type\":\"PropertyValueSpecification\",\"valueRequired\":true,\"valueName\":\"search_term_string\"}}],\"inLanguage\":\"es\"},{\"@type\":\"Organization\",\"@id\":\"https:\\\/\\\/www.compagniefruitiere.fr\\\/es\\\/#organization\",\"name\":\"Compagnie fruiti\u00e8re\",\"url\":\"https:\\\/\\\/www.compagniefruitiere.fr\\\/es\\\/\",\"logo\":{\"@type\":\"ImageObject\",\"inLanguage\":\"es\",\"@id\":\"https:\\\/\\\/www.compagniefruitiere.fr\\\/es\\\/#\\\/schema\\\/logo\\\/image\\\/\",\"url\":\"https:\\\/\\\/www.compagniefruitiere.fr\\\/wp-content\\\/uploads\\\/2022\\\/03\\\/compagniefrutiere-logo.svg\",\"contentUrl\":\"https:\\\/\\\/www.compagniefruitiere.fr\\\/wp-content\\\/uploads\\\/2022\\\/03\\\/compagniefrutiere-logo.svg\",\"width\":471,\"height\":113,\"caption\":\"Compagnie fruiti\u00e8re\"},\"image\":{\"@id\":\"https:\\\/\\\/www.compagniefruitiere.fr\\\/es\\\/#\\\/schema\\\/logo\\\/image\\\/\"},\"sameAs\":[\"https:\\\/\\\/www.linkedin.com\\\/company\\\/compagnie-fruitiere\\\/\"]}]}<\/script>\n<!-- \/ Yoast SEO plugin. -->","yoast_head_json":{"title":"Gesti\u00f3n responsable | Compagnie Fruiti\u00e8re","description":"La Compagnie Fruiti\u00e8re adopta un enfoque de gesti\u00f3n responsable para capacitar a sus empleados de cara a un futuro sostenible","robots":{"index":"index","follow":"follow","max-snippet":"max-snippet:-1","max-image-preview":"max-image-preview:large","max-video-preview":"max-video-preview:-1"},"canonical":"https:\/\/www.compagniefruitiere.fr\/es\/gestion-responsable-y-empoderadora\/","og_locale":"es_ES","og_type":"article","og_title":"Gesti\u00f3n responsable | Compagnie Fruiti\u00e8re","og_description":"La Compagnie Fruiti\u00e8re adopta un enfoque de gesti\u00f3n responsable para capacitar a sus empleados de cara a un futuro sostenible","og_url":"https:\/\/www.compagniefruitiere.fr\/es\/gestion-responsable-y-empoderadora\/","og_site_name":"Compagnie fruiti\u00e8re","article_modified_time":"2025-06-02T14:39:13+00:00","twitter_card":"summary_large_image","twitter_misc":{"Tiempo de lectura":"1 minuto"},"schema":{"@context":"https:\/\/schema.org","@graph":[{"@type":"WebPage","@id":"https:\/\/www.compagniefruitiere.fr\/es\/gestion-responsable-y-empoderadora\/","url":"https:\/\/www.compagniefruitiere.fr\/es\/gestion-responsable-y-empoderadora\/","name":"Gesti\u00f3n responsable | Compagnie Fruiti\u00e8re","isPartOf":{"@id":"https:\/\/www.compagniefruitiere.fr\/es\/#website"},"datePublished":"2022-07-12T16:15:03+00:00","dateModified":"2025-06-02T14:39:13+00:00","description":"La Compagnie Fruiti\u00e8re adopta un enfoque de gesti\u00f3n responsable para capacitar a sus empleados de cara a un futuro sostenible","breadcrumb":{"@id":"https:\/\/www.compagniefruitiere.fr\/es\/gestion-responsable-y-empoderadora\/#breadcrumb"},"inLanguage":"es","potentialAction":[{"@type":"ReadAction","target":["https:\/\/www.compagniefruitiere.fr\/es\/gestion-responsable-y-empoderadora\/"]}]},{"@type":"BreadcrumbList","@id":"https:\/\/www.compagniefruitiere.fr\/es\/gestion-responsable-y-empoderadora\/#breadcrumb","itemListElement":[{"@type":"ListItem","position":1,"name":"Accueil","item":"https:\/\/www.compagniefruitiere.fr\/es\/"},{"@type":"ListItem","position":2,"name":"Empleador responsable"}]},{"@type":"WebSite","@id":"https:\/\/www.compagniefruitiere.fr\/es\/#website","url":"https:\/\/www.compagniefruitiere.fr\/es\/","name":"Compagnie fruiti\u00e8re","description":"Origine : Nature.","publisher":{"@id":"https:\/\/www.compagniefruitiere.fr\/es\/#organization"},"potentialAction":[{"@type":"SearchAction","target":{"@type":"EntryPoint","urlTemplate":"https:\/\/www.compagniefruitiere.fr\/es\/?s={search_term_string}"},"query-input":{"@type":"PropertyValueSpecification","valueRequired":true,"valueName":"search_term_string"}}],"inLanguage":"es"},{"@type":"Organization","@id":"https:\/\/www.compagniefruitiere.fr\/es\/#organization","name":"Compagnie fruiti\u00e8re","url":"https:\/\/www.compagniefruitiere.fr\/es\/","logo":{"@type":"ImageObject","inLanguage":"es","@id":"https:\/\/www.compagniefruitiere.fr\/es\/#\/schema\/logo\/image\/","url":"https:\/\/www.compagniefruitiere.fr\/wp-content\/uploads\/2022\/03\/compagniefrutiere-logo.svg","contentUrl":"https:\/\/www.compagniefruitiere.fr\/wp-content\/uploads\/2022\/03\/compagniefrutiere-logo.svg","width":471,"height":113,"caption":"Compagnie fruiti\u00e8re"},"image":{"@id":"https:\/\/www.compagniefruitiere.fr\/es\/#\/schema\/logo\/image\/"},"sameAs":["https:\/\/www.linkedin.com\/company\/compagnie-fruitiere\/"]}]}},"_links":{"self":[{"href":"https:\/\/www.compagniefruitiere.fr\/es\/wp-json\/wp\/v2\/pages\/6544","targetHints":{"allow":["GET"]}}],"collection":[{"href":"https:\/\/www.compagniefruitiere.fr\/es\/wp-json\/wp\/v2\/pages"}],"about":[{"href":"https:\/\/www.compagniefruitiere.fr\/es\/wp-json\/wp\/v2\/types\/page"}],"author":[{"embeddable":true,"href":"https:\/\/www.compagniefruitiere.fr\/es\/wp-json\/wp\/v2\/users\/1"}],"replies":[{"embeddable":true,"href":"https:\/\/www.compagniefruitiere.fr\/es\/wp-json\/wp\/v2\/comments?post=6544"}],"version-history":[{"count":9,"href":"https:\/\/www.compagniefruitiere.fr\/es\/wp-json\/wp\/v2\/pages\/6544\/revisions"}],"predecessor-version":[{"id":10741,"href":"https:\/\/www.compagniefruitiere.fr\/es\/wp-json\/wp\/v2\/pages\/6544\/revisions\/10741"}],"wp:attachment":[{"href":"https:\/\/www.compagniefruitiere.fr\/es\/wp-json\/wp\/v2\/media?parent=6544"}],"curies":[{"name":"wp","href":"https:\/\/api.w.org\/{rel}","templated":true}]}}