{"id":6520,"date":"2022-08-18T11:21:58","date_gmt":"2022-08-18T09:21:58","guid":{"rendered":"https:\/\/www3.compagniefruitiere.frproductor-en-compagnie-fruitiere\/"},"modified":"2025-06-02T16:40:28","modified_gmt":"2025-06-02T14:40:28","slug":"productor-en-compagnie-fruitiere","status":"publish","type":"page","link":"https:\/\/www.compagniefruitiere.fr\/es\/productor-en-compagnie-fruitiere\/","title":{"rendered":"Productor"},"content":{"rendered":"\n<p>Funci\u00f3n esencial de toda nuestra actividad, nuestros productores son los responsables de que nuestras tierras fructifiquen para producir una fruta excepcional. Este sector tambi\u00e9n tiene la responsabilidad de producir en condiciones respetuosas con el medio ambiente, introduciendo t\u00e9cnicas de cultivo innovadoras. Por tanto, la producci\u00f3n requiere una amplia gama de competencias y emplea constantemente a especialistas en muchos campos: agr\u00f3nomo, jefe de producci\u00f3n, jefe de plantaci\u00f3n, jefe de estaci\u00f3n de envasado, especialista en calidad, especialista en riego, cient\u00edfico de datos, cart\u00f3grafo, etc. Estos especialistas nos ayudan sobre el terreno para que la transici\u00f3n a una agricultura m\u00e1s sostenible y responsable sea un \u00e9xito.<\/p>\n\n<div class=\"wp-block-divi-layout\">[et_pb_section fb_built=\u00bb1&#8243; admin_label=\u00bbsection\u00bb _builder_version=\u00bb4.21.0&#8243; width=\u00bb100%\u00bb max_width=\u00bb100%\u00bb custom_margin=\u00bb20px|0px|0px|0px|false|false\u00bb custom_padding=\u00bb0px|0px|0px|0px|false|false\u00bb global_colors_info=\u00bb{}\u00bb][et_pb_row admin_label=\u00bbrow\u00bb _builder_version=\u00bb4.21.0&#8243; background_size=\u00bbinitial\u00bb background_position=\u00bbtop_left\u00bb background_repeat=\u00bbrepeat\u00bb width=\u00bb100%\u00bb custom_margin=\u00bb0px|0px|0px|0px|false|false\u00bb custom_padding=\u00bb0px|0px|0px|0px|false|false\u00bb global_colors_info=\u00bb{}\u00bb][et_pb_column type=\u00bb4_4&#8243; _builder_version=\u00bb4.21.0&#8243; _module_preset=\u00bbdefault\u00bb global_colors_info=\u00bb{}\u00bb][dnxte_coverflowslider_parent dnxte_coverflow_loop=\u00bbon\u00bb dnxte_coverflow_centered_slides=\u00bbon\u00bb dnxte_coverflow_auto_height=\u00bbon\u00bb dnxte_coverflow_equal_height=\u00bboff\u00bb dnxte_coverflow_grab=\u00bbon\u00bb dnxte_coverflow_keyboard_enable=\u00bboff\u00bb dnxte_coverflow_mousewheel_enable=\u00bboff\u00bb dnxte_coverflow_speed=\u00bb674&#8243; dnxte_coverflow_arrows=\u00bbon\u00bb dnxte_coverflow_pagination_type=\u00bbnone\u00bb dnxte_coverflow_breakpoint_desktop=\u00bb2&#8243; dnxte_coverflow_arrow_color=\u00bbrgba(255,255,255,0.7)\u00bb dnxte_coverflow_arrow_background_color=\u00bbrgba(255,255,255,0)\u00bb dnxte_coverflow_arrow_size=\u00bb48&#8243; lightbox_showhide=\u00bbon\u00bb dnxte_coverflow_breakpoint_desktop_tablet=\u00bb2&#8243; dnxte_coverflow_breakpoint_desktop_phone=\u00bb2&#8243; dnxte_coverflow_breakpoint_desktop_last_edited=\u00bbon|phone\u00bb admin_label=\u00bbNext Divi Carousel\u00bb _builder_version=\u00bb4.20.4&#8243; _module_preset=\u00bbdefault\u00bb custom_padding=\u00bb||||false|false\u00bb custom_padding_tablet=\u00bb||||false|false\u00bb custom_padding_phone=\u00bb||30px||false|false\u00bb custom_padding_last_edited=\u00bbon|phone\u00bb border_radii_image_border=\u00bbon|15px|15px|15px|15px\u00bb global_colors_info=\u00bb{}\u00bb theme_builder_area=\u00bbpost_content\u00bb][dnxte_coverflowslider_child coverflowslider_image=\u00bbhttps:\/\/www.compagniefruitiere.fr\/wp-content\/uploads\/2023\/04\/Cote-dIvoire2022-0135-HD-500&#215;500.webp\u00bb _builder_version=\u00bb4.20.4&#8243; _module_preset=\u00bbdefault\u00bb global_colors_info=\u00bb{}\u00bb theme_builder_area=\u00bbpost_content\u00bb][\/dnxte_coverflowslider_child][dnxte_coverflowslider_child coverflowslider_image=\u00bbhttps:\/\/www.compagniefruitiere.fr\/wp-content\/uploads\/2023\/04\/Compagnie_Fruitiere_Senegal2016-ManguesOignons-2079-500&#215;500.webp\u00bb _builder_version=\u00bb4.20.4&#8243; _module_preset=\u00bbdefault\u00bb global_colors_info=\u00bb{}\u00bb theme_builder_area=\u00bbpost_content\u00bb][\/dnxte_coverflowslider_child][dnxte_coverflowslider_child coverflowslider_image=\u00bbhttps:\/\/www.compagniefruitiere.fr\/wp-content\/uploads\/2023\/04\/DJI_0180-500&#215;500.webp\u00bb _builder_version=\u00bb4.20.4&#8243; _module_preset=\u00bbdefault\u00bb global_colors_info=\u00bb{}\u00bb theme_builder_area=\u00bbpost_content\u00bb][\/dnxte_coverflowslider_child][dnxte_coverflowslider_child coverflowslider_image=\u00bbhttps:\/\/www.compagniefruitiere.fr\/wp-content\/uploads\/2023\/04\/Cameroun2022-Bananes-3600-500&#215;500.webp\u00bb _builder_version=\u00bb4.20.4&#8243; _module_preset=\u00bbdefault\u00bb global_colors_info=\u00bb{}\u00bb theme_builder_area=\u00bbpost_content\u00bb][\/dnxte_coverflowslider_child][dnxte_coverflowslider_child coverflowslider_image=\u00bbhttps:\/\/www.compagniefruitiere.fr\/wp-content\/uploads\/2022\/11\/compagnie-fruitirere-cote-d-ivoire-2022-8557-hd-500&#215;500.webp\u00bb _builder_version=\u00bb4.20.4&#8243; _module_preset=\u00bbdefault\u00bb global_colors_info=\u00bb{}\u00bb theme_builder_area=\u00bbpost_content\u00bb][\/dnxte_coverflowslider_child][\/dnxte_coverflowslider_parent][\/et_pb_column][\/et_pb_row][\/et_pb_section]<\/div>\n\n<p><\/p>\n","protected":false},"excerpt":{"rendered":"<p>Funci\u00f3n esencial de toda nuestra actividad, nuestros productores son los responsables de que nuestras tierras fructifiquen para producir una fruta excepcional. Este sector tambi\u00e9n tiene la responsabilidad de producir en condiciones respetuosas con el medio ambiente, introduciendo t\u00e9cnicas de cultivo innovadoras. Por tanto, la producci\u00f3n requiere una amplia gama de competencias y emplea constantemente a [&hellip;]<\/p>\n","protected":false},"author":1,"featured_media":0,"parent":0,"menu_order":0,"comment_status":"closed","ping_status":"closed","template":"","meta":{"_et_pb_use_builder":"off","_et_pb_old_content":"","_et_gb_content_width":"","footnotes":""},"class_list":["post-6520","page","type-page","status-publish","hentry"],"yoast_head":"<!-- This site is optimized with the Yoast SEO plugin v27.3 - https:\/\/yoast.com\/product\/yoast-seo-wordpress\/ -->\n<title>Productor en la Compagnie Fruiti\u00e8re | Compagnie Fruiti\u00e8re<\/title>\n<meta name=\"description\" content=\"La Compagnie Fruiti\u00e8re apoya a sus productores con pr\u00e1cticas responsables y sostenibles, garantizando la producci\u00f3n de fruta de calidad.\" \/>\n<meta name=\"robots\" content=\"index, follow, max-snippet:-1, max-image-preview:large, max-video-preview:-1\" \/>\n<link rel=\"canonical\" href=\"https:\/\/www.compagniefruitiere.fr\/es\/productor-en-compagnie-fruitiere\/\" \/>\n<meta property=\"og:locale\" content=\"es_ES\" \/>\n<meta property=\"og:type\" content=\"article\" \/>\n<meta property=\"og:title\" content=\"Productor en la Compagnie Fruiti\u00e8re | Compagnie Fruiti\u00e8re\" \/>\n<meta property=\"og:description\" content=\"La Compagnie Fruiti\u00e8re apoya a sus productores con pr\u00e1cticas responsables y sostenibles, garantizando la producci\u00f3n de fruta de calidad.\" \/>\n<meta property=\"og:url\" content=\"https:\/\/www.compagniefruitiere.fr\/es\/productor-en-compagnie-fruitiere\/\" \/>\n<meta property=\"og:site_name\" content=\"Compagnie fruiti\u00e8re\" \/>\n<meta property=\"article:modified_time\" content=\"2025-06-02T14:40:28+00:00\" \/>\n<meta name=\"twitter:card\" content=\"summary_large_image\" \/>\n<meta name=\"twitter:label1\" content=\"Tiempo de lectura\" \/>\n\t<meta name=\"twitter:data1\" content=\"1 minuto\" \/>\n<script type=\"application\/ld+json\" class=\"yoast-schema-graph\">{\"@context\":\"https:\\\/\\\/schema.org\",\"@graph\":[{\"@type\":\"WebPage\",\"@id\":\"https:\\\/\\\/www.compagniefruitiere.fr\\\/es\\\/productor-en-compagnie-fruitiere\\\/\",\"url\":\"https:\\\/\\\/www.compagniefruitiere.fr\\\/es\\\/productor-en-compagnie-fruitiere\\\/\",\"name\":\"Productor en la Compagnie Fruiti\u00e8re | Compagnie Fruiti\u00e8re\",\"isPartOf\":{\"@id\":\"https:\\\/\\\/www.compagniefruitiere.fr\\\/es\\\/#website\"},\"datePublished\":\"2022-08-18T09:21:58+00:00\",\"dateModified\":\"2025-06-02T14:40:28+00:00\",\"description\":\"La Compagnie Fruiti\u00e8re apoya a sus productores con pr\u00e1cticas responsables y sostenibles, garantizando la producci\u00f3n de fruta de calidad.\",\"breadcrumb\":{\"@id\":\"https:\\\/\\\/www.compagniefruitiere.fr\\\/es\\\/productor-en-compagnie-fruitiere\\\/#breadcrumb\"},\"inLanguage\":\"es\",\"potentialAction\":[{\"@type\":\"ReadAction\",\"target\":[\"https:\\\/\\\/www.compagniefruitiere.fr\\\/es\\\/productor-en-compagnie-fruitiere\\\/\"]}]},{\"@type\":\"BreadcrumbList\",\"@id\":\"https:\\\/\\\/www.compagniefruitiere.fr\\\/es\\\/productor-en-compagnie-fruitiere\\\/#breadcrumb\",\"itemListElement\":[{\"@type\":\"ListItem\",\"position\":1,\"name\":\"Accueil\",\"item\":\"https:\\\/\\\/www.compagniefruitiere.fr\\\/es\\\/\"},{\"@type\":\"ListItem\",\"position\":2,\"name\":\"Productor\"}]},{\"@type\":\"WebSite\",\"@id\":\"https:\\\/\\\/www.compagniefruitiere.fr\\\/es\\\/#website\",\"url\":\"https:\\\/\\\/www.compagniefruitiere.fr\\\/es\\\/\",\"name\":\"Compagnie fruiti\u00e8re\",\"description\":\"Origine : Nature.\",\"publisher\":{\"@id\":\"https:\\\/\\\/www.compagniefruitiere.fr\\\/es\\\/#organization\"},\"potentialAction\":[{\"@type\":\"SearchAction\",\"target\":{\"@type\":\"EntryPoint\",\"urlTemplate\":\"https:\\\/\\\/www.compagniefruitiere.fr\\\/es\\\/?s={search_term_string}\"},\"query-input\":{\"@type\":\"PropertyValueSpecification\",\"valueRequired\":true,\"valueName\":\"search_term_string\"}}],\"inLanguage\":\"es\"},{\"@type\":\"Organization\",\"@id\":\"https:\\\/\\\/www.compagniefruitiere.fr\\\/es\\\/#organization\",\"name\":\"Compagnie fruiti\u00e8re\",\"url\":\"https:\\\/\\\/www.compagniefruitiere.fr\\\/es\\\/\",\"logo\":{\"@type\":\"ImageObject\",\"inLanguage\":\"es\",\"@id\":\"https:\\\/\\\/www.compagniefruitiere.fr\\\/es\\\/#\\\/schema\\\/logo\\\/image\\\/\",\"url\":\"https:\\\/\\\/www.compagniefruitiere.fr\\\/wp-content\\\/uploads\\\/2022\\\/03\\\/compagniefrutiere-logo.svg\",\"contentUrl\":\"https:\\\/\\\/www.compagniefruitiere.fr\\\/wp-content\\\/uploads\\\/2022\\\/03\\\/compagniefrutiere-logo.svg\",\"width\":471,\"height\":113,\"caption\":\"Compagnie fruiti\u00e8re\"},\"image\":{\"@id\":\"https:\\\/\\\/www.compagniefruitiere.fr\\\/es\\\/#\\\/schema\\\/logo\\\/image\\\/\"},\"sameAs\":[\"https:\\\/\\\/www.linkedin.com\\\/company\\\/compagnie-fruitiere\\\/\"]}]}<\/script>\n<!-- \/ Yoast SEO plugin. -->","yoast_head_json":{"title":"Productor en la Compagnie Fruiti\u00e8re | Compagnie Fruiti\u00e8re","description":"La Compagnie Fruiti\u00e8re apoya a sus productores con pr\u00e1cticas responsables y sostenibles, garantizando la producci\u00f3n de fruta de calidad.","robots":{"index":"index","follow":"follow","max-snippet":"max-snippet:-1","max-image-preview":"max-image-preview:large","max-video-preview":"max-video-preview:-1"},"canonical":"https:\/\/www.compagniefruitiere.fr\/es\/productor-en-compagnie-fruitiere\/","og_locale":"es_ES","og_type":"article","og_title":"Productor en la Compagnie Fruiti\u00e8re | Compagnie Fruiti\u00e8re","og_description":"La Compagnie Fruiti\u00e8re apoya a sus productores con pr\u00e1cticas responsables y sostenibles, garantizando la producci\u00f3n de fruta de calidad.","og_url":"https:\/\/www.compagniefruitiere.fr\/es\/productor-en-compagnie-fruitiere\/","og_site_name":"Compagnie fruiti\u00e8re","article_modified_time":"2025-06-02T14:40:28+00:00","twitter_card":"summary_large_image","twitter_misc":{"Tiempo de lectura":"1 minuto"},"schema":{"@context":"https:\/\/schema.org","@graph":[{"@type":"WebPage","@id":"https:\/\/www.compagniefruitiere.fr\/es\/productor-en-compagnie-fruitiere\/","url":"https:\/\/www.compagniefruitiere.fr\/es\/productor-en-compagnie-fruitiere\/","name":"Productor en la Compagnie Fruiti\u00e8re | Compagnie Fruiti\u00e8re","isPartOf":{"@id":"https:\/\/www.compagniefruitiere.fr\/es\/#website"},"datePublished":"2022-08-18T09:21:58+00:00","dateModified":"2025-06-02T14:40:28+00:00","description":"La Compagnie Fruiti\u00e8re apoya a sus productores con pr\u00e1cticas responsables y sostenibles, garantizando la producci\u00f3n de fruta de calidad.","breadcrumb":{"@id":"https:\/\/www.compagniefruitiere.fr\/es\/productor-en-compagnie-fruitiere\/#breadcrumb"},"inLanguage":"es","potentialAction":[{"@type":"ReadAction","target":["https:\/\/www.compagniefruitiere.fr\/es\/productor-en-compagnie-fruitiere\/"]}]},{"@type":"BreadcrumbList","@id":"https:\/\/www.compagniefruitiere.fr\/es\/productor-en-compagnie-fruitiere\/#breadcrumb","itemListElement":[{"@type":"ListItem","position":1,"name":"Accueil","item":"https:\/\/www.compagniefruitiere.fr\/es\/"},{"@type":"ListItem","position":2,"name":"Productor"}]},{"@type":"WebSite","@id":"https:\/\/www.compagniefruitiere.fr\/es\/#website","url":"https:\/\/www.compagniefruitiere.fr\/es\/","name":"Compagnie fruiti\u00e8re","description":"Origine : Nature.","publisher":{"@id":"https:\/\/www.compagniefruitiere.fr\/es\/#organization"},"potentialAction":[{"@type":"SearchAction","target":{"@type":"EntryPoint","urlTemplate":"https:\/\/www.compagniefruitiere.fr\/es\/?s={search_term_string}"},"query-input":{"@type":"PropertyValueSpecification","valueRequired":true,"valueName":"search_term_string"}}],"inLanguage":"es"},{"@type":"Organization","@id":"https:\/\/www.compagniefruitiere.fr\/es\/#organization","name":"Compagnie fruiti\u00e8re","url":"https:\/\/www.compagniefruitiere.fr\/es\/","logo":{"@type":"ImageObject","inLanguage":"es","@id":"https:\/\/www.compagniefruitiere.fr\/es\/#\/schema\/logo\/image\/","url":"https:\/\/www.compagniefruitiere.fr\/wp-content\/uploads\/2022\/03\/compagniefrutiere-logo.svg","contentUrl":"https:\/\/www.compagniefruitiere.fr\/wp-content\/uploads\/2022\/03\/compagniefrutiere-logo.svg","width":471,"height":113,"caption":"Compagnie fruiti\u00e8re"},"image":{"@id":"https:\/\/www.compagniefruitiere.fr\/es\/#\/schema\/logo\/image\/"},"sameAs":["https:\/\/www.linkedin.com\/company\/compagnie-fruitiere\/"]}]}},"_links":{"self":[{"href":"https:\/\/www.compagniefruitiere.fr\/es\/wp-json\/wp\/v2\/pages\/6520","targetHints":{"allow":["GET"]}}],"collection":[{"href":"https:\/\/www.compagniefruitiere.fr\/es\/wp-json\/wp\/v2\/pages"}],"about":[{"href":"https:\/\/www.compagniefruitiere.fr\/es\/wp-json\/wp\/v2\/types\/page"}],"author":[{"embeddable":true,"href":"https:\/\/www.compagniefruitiere.fr\/es\/wp-json\/wp\/v2\/users\/1"}],"replies":[{"embeddable":true,"href":"https:\/\/www.compagniefruitiere.fr\/es\/wp-json\/wp\/v2\/comments?post=6520"}],"version-history":[{"count":10,"href":"https:\/\/www.compagniefruitiere.fr\/es\/wp-json\/wp\/v2\/pages\/6520\/revisions"}],"predecessor-version":[{"id":9991,"href":"https:\/\/www.compagniefruitiere.fr\/es\/wp-json\/wp\/v2\/pages\/6520\/revisions\/9991"}],"wp:attachment":[{"href":"https:\/\/www.compagniefruitiere.fr\/es\/wp-json\/wp\/v2\/media?parent=6520"}],"curies":[{"name":"wp","href":"https:\/\/api.w.org\/{rel}","templated":true}]}}