{"id":6471,"date":"2022-08-18T11:39:06","date_gmt":"2022-08-18T09:39:06","guid":{"rendered":"https:\/\/www3.compagniefruitiere.frpracticas-y-programas-de-estudio-y-trabajo\/"},"modified":"2025-06-02T16:47:02","modified_gmt":"2025-06-02T14:47:02","slug":"practicas-y-programas-de-estudio-y-trabajo","status":"publish","type":"page","link":"https:\/\/www.compagniefruitiere.fr\/es\/practicas-y-programas-de-estudio-y-trabajo\/","title":{"rendered":"Pr\u00e1cticas y programas de estudio y trabajo"},"content":{"rendered":"\n<p>Las pr\u00e1cticas y la formaci\u00f3n estudio-trabajo son momentos clave para los j\u00f3venes que desean adquirir competencias y descubrir el mundo profesional.<\/p>\n\n\n\n<p>Tanto para estudiantes que buscan unas pr\u00e1cticas o un programa de estudio y trabajo, Compagnie Fruiti\u00e8re ofrece la oportunidad de poner en pr\u00e1ctica los conocimientos te\u00f3ricos en un ambiente estimulante, confi\u00e1ndoles misiones acordes con sus estudios y proyectos pr\u00e1cticos supervisados por profesionales. Para realizar unas pr\u00e1cticas o un programa de formaci\u00f3n en alternancia en una de nuestras filiales de la regi\u00f3n o del extranjero, es necesario enviarnos el CV y una carta de presentaci\u00f3n, indicando el campo o puesto de inter\u00e9s y la ubicaci\u00f3n del candidato.<\/p>\n\n\n\n<div class=\"wp-block-divi-layout\">[et_pb_section fb_built=\u00bb1&#8243; admin_label=\u00bbsection\u00bb _builder_version=\u00bb4.21.0&#8243; width=\u00bb100%\u00bb max_width=\u00bb100%\u00bb custom_margin=\u00bb20px|0px|0px|0px|false|false\u00bb custom_padding=\u00bb0px|0px|0px|0px|false|false\u00bb global_colors_info=\u00bb{}\u00bb][et_pb_row admin_label=\u00bbrow\u00bb _builder_version=\u00bb4.21.0&#8243; background_size=\u00bbinitial\u00bb background_position=\u00bbtop_left\u00bb background_repeat=\u00bbrepeat\u00bb width=\u00bb100%\u00bb custom_margin=\u00bb0px|0px|0px|0px|false|false\u00bb custom_padding=\u00bb0px|0px|0px|0px|false|false\u00bb global_colors_info=\u00bb{}\u00bb][et_pb_column type=\u00bb4_4&#8243; _builder_version=\u00bb4.21.0&#8243; _module_preset=\u00bbdefault\u00bb global_colors_info=\u00bb{}\u00bb][dnxte_coverflowslider_parent dnxte_coverflow_loop=\u00bbon\u00bb dnxte_coverflow_centered_slides=\u00bbon\u00bb dnxte_coverflow_auto_height=\u00bbon\u00bb dnxte_coverflow_equal_height=\u00bboff\u00bb dnxte_coverflow_grab=\u00bbon\u00bb dnxte_coverflow_keyboard_enable=\u00bboff\u00bb dnxte_coverflow_mousewheel_enable=\u00bboff\u00bb dnxte_coverflow_speed=\u00bb674&#8243; dnxte_coverflow_arrows=\u00bbon\u00bb dnxte_coverflow_pagination_type=\u00bbnone\u00bb dnxte_coverflow_breakpoint_desktop=\u00bb2&#8243; dnxte_coverflow_arrow_color=\u00bbrgba(255,255,255,0.7)\u00bb dnxte_coverflow_arrow_background_color=\u00bbrgba(255,255,255,0)\u00bb dnxte_coverflow_arrow_size=\u00bb48&#8243; lightbox_showhide=\u00bbon\u00bb dnxte_coverflow_breakpoint_desktop_tablet=\u00bb2&#8243; dnxte_coverflow_breakpoint_desktop_phone=\u00bb2&#8243; dnxte_coverflow_breakpoint_desktop_last_edited=\u00bbon|phone\u00bb admin_label=\u00bbNext Divi Carousel\u00bb _builder_version=\u00bb4.21.0&#8243; _module_preset=\u00bbdefault\u00bb custom_padding=\u00bb||||false|false\u00bb custom_padding_tablet=\u00bb||||false|false\u00bb custom_padding_phone=\u00bb||30px||false|false\u00bb custom_padding_last_edited=\u00bbon|phone\u00bb border_radii_image_border=\u00bbon|15px|15px|15px|15px\u00bb global_colors_info=\u00bb{}\u00bb][dnxte_coverflowslider_child coverflowslider_image=\u00bbhttps:\/\/www.compagniefruitiere.fr\/wp-content\/uploads\/2022\/11\/compagnie-fruitiere-ghana-2016-kassunyafarm-8834-500&#215;500.webp\u00bb _builder_version=\u00bb4.19.0&#8243; _module_preset=\u00bbdefault\u00bb global_colors_info=\u00bb{}\u00bb][\/dnxte_coverflowslider_child][dnxte_coverflowslider_child coverflowslider_image=\u00bbhttps:\/\/www.compagniefruitiere.fr\/wp-content\/uploads\/2022\/11\/compagnie-fruitiere-ghana-2016-bananes-station-9427-500&#215;500.webp\u00bb _builder_version=\u00bb4.19.0&#8243; _module_preset=\u00bbdefault\u00bb global_colors_info=\u00bb{}\u00bb][\/dnxte_coverflowslider_child][\/dnxte_coverflowslider_parent][\/et_pb_column][\/et_pb_row][\/et_pb_section]<\/div>\n","protected":false},"excerpt":{"rendered":"<p>Las pr\u00e1cticas y la formaci\u00f3n estudio-trabajo son momentos clave para los j\u00f3venes que desean adquirir competencias y descubrir el mundo profesional. Tanto para estudiantes que buscan unas pr\u00e1cticas o un programa de estudio y trabajo, Compagnie Fruiti\u00e8re ofrece la oportunidad de poner en pr\u00e1ctica los conocimientos te\u00f3ricos en un ambiente estimulante, confi\u00e1ndoles misiones acordes con [&hellip;]<\/p>\n","protected":false},"author":1,"featured_media":0,"parent":0,"menu_order":0,"comment_status":"closed","ping_status":"closed","template":"","meta":{"_et_pb_use_builder":"off","_et_pb_old_content":"","_et_gb_content_width":"","footnotes":""},"class_list":["post-6471","page","type-page","status-publish","hentry"],"yoast_head":"<!-- This site is optimized with the Yoast SEO plugin v27.1.1 - https:\/\/yoast.com\/product\/yoast-seo-wordpress\/ -->\n<title>Pr\u00e1cticas y programas de trabajo y estudio | Compagnie Fruiti\u00e8re<\/title>\n<meta name=\"description\" content=\"Descubra nuestras oportunidades de pr\u00e1cticas y trabajo-estudio para impulsar su carrera en la Compagnie Fruiti\u00e8re.\" \/>\n<meta name=\"robots\" content=\"index, follow, max-snippet:-1, max-image-preview:large, max-video-preview:-1\" \/>\n<link rel=\"canonical\" href=\"https:\/\/www.compagniefruitiere.fr\/es\/practicas-y-programas-de-estudio-y-trabajo\/\" \/>\n<meta property=\"og:locale\" content=\"es_ES\" \/>\n<meta property=\"og:type\" content=\"article\" \/>\n<meta property=\"og:title\" content=\"Pr\u00e1cticas y programas de trabajo y estudio | Compagnie Fruiti\u00e8re\" \/>\n<meta property=\"og:description\" content=\"Descubra nuestras oportunidades de pr\u00e1cticas y trabajo-estudio para impulsar su carrera en la Compagnie Fruiti\u00e8re.\" \/>\n<meta property=\"og:url\" content=\"https:\/\/www.compagniefruitiere.fr\/es\/practicas-y-programas-de-estudio-y-trabajo\/\" \/>\n<meta property=\"og:site_name\" content=\"Compagnie fruiti\u00e8re\" \/>\n<meta property=\"article:modified_time\" content=\"2025-06-02T14:47:02+00:00\" \/>\n<meta name=\"twitter:card\" content=\"summary_large_image\" \/>\n<meta name=\"twitter:label1\" content=\"Tiempo de lectura\" \/>\n\t<meta name=\"twitter:data1\" content=\"1 minuto\" \/>\n<script type=\"application\/ld+json\" class=\"yoast-schema-graph\">{\"@context\":\"https:\/\/schema.org\",\"@graph\":[{\"@type\":\"WebPage\",\"@id\":\"https:\/\/www.compagniefruitiere.fr\/es\/practicas-y-programas-de-estudio-y-trabajo\/\",\"url\":\"https:\/\/www.compagniefruitiere.fr\/es\/practicas-y-programas-de-estudio-y-trabajo\/\",\"name\":\"Pr\u00e1cticas y programas de trabajo y estudio | Compagnie Fruiti\u00e8re\",\"isPartOf\":{\"@id\":\"https:\/\/www.compagniefruitiere.fr\/es\/#website\"},\"datePublished\":\"2022-08-18T09:39:06+00:00\",\"dateModified\":\"2025-06-02T14:47:02+00:00\",\"description\":\"Descubra nuestras oportunidades de pr\u00e1cticas y trabajo-estudio para impulsar su carrera en la Compagnie Fruiti\u00e8re.\",\"breadcrumb\":{\"@id\":\"https:\/\/www.compagniefruitiere.fr\/es\/practicas-y-programas-de-estudio-y-trabajo\/#breadcrumb\"},\"inLanguage\":\"es\",\"potentialAction\":[{\"@type\":\"ReadAction\",\"target\":[\"https:\/\/www.compagniefruitiere.fr\/es\/practicas-y-programas-de-estudio-y-trabajo\/\"]}]},{\"@type\":\"BreadcrumbList\",\"@id\":\"https:\/\/www.compagniefruitiere.fr\/es\/practicas-y-programas-de-estudio-y-trabajo\/#breadcrumb\",\"itemListElement\":[{\"@type\":\"ListItem\",\"position\":1,\"name\":\"Accueil\",\"item\":\"https:\/\/www.compagniefruitiere.fr\/es\/\"},{\"@type\":\"ListItem\",\"position\":2,\"name\":\"Pr\u00e1cticas y programas de estudio y trabajo\"}]},{\"@type\":\"WebSite\",\"@id\":\"https:\/\/www.compagniefruitiere.fr\/es\/#website\",\"url\":\"https:\/\/www.compagniefruitiere.fr\/es\/\",\"name\":\"Compagnie fruiti\u00e8re\",\"description\":\"Origine : Nature.\",\"publisher\":{\"@id\":\"https:\/\/www.compagniefruitiere.fr\/es\/#organization\"},\"potentialAction\":[{\"@type\":\"SearchAction\",\"target\":{\"@type\":\"EntryPoint\",\"urlTemplate\":\"https:\/\/www.compagniefruitiere.fr\/es\/?s={search_term_string}\"},\"query-input\":{\"@type\":\"PropertyValueSpecification\",\"valueRequired\":true,\"valueName\":\"search_term_string\"}}],\"inLanguage\":\"es\"},{\"@type\":\"Organization\",\"@id\":\"https:\/\/www.compagniefruitiere.fr\/es\/#organization\",\"name\":\"Compagnie fruiti\u00e8re\",\"url\":\"https:\/\/www.compagniefruitiere.fr\/es\/\",\"logo\":{\"@type\":\"ImageObject\",\"inLanguage\":\"es\",\"@id\":\"https:\/\/www.compagniefruitiere.fr\/es\/#\/schema\/logo\/image\/\",\"url\":\"https:\/\/www.compagniefruitiere.fr\/wp-content\/uploads\/2022\/03\/compagniefrutiere-logo.svg\",\"contentUrl\":\"https:\/\/www.compagniefruitiere.fr\/wp-content\/uploads\/2022\/03\/compagniefrutiere-logo.svg\",\"width\":471,\"height\":113,\"caption\":\"Compagnie fruiti\u00e8re\"},\"image\":{\"@id\":\"https:\/\/www.compagniefruitiere.fr\/es\/#\/schema\/logo\/image\/\"},\"sameAs\":[\"https:\/\/www.linkedin.com\/company\/compagnie-fruitiere\/\"]}]}<\/script>\n<!-- \/ Yoast SEO plugin. -->","yoast_head_json":{"title":"Pr\u00e1cticas y programas de trabajo y estudio | Compagnie Fruiti\u00e8re","description":"Descubra nuestras oportunidades de pr\u00e1cticas y trabajo-estudio para impulsar su carrera en la Compagnie Fruiti\u00e8re.","robots":{"index":"index","follow":"follow","max-snippet":"max-snippet:-1","max-image-preview":"max-image-preview:large","max-video-preview":"max-video-preview:-1"},"canonical":"https:\/\/www.compagniefruitiere.fr\/es\/practicas-y-programas-de-estudio-y-trabajo\/","og_locale":"es_ES","og_type":"article","og_title":"Pr\u00e1cticas y programas de trabajo y estudio | Compagnie Fruiti\u00e8re","og_description":"Descubra nuestras oportunidades de pr\u00e1cticas y trabajo-estudio para impulsar su carrera en la Compagnie Fruiti\u00e8re.","og_url":"https:\/\/www.compagniefruitiere.fr\/es\/practicas-y-programas-de-estudio-y-trabajo\/","og_site_name":"Compagnie fruiti\u00e8re","article_modified_time":"2025-06-02T14:47:02+00:00","twitter_card":"summary_large_image","twitter_misc":{"Tiempo de lectura":"1 minuto"},"schema":{"@context":"https:\/\/schema.org","@graph":[{"@type":"WebPage","@id":"https:\/\/www.compagniefruitiere.fr\/es\/practicas-y-programas-de-estudio-y-trabajo\/","url":"https:\/\/www.compagniefruitiere.fr\/es\/practicas-y-programas-de-estudio-y-trabajo\/","name":"Pr\u00e1cticas y programas de trabajo y estudio | Compagnie Fruiti\u00e8re","isPartOf":{"@id":"https:\/\/www.compagniefruitiere.fr\/es\/#website"},"datePublished":"2022-08-18T09:39:06+00:00","dateModified":"2025-06-02T14:47:02+00:00","description":"Descubra nuestras oportunidades de pr\u00e1cticas y trabajo-estudio para impulsar su carrera en la Compagnie Fruiti\u00e8re.","breadcrumb":{"@id":"https:\/\/www.compagniefruitiere.fr\/es\/practicas-y-programas-de-estudio-y-trabajo\/#breadcrumb"},"inLanguage":"es","potentialAction":[{"@type":"ReadAction","target":["https:\/\/www.compagniefruitiere.fr\/es\/practicas-y-programas-de-estudio-y-trabajo\/"]}]},{"@type":"BreadcrumbList","@id":"https:\/\/www.compagniefruitiere.fr\/es\/practicas-y-programas-de-estudio-y-trabajo\/#breadcrumb","itemListElement":[{"@type":"ListItem","position":1,"name":"Accueil","item":"https:\/\/www.compagniefruitiere.fr\/es\/"},{"@type":"ListItem","position":2,"name":"Pr\u00e1cticas y programas de estudio y trabajo"}]},{"@type":"WebSite","@id":"https:\/\/www.compagniefruitiere.fr\/es\/#website","url":"https:\/\/www.compagniefruitiere.fr\/es\/","name":"Compagnie fruiti\u00e8re","description":"Origine : Nature.","publisher":{"@id":"https:\/\/www.compagniefruitiere.fr\/es\/#organization"},"potentialAction":[{"@type":"SearchAction","target":{"@type":"EntryPoint","urlTemplate":"https:\/\/www.compagniefruitiere.fr\/es\/?s={search_term_string}"},"query-input":{"@type":"PropertyValueSpecification","valueRequired":true,"valueName":"search_term_string"}}],"inLanguage":"es"},{"@type":"Organization","@id":"https:\/\/www.compagniefruitiere.fr\/es\/#organization","name":"Compagnie fruiti\u00e8re","url":"https:\/\/www.compagniefruitiere.fr\/es\/","logo":{"@type":"ImageObject","inLanguage":"es","@id":"https:\/\/www.compagniefruitiere.fr\/es\/#\/schema\/logo\/image\/","url":"https:\/\/www.compagniefruitiere.fr\/wp-content\/uploads\/2022\/03\/compagniefrutiere-logo.svg","contentUrl":"https:\/\/www.compagniefruitiere.fr\/wp-content\/uploads\/2022\/03\/compagniefrutiere-logo.svg","width":471,"height":113,"caption":"Compagnie fruiti\u00e8re"},"image":{"@id":"https:\/\/www.compagniefruitiere.fr\/es\/#\/schema\/logo\/image\/"},"sameAs":["https:\/\/www.linkedin.com\/company\/compagnie-fruitiere\/"]}]}},"_links":{"self":[{"href":"https:\/\/www.compagniefruitiere.fr\/es\/wp-json\/wp\/v2\/pages\/6471","targetHints":{"allow":["GET"]}}],"collection":[{"href":"https:\/\/www.compagniefruitiere.fr\/es\/wp-json\/wp\/v2\/pages"}],"about":[{"href":"https:\/\/www.compagniefruitiere.fr\/es\/wp-json\/wp\/v2\/types\/page"}],"author":[{"embeddable":true,"href":"https:\/\/www.compagniefruitiere.fr\/es\/wp-json\/wp\/v2\/users\/1"}],"replies":[{"embeddable":true,"href":"https:\/\/www.compagniefruitiere.fr\/es\/wp-json\/wp\/v2\/comments?post=6471"}],"version-history":[{"count":7,"href":"https:\/\/www.compagniefruitiere.fr\/es\/wp-json\/wp\/v2\/pages\/6471\/revisions"}],"predecessor-version":[{"id":9730,"href":"https:\/\/www.compagniefruitiere.fr\/es\/wp-json\/wp\/v2\/pages\/6471\/revisions\/9730"}],"wp:attachment":[{"href":"https:\/\/www.compagniefruitiere.fr\/es\/wp-json\/wp\/v2\/media?parent=6471"}],"curies":[{"name":"wp","href":"https:\/\/api.w.org\/{rel}","templated":true}]}}