{"id":5860,"date":"2022-06-29T23:21:16","date_gmt":"2022-06-29T21:21:16","guid":{"rendered":"https:\/\/www3.compagniefruitiere.frtrazabilidad\/"},"modified":"2025-06-02T16:11:27","modified_gmt":"2025-06-02T14:11:27","slug":"trazabilidad","status":"publish","type":"page","link":"https:\/\/www.compagniefruitiere.fr\/es\/trazabilidad\/","title":{"rendered":"Trazabilidad"},"content":{"rendered":"\n<p>La ventaja de controlar toda la cadena de suministro es que podemos ofrecer a nuestros clientes una trazabilidad total en todo momento. Para ofrecer acceso a todos estos datos, hemos desarrollado herramientas que permiten seguir en tiempo real nuestros vol\u00famenes de producci\u00f3n, el desglose por tipo de fruta o el recorrido de nuestros barcos. Esta herramienta tambi\u00e9n proporciona informaci\u00f3n detallada y actualizada peri\u00f3dicamente sobre todos los certificados y etiquetas concedidos a nuestros productos. Cuando introducimos el n\u00famero de un pal\u00e9, es posible seguir su progreso paso a paso, rastreando la cadena de suministro hasta las parcelas de las que procede la fruta.<\/p>\n\n\n\n<p>Adem\u00e1s, disponemos de una potente herramienta inform\u00e1tica, <a href=\"https:\/\/www.farms-digital.com\/home\">FARMS Digital<\/a>, que nos proporciona una visi\u00f3n precisa de nuestros rendimientos en tiempo real, planta por planta, y nos permite evaluar los vol\u00famenes de producci\u00f3n que necesitaremos procesar.&nbsp;<\/p>\n\n\n\n<div class=\"wp-block-divi-layout\">[et_pb_section fb_built=\u00bb1&#8243; admin_label=\u00bbsection\u00bb _builder_version=\u00bb4.21.0&#8243; width=\u00bb100%\u00bb max_width=\u00bb100%\u00bb custom_margin=\u00bb20px|0px|0px|0px|false|false\u00bb custom_padding=\u00bb0px|0px|3px|0px|false|false\u00bb global_colors_info=\u00bb{}\u00bb][et_pb_row admin_label=\u00bbrow\u00bb _builder_version=\u00bb4.21.0&#8243; background_size=\u00bbinitial\u00bb background_position=\u00bbtop_left\u00bb background_repeat=\u00bbrepeat\u00bb width=\u00bb100%\u00bb custom_margin=\u00bb0px|0px|0px|0px|false|false\u00bb custom_padding=\u00bb0px|0px|0px|0px|false|false\u00bb global_colors_info=\u00bb{}\u00bb][et_pb_column type=\u00bb4_4&#8243; _builder_version=\u00bb4.21.0&#8243; _module_preset=\u00bbdefault\u00bb global_colors_info=\u00bb{}\u00bb][dnxte_coverflowslider_parent dnxte_coverflow_loop=\u00bbon\u00bb dnxte_coverflow_centered_slides=\u00bbon\u00bb dnxte_coverflow_auto_height=\u00bbon\u00bb dnxte_coverflow_equal_height=\u00bboff\u00bb dnxte_coverflow_grab=\u00bbon\u00bb dnxte_coverflow_keyboard_enable=\u00bboff\u00bb dnxte_coverflow_mousewheel_enable=\u00bboff\u00bb dnxte_coverflow_speed=\u00bb674&#8243; dnxte_coverflow_arrows=\u00bbon\u00bb dnxte_coverflow_pagination_type=\u00bbnone\u00bb dnxte_coverflow_breakpoint_desktop=\u00bb2&#8243; dnxte_coverflow_arrow_color=\u00bbrgba(255,255,255,0.7)\u00bb dnxte_coverflow_arrow_background_color=\u00bbrgba(255,255,255,0)\u00bb dnxte_coverflow_arrow_size=\u00bb48&#8243; lightbox_showhide=\u00bbon\u00bb dnxte_coverflow_breakpoint_desktop_tablet=\u00bb2&#8243; dnxte_coverflow_breakpoint_desktop_phone=\u00bb2&#8243; dnxte_coverflow_breakpoint_desktop_last_edited=\u00bbon|phone\u00bb admin_label=\u00bbNext Divi Carousel\u00bb _builder_version=\u00bb4.27.4&#8243; _module_preset=\u00bbdefault\u00bb custom_padding=\u00bb||||false|false\u00bb custom_padding_tablet=\u00bb||||false|false\u00bb custom_padding_phone=\u00bb||30px||false|false\u00bb custom_padding_last_edited=\u00bbon|phone\u00bb hover_enabled=\u00bb0&#8243; border_radii_image_border=\u00bbon|15px|15px|15px|15px\u00bb global_colors_info=\u00bb{}\u00bb sticky_enabled=\u00bb0&#8243;][dnxte_coverflowslider_child coverflowslider_image=\u00bbhttps:\/\/www.compagniefruitiere.fr\/wp-content\/uploads\/2023\/06\/Cote-dIvoire2022-9521-HD-500&#215;500.webp\u00bb _builder_version=\u00bb4.21.0&#8243; _module_preset=\u00bbdefault\u00bb global_colors_info=\u00bb{}\u00bb][\/dnxte_coverflowslider_child][dnxte_coverflowslider_child coverflowslider_image=\u00bbhttps:\/\/www.compagniefruitiere.fr\/wp-content\/uploads\/2023\/06\/Cote-dIvoire2022-8557-HD-500&#215;500.webp\u00bb _builder_version=\u00bb4.21.0&#8243; _module_preset=\u00bbdefault\u00bb global_colors_info=\u00bb{}\u00bb][\/dnxte_coverflowslider_child][dnxte_coverflowslider_child coverflowslider_image=\u00bbhttps:\/\/www.compagniefruitiere.fr\/wp-content\/uploads\/2022\/11\/compagnie-fruitiere-dji-0172-154-slider-500&#215;500.webp\u00bb _builder_version=\u00bb4.21.0&#8243; _module_preset=\u00bbdefault\u00bb global_colors_info=\u00bb{}\u00bb][\/dnxte_coverflowslider_child][dnxte_coverflowslider_child coverflowslider_image=\u00bbhttps:\/\/www.compagniefruitiere.fr\/wp-content\/uploads\/2023\/06\/Cote-dIvoire2022-8629-HD-500&#215;500.webp\u00bb _builder_version=\u00bb4.21.0&#8243; _module_preset=\u00bbdefault\u00bb global_colors_info=\u00bb{}\u00bb][\/dnxte_coverflowslider_child][\/dnxte_coverflowslider_parent][\/et_pb_column][\/et_pb_row][\/et_pb_section]<\/div>\n","protected":false},"excerpt":{"rendered":"<p>La ventaja de controlar toda la cadena de suministro es que podemos ofrecer a nuestros clientes una trazabilidad total en todo momento. Para ofrecer acceso a todos estos datos, hemos desarrollado herramientas que permiten seguir en tiempo real nuestros vol\u00famenes de producci\u00f3n, el desglose por tipo de fruta o el recorrido de nuestros barcos. Esta [&hellip;]<\/p>\n","protected":false},"author":1,"featured_media":0,"parent":0,"menu_order":0,"comment_status":"closed","ping_status":"closed","template":"","meta":{"_et_pb_use_builder":"off","_et_pb_old_content":"","_et_gb_content_width":"","footnotes":""},"class_list":["post-5860","page","type-page","status-publish","hentry"],"yoast_head":"<!-- This site is optimized with the Yoast SEO plugin v27.3 - https:\/\/yoast.com\/product\/yoast-seo-wordpress\/ -->\n<title>Trazabilidad de los productos | Compagnie Fruiti\u00e8re<\/title>\n<meta name=\"description\" content=\"Descubra el compromiso de la Compagnie Fruiti\u00e8re con la trazabilidad total de sus productos, desde la plantaci\u00f3n hasta la distribuci\u00f3n\" \/>\n<meta name=\"robots\" content=\"index, follow, max-snippet:-1, max-image-preview:large, max-video-preview:-1\" \/>\n<link rel=\"canonical\" href=\"https:\/\/www.compagniefruitiere.fr\/es\/trazabilidad\/\" \/>\n<meta property=\"og:locale\" content=\"es_ES\" \/>\n<meta property=\"og:type\" content=\"article\" \/>\n<meta property=\"og:title\" content=\"Trazabilidad de los productos | Compagnie Fruiti\u00e8re\" \/>\n<meta property=\"og:description\" content=\"Descubra el compromiso de la Compagnie Fruiti\u00e8re con la trazabilidad total de sus productos, desde la plantaci\u00f3n hasta la distribuci\u00f3n\" \/>\n<meta property=\"og:url\" content=\"https:\/\/www.compagniefruitiere.fr\/es\/trazabilidad\/\" \/>\n<meta property=\"og:site_name\" content=\"Compagnie fruiti\u00e8re\" \/>\n<meta property=\"article:modified_time\" content=\"2025-06-02T14:11:27+00:00\" \/>\n<meta name=\"twitter:card\" content=\"summary_large_image\" \/>\n<meta name=\"twitter:label1\" content=\"Tiempo de lectura\" \/>\n\t<meta name=\"twitter:data1\" content=\"2 minutos\" \/>\n<script type=\"application\/ld+json\" class=\"yoast-schema-graph\">{\"@context\":\"https:\\\/\\\/schema.org\",\"@graph\":[{\"@type\":\"WebPage\",\"@id\":\"https:\\\/\\\/www.compagniefruitiere.fr\\\/es\\\/trazabilidad\\\/\",\"url\":\"https:\\\/\\\/www.compagniefruitiere.fr\\\/es\\\/trazabilidad\\\/\",\"name\":\"Trazabilidad de los productos | Compagnie Fruiti\u00e8re\",\"isPartOf\":{\"@id\":\"https:\\\/\\\/www.compagniefruitiere.fr\\\/es\\\/#website\"},\"datePublished\":\"2022-06-29T21:21:16+00:00\",\"dateModified\":\"2025-06-02T14:11:27+00:00\",\"description\":\"Descubra el compromiso de la Compagnie Fruiti\u00e8re con la trazabilidad total de sus productos, desde la plantaci\u00f3n hasta la distribuci\u00f3n\",\"breadcrumb\":{\"@id\":\"https:\\\/\\\/www.compagniefruitiere.fr\\\/es\\\/trazabilidad\\\/#breadcrumb\"},\"inLanguage\":\"es\",\"potentialAction\":[{\"@type\":\"ReadAction\",\"target\":[\"https:\\\/\\\/www.compagniefruitiere.fr\\\/es\\\/trazabilidad\\\/\"]}]},{\"@type\":\"BreadcrumbList\",\"@id\":\"https:\\\/\\\/www.compagniefruitiere.fr\\\/es\\\/trazabilidad\\\/#breadcrumb\",\"itemListElement\":[{\"@type\":\"ListItem\",\"position\":1,\"name\":\"Accueil\",\"item\":\"https:\\\/\\\/www.compagniefruitiere.fr\\\/es\\\/\"},{\"@type\":\"ListItem\",\"position\":2,\"name\":\"Trazabilidad\"}]},{\"@type\":\"WebSite\",\"@id\":\"https:\\\/\\\/www.compagniefruitiere.fr\\\/es\\\/#website\",\"url\":\"https:\\\/\\\/www.compagniefruitiere.fr\\\/es\\\/\",\"name\":\"Compagnie fruiti\u00e8re\",\"description\":\"Origine : Nature.\",\"publisher\":{\"@id\":\"https:\\\/\\\/www.compagniefruitiere.fr\\\/es\\\/#organization\"},\"potentialAction\":[{\"@type\":\"SearchAction\",\"target\":{\"@type\":\"EntryPoint\",\"urlTemplate\":\"https:\\\/\\\/www.compagniefruitiere.fr\\\/es\\\/?s={search_term_string}\"},\"query-input\":{\"@type\":\"PropertyValueSpecification\",\"valueRequired\":true,\"valueName\":\"search_term_string\"}}],\"inLanguage\":\"es\"},{\"@type\":\"Organization\",\"@id\":\"https:\\\/\\\/www.compagniefruitiere.fr\\\/es\\\/#organization\",\"name\":\"Compagnie fruiti\u00e8re\",\"url\":\"https:\\\/\\\/www.compagniefruitiere.fr\\\/es\\\/\",\"logo\":{\"@type\":\"ImageObject\",\"inLanguage\":\"es\",\"@id\":\"https:\\\/\\\/www.compagniefruitiere.fr\\\/es\\\/#\\\/schema\\\/logo\\\/image\\\/\",\"url\":\"https:\\\/\\\/www.compagniefruitiere.fr\\\/wp-content\\\/uploads\\\/2022\\\/03\\\/compagniefrutiere-logo.svg\",\"contentUrl\":\"https:\\\/\\\/www.compagniefruitiere.fr\\\/wp-content\\\/uploads\\\/2022\\\/03\\\/compagniefrutiere-logo.svg\",\"width\":471,\"height\":113,\"caption\":\"Compagnie fruiti\u00e8re\"},\"image\":{\"@id\":\"https:\\\/\\\/www.compagniefruitiere.fr\\\/es\\\/#\\\/schema\\\/logo\\\/image\\\/\"},\"sameAs\":[\"https:\\\/\\\/www.linkedin.com\\\/company\\\/compagnie-fruitiere\\\/\"]}]}<\/script>\n<!-- \/ Yoast SEO plugin. -->","yoast_head_json":{"title":"Trazabilidad de los productos | Compagnie Fruiti\u00e8re","description":"Descubra el compromiso de la Compagnie Fruiti\u00e8re con la trazabilidad total de sus productos, desde la plantaci\u00f3n hasta la distribuci\u00f3n","robots":{"index":"index","follow":"follow","max-snippet":"max-snippet:-1","max-image-preview":"max-image-preview:large","max-video-preview":"max-video-preview:-1"},"canonical":"https:\/\/www.compagniefruitiere.fr\/es\/trazabilidad\/","og_locale":"es_ES","og_type":"article","og_title":"Trazabilidad de los productos | Compagnie Fruiti\u00e8re","og_description":"Descubra el compromiso de la Compagnie Fruiti\u00e8re con la trazabilidad total de sus productos, desde la plantaci\u00f3n hasta la distribuci\u00f3n","og_url":"https:\/\/www.compagniefruitiere.fr\/es\/trazabilidad\/","og_site_name":"Compagnie fruiti\u00e8re","article_modified_time":"2025-06-02T14:11:27+00:00","twitter_card":"summary_large_image","twitter_misc":{"Tiempo de lectura":"2 minutos"},"schema":{"@context":"https:\/\/schema.org","@graph":[{"@type":"WebPage","@id":"https:\/\/www.compagniefruitiere.fr\/es\/trazabilidad\/","url":"https:\/\/www.compagniefruitiere.fr\/es\/trazabilidad\/","name":"Trazabilidad de los productos | Compagnie Fruiti\u00e8re","isPartOf":{"@id":"https:\/\/www.compagniefruitiere.fr\/es\/#website"},"datePublished":"2022-06-29T21:21:16+00:00","dateModified":"2025-06-02T14:11:27+00:00","description":"Descubra el compromiso de la Compagnie Fruiti\u00e8re con la trazabilidad total de sus productos, desde la plantaci\u00f3n hasta la distribuci\u00f3n","breadcrumb":{"@id":"https:\/\/www.compagniefruitiere.fr\/es\/trazabilidad\/#breadcrumb"},"inLanguage":"es","potentialAction":[{"@type":"ReadAction","target":["https:\/\/www.compagniefruitiere.fr\/es\/trazabilidad\/"]}]},{"@type":"BreadcrumbList","@id":"https:\/\/www.compagniefruitiere.fr\/es\/trazabilidad\/#breadcrumb","itemListElement":[{"@type":"ListItem","position":1,"name":"Accueil","item":"https:\/\/www.compagniefruitiere.fr\/es\/"},{"@type":"ListItem","position":2,"name":"Trazabilidad"}]},{"@type":"WebSite","@id":"https:\/\/www.compagniefruitiere.fr\/es\/#website","url":"https:\/\/www.compagniefruitiere.fr\/es\/","name":"Compagnie fruiti\u00e8re","description":"Origine : Nature.","publisher":{"@id":"https:\/\/www.compagniefruitiere.fr\/es\/#organization"},"potentialAction":[{"@type":"SearchAction","target":{"@type":"EntryPoint","urlTemplate":"https:\/\/www.compagniefruitiere.fr\/es\/?s={search_term_string}"},"query-input":{"@type":"PropertyValueSpecification","valueRequired":true,"valueName":"search_term_string"}}],"inLanguage":"es"},{"@type":"Organization","@id":"https:\/\/www.compagniefruitiere.fr\/es\/#organization","name":"Compagnie fruiti\u00e8re","url":"https:\/\/www.compagniefruitiere.fr\/es\/","logo":{"@type":"ImageObject","inLanguage":"es","@id":"https:\/\/www.compagniefruitiere.fr\/es\/#\/schema\/logo\/image\/","url":"https:\/\/www.compagniefruitiere.fr\/wp-content\/uploads\/2022\/03\/compagniefrutiere-logo.svg","contentUrl":"https:\/\/www.compagniefruitiere.fr\/wp-content\/uploads\/2022\/03\/compagniefrutiere-logo.svg","width":471,"height":113,"caption":"Compagnie fruiti\u00e8re"},"image":{"@id":"https:\/\/www.compagniefruitiere.fr\/es\/#\/schema\/logo\/image\/"},"sameAs":["https:\/\/www.linkedin.com\/company\/compagnie-fruitiere\/"]}]}},"_links":{"self":[{"href":"https:\/\/www.compagniefruitiere.fr\/es\/wp-json\/wp\/v2\/pages\/5860","targetHints":{"allow":["GET"]}}],"collection":[{"href":"https:\/\/www.compagniefruitiere.fr\/es\/wp-json\/wp\/v2\/pages"}],"about":[{"href":"https:\/\/www.compagniefruitiere.fr\/es\/wp-json\/wp\/v2\/types\/page"}],"author":[{"embeddable":true,"href":"https:\/\/www.compagniefruitiere.fr\/es\/wp-json\/wp\/v2\/users\/1"}],"replies":[{"embeddable":true,"href":"https:\/\/www.compagniefruitiere.fr\/es\/wp-json\/wp\/v2\/comments?post=5860"}],"version-history":[{"count":11,"href":"https:\/\/www.compagniefruitiere.fr\/es\/wp-json\/wp\/v2\/pages\/5860\/revisions"}],"predecessor-version":[{"id":12292,"href":"https:\/\/www.compagniefruitiere.fr\/es\/wp-json\/wp\/v2\/pages\/5860\/revisions\/12292"}],"wp:attachment":[{"href":"https:\/\/www.compagniefruitiere.fr\/es\/wp-json\/wp\/v2\/media?parent=5860"}],"curies":[{"name":"wp","href":"https:\/\/api.w.org\/{rel}","templated":true}]}}