{"id":5767,"date":"2022-07-12T14:49:14","date_gmt":"2022-07-12T12:49:14","guid":{"rendered":"https:\/\/www3.compagniefruitiere.frcatalogo-de-frutas\/cacao\/"},"modified":"2025-06-02T17:12:06","modified_gmt":"2025-06-02T15:12:06","slug":"cacao","status":"publish","type":"page","link":"https:\/\/www.compagniefruitiere.fr\/es\/cacao\/","title":{"rendered":"Cacao"},"content":{"rendered":"\n<h3 class=\"wp-block-heading\">Variedades disponibles<\/h3>\n\n\n\n<ul class=\"wp-block-list\">\n<li>Forestario<\/li>\n\n\n\n<li>Trinitario<\/li>\n\n\n\n<li>Criolo<\/li>\n<\/ul>\n\n\n\n<p>Dos territorios<\/p>\n\n\n\n<ul class=\"wp-block-list\">\n<li>Cacao PHP, cultivado en tierra volc\u00e1nica<\/li>\n\n\n\n<li>Cacao de Dja, cultivado en una zona tropical con un clima m\u00e1s templado<\/li>\n<\/ul>\n\n\n\n<h3 class=\"wp-block-heading\">Calendario de comercializaci\u00f3n<\/h3>\n\n\n\n<ul class=\"wp-block-list\">\n<li>Para PHP, de diciembre a mayo<\/li>\n\n\n\n<li>para Dja, de febrero a agosto<\/li>\n<\/ul>\n\n\n\n<h3 class=\"wp-block-heading\">Tama\u00f1os disponibles<\/h3>\n\n\n\n<ul class=\"wp-block-list\">\n<li>grado 1<\/li>\n\n\n\n<li>grado 2<\/li>\n\n\n\n<li>grado 3<\/li>\n<\/ul>\n\n\n\n<h3 class=\"wp-block-heading\">Marcas<\/h3>\n\n\n\n<ul class=\"wp-block-list\">\n<li>Plantaci\u00f3n de Haut Penja<\/li>\n<\/ul>\n\n\n\n<h3 class=\"wp-block-heading\">Embalaje<\/h3>\n\n\n\n<ul class=\"wp-block-list\">\n<li>bolsa de 64 kg<\/li>\n<\/ul>\n\n\n\n<h3 class=\"wp-block-heading\">M\u00e9todo de transporte<\/h3>\n\n\n\n<ul class=\"wp-block-list\">\n<li>barco<\/li>\n<\/ul>\n","protected":false},"excerpt":{"rendered":"<p>Variedades disponibles Dos territorios Calendario de comercializaci\u00f3n Tama\u00f1os disponibles Marcas Embalaje M\u00e9todo de transporte<\/p>\n","protected":false},"author":1,"featured_media":0,"parent":0,"menu_order":10,"comment_status":"closed","ping_status":"closed","template":"","meta":{"_et_pb_use_builder":"off","_et_pb_old_content":"","_et_gb_content_width":"","footnotes":""},"class_list":["post-5767","page","type-page","status-publish","hentry"],"yoast_head":"<!-- This site is optimized with the Yoast SEO plugin v27.1.1 - https:\/\/yoast.com\/product\/yoast-seo-wordpress\/ -->\n<title>Cacao de calidad | Compagnie Fruiti\u00e8re<\/title>\n<meta name=\"description\" content=\"Descubra los cacaos Forastero, Trinitario y Criollo de la Compagnie Fruiti\u00e8re, cultivados en Camer\u00fan y disponibles en Europa.\" \/>\n<meta name=\"robots\" content=\"index, follow, max-snippet:-1, max-image-preview:large, max-video-preview:-1\" \/>\n<link rel=\"canonical\" href=\"https:\/\/www.compagniefruitiere.fr\/es\/cacao\/\" \/>\n<meta property=\"og:locale\" content=\"es_ES\" \/>\n<meta property=\"og:type\" content=\"article\" \/>\n<meta property=\"og:title\" content=\"Cacao de calidad | Compagnie Fruiti\u00e8re\" \/>\n<meta property=\"og:description\" content=\"Descubra los cacaos Forastero, Trinitario y Criollo de la Compagnie Fruiti\u00e8re, cultivados en Camer\u00fan y disponibles en Europa.\" \/>\n<meta property=\"og:url\" content=\"https:\/\/www.compagniefruitiere.fr\/es\/cacao\/\" \/>\n<meta property=\"og:site_name\" content=\"Compagnie fruiti\u00e8re\" \/>\n<meta property=\"article:modified_time\" content=\"2025-06-02T15:12:06+00:00\" \/>\n<meta name=\"twitter:card\" content=\"summary_large_image\" \/>\n<meta name=\"twitter:label1\" content=\"Tiempo de lectura\" \/>\n\t<meta name=\"twitter:data1\" content=\"1 minuto\" \/>\n<script type=\"application\/ld+json\" class=\"yoast-schema-graph\">{\"@context\":\"https:\/\/schema.org\",\"@graph\":[{\"@type\":\"WebPage\",\"@id\":\"https:\/\/www.compagniefruitiere.fr\/es\/cacao\/\",\"url\":\"https:\/\/www.compagniefruitiere.fr\/es\/cacao\/\",\"name\":\"Cacao de calidad | Compagnie Fruiti\u00e8re\",\"isPartOf\":{\"@id\":\"https:\/\/www.compagniefruitiere.fr\/es\/#website\"},\"datePublished\":\"2022-07-12T12:49:14+00:00\",\"dateModified\":\"2025-06-02T15:12:06+00:00\",\"description\":\"Descubra los cacaos Forastero, Trinitario y Criollo de la Compagnie Fruiti\u00e8re, cultivados en Camer\u00fan y disponibles en Europa.\",\"breadcrumb\":{\"@id\":\"https:\/\/www.compagniefruitiere.fr\/es\/cacao\/#breadcrumb\"},\"inLanguage\":\"es\",\"potentialAction\":[{\"@type\":\"ReadAction\",\"target\":[\"https:\/\/www.compagniefruitiere.fr\/es\/cacao\/\"]}]},{\"@type\":\"BreadcrumbList\",\"@id\":\"https:\/\/www.compagniefruitiere.fr\/es\/cacao\/#breadcrumb\",\"itemListElement\":[{\"@type\":\"ListItem\",\"position\":1,\"name\":\"Accueil\",\"item\":\"https:\/\/www.compagniefruitiere.fr\/es\/\"},{\"@type\":\"ListItem\",\"position\":2,\"name\":\"Cacao\"}]},{\"@type\":\"WebSite\",\"@id\":\"https:\/\/www.compagniefruitiere.fr\/es\/#website\",\"url\":\"https:\/\/www.compagniefruitiere.fr\/es\/\",\"name\":\"Compagnie fruiti\u00e8re\",\"description\":\"Origine : Nature.\",\"publisher\":{\"@id\":\"https:\/\/www.compagniefruitiere.fr\/es\/#organization\"},\"potentialAction\":[{\"@type\":\"SearchAction\",\"target\":{\"@type\":\"EntryPoint\",\"urlTemplate\":\"https:\/\/www.compagniefruitiere.fr\/es\/?s={search_term_string}\"},\"query-input\":{\"@type\":\"PropertyValueSpecification\",\"valueRequired\":true,\"valueName\":\"search_term_string\"}}],\"inLanguage\":\"es\"},{\"@type\":\"Organization\",\"@id\":\"https:\/\/www.compagniefruitiere.fr\/es\/#organization\",\"name\":\"Compagnie fruiti\u00e8re\",\"url\":\"https:\/\/www.compagniefruitiere.fr\/es\/\",\"logo\":{\"@type\":\"ImageObject\",\"inLanguage\":\"es\",\"@id\":\"https:\/\/www.compagniefruitiere.fr\/es\/#\/schema\/logo\/image\/\",\"url\":\"https:\/\/www.compagniefruitiere.fr\/wp-content\/uploads\/2022\/03\/compagniefrutiere-logo.svg\",\"contentUrl\":\"https:\/\/www.compagniefruitiere.fr\/wp-content\/uploads\/2022\/03\/compagniefrutiere-logo.svg\",\"width\":471,\"height\":113,\"caption\":\"Compagnie fruiti\u00e8re\"},\"image\":{\"@id\":\"https:\/\/www.compagniefruitiere.fr\/es\/#\/schema\/logo\/image\/\"},\"sameAs\":[\"https:\/\/www.linkedin.com\/company\/compagnie-fruitiere\/\"]}]}<\/script>\n<!-- \/ Yoast SEO plugin. -->","yoast_head_json":{"title":"Cacao de calidad | Compagnie Fruiti\u00e8re","description":"Descubra los cacaos Forastero, Trinitario y Criollo de la Compagnie Fruiti\u00e8re, cultivados en Camer\u00fan y disponibles en Europa.","robots":{"index":"index","follow":"follow","max-snippet":"max-snippet:-1","max-image-preview":"max-image-preview:large","max-video-preview":"max-video-preview:-1"},"canonical":"https:\/\/www.compagniefruitiere.fr\/es\/cacao\/","og_locale":"es_ES","og_type":"article","og_title":"Cacao de calidad | Compagnie Fruiti\u00e8re","og_description":"Descubra los cacaos Forastero, Trinitario y Criollo de la Compagnie Fruiti\u00e8re, cultivados en Camer\u00fan y disponibles en Europa.","og_url":"https:\/\/www.compagniefruitiere.fr\/es\/cacao\/","og_site_name":"Compagnie fruiti\u00e8re","article_modified_time":"2025-06-02T15:12:06+00:00","twitter_card":"summary_large_image","twitter_misc":{"Tiempo de lectura":"1 minuto"},"schema":{"@context":"https:\/\/schema.org","@graph":[{"@type":"WebPage","@id":"https:\/\/www.compagniefruitiere.fr\/es\/cacao\/","url":"https:\/\/www.compagniefruitiere.fr\/es\/cacao\/","name":"Cacao de calidad | Compagnie Fruiti\u00e8re","isPartOf":{"@id":"https:\/\/www.compagniefruitiere.fr\/es\/#website"},"datePublished":"2022-07-12T12:49:14+00:00","dateModified":"2025-06-02T15:12:06+00:00","description":"Descubra los cacaos Forastero, Trinitario y Criollo de la Compagnie Fruiti\u00e8re, cultivados en Camer\u00fan y disponibles en Europa.","breadcrumb":{"@id":"https:\/\/www.compagniefruitiere.fr\/es\/cacao\/#breadcrumb"},"inLanguage":"es","potentialAction":[{"@type":"ReadAction","target":["https:\/\/www.compagniefruitiere.fr\/es\/cacao\/"]}]},{"@type":"BreadcrumbList","@id":"https:\/\/www.compagniefruitiere.fr\/es\/cacao\/#breadcrumb","itemListElement":[{"@type":"ListItem","position":1,"name":"Accueil","item":"https:\/\/www.compagniefruitiere.fr\/es\/"},{"@type":"ListItem","position":2,"name":"Cacao"}]},{"@type":"WebSite","@id":"https:\/\/www.compagniefruitiere.fr\/es\/#website","url":"https:\/\/www.compagniefruitiere.fr\/es\/","name":"Compagnie fruiti\u00e8re","description":"Origine : Nature.","publisher":{"@id":"https:\/\/www.compagniefruitiere.fr\/es\/#organization"},"potentialAction":[{"@type":"SearchAction","target":{"@type":"EntryPoint","urlTemplate":"https:\/\/www.compagniefruitiere.fr\/es\/?s={search_term_string}"},"query-input":{"@type":"PropertyValueSpecification","valueRequired":true,"valueName":"search_term_string"}}],"inLanguage":"es"},{"@type":"Organization","@id":"https:\/\/www.compagniefruitiere.fr\/es\/#organization","name":"Compagnie fruiti\u00e8re","url":"https:\/\/www.compagniefruitiere.fr\/es\/","logo":{"@type":"ImageObject","inLanguage":"es","@id":"https:\/\/www.compagniefruitiere.fr\/es\/#\/schema\/logo\/image\/","url":"https:\/\/www.compagniefruitiere.fr\/wp-content\/uploads\/2022\/03\/compagniefrutiere-logo.svg","contentUrl":"https:\/\/www.compagniefruitiere.fr\/wp-content\/uploads\/2022\/03\/compagniefrutiere-logo.svg","width":471,"height":113,"caption":"Compagnie fruiti\u00e8re"},"image":{"@id":"https:\/\/www.compagniefruitiere.fr\/es\/#\/schema\/logo\/image\/"},"sameAs":["https:\/\/www.linkedin.com\/company\/compagnie-fruitiere\/"]}]}},"_links":{"self":[{"href":"https:\/\/www.compagniefruitiere.fr\/es\/wp-json\/wp\/v2\/pages\/5767","targetHints":{"allow":["GET"]}}],"collection":[{"href":"https:\/\/www.compagniefruitiere.fr\/es\/wp-json\/wp\/v2\/pages"}],"about":[{"href":"https:\/\/www.compagniefruitiere.fr\/es\/wp-json\/wp\/v2\/types\/page"}],"author":[{"embeddable":true,"href":"https:\/\/www.compagniefruitiere.fr\/es\/wp-json\/wp\/v2\/users\/1"}],"replies":[{"embeddable":true,"href":"https:\/\/www.compagniefruitiere.fr\/es\/wp-json\/wp\/v2\/comments?post=5767"}],"version-history":[{"count":5,"href":"https:\/\/www.compagniefruitiere.fr\/es\/wp-json\/wp\/v2\/pages\/5767\/revisions"}],"predecessor-version":[{"id":8336,"href":"https:\/\/www.compagniefruitiere.fr\/es\/wp-json\/wp\/v2\/pages\/5767\/revisions\/8336"}],"wp:attachment":[{"href":"https:\/\/www.compagniefruitiere.fr\/es\/wp-json\/wp\/v2\/media?parent=5767"}],"curies":[{"name":"wp","href":"https:\/\/api.w.org\/{rel}","templated":true}]}}