{"id":5695,"date":"2022-07-12T14:47:15","date_gmt":"2022-07-12T12:47:15","guid":{"rendered":"https:\/\/www3.compagniefruitiere.frcatalogo-de-frutas\/pinas-victoria\/"},"modified":"2026-01-22T12:59:55","modified_gmt":"2026-01-22T11:59:55","slug":"pinas-victoria","status":"publish","type":"page","link":"https:\/\/www.compagniefruitiere.fr\/es\/pinas-victoria\/","title":{"rendered":"Pi\u00f1as Victoria"},"content":{"rendered":"\n<h3 class=\"wp-block-heading\">Variedades disponibles<\/h3>\n\n\n\n<ul class=\"wp-block-list\">\n<li>Victoria<\/li>\n<\/ul>\n\n\n\n<h3 class=\"wp-block-heading\">Calendario de comercializaci\u00f3n<\/h3>\n\n\n\n<ul class=\"wp-block-list\">\n<li>todo el a\u00f1o<\/li>\n<\/ul>\n\n\n\n<h3 class=\"wp-block-heading\">Tama\u00f1os disponibles<\/h3>\n\n\n\n<ul class=\"wp-block-list\">\n<li>6, 7, 8, 10<\/li>\n<\/ul>\n\n\n\n<h3 class=\"wp-block-heading\">Marcas<\/h3>\n\n\n\n<ul class=\"wp-block-list\">\n<li>SCB S\u00e9lection<\/li>\n<\/ul>\n\n\n\n<h3 class=\"wp-block-heading\">Embalaje<\/h3>\n\n\n\n<ul class=\"wp-block-list\">\n<li>caja de 4 y 5 kg<\/li>\n<\/ul>\n\n\n\n<h3 class=\"wp-block-heading\">M\u00e9todo de transporte<\/h3>\n\n\n\n<ul class=\"wp-block-list\">\n<li>avi\u00f3n<\/li>\n<\/ul>\n","protected":false},"excerpt":{"rendered":"<p>Variedades disponibles Calendario de comercializaci\u00f3n Tama\u00f1os disponibles Marcas Embalaje M\u00e9todo de transporte<\/p>\n","protected":false},"author":1,"featured_media":0,"parent":0,"menu_order":2,"comment_status":"closed","ping_status":"closed","template":"","meta":{"_et_pb_use_builder":"off","_et_pb_old_content":"","_et_gb_content_width":"","footnotes":""},"class_list":["post-5695","page","type-page","status-publish","hentry"],"yoast_head":"<!-- This site is optimized with the Yoast SEO plugin v27.3 - https:\/\/yoast.com\/product\/yoast-seo-wordpress\/ -->\n<title>Pi\u00f1a Victoria: Dulce excelencia | Compagnie Fruiti\u00e8re<\/title>\n<meta name=\"description\" content=\"La Compagnie Fruiti\u00e8re produce, transporta, madura y comercializa pi\u00f1as Victoria en Europa y en todo el mundo.\" \/>\n<meta name=\"robots\" content=\"index, follow, max-snippet:-1, max-image-preview:large, max-video-preview:-1\" \/>\n<link rel=\"canonical\" href=\"https:\/\/www.compagniefruitiere.fr\/es\/pinas-victoria\/\" \/>\n<meta property=\"og:locale\" content=\"es_ES\" \/>\n<meta property=\"og:type\" content=\"article\" \/>\n<meta property=\"og:title\" content=\"Pi\u00f1a Victoria: Dulce excelencia | Compagnie Fruiti\u00e8re\" \/>\n<meta property=\"og:description\" content=\"La Compagnie Fruiti\u00e8re produce, transporta, madura y comercializa pi\u00f1as Victoria en Europa y en todo el mundo.\" \/>\n<meta property=\"og:url\" content=\"https:\/\/www.compagniefruitiere.fr\/es\/pinas-victoria\/\" \/>\n<meta property=\"og:site_name\" content=\"Compagnie fruiti\u00e8re\" \/>\n<meta property=\"article:modified_time\" content=\"2026-01-22T11:59:55+00:00\" \/>\n<meta name=\"twitter:card\" content=\"summary_large_image\" \/>\n<meta name=\"twitter:label1\" content=\"Tiempo de lectura\" \/>\n\t<meta name=\"twitter:data1\" content=\"1 minuto\" \/>\n<script type=\"application\/ld+json\" class=\"yoast-schema-graph\">{\"@context\":\"https:\\\/\\\/schema.org\",\"@graph\":[{\"@type\":\"WebPage\",\"@id\":\"https:\\\/\\\/www.compagniefruitiere.fr\\\/es\\\/pinas-victoria\\\/\",\"url\":\"https:\\\/\\\/www.compagniefruitiere.fr\\\/es\\\/pinas-victoria\\\/\",\"name\":\"Pi\u00f1a Victoria: Dulce excelencia | Compagnie Fruiti\u00e8re\",\"isPartOf\":{\"@id\":\"https:\\\/\\\/www.compagniefruitiere.fr\\\/es\\\/#website\"},\"datePublished\":\"2022-07-12T12:47:15+00:00\",\"dateModified\":\"2026-01-22T11:59:55+00:00\",\"description\":\"La Compagnie Fruiti\u00e8re produce, transporta, madura y comercializa pi\u00f1as Victoria en Europa y en todo el mundo.\",\"breadcrumb\":{\"@id\":\"https:\\\/\\\/www.compagniefruitiere.fr\\\/es\\\/pinas-victoria\\\/#breadcrumb\"},\"inLanguage\":\"es\",\"potentialAction\":[{\"@type\":\"ReadAction\",\"target\":[\"https:\\\/\\\/www.compagniefruitiere.fr\\\/es\\\/pinas-victoria\\\/\"]}]},{\"@type\":\"BreadcrumbList\",\"@id\":\"https:\\\/\\\/www.compagniefruitiere.fr\\\/es\\\/pinas-victoria\\\/#breadcrumb\",\"itemListElement\":[{\"@type\":\"ListItem\",\"position\":1,\"name\":\"Accueil\",\"item\":\"https:\\\/\\\/www.compagniefruitiere.fr\\\/es\\\/\"},{\"@type\":\"ListItem\",\"position\":2,\"name\":\"Pi\u00f1as Victoria\"}]},{\"@type\":\"WebSite\",\"@id\":\"https:\\\/\\\/www.compagniefruitiere.fr\\\/es\\\/#website\",\"url\":\"https:\\\/\\\/www.compagniefruitiere.fr\\\/es\\\/\",\"name\":\"Compagnie fruiti\u00e8re\",\"description\":\"Origine : Nature.\",\"publisher\":{\"@id\":\"https:\\\/\\\/www.compagniefruitiere.fr\\\/es\\\/#organization\"},\"potentialAction\":[{\"@type\":\"SearchAction\",\"target\":{\"@type\":\"EntryPoint\",\"urlTemplate\":\"https:\\\/\\\/www.compagniefruitiere.fr\\\/es\\\/?s={search_term_string}\"},\"query-input\":{\"@type\":\"PropertyValueSpecification\",\"valueRequired\":true,\"valueName\":\"search_term_string\"}}],\"inLanguage\":\"es\"},{\"@type\":\"Organization\",\"@id\":\"https:\\\/\\\/www.compagniefruitiere.fr\\\/es\\\/#organization\",\"name\":\"Compagnie fruiti\u00e8re\",\"url\":\"https:\\\/\\\/www.compagniefruitiere.fr\\\/es\\\/\",\"logo\":{\"@type\":\"ImageObject\",\"inLanguage\":\"es\",\"@id\":\"https:\\\/\\\/www.compagniefruitiere.fr\\\/es\\\/#\\\/schema\\\/logo\\\/image\\\/\",\"url\":\"https:\\\/\\\/www.compagniefruitiere.fr\\\/wp-content\\\/uploads\\\/2022\\\/03\\\/compagniefrutiere-logo.svg\",\"contentUrl\":\"https:\\\/\\\/www.compagniefruitiere.fr\\\/wp-content\\\/uploads\\\/2022\\\/03\\\/compagniefrutiere-logo.svg\",\"width\":471,\"height\":113,\"caption\":\"Compagnie fruiti\u00e8re\"},\"image\":{\"@id\":\"https:\\\/\\\/www.compagniefruitiere.fr\\\/es\\\/#\\\/schema\\\/logo\\\/image\\\/\"},\"sameAs\":[\"https:\\\/\\\/www.linkedin.com\\\/company\\\/compagnie-fruitiere\\\/\"]}]}<\/script>\n<!-- \/ Yoast SEO plugin. -->","yoast_head_json":{"title":"Pi\u00f1a Victoria: Dulce excelencia | Compagnie Fruiti\u00e8re","description":"La Compagnie Fruiti\u00e8re produce, transporta, madura y comercializa pi\u00f1as Victoria en Europa y en todo el mundo.","robots":{"index":"index","follow":"follow","max-snippet":"max-snippet:-1","max-image-preview":"max-image-preview:large","max-video-preview":"max-video-preview:-1"},"canonical":"https:\/\/www.compagniefruitiere.fr\/es\/pinas-victoria\/","og_locale":"es_ES","og_type":"article","og_title":"Pi\u00f1a Victoria: Dulce excelencia | Compagnie Fruiti\u00e8re","og_description":"La Compagnie Fruiti\u00e8re produce, transporta, madura y comercializa pi\u00f1as Victoria en Europa y en todo el mundo.","og_url":"https:\/\/www.compagniefruitiere.fr\/es\/pinas-victoria\/","og_site_name":"Compagnie fruiti\u00e8re","article_modified_time":"2026-01-22T11:59:55+00:00","twitter_card":"summary_large_image","twitter_misc":{"Tiempo de lectura":"1 minuto"},"schema":{"@context":"https:\/\/schema.org","@graph":[{"@type":"WebPage","@id":"https:\/\/www.compagniefruitiere.fr\/es\/pinas-victoria\/","url":"https:\/\/www.compagniefruitiere.fr\/es\/pinas-victoria\/","name":"Pi\u00f1a Victoria: Dulce excelencia | Compagnie Fruiti\u00e8re","isPartOf":{"@id":"https:\/\/www.compagniefruitiere.fr\/es\/#website"},"datePublished":"2022-07-12T12:47:15+00:00","dateModified":"2026-01-22T11:59:55+00:00","description":"La Compagnie Fruiti\u00e8re produce, transporta, madura y comercializa pi\u00f1as Victoria en Europa y en todo el mundo.","breadcrumb":{"@id":"https:\/\/www.compagniefruitiere.fr\/es\/pinas-victoria\/#breadcrumb"},"inLanguage":"es","potentialAction":[{"@type":"ReadAction","target":["https:\/\/www.compagniefruitiere.fr\/es\/pinas-victoria\/"]}]},{"@type":"BreadcrumbList","@id":"https:\/\/www.compagniefruitiere.fr\/es\/pinas-victoria\/#breadcrumb","itemListElement":[{"@type":"ListItem","position":1,"name":"Accueil","item":"https:\/\/www.compagniefruitiere.fr\/es\/"},{"@type":"ListItem","position":2,"name":"Pi\u00f1as Victoria"}]},{"@type":"WebSite","@id":"https:\/\/www.compagniefruitiere.fr\/es\/#website","url":"https:\/\/www.compagniefruitiere.fr\/es\/","name":"Compagnie fruiti\u00e8re","description":"Origine : Nature.","publisher":{"@id":"https:\/\/www.compagniefruitiere.fr\/es\/#organization"},"potentialAction":[{"@type":"SearchAction","target":{"@type":"EntryPoint","urlTemplate":"https:\/\/www.compagniefruitiere.fr\/es\/?s={search_term_string}"},"query-input":{"@type":"PropertyValueSpecification","valueRequired":true,"valueName":"search_term_string"}}],"inLanguage":"es"},{"@type":"Organization","@id":"https:\/\/www.compagniefruitiere.fr\/es\/#organization","name":"Compagnie fruiti\u00e8re","url":"https:\/\/www.compagniefruitiere.fr\/es\/","logo":{"@type":"ImageObject","inLanguage":"es","@id":"https:\/\/www.compagniefruitiere.fr\/es\/#\/schema\/logo\/image\/","url":"https:\/\/www.compagniefruitiere.fr\/wp-content\/uploads\/2022\/03\/compagniefrutiere-logo.svg","contentUrl":"https:\/\/www.compagniefruitiere.fr\/wp-content\/uploads\/2022\/03\/compagniefrutiere-logo.svg","width":471,"height":113,"caption":"Compagnie fruiti\u00e8re"},"image":{"@id":"https:\/\/www.compagniefruitiere.fr\/es\/#\/schema\/logo\/image\/"},"sameAs":["https:\/\/www.linkedin.com\/company\/compagnie-fruitiere\/"]}]}},"_links":{"self":[{"href":"https:\/\/www.compagniefruitiere.fr\/es\/wp-json\/wp\/v2\/pages\/5695","targetHints":{"allow":["GET"]}}],"collection":[{"href":"https:\/\/www.compagniefruitiere.fr\/es\/wp-json\/wp\/v2\/pages"}],"about":[{"href":"https:\/\/www.compagniefruitiere.fr\/es\/wp-json\/wp\/v2\/types\/page"}],"author":[{"embeddable":true,"href":"https:\/\/www.compagniefruitiere.fr\/es\/wp-json\/wp\/v2\/users\/1"}],"replies":[{"embeddable":true,"href":"https:\/\/www.compagniefruitiere.fr\/es\/wp-json\/wp\/v2\/comments?post=5695"}],"version-history":[{"count":11,"href":"https:\/\/www.compagniefruitiere.fr\/es\/wp-json\/wp\/v2\/pages\/5695\/revisions"}],"predecessor-version":[{"id":12793,"href":"https:\/\/www.compagniefruitiere.fr\/es\/wp-json\/wp\/v2\/pages\/5695\/revisions\/12793"}],"wp:attachment":[{"href":"https:\/\/www.compagniefruitiere.fr\/es\/wp-json\/wp\/v2\/media?parent=5695"}],"curies":[{"name":"wp","href":"https:\/\/api.w.org\/{rel}","templated":true}]}}