{"id":5638,"date":"2022-06-29T15:55:56","date_gmt":"2022-06-29T13:55:56","guid":{"rendered":"https:\/\/www3.compagniefruitiere.frcompromisos-sociales\/"},"modified":"2025-06-02T15:50:06","modified_gmt":"2025-06-02T13:50:06","slug":"compromisos-sociales","status":"publish","type":"page","link":"https:\/\/www.compagniefruitiere.fr\/es\/compromisos-sociales\/","title":{"rendered":"Compromisos sociales"},"content":{"rendered":"\n<p><\/p>\n\n\n\n<p>En Compagnie Fruiti\u00e8re trabajamos para mejorar las condiciones de vida de las personas que viven cerca de nuestras plantaciones. Para ello, financiamos proyectos e infraestructuras en los \u00e1mbitos de la sanidad, la vivienda, la gesti\u00f3n de residuos y el acceso al agua y la electricidad en beneficio directo de las comunidades. Tambi\u00e9n nos comprometemos a apoyar a cualquier persona que demuestre un esp\u00edritu emprendedor.<\/p>\n\n\n\n<p>En particular, ofrecemos a los productores locales asociados apoyo material y t\u00e9cnico, as\u00ed como oportunidades comerciales garantizadas, para que puedan vivir mejor de su actividad. Gracias a este tipo de acciones concretas, el 100 % de nuestras plantaciones est\u00e1n certificadas (total o parcialmente) con el sello <a href=\"https:\/\/maxhavelaarfrance.org\/\">Fairtrade Max Havelaar.<\/a><\/p>\n\n\n\n<div class=\"wp-block-divi-layout\">[et_pb_section fb_built=\u00bb1&#8243; admin_label=\u00bbsection\u00bb _builder_version=\u00bb4.21.0&#8243; width=\u00bb100%\u00bb max_width=\u00bb100%\u00bb custom_margin=\u00bb20px|0px|0px|0px|false|false\u00bb custom_padding=\u00bb0px|0px|0px|0px|false|false\u00bb global_colors_info=\u00bb{}\u00bb][et_pb_row admin_label=\u00bbrow\u00bb _builder_version=\u00bb4.21.0&#8243; background_size=\u00bbinitial\u00bb background_position=\u00bbtop_left\u00bb background_repeat=\u00bbrepeat\u00bb width=\u00bb100%\u00bb custom_margin=\u00bb0px|0px|0px|0px|false|false\u00bb custom_padding=\u00bb0px|0px|0px|0px|false|false\u00bb global_colors_info=\u00bb{}\u00bb][et_pb_column type=\u00bb4_4&#8243; _builder_version=\u00bb4.21.0&#8243; _module_preset=\u00bbdefault\u00bb global_colors_info=\u00bb{}\u00bb][dnxte_coverflowslider_parent dnxte_coverflow_loop=\u00bbon\u00bb dnxte_coverflow_centered_slides=\u00bbon\u00bb dnxte_coverflow_auto_height=\u00bbon\u00bb dnxte_coverflow_equal_height=\u00bboff\u00bb dnxte_coverflow_grab=\u00bbon\u00bb dnxte_coverflow_keyboard_enable=\u00bboff\u00bb dnxte_coverflow_mousewheel_enable=\u00bboff\u00bb dnxte_coverflow_speed=\u00bb674&#8243; dnxte_coverflow_arrows=\u00bbon\u00bb dnxte_coverflow_pagination_type=\u00bbnone\u00bb dnxte_coverflow_breakpoint_desktop=\u00bb2&#8243; dnxte_coverflow_arrow_color=\u00bbrgba(255,255,255,0.7)\u00bb dnxte_coverflow_arrow_background_color=\u00bbrgba(255,255,255,0)\u00bb dnxte_coverflow_arrow_size=\u00bb48&#8243; lightbox_showhide=\u00bbon\u00bb dnxte_coverflow_breakpoint_desktop_tablet=\u00bb2&#8243; dnxte_coverflow_breakpoint_desktop_phone=\u00bb2&#8243; dnxte_coverflow_breakpoint_desktop_last_edited=\u00bbon|phone\u00bb admin_label=\u00bbNext Divi Carousel\u00bb _builder_version=\u00bb4.27.4&#8243; _module_preset=\u00bbdefault\u00bb custom_padding=\u00bb||||false|false\u00bb custom_padding_tablet=\u00bb||||false|false\u00bb custom_padding_phone=\u00bb||30px||false|false\u00bb custom_padding_last_edited=\u00bbon|phone\u00bb hover_enabled=\u00bb0&#8243; border_radii_image_border=\u00bbon|15px|15px|15px|15px\u00bb global_colors_info=\u00bb{}\u00bb sticky_enabled=\u00bb0&#8243;][dnxte_coverflowslider_child coverflowslider_image=\u00bbhttps:\/\/www.compagniefruitiere.fr\/wp-content\/uploads\/2022\/11\/compagnie-fruitiere-cote-d-ivoire2022-8812-hd-slider-500&#215;500.webp\u00bb _builder_version=\u00bb4.20.4&#8243; _module_preset=\u00bbdefault\u00bb global_colors_info=\u00bb{}\u00bb][\/dnxte_coverflowslider_child][dnxte_coverflowslider_child coverflowslider_image=\u00bbhttps:\/\/www.compagniefruitiere.fr\/wp-content\/uploads\/2022\/11\/compagnie-fruitiere-cote-d-ivoire2022-0449-hd-slider-500&#215;500.webp\u00bb _builder_version=\u00bb4.19.0&#8243; _module_preset=\u00bbdefault\u00bb global_colors_info=\u00bb{}\u00bb][\/dnxte_coverflowslider_child][dnxte_coverflowslider_child coverflowslider_image=\u00bbhttps:\/\/www.compagniefruitiere.fr\/wp-content\/uploads\/2022\/11\/compagnie-fruitiere-cote-d-ivoire2022-0546-hd-slider-500&#215;500.webp\u00bb _builder_version=\u00bb4.20.4&#8243; _module_preset=\u00bbdefault\u00bb global_colors_info=\u00bb{}\u00bb][\/dnxte_coverflowslider_child][dnxte_coverflowslider_child coverflowslider_image=\u00bbhttps:\/\/www.compagniefruitiere.fr\/wp-content\/uploads\/2022\/11\/compagnie-fruitiere-cote-d-ivoire2022-8774-hd-header2-500&#215;500.webp\u00bb _builder_version=\u00bb4.20.4&#8243; _module_preset=\u00bbdefault\u00bb global_colors_info=\u00bb{}\u00bb][\/dnxte_coverflowslider_child][dnxte_coverflowslider_child coverflowslider_image=\u00bbhttps:\/\/www.compagniefruitiere.fr\/wp-content\/uploads\/2025\/05\/Cote-dIvoire2022-9351-HD-500&#215;500.jpg\u00bb _builder_version=\u00bb4.27.4&#8243; _module_preset=\u00bbdefault\u00bb global_colors_info=\u00bb{}\u00bb][\/dnxte_coverflowslider_child][dnxte_coverflowslider_child coverflowslider_image=\u00bbhttps:\/\/www.compagniefruitiere.fr\/wp-content\/uploads\/2025\/05\/DJI_0385-500&#215;500.jpg\u00bb _builder_version=\u00bb4.27.4&#8243; _module_preset=\u00bbdefault\u00bb global_colors_info=\u00bb{}\u00bb][\/dnxte_coverflowslider_child][dnxte_coverflowslider_child _builder_version=\u00bb4.27.4&#8243; _module_preset=\u00bbdefault\u00bb title_text=\u00bbCarroussel_CF_ES-05&#8243; coverflowslider_image=\u00bbhttps:\/\/www.compagniefruitiere.fr\/wp-content\/uploads\/2025\/05\/Carroussel_CF_ES-05-500&#215;500.jpg\u00bb hover_enabled=\u00bb0&#8243; sticky_enabled=\u00bb0&#8243;][\/dnxte_coverflowslider_child][dnxte_coverflowslider_child _builder_version=\u00bb4.27.4&#8243; _module_preset=\u00bbdefault\u00bb title_text=\u00bbCarroussel_CF_ES-03&#8243; coverflowslider_image=\u00bbhttps:\/\/www.compagniefruitiere.fr\/wp-content\/uploads\/2025\/05\/Carroussel_CF_ES-03-500&#215;500.jpg\u00bb hover_enabled=\u00bb0&#8243; sticky_enabled=\u00bb0&#8243;][\/dnxte_coverflowslider_child][\/dnxte_coverflowslider_parent][\/et_pb_column][\/et_pb_row][\/et_pb_section]<\/div>\n\n\n<a target=\"_blank\" class=\"cf-content-btn\" href=\"https:\/\/www.compagniefruitiere.fr\/wp-content\/uploads\/2024\/12\/CIE-FRUITIERE_RAPPORT_2024_ES_HD.pdf\">Lea nuestro informe de sostenibilidad (2023)<\/a>\n\n\n<a target=\"_blank\" class=\"cf-content-btn\" href=\"https:\/\/www.compagniefruitiere.fr\/wp-content\/uploads\/2024\/12\/CIE-FRUITIERE-2024_DEPLIANT_WEB_ESP.pdf\">Lea nuestro breve informe de sostenibilidad (2023)<\/a>\n","protected":false},"excerpt":{"rendered":"<p>En Compagnie Fruiti\u00e8re trabajamos para mejorar las condiciones de vida de las personas que viven cerca de nuestras plantaciones. Para ello, financiamos proyectos e infraestructuras en los \u00e1mbitos de la sanidad, la vivienda, la gesti\u00f3n de residuos y el acceso al agua y la electricidad en beneficio directo de las comunidades. Tambi\u00e9n nos comprometemos a [&hellip;]<\/p>\n","protected":false},"author":1,"featured_media":0,"parent":0,"menu_order":0,"comment_status":"closed","ping_status":"closed","template":"","meta":{"_et_pb_use_builder":"off","_et_pb_old_content":"","_et_gb_content_width":"","footnotes":""},"class_list":["post-5638","page","type-page","status-publish","hentry"],"yoast_head":"<!-- This site is optimized with the Yoast SEO plugin v27.3 - https:\/\/yoast.com\/product\/yoast-seo-wordpress\/ -->\n<title>Nuestros compromisos sociales | Compagnie Fruiti\u00e8re<\/title>\n<meta name=\"description\" content=\"Descubra los compromisos sociales de la Compagnie Fruiti\u00e8re en materia de responsabilidad, \u00e9tica y apoyo a las comunidades locales.\" \/>\n<meta name=\"robots\" content=\"index, follow, max-snippet:-1, max-image-preview:large, max-video-preview:-1\" \/>\n<link rel=\"canonical\" href=\"https:\/\/www.compagniefruitiere.fr\/es\/compromisos-sociales\/\" \/>\n<meta property=\"og:locale\" content=\"es_ES\" \/>\n<meta property=\"og:type\" content=\"article\" \/>\n<meta property=\"og:title\" content=\"Nuestros compromisos sociales | Compagnie Fruiti\u00e8re\" \/>\n<meta property=\"og:description\" content=\"Descubra los compromisos sociales de la Compagnie Fruiti\u00e8re en materia de responsabilidad, \u00e9tica y apoyo a las comunidades locales.\" \/>\n<meta property=\"og:url\" content=\"https:\/\/www.compagniefruitiere.fr\/es\/compromisos-sociales\/\" \/>\n<meta property=\"og:site_name\" content=\"Compagnie fruiti\u00e8re\" \/>\n<meta property=\"article:modified_time\" content=\"2025-06-02T13:50:06+00:00\" \/>\n<meta name=\"twitter:card\" content=\"summary_large_image\" \/>\n<meta name=\"twitter:label1\" content=\"Tiempo de lectura\" \/>\n\t<meta name=\"twitter:data1\" content=\"2 minutos\" \/>\n<script type=\"application\/ld+json\" class=\"yoast-schema-graph\">{\"@context\":\"https:\\\/\\\/schema.org\",\"@graph\":[{\"@type\":\"WebPage\",\"@id\":\"https:\\\/\\\/www.compagniefruitiere.fr\\\/es\\\/compromisos-sociales\\\/\",\"url\":\"https:\\\/\\\/www.compagniefruitiere.fr\\\/es\\\/compromisos-sociales\\\/\",\"name\":\"Nuestros compromisos sociales | Compagnie Fruiti\u00e8re\",\"isPartOf\":{\"@id\":\"https:\\\/\\\/www.compagniefruitiere.fr\\\/es\\\/#website\"},\"datePublished\":\"2022-06-29T13:55:56+00:00\",\"dateModified\":\"2025-06-02T13:50:06+00:00\",\"description\":\"Descubra los compromisos sociales de la Compagnie Fruiti\u00e8re en materia de responsabilidad, \u00e9tica y apoyo a las comunidades locales.\",\"breadcrumb\":{\"@id\":\"https:\\\/\\\/www.compagniefruitiere.fr\\\/es\\\/compromisos-sociales\\\/#breadcrumb\"},\"inLanguage\":\"es\",\"potentialAction\":[{\"@type\":\"ReadAction\",\"target\":[\"https:\\\/\\\/www.compagniefruitiere.fr\\\/es\\\/compromisos-sociales\\\/\"]}]},{\"@type\":\"BreadcrumbList\",\"@id\":\"https:\\\/\\\/www.compagniefruitiere.fr\\\/es\\\/compromisos-sociales\\\/#breadcrumb\",\"itemListElement\":[{\"@type\":\"ListItem\",\"position\":1,\"name\":\"Accueil\",\"item\":\"https:\\\/\\\/www.compagniefruitiere.fr\\\/es\\\/\"},{\"@type\":\"ListItem\",\"position\":2,\"name\":\"Compromisos sociales\"}]},{\"@type\":\"WebSite\",\"@id\":\"https:\\\/\\\/www.compagniefruitiere.fr\\\/es\\\/#website\",\"url\":\"https:\\\/\\\/www.compagniefruitiere.fr\\\/es\\\/\",\"name\":\"Compagnie fruiti\u00e8re\",\"description\":\"Origine : Nature.\",\"publisher\":{\"@id\":\"https:\\\/\\\/www.compagniefruitiere.fr\\\/es\\\/#organization\"},\"potentialAction\":[{\"@type\":\"SearchAction\",\"target\":{\"@type\":\"EntryPoint\",\"urlTemplate\":\"https:\\\/\\\/www.compagniefruitiere.fr\\\/es\\\/?s={search_term_string}\"},\"query-input\":{\"@type\":\"PropertyValueSpecification\",\"valueRequired\":true,\"valueName\":\"search_term_string\"}}],\"inLanguage\":\"es\"},{\"@type\":\"Organization\",\"@id\":\"https:\\\/\\\/www.compagniefruitiere.fr\\\/es\\\/#organization\",\"name\":\"Compagnie fruiti\u00e8re\",\"url\":\"https:\\\/\\\/www.compagniefruitiere.fr\\\/es\\\/\",\"logo\":{\"@type\":\"ImageObject\",\"inLanguage\":\"es\",\"@id\":\"https:\\\/\\\/www.compagniefruitiere.fr\\\/es\\\/#\\\/schema\\\/logo\\\/image\\\/\",\"url\":\"https:\\\/\\\/www.compagniefruitiere.fr\\\/wp-content\\\/uploads\\\/2022\\\/03\\\/compagniefrutiere-logo.svg\",\"contentUrl\":\"https:\\\/\\\/www.compagniefruitiere.fr\\\/wp-content\\\/uploads\\\/2022\\\/03\\\/compagniefrutiere-logo.svg\",\"width\":471,\"height\":113,\"caption\":\"Compagnie fruiti\u00e8re\"},\"image\":{\"@id\":\"https:\\\/\\\/www.compagniefruitiere.fr\\\/es\\\/#\\\/schema\\\/logo\\\/image\\\/\"},\"sameAs\":[\"https:\\\/\\\/www.linkedin.com\\\/company\\\/compagnie-fruitiere\\\/\"]}]}<\/script>\n<!-- \/ Yoast SEO plugin. -->","yoast_head_json":{"title":"Nuestros compromisos sociales | Compagnie Fruiti\u00e8re","description":"Descubra los compromisos sociales de la Compagnie Fruiti\u00e8re en materia de responsabilidad, \u00e9tica y apoyo a las comunidades locales.","robots":{"index":"index","follow":"follow","max-snippet":"max-snippet:-1","max-image-preview":"max-image-preview:large","max-video-preview":"max-video-preview:-1"},"canonical":"https:\/\/www.compagniefruitiere.fr\/es\/compromisos-sociales\/","og_locale":"es_ES","og_type":"article","og_title":"Nuestros compromisos sociales | Compagnie Fruiti\u00e8re","og_description":"Descubra los compromisos sociales de la Compagnie Fruiti\u00e8re en materia de responsabilidad, \u00e9tica y apoyo a las comunidades locales.","og_url":"https:\/\/www.compagniefruitiere.fr\/es\/compromisos-sociales\/","og_site_name":"Compagnie fruiti\u00e8re","article_modified_time":"2025-06-02T13:50:06+00:00","twitter_card":"summary_large_image","twitter_misc":{"Tiempo de lectura":"2 minutos"},"schema":{"@context":"https:\/\/schema.org","@graph":[{"@type":"WebPage","@id":"https:\/\/www.compagniefruitiere.fr\/es\/compromisos-sociales\/","url":"https:\/\/www.compagniefruitiere.fr\/es\/compromisos-sociales\/","name":"Nuestros compromisos sociales | Compagnie Fruiti\u00e8re","isPartOf":{"@id":"https:\/\/www.compagniefruitiere.fr\/es\/#website"},"datePublished":"2022-06-29T13:55:56+00:00","dateModified":"2025-06-02T13:50:06+00:00","description":"Descubra los compromisos sociales de la Compagnie Fruiti\u00e8re en materia de responsabilidad, \u00e9tica y apoyo a las comunidades locales.","breadcrumb":{"@id":"https:\/\/www.compagniefruitiere.fr\/es\/compromisos-sociales\/#breadcrumb"},"inLanguage":"es","potentialAction":[{"@type":"ReadAction","target":["https:\/\/www.compagniefruitiere.fr\/es\/compromisos-sociales\/"]}]},{"@type":"BreadcrumbList","@id":"https:\/\/www.compagniefruitiere.fr\/es\/compromisos-sociales\/#breadcrumb","itemListElement":[{"@type":"ListItem","position":1,"name":"Accueil","item":"https:\/\/www.compagniefruitiere.fr\/es\/"},{"@type":"ListItem","position":2,"name":"Compromisos sociales"}]},{"@type":"WebSite","@id":"https:\/\/www.compagniefruitiere.fr\/es\/#website","url":"https:\/\/www.compagniefruitiere.fr\/es\/","name":"Compagnie fruiti\u00e8re","description":"Origine : Nature.","publisher":{"@id":"https:\/\/www.compagniefruitiere.fr\/es\/#organization"},"potentialAction":[{"@type":"SearchAction","target":{"@type":"EntryPoint","urlTemplate":"https:\/\/www.compagniefruitiere.fr\/es\/?s={search_term_string}"},"query-input":{"@type":"PropertyValueSpecification","valueRequired":true,"valueName":"search_term_string"}}],"inLanguage":"es"},{"@type":"Organization","@id":"https:\/\/www.compagniefruitiere.fr\/es\/#organization","name":"Compagnie fruiti\u00e8re","url":"https:\/\/www.compagniefruitiere.fr\/es\/","logo":{"@type":"ImageObject","inLanguage":"es","@id":"https:\/\/www.compagniefruitiere.fr\/es\/#\/schema\/logo\/image\/","url":"https:\/\/www.compagniefruitiere.fr\/wp-content\/uploads\/2022\/03\/compagniefrutiere-logo.svg","contentUrl":"https:\/\/www.compagniefruitiere.fr\/wp-content\/uploads\/2022\/03\/compagniefrutiere-logo.svg","width":471,"height":113,"caption":"Compagnie fruiti\u00e8re"},"image":{"@id":"https:\/\/www.compagniefruitiere.fr\/es\/#\/schema\/logo\/image\/"},"sameAs":["https:\/\/www.linkedin.com\/company\/compagnie-fruitiere\/"]}]}},"_links":{"self":[{"href":"https:\/\/www.compagniefruitiere.fr\/es\/wp-json\/wp\/v2\/pages\/5638","targetHints":{"allow":["GET"]}}],"collection":[{"href":"https:\/\/www.compagniefruitiere.fr\/es\/wp-json\/wp\/v2\/pages"}],"about":[{"href":"https:\/\/www.compagniefruitiere.fr\/es\/wp-json\/wp\/v2\/types\/page"}],"author":[{"embeddable":true,"href":"https:\/\/www.compagniefruitiere.fr\/es\/wp-json\/wp\/v2\/users\/1"}],"replies":[{"embeddable":true,"href":"https:\/\/www.compagniefruitiere.fr\/es\/wp-json\/wp\/v2\/comments?post=5638"}],"version-history":[{"count":15,"href":"https:\/\/www.compagniefruitiere.fr\/es\/wp-json\/wp\/v2\/pages\/5638\/revisions"}],"predecessor-version":[{"id":12254,"href":"https:\/\/www.compagniefruitiere.fr\/es\/wp-json\/wp\/v2\/pages\/5638\/revisions\/12254"}],"wp:attachment":[{"href":"https:\/\/www.compagniefruitiere.fr\/es\/wp-json\/wp\/v2\/media?parent=5638"}],"curies":[{"name":"wp","href":"https:\/\/api.w.org\/{rel}","templated":true}]}}