{"id":5629,"date":"2022-06-28T12:18:53","date_gmt":"2022-06-28T10:18:53","guid":{"rendered":"https:\/\/www3.compagniefruitiere.frpracticas-agricolas-sostenibles-ecologicas\/"},"modified":"2025-06-02T15:48:09","modified_gmt":"2025-06-02T13:48:09","slug":"practicas-agricolas-sostenibles-ecologicas","status":"publish","type":"page","link":"https:\/\/www.compagniefruitiere.fr\/es\/practicas-agricolas-sostenibles-ecologicas\/","title":{"rendered":"Pr\u00e1cticas agr\u00edcolas sostenibles"},"content":{"rendered":"\n<p><\/p>\n\n\n\n<p>Conscientes de los problemas medioambientales ligados a nuestras actividades de producci\u00f3n, en Compagnie Fruiti\u00e8re hemos puesto en marcha un ambicioso programa para reducir el uso de abonos y tratamientos de s\u00edntesis en nuestros cultivos. Para ello, trabajamos conjuntamente con nuestros expertos en agronom\u00eda y biolog\u00eda, as\u00ed como con nuestros socios: asociaciones y entidades como <a href=\"https:\/\/www.wwf.fr\/\">WWF<\/a>, <a href=\"https:\/\/www.cnrs.fr\/fr\">CNRS<\/a>, <a href=\"https:\/\/www.inrae.fr\/\">INRAE<\/a> y <a href=\"https:\/\/www.cirad.fr\/\">CIRAD<\/a>. Juntos, implantamos nuevas pr\u00e1cticas agroecol\u00f3gicas m\u00e1s virtuosas y experimentamos t\u00e9cnicas innovadoras en nuestras plantaciones a fin de respetar m\u00e1s el entorno natural.<\/p>\n\n\n\n<div class=\"wp-block-divi-layout\">[et_pb_section fb_built=\u00bb1&#8243; admin_label=\u00bbsection\u00bb _builder_version=\u00bb4.21.0&#8243; width=\u00bb100%\u00bb max_width=\u00bb100%\u00bb custom_margin=\u00bb20px|0px|0px|0px|false|false\u00bb custom_padding=\u00bb0px|0px|0px|0px|false|false\u00bb global_colors_info=\u00bb{}\u00bb][et_pb_row admin_label=\u00bbrow\u00bb _builder_version=\u00bb4.21.0&#8243; background_size=\u00bbinitial\u00bb background_position=\u00bbtop_left\u00bb background_repeat=\u00bbrepeat\u00bb width=\u00bb100%\u00bb custom_margin=\u00bb0px|0px|0px|0px|false|false\u00bb custom_padding=\u00bb0px|0px|0px|0px|false|false\u00bb global_colors_info=\u00bb{}\u00bb][et_pb_column type=\u00bb4_4&#8243; _builder_version=\u00bb4.21.0&#8243; _module_preset=\u00bbdefault\u00bb global_colors_info=\u00bb{}\u00bb][dnxte_coverflowslider_parent dnxte_coverflow_loop=\u00bbon\u00bb dnxte_coverflow_centered_slides=\u00bbon\u00bb dnxte_coverflow_auto_height=\u00bbon\u00bb dnxte_coverflow_equal_height=\u00bboff\u00bb dnxte_coverflow_grab=\u00bbon\u00bb dnxte_coverflow_keyboard_enable=\u00bboff\u00bb dnxte_coverflow_mousewheel_enable=\u00bboff\u00bb dnxte_coverflow_speed=\u00bb674&#8243; dnxte_coverflow_arrows=\u00bbon\u00bb dnxte_coverflow_pagination_type=\u00bbnone\u00bb dnxte_coverflow_breakpoint_desktop=\u00bb2&#8243; dnxte_coverflow_arrow_color=\u00bbrgba(255,255,255,0.7)\u00bb dnxte_coverflow_arrow_background_color=\u00bbrgba(255,255,255,0)\u00bb dnxte_coverflow_arrow_size=\u00bb48&#8243; lightbox_showhide=\u00bbon\u00bb dnxte_coverflow_breakpoint_desktop_tablet=\u00bb2&#8243; dnxte_coverflow_breakpoint_desktop_phone=\u00bb2&#8243; dnxte_coverflow_breakpoint_desktop_last_edited=\u00bbon|phone\u00bb admin_label=\u00bbNext Divi Carousel\u00bb _builder_version=\u00bb4.27.4&#8243; _module_preset=\u00bbdefault\u00bb custom_padding=\u00bb||||false|false\u00bb custom_padding_tablet=\u00bb||||false|false\u00bb custom_padding_phone=\u00bb||30px||false|false\u00bb custom_padding_last_edited=\u00bbon|phone\u00bb hover_enabled=\u00bb0&#8243; border_radii_image_border=\u00bbon|15px|15px|15px|15px\u00bb global_colors_info=\u00bb{}\u00bb sticky_enabled=\u00bb0&#8243;][dnxte_coverflowslider_child coverflowslider_image=\u00bbhttps:\/\/www.compagniefruitiere.fr\/wp-content\/uploads\/2023\/04\/Cameroun2022-Bananes-3326_slider-1-500&#215;500.jpg\u00bb _builder_version=\u00bb4.21.0&#8243; _module_preset=\u00bbdefault\u00bb global_colors_info=\u00bb{}\u00bb][\/dnxte_coverflowslider_child][dnxte_coverflowslider_child coverflowslider_image=\u00bbhttps:\/\/www.compagniefruitiere.fr\/wp-content\/uploads\/2022\/11\/compagnie-fruitiere-cameroun-2022-bananes-3286-slider-500&#215;500.webp\u00bb _builder_version=\u00bb4.21.0&#8243; _module_preset=\u00bbdefault\u00bb global_colors_info=\u00bb{}\u00bb][\/dnxte_coverflowslider_child][dnxte_coverflowslider_child coverflowslider_image=\u00bbhttps:\/\/www.compagniefruitiere.fr\/wp-content\/uploads\/2022\/11\/compagnie-fruitiere-cameroun-2022-bananes-3689-slider-500&#215;500.webp\u00bb _builder_version=\u00bb4.21.0&#8243; _module_preset=\u00bbdefault\u00bb global_colors_info=\u00bb{}\u00bb][\/dnxte_coverflowslider_child][dnxte_coverflowslider_child coverflowslider_image=\u00bbhttps:\/\/www.compagniefruitiere.fr\/wp-content\/uploads\/2022\/11\/compagnie-fruitiere-cameroun-2022-bananes-3959-slider-500&#215;500.webp\u00bb _builder_version=\u00bb4.21.0&#8243; _module_preset=\u00bbdefault\u00bb global_colors_info=\u00bb{}\u00bb][\/dnxte_coverflowslider_child][dnxte_coverflowslider_child coverflowslider_image=\u00bbhttps:\/\/www.compagniefruitiere.fr\/wp-content\/uploads\/2022\/11\/compagnie-fruitiere-ghana-2016-divers-8860-slider-500&#215;500.webp\u00bb _builder_version=\u00bb4.21.0&#8243; _module_preset=\u00bbdefault\u00bb global_colors_info=\u00bb{}\u00bb][\/dnxte_coverflowslider_child][dnxte_coverflowslider_child _builder_version=\u00bb4.27.4&#8243; _module_preset=\u00bbdefault\u00bb title_text=\u00bbCarroussel_CF_ES-01&#8243; coverflowslider_image=\u00bbhttps:\/\/www.compagniefruitiere.fr\/wp-content\/uploads\/2025\/05\/Carroussel_CF_ES-01-500&#215;500.jpg\u00bb hover_enabled=\u00bb0&#8243; sticky_enabled=\u00bb0&#8243;][\/dnxte_coverflowslider_child][dnxte_coverflowslider_child _builder_version=\u00bb4.27.4&#8243; _module_preset=\u00bbdefault\u00bb title_text=\u00bbCarroussel_CF_ES-02&#8243; coverflowslider_image=\u00bbhttps:\/\/www.compagniefruitiere.fr\/wp-content\/uploads\/2025\/05\/Carroussel_CF_ES-02-500&#215;500.jpg\u00bb hover_enabled=\u00bb0&#8243; sticky_enabled=\u00bb0&#8243;][\/dnxte_coverflowslider_child][\/dnxte_coverflowslider_parent][\/et_pb_column][\/et_pb_row][\/et_pb_section]<\/div>\n\n\n\n<p>Para reducir el uso de productos fitosanitarios, por ejemplo, utilizamos plantas auxiliares, trampas para insectos o tratamientos m\u00e1s precisos de las zonas mediante drones. Tambi\u00e9n hemos reducido nuestro consumo de fertilizantes sint\u00e9ticos, sustituy\u00e9ndolos por compost siempre que sea posible, y mantenemos la fertilidad del suelo dejando regularmente en barbecho las tierras cultivadas.<\/p>\n\n\n<a target=\"_blank\" class=\"cf-content-btn\" href=\"https:\/\/www.compagniefruitiere.fr\/wp-content\/uploads\/2024\/12\/CIE-FRUITIERE_RAPPORT_2024_ES_HD.pdf\">Lea nuestro informe de sostenibilidad (2023)<\/a>\n\n\n<a target=\"_blank\" class=\"cf-content-btn\" href=\"https:\/\/www.compagniefruitiere.fr\/wp-content\/uploads\/2024\/12\/CIE-FRUITIERE-2024_DEPLIANT_WEB_ESP.pdf\">Lea nuestro breve informe de sostenibilidad (2023)<\/a>\n","protected":false},"excerpt":{"rendered":"<p>Conscientes de los problemas medioambientales ligados a nuestras actividades de producci\u00f3n, en Compagnie Fruiti\u00e8re hemos puesto en marcha un ambicioso programa para reducir el uso de abonos y tratamientos de s\u00edntesis en nuestros cultivos. Para ello, trabajamos conjuntamente con nuestros expertos en agronom\u00eda y biolog\u00eda, as\u00ed como con nuestros socios: asociaciones y entidades como WWF, [&hellip;]<\/p>\n","protected":false},"author":1,"featured_media":0,"parent":0,"menu_order":0,"comment_status":"closed","ping_status":"closed","template":"","meta":{"_et_pb_use_builder":"off","_et_pb_old_content":"","_et_gb_content_width":"","footnotes":""},"class_list":["post-5629","page","type-page","status-publish","hentry"],"yoast_head":"<!-- This site is optimized with the Yoast SEO plugin v27.3 - https:\/\/yoast.com\/product\/yoast-seo-wordpress\/ -->\n<title>Pr\u00e1cticas agr\u00edcolas sostenibles y ecol\u00f3gicas | Compagnie Fruiti\u00e8re<\/title>\n<meta name=\"description\" content=\"La Compagnie Fruiti\u00e8re adopta pr\u00e1cticas agr\u00edcolas sostenibles y ecol\u00f3gicas para preservar el medio ambiente y garantizar la calidad de sus productos.\" \/>\n<meta name=\"robots\" content=\"index, follow, max-snippet:-1, max-image-preview:large, max-video-preview:-1\" \/>\n<link rel=\"canonical\" href=\"https:\/\/www.compagniefruitiere.fr\/es\/practicas-agricolas-sostenibles-ecologicas\/\" \/>\n<meta property=\"og:locale\" content=\"es_ES\" \/>\n<meta property=\"og:type\" content=\"article\" \/>\n<meta property=\"og:title\" content=\"Pr\u00e1cticas agr\u00edcolas sostenibles y ecol\u00f3gicas | Compagnie Fruiti\u00e8re\" \/>\n<meta property=\"og:description\" content=\"La Compagnie Fruiti\u00e8re adopta pr\u00e1cticas agr\u00edcolas sostenibles y ecol\u00f3gicas para preservar el medio ambiente y garantizar la calidad de sus productos.\" \/>\n<meta property=\"og:url\" content=\"https:\/\/www.compagniefruitiere.fr\/es\/practicas-agricolas-sostenibles-ecologicas\/\" \/>\n<meta property=\"og:site_name\" content=\"Compagnie fruiti\u00e8re\" \/>\n<meta property=\"article:modified_time\" content=\"2025-06-02T13:48:09+00:00\" \/>\n<meta name=\"twitter:card\" content=\"summary_large_image\" \/>\n<meta name=\"twitter:label1\" content=\"Tiempo de lectura\" \/>\n\t<meta name=\"twitter:data1\" content=\"2 minutos\" \/>\n<script type=\"application\/ld+json\" class=\"yoast-schema-graph\">{\"@context\":\"https:\\\/\\\/schema.org\",\"@graph\":[{\"@type\":\"WebPage\",\"@id\":\"https:\\\/\\\/www.compagniefruitiere.fr\\\/es\\\/practicas-agricolas-sostenibles-ecologicas\\\/\",\"url\":\"https:\\\/\\\/www.compagniefruitiere.fr\\\/es\\\/practicas-agricolas-sostenibles-ecologicas\\\/\",\"name\":\"Pr\u00e1cticas agr\u00edcolas sostenibles y ecol\u00f3gicas | Compagnie Fruiti\u00e8re\",\"isPartOf\":{\"@id\":\"https:\\\/\\\/www.compagniefruitiere.fr\\\/es\\\/#website\"},\"datePublished\":\"2022-06-28T10:18:53+00:00\",\"dateModified\":\"2025-06-02T13:48:09+00:00\",\"description\":\"La Compagnie Fruiti\u00e8re adopta pr\u00e1cticas agr\u00edcolas sostenibles y ecol\u00f3gicas para preservar el medio ambiente y garantizar la calidad de sus productos.\",\"breadcrumb\":{\"@id\":\"https:\\\/\\\/www.compagniefruitiere.fr\\\/es\\\/practicas-agricolas-sostenibles-ecologicas\\\/#breadcrumb\"},\"inLanguage\":\"es\",\"potentialAction\":[{\"@type\":\"ReadAction\",\"target\":[\"https:\\\/\\\/www.compagniefruitiere.fr\\\/es\\\/practicas-agricolas-sostenibles-ecologicas\\\/\"]}]},{\"@type\":\"BreadcrumbList\",\"@id\":\"https:\\\/\\\/www.compagniefruitiere.fr\\\/es\\\/practicas-agricolas-sostenibles-ecologicas\\\/#breadcrumb\",\"itemListElement\":[{\"@type\":\"ListItem\",\"position\":1,\"name\":\"Accueil\",\"item\":\"https:\\\/\\\/www.compagniefruitiere.fr\\\/es\\\/\"},{\"@type\":\"ListItem\",\"position\":2,\"name\":\"Pr\u00e1cticas agr\u00edcolas sostenibles\"}]},{\"@type\":\"WebSite\",\"@id\":\"https:\\\/\\\/www.compagniefruitiere.fr\\\/es\\\/#website\",\"url\":\"https:\\\/\\\/www.compagniefruitiere.fr\\\/es\\\/\",\"name\":\"Compagnie fruiti\u00e8re\",\"description\":\"Origine : Nature.\",\"publisher\":{\"@id\":\"https:\\\/\\\/www.compagniefruitiere.fr\\\/es\\\/#organization\"},\"potentialAction\":[{\"@type\":\"SearchAction\",\"target\":{\"@type\":\"EntryPoint\",\"urlTemplate\":\"https:\\\/\\\/www.compagniefruitiere.fr\\\/es\\\/?s={search_term_string}\"},\"query-input\":{\"@type\":\"PropertyValueSpecification\",\"valueRequired\":true,\"valueName\":\"search_term_string\"}}],\"inLanguage\":\"es\"},{\"@type\":\"Organization\",\"@id\":\"https:\\\/\\\/www.compagniefruitiere.fr\\\/es\\\/#organization\",\"name\":\"Compagnie fruiti\u00e8re\",\"url\":\"https:\\\/\\\/www.compagniefruitiere.fr\\\/es\\\/\",\"logo\":{\"@type\":\"ImageObject\",\"inLanguage\":\"es\",\"@id\":\"https:\\\/\\\/www.compagniefruitiere.fr\\\/es\\\/#\\\/schema\\\/logo\\\/image\\\/\",\"url\":\"https:\\\/\\\/www.compagniefruitiere.fr\\\/wp-content\\\/uploads\\\/2022\\\/03\\\/compagniefrutiere-logo.svg\",\"contentUrl\":\"https:\\\/\\\/www.compagniefruitiere.fr\\\/wp-content\\\/uploads\\\/2022\\\/03\\\/compagniefrutiere-logo.svg\",\"width\":471,\"height\":113,\"caption\":\"Compagnie fruiti\u00e8re\"},\"image\":{\"@id\":\"https:\\\/\\\/www.compagniefruitiere.fr\\\/es\\\/#\\\/schema\\\/logo\\\/image\\\/\"},\"sameAs\":[\"https:\\\/\\\/www.linkedin.com\\\/company\\\/compagnie-fruitiere\\\/\"]}]}<\/script>\n<!-- \/ Yoast SEO plugin. -->","yoast_head_json":{"title":"Pr\u00e1cticas agr\u00edcolas sostenibles y ecol\u00f3gicas | Compagnie Fruiti\u00e8re","description":"La Compagnie Fruiti\u00e8re adopta pr\u00e1cticas agr\u00edcolas sostenibles y ecol\u00f3gicas para preservar el medio ambiente y garantizar la calidad de sus productos.","robots":{"index":"index","follow":"follow","max-snippet":"max-snippet:-1","max-image-preview":"max-image-preview:large","max-video-preview":"max-video-preview:-1"},"canonical":"https:\/\/www.compagniefruitiere.fr\/es\/practicas-agricolas-sostenibles-ecologicas\/","og_locale":"es_ES","og_type":"article","og_title":"Pr\u00e1cticas agr\u00edcolas sostenibles y ecol\u00f3gicas | Compagnie Fruiti\u00e8re","og_description":"La Compagnie Fruiti\u00e8re adopta pr\u00e1cticas agr\u00edcolas sostenibles y ecol\u00f3gicas para preservar el medio ambiente y garantizar la calidad de sus productos.","og_url":"https:\/\/www.compagniefruitiere.fr\/es\/practicas-agricolas-sostenibles-ecologicas\/","og_site_name":"Compagnie fruiti\u00e8re","article_modified_time":"2025-06-02T13:48:09+00:00","twitter_card":"summary_large_image","twitter_misc":{"Tiempo de lectura":"2 minutos"},"schema":{"@context":"https:\/\/schema.org","@graph":[{"@type":"WebPage","@id":"https:\/\/www.compagniefruitiere.fr\/es\/practicas-agricolas-sostenibles-ecologicas\/","url":"https:\/\/www.compagniefruitiere.fr\/es\/practicas-agricolas-sostenibles-ecologicas\/","name":"Pr\u00e1cticas agr\u00edcolas sostenibles y ecol\u00f3gicas | Compagnie Fruiti\u00e8re","isPartOf":{"@id":"https:\/\/www.compagniefruitiere.fr\/es\/#website"},"datePublished":"2022-06-28T10:18:53+00:00","dateModified":"2025-06-02T13:48:09+00:00","description":"La Compagnie Fruiti\u00e8re adopta pr\u00e1cticas agr\u00edcolas sostenibles y ecol\u00f3gicas para preservar el medio ambiente y garantizar la calidad de sus productos.","breadcrumb":{"@id":"https:\/\/www.compagniefruitiere.fr\/es\/practicas-agricolas-sostenibles-ecologicas\/#breadcrumb"},"inLanguage":"es","potentialAction":[{"@type":"ReadAction","target":["https:\/\/www.compagniefruitiere.fr\/es\/practicas-agricolas-sostenibles-ecologicas\/"]}]},{"@type":"BreadcrumbList","@id":"https:\/\/www.compagniefruitiere.fr\/es\/practicas-agricolas-sostenibles-ecologicas\/#breadcrumb","itemListElement":[{"@type":"ListItem","position":1,"name":"Accueil","item":"https:\/\/www.compagniefruitiere.fr\/es\/"},{"@type":"ListItem","position":2,"name":"Pr\u00e1cticas agr\u00edcolas sostenibles"}]},{"@type":"WebSite","@id":"https:\/\/www.compagniefruitiere.fr\/es\/#website","url":"https:\/\/www.compagniefruitiere.fr\/es\/","name":"Compagnie fruiti\u00e8re","description":"Origine : Nature.","publisher":{"@id":"https:\/\/www.compagniefruitiere.fr\/es\/#organization"},"potentialAction":[{"@type":"SearchAction","target":{"@type":"EntryPoint","urlTemplate":"https:\/\/www.compagniefruitiere.fr\/es\/?s={search_term_string}"},"query-input":{"@type":"PropertyValueSpecification","valueRequired":true,"valueName":"search_term_string"}}],"inLanguage":"es"},{"@type":"Organization","@id":"https:\/\/www.compagniefruitiere.fr\/es\/#organization","name":"Compagnie fruiti\u00e8re","url":"https:\/\/www.compagniefruitiere.fr\/es\/","logo":{"@type":"ImageObject","inLanguage":"es","@id":"https:\/\/www.compagniefruitiere.fr\/es\/#\/schema\/logo\/image\/","url":"https:\/\/www.compagniefruitiere.fr\/wp-content\/uploads\/2022\/03\/compagniefrutiere-logo.svg","contentUrl":"https:\/\/www.compagniefruitiere.fr\/wp-content\/uploads\/2022\/03\/compagniefrutiere-logo.svg","width":471,"height":113,"caption":"Compagnie fruiti\u00e8re"},"image":{"@id":"https:\/\/www.compagniefruitiere.fr\/es\/#\/schema\/logo\/image\/"},"sameAs":["https:\/\/www.linkedin.com\/company\/compagnie-fruitiere\/"]}]}},"_links":{"self":[{"href":"https:\/\/www.compagniefruitiere.fr\/es\/wp-json\/wp\/v2\/pages\/5629","targetHints":{"allow":["GET"]}}],"collection":[{"href":"https:\/\/www.compagniefruitiere.fr\/es\/wp-json\/wp\/v2\/pages"}],"about":[{"href":"https:\/\/www.compagniefruitiere.fr\/es\/wp-json\/wp\/v2\/types\/page"}],"author":[{"embeddable":true,"href":"https:\/\/www.compagniefruitiere.fr\/es\/wp-json\/wp\/v2\/users\/1"}],"replies":[{"embeddable":true,"href":"https:\/\/www.compagniefruitiere.fr\/es\/wp-json\/wp\/v2\/comments?post=5629"}],"version-history":[{"count":17,"href":"https:\/\/www.compagniefruitiere.fr\/es\/wp-json\/wp\/v2\/pages\/5629\/revisions"}],"predecessor-version":[{"id":12237,"href":"https:\/\/www.compagniefruitiere.fr\/es\/wp-json\/wp\/v2\/pages\/5629\/revisions\/12237"}],"wp:attachment":[{"href":"https:\/\/www.compagniefruitiere.fr\/es\/wp-json\/wp\/v2\/media?parent=5629"}],"curies":[{"name":"wp","href":"https:\/\/api.w.org\/{rel}","templated":true}]}}