{"id":5611,"date":"2022-06-30T00:33:18","date_gmt":"2022-06-29T22:33:18","guid":{"rendered":"https:\/\/www3.compagniefruitiere.fractus\/"},"modified":"2024-01-23T15:17:05","modified_gmt":"2024-01-23T14:17:05","slug":"actus","status":"publish","type":"page","link":"https:\/\/www.compagniefruitiere.fr\/es\/actus\/","title":{"rendered":"Nuestras novedades"},"content":{"rendered":"<p>[et_pb_section fb_built=\u00bb1&#8243; module_class=\u00bbsection-height-100&#8243; _builder_version=\u00bb4.18.1&#8243; _module_preset=\u00bbdefault\u00bb background_enable_color=\u00bboff\u00bb background_enable_image=\u00bboff\u00bb background_enable_video_mp4=\u00bboff\u00bb height=\u00bb100vh\u00bb custom_margin=\u00bb-60px||0px||false|false\u00bb custom_padding=\u00bb0px||0px||false|false\u00bb global_colors_info=\u00bb{}\u00bb][et_pb_row use_custom_gutter=\u00bbon\u00bb gutter_width=\u00bb1&#8243; make_equal=\u00bbon\u00bb admin_label=\u00bbLigne BG IMG 360&#8243; module_class=\u00bbligne-height-100 background-video-360&#8243; _builder_version=\u00bb4.21.0&#8243; _module_preset=\u00bbdefault\u00bb background_enable_color=\u00bboff\u00bb positioning=\u00bbabsolute\u00bb width=\u00bb100%\u00bb max_width=\u00bb100%\u00bb height=\u00bb100%\u00bb custom_padding=\u00bb0px|0px|0px|0px|false|false\u00bb hover_enabled=\u00bb0&#8243; global_colors_info=\u00bb{}\u00bb sticky_enabled=\u00bb0&#8243;][et_pb_column type=\u00bb4_4&#8243; module_class=\u00bbcolumn-height-100&#8243; _builder_version=\u00bb4.21.0&#8243; _module_preset=\u00bbdefault\u00bb background_enable_color=\u00bboff\u00bb background_image=\u00bbhttps:\/\/www.compagniefruitiere.fr\/wp-content\/uploads\/2022\/11\/compagnie-fruitiere-ghana-2016-divers-8860-slider.webp\u00bb custom_padding=\u00bb0px|0px|0px|0px|true|true\u00bb hover_enabled=\u00bb0&#8243; custom_css_main_element=\u00bbdisplay: flex;||flex-direction: column;\u00bb border_radii=\u00bboff||||\u00bb global_colors_info=\u00bb{}\u00bb title_text=\u00bbcompagnie-fruitiere-ghana-2016-divers-8860-slider\u00bb sticky_enabled=\u00bb0&#8243;][et_pb_blurb use_icon=\u00bbon\u00bb font_icon=\u00bb&#x34;||divi||400&#8243; icon_color=\u00bb#ffffff\u00bb icon_placement=\u00bbleft\u00bb image_icon_width=\u00bb40px\u00bb content_max_width=\u00bb40%\u00bb admin_label=\u00bbRouvrir colonne\u00bb module_class=\u00bbopen-text-column unselectable\u00bb _builder_version=\u00bb4.18.1&#8243; _module_preset=\u00bbdefault\u00bb background_enable_color=\u00bboff\u00bb image_icon_custom_margin=\u00bb|-15px|||false|false\u00bb image_icon_custom_padding=\u00bb||||false|false\u00bb positioning=\u00bbabsolute\u00bb position_origin_a=\u00bbtop_right\u00bb vertical_offset=\u00bb60px\u00bb horizontal_offset=\u00bb30px\u00bb height=\u00bb40px\u00bb custom_margin=\u00bb0px|-15px|0px|0px|true|false\u00bb custom_padding=\u00bb0px|0px|0px|0px|true|true\u00bb global_colors_info=\u00bb{}\u00bb icon_color__hover_enabled=\u00bbon|hover\u00bb icon_color__hover=\u00bbrgba(255,255,255,0.8)\u00bb][\/et_pb_blurb][et_pb_image src=\u00bbhttps:\/\/www.compagniefruitiere.fr\/wp-content\/uploads\/2022\/10\/Illustrations-compagnie-fruitiere-feuille-banane.svg\u00bb title_text=\u00bbIllustrations-compagnie-fruitiere-feuille-banane\u00bb admin_label=\u00bbIllustration\u00bb module_class=\u00bbunselectable\u00bb _builder_version=\u00bb4.19.0&#8243; _module_preset=\u00bbdefault\u00bb transform_rotate=\u00bb0deg|180deg|0deg\u00bb positioning=\u00bbabsolute\u00bb position_origin_a=\u00bbbottom_left\u00bb vertical_offset=\u00bb-70px\u00bb horizontal_offset=\u00bb-130px\u00bb width=\u00bb100%\u00bb max_width=\u00bb500px\u00bb global_colors_info=\u00bb{}\u00bb][\/et_pb_image][\/et_pb_column][\/et_pb_row][et_pb_row column_structure=\u00bb3_5,2_5&#8243; use_custom_gutter=\u00bbon\u00bb gutter_width=\u00bb1&#8243; make_equal=\u00bbon\u00bb disabled_on=\u00bboff|off|off\u00bb module_class=\u00bbligne-height-100&#8243; _builder_version=\u00bb4.18.1&#8243; _module_preset=\u00bbdefault\u00bb width=\u00bb100%\u00bb max_width=\u00bb100%\u00bb height=\u00bb100%\u00bb custom_padding=\u00bb0px|0px|0px|0px|false|false\u00bb global_colors_info=\u00bb{}\u00bb][et_pb_column type=\u00bb3_5&#8243; module_class=\u00bbcolonne-height-100 column-with-grab\u00bb admin_label=\u00bbColonne\u00bb _builder_version=\u00bb4.18.1&#8243; _module_preset=\u00bbdefault\u00bb background_enable_color=\u00bboff\u00bb background_enable_image=\u00bboff\u00bb z_index=\u00bb-2&#8243; global_colors_info=\u00bb{}\u00bb][\/et_pb_column][et_pb_column type=\u00bb2_5&#8243; module_class=\u00bbcolumn-height-100 column-to-show\u00bb _builder_version=\u00bb4.16.0&#8243; _module_preset=\u00bbdefault\u00bb background_color=\u00bbrgba(255,255,255,0.9)\u00bb custom_padding=\u00bb30px|30px|30px|30px|true|true\u00bb custom_css_main_element=\u00bbdisplay: flex;||flex-direction: column;\u00bb border_radii=\u00bboff||||30px\u00bb box_shadow_style=\u00bbpreset2&#8243; box_shadow_horizontal=\u00bb-9px\u00bb box_shadow_vertical=\u00bb0px\u00bb box_shadow_spread=\u00bb-10px\u00bb global_colors_info=\u00bb{}\u00bb][et_pb_divider show_divider=\u00bboff\u00bb admin_label=\u00bbS\u00e9parateur\u00bb _builder_version=\u00bb4.18.0&#8243; _module_preset=\u00bbdefault\u00bb height=\u00bb60px\u00bb custom_margin=\u00bb||||false|false\u00bb global_colors_info=\u00bb{}\u00bb][\/et_pb_divider][et_pb_blurb use_icon=\u00bbon\u00bb font_icon=\u00bb&#x4a;||divi||400&#8243; icon_color=\u00bbrgba(0,0,0,0.3)\u00bb image_icon_width=\u00bb40px\u00bb icon_alignment=\u00bbleft\u00bb content_max_width=\u00bb100%\u00bb admin_label=\u00bbPage pr\u00e9c.\u00bb module_class=\u00bbback-button\u00bb _builder_version=\u00bb4.18.0&#8243; _module_preset=\u00bbdefault\u00bb background_enable_color=\u00bboff\u00bb positioning=\u00bbabsolute\u00bb vertical_offset=\u00bb60px\u00bb horizontal_offset=\u00bb30px\u00bb height=\u00bb40px\u00bb custom_margin=\u00bb0px|0px|0px|0px|true|true\u00bb custom_padding=\u00bb0px|0px|0px|0px|true|true\u00bb global_colors_info=\u00bb{}\u00bb icon_color__hover_enabled=\u00bbon|desktop\u00bb icon_color__hover=\u00bbrgba(0,0,0,0.8)\u00bb][\/et_pb_blurb][et_pb_blurb use_icon=\u00bbon\u00bb font_icon=\u00bb&#x4d;||divi||400&#8243; icon_color=\u00bbrgba(0,0,0,0.3)\u00bb image_icon_width=\u00bb40px\u00bb icon_alignment=\u00bbright\u00bb content_max_width=\u00bb40%\u00bb admin_label=\u00bbMasquer colonne\u00bb module_class=\u00bbclose-text-column\u00bb _builder_version=\u00bb4.19.3&#8243; _module_preset=\u00bbdefault\u00bb background_enable_color=\u00bboff\u00bb positioning=\u00bbabsolute\u00bb position_origin_a=\u00bbtop_right\u00bb vertical_offset=\u00bb60px\u00bb horizontal_offset=\u00bb30px\u00bb height=\u00bb40px\u00bb custom_margin=\u00bb0px|0px|0px|0px|true|true\u00bb custom_padding=\u00bb0px|0px|0px|0px|true|true\u00bb global_colors_info=\u00bb{}\u00bb icon_color__hover_enabled=\u00bbon|desktop\u00bb icon_color__hover=\u00bbrgba(0,0,0,0.8)\u00bb][\/et_pb_blurb][et_pb_post_title meta=\u00bboff\u00bb featured_image=\u00bboff\u00bb _builder_version=\u00bb4.19.0&#8243; _module_preset=\u00bbdefault\u00bb title_font=\u00bb|700|||||||\u00bb title_text_color=\u00bbrgba(0,0,0,0.5)\u00bb title_font_size=\u00bb20px\u00bb title_line_height=\u00bb1.2em\u00bb custom_margin=\u00bb60px||10px||false|false\u00bb global_colors_info=\u00bb{}\u00bb][\/et_pb_post_title][et_pb_text module_class=\u00bbscrollbar\u00bb _builder_version=\u00bb4.20.0&#8243; _module_preset=\u00bbdefault\u00bb text_text_color=\u00bbrgba(0,0,0,0.5)\u00bb text_line_height=\u00bb1.6em\u00bb header_2_font=\u00bb|700||on|||||\u00bb header_2_text_color=\u00bbrgba(0,0,0,0.5)\u00bb header_2_font_size=\u00bb20px\u00bb text_orientation=\u00bbjustified\u00bb height=\u00bb100%\u00bb overflow-y=\u00bbhidden\u00bb custom_margin=\u00bb||30px||false|false\u00bb global_colors_info=\u00bb{}\u00bb]<\/p>\n<p><span>Aqu\u00ed encontrar\u00e1s todo lo que se mueve dentro de un grupo permanentemente enfocado a la innovaci\u00f3n como el nuestro. <\/span><\/p>\n<div class=\"sk-ww-linkedin-page-post\" data-embed-id=\"114439\"><\/div>\n<p>\n<script src=\"https:\/\/widgets.sociablekit.com\/linkedin-page-posts\/widget.js\" async=\"\" defer><\/script>\n<\/p>\n<p>[\/et_pb_text][\/et_pb_column][\/et_pb_row][\/et_pb_section]<\/p>\n","protected":false},"excerpt":{"rendered":"<p>Aqu\u00ed encontrar\u00e1s todo lo que se mueve dentro de un grupo permanentemente enfocado a la innovaci\u00f3n como el nuestro.<\/p>\n","protected":false},"author":1,"featured_media":0,"parent":0,"menu_order":0,"comment_status":"closed","ping_status":"closed","template":"","meta":{"_et_pb_use_builder":"on","_et_pb_old_content":"","_et_gb_content_width":"","footnotes":""},"class_list":["post-5611","page","type-page","status-publish","hentry"],"yoast_head":"<!-- This site is optimized with the Yoast SEO plugin v27.3 - https:\/\/yoast.com\/product\/yoast-seo-wordpress\/ -->\n<title>Nuestras novedades - Compagnie fruiti\u00e8re<\/title>\n<meta name=\"robots\" content=\"index, follow, max-snippet:-1, max-image-preview:large, max-video-preview:-1\" \/>\n<link rel=\"canonical\" href=\"https:\/\/www.compagniefruitiere.fr\/es\/actus\/\" \/>\n<meta property=\"og:locale\" content=\"es_ES\" \/>\n<meta property=\"og:type\" content=\"article\" \/>\n<meta property=\"og:title\" content=\"Nuestras novedades - Compagnie fruiti\u00e8re\" \/>\n<meta property=\"og:description\" content=\"Aqu\u00ed encontrar\u00e1s todo lo que se mueve dentro de un grupo permanentemente enfocado a la innovaci\u00f3n como el nuestro.\" \/>\n<meta property=\"og:url\" content=\"https:\/\/www.compagniefruitiere.fr\/es\/actus\/\" \/>\n<meta property=\"og:site_name\" content=\"Compagnie fruiti\u00e8re\" \/>\n<meta property=\"article:modified_time\" content=\"2024-01-23T14:17:05+00:00\" \/>\n<meta name=\"twitter:card\" content=\"summary_large_image\" \/>\n<meta name=\"twitter:label1\" content=\"Tiempo de lectura\" \/>\n\t<meta name=\"twitter:data1\" content=\"4 minutos\" \/>\n<script type=\"application\/ld+json\" class=\"yoast-schema-graph\">{\"@context\":\"https:\\\/\\\/schema.org\",\"@graph\":[{\"@type\":\"WebPage\",\"@id\":\"https:\\\/\\\/www.compagniefruitiere.fr\\\/es\\\/actus\\\/\",\"url\":\"https:\\\/\\\/www.compagniefruitiere.fr\\\/es\\\/actus\\\/\",\"name\":\"Nuestras novedades - Compagnie fruiti\u00e8re\",\"isPartOf\":{\"@id\":\"https:\\\/\\\/www.compagniefruitiere.fr\\\/es\\\/#website\"},\"datePublished\":\"2022-06-29T22:33:18+00:00\",\"dateModified\":\"2024-01-23T14:17:05+00:00\",\"breadcrumb\":{\"@id\":\"https:\\\/\\\/www.compagniefruitiere.fr\\\/es\\\/actus\\\/#breadcrumb\"},\"inLanguage\":\"es\",\"potentialAction\":[{\"@type\":\"ReadAction\",\"target\":[\"https:\\\/\\\/www.compagniefruitiere.fr\\\/es\\\/actus\\\/\"]}]},{\"@type\":\"BreadcrumbList\",\"@id\":\"https:\\\/\\\/www.compagniefruitiere.fr\\\/es\\\/actus\\\/#breadcrumb\",\"itemListElement\":[{\"@type\":\"ListItem\",\"position\":1,\"name\":\"Accueil\",\"item\":\"https:\\\/\\\/www.compagniefruitiere.fr\\\/es\\\/\"},{\"@type\":\"ListItem\",\"position\":2,\"name\":\"Nuestras novedades\"}]},{\"@type\":\"WebSite\",\"@id\":\"https:\\\/\\\/www.compagniefruitiere.fr\\\/es\\\/#website\",\"url\":\"https:\\\/\\\/www.compagniefruitiere.fr\\\/es\\\/\",\"name\":\"Compagnie fruiti\u00e8re\",\"description\":\"Origine : Nature.\",\"publisher\":{\"@id\":\"https:\\\/\\\/www.compagniefruitiere.fr\\\/es\\\/#organization\"},\"potentialAction\":[{\"@type\":\"SearchAction\",\"target\":{\"@type\":\"EntryPoint\",\"urlTemplate\":\"https:\\\/\\\/www.compagniefruitiere.fr\\\/es\\\/?s={search_term_string}\"},\"query-input\":{\"@type\":\"PropertyValueSpecification\",\"valueRequired\":true,\"valueName\":\"search_term_string\"}}],\"inLanguage\":\"es\"},{\"@type\":\"Organization\",\"@id\":\"https:\\\/\\\/www.compagniefruitiere.fr\\\/es\\\/#organization\",\"name\":\"Compagnie fruiti\u00e8re\",\"url\":\"https:\\\/\\\/www.compagniefruitiere.fr\\\/es\\\/\",\"logo\":{\"@type\":\"ImageObject\",\"inLanguage\":\"es\",\"@id\":\"https:\\\/\\\/www.compagniefruitiere.fr\\\/es\\\/#\\\/schema\\\/logo\\\/image\\\/\",\"url\":\"https:\\\/\\\/www.compagniefruitiere.fr\\\/wp-content\\\/uploads\\\/2022\\\/03\\\/compagniefrutiere-logo.svg\",\"contentUrl\":\"https:\\\/\\\/www.compagniefruitiere.fr\\\/wp-content\\\/uploads\\\/2022\\\/03\\\/compagniefrutiere-logo.svg\",\"width\":471,\"height\":113,\"caption\":\"Compagnie fruiti\u00e8re\"},\"image\":{\"@id\":\"https:\\\/\\\/www.compagniefruitiere.fr\\\/es\\\/#\\\/schema\\\/logo\\\/image\\\/\"},\"sameAs\":[\"https:\\\/\\\/www.linkedin.com\\\/company\\\/compagnie-fruitiere\\\/\"]}]}<\/script>\n<!-- \/ Yoast SEO plugin. -->","yoast_head_json":{"title":"Nuestras novedades - Compagnie fruiti\u00e8re","robots":{"index":"index","follow":"follow","max-snippet":"max-snippet:-1","max-image-preview":"max-image-preview:large","max-video-preview":"max-video-preview:-1"},"canonical":"https:\/\/www.compagniefruitiere.fr\/es\/actus\/","og_locale":"es_ES","og_type":"article","og_title":"Nuestras novedades - Compagnie fruiti\u00e8re","og_description":"Aqu\u00ed encontrar\u00e1s todo lo que se mueve dentro de un grupo permanentemente enfocado a la innovaci\u00f3n como el nuestro.","og_url":"https:\/\/www.compagniefruitiere.fr\/es\/actus\/","og_site_name":"Compagnie fruiti\u00e8re","article_modified_time":"2024-01-23T14:17:05+00:00","twitter_card":"summary_large_image","twitter_misc":{"Tiempo de lectura":"4 minutos"},"schema":{"@context":"https:\/\/schema.org","@graph":[{"@type":"WebPage","@id":"https:\/\/www.compagniefruitiere.fr\/es\/actus\/","url":"https:\/\/www.compagniefruitiere.fr\/es\/actus\/","name":"Nuestras novedades - Compagnie fruiti\u00e8re","isPartOf":{"@id":"https:\/\/www.compagniefruitiere.fr\/es\/#website"},"datePublished":"2022-06-29T22:33:18+00:00","dateModified":"2024-01-23T14:17:05+00:00","breadcrumb":{"@id":"https:\/\/www.compagniefruitiere.fr\/es\/actus\/#breadcrumb"},"inLanguage":"es","potentialAction":[{"@type":"ReadAction","target":["https:\/\/www.compagniefruitiere.fr\/es\/actus\/"]}]},{"@type":"BreadcrumbList","@id":"https:\/\/www.compagniefruitiere.fr\/es\/actus\/#breadcrumb","itemListElement":[{"@type":"ListItem","position":1,"name":"Accueil","item":"https:\/\/www.compagniefruitiere.fr\/es\/"},{"@type":"ListItem","position":2,"name":"Nuestras novedades"}]},{"@type":"WebSite","@id":"https:\/\/www.compagniefruitiere.fr\/es\/#website","url":"https:\/\/www.compagniefruitiere.fr\/es\/","name":"Compagnie fruiti\u00e8re","description":"Origine : Nature.","publisher":{"@id":"https:\/\/www.compagniefruitiere.fr\/es\/#organization"},"potentialAction":[{"@type":"SearchAction","target":{"@type":"EntryPoint","urlTemplate":"https:\/\/www.compagniefruitiere.fr\/es\/?s={search_term_string}"},"query-input":{"@type":"PropertyValueSpecification","valueRequired":true,"valueName":"search_term_string"}}],"inLanguage":"es"},{"@type":"Organization","@id":"https:\/\/www.compagniefruitiere.fr\/es\/#organization","name":"Compagnie fruiti\u00e8re","url":"https:\/\/www.compagniefruitiere.fr\/es\/","logo":{"@type":"ImageObject","inLanguage":"es","@id":"https:\/\/www.compagniefruitiere.fr\/es\/#\/schema\/logo\/image\/","url":"https:\/\/www.compagniefruitiere.fr\/wp-content\/uploads\/2022\/03\/compagniefrutiere-logo.svg","contentUrl":"https:\/\/www.compagniefruitiere.fr\/wp-content\/uploads\/2022\/03\/compagniefrutiere-logo.svg","width":471,"height":113,"caption":"Compagnie fruiti\u00e8re"},"image":{"@id":"https:\/\/www.compagniefruitiere.fr\/es\/#\/schema\/logo\/image\/"},"sameAs":["https:\/\/www.linkedin.com\/company\/compagnie-fruitiere\/"]}]}},"_links":{"self":[{"href":"https:\/\/www.compagniefruitiere.fr\/es\/wp-json\/wp\/v2\/pages\/5611","targetHints":{"allow":["GET"]}}],"collection":[{"href":"https:\/\/www.compagniefruitiere.fr\/es\/wp-json\/wp\/v2\/pages"}],"about":[{"href":"https:\/\/www.compagniefruitiere.fr\/es\/wp-json\/wp\/v2\/types\/page"}],"author":[{"embeddable":true,"href":"https:\/\/www.compagniefruitiere.fr\/es\/wp-json\/wp\/v2\/users\/1"}],"replies":[{"embeddable":true,"href":"https:\/\/www.compagniefruitiere.fr\/es\/wp-json\/wp\/v2\/comments?post=5611"}],"version-history":[{"count":7,"href":"https:\/\/www.compagniefruitiere.fr\/es\/wp-json\/wp\/v2\/pages\/5611\/revisions"}],"predecessor-version":[{"id":9918,"href":"https:\/\/www.compagniefruitiere.fr\/es\/wp-json\/wp\/v2\/pages\/5611\/revisions\/9918"}],"wp:attachment":[{"href":"https:\/\/www.compagniefruitiere.fr\/es\/wp-json\/wp\/v2\/media?parent=5611"}],"curies":[{"name":"wp","href":"https:\/\/api.w.org\/{rel}","templated":true}]}}