{"id":5571,"date":"2022-03-21T12:08:39","date_gmt":"2022-03-21T11:08:39","guid":{"rendered":"https:\/\/www3.compagniefruitiere.frcompagnie-fruitiere\/"},"modified":"2025-06-02T15:13:45","modified_gmt":"2025-06-02T13:13:45","slug":"compagnie-fruitiere","status":"publish","type":"page","link":"https:\/\/www.compagniefruitiere.fr\/es\/","title":{"rendered":"Compagnie Fruiti\u00e8re"},"content":{"rendered":"<p>[et_pb_section fb_built=\u00bb1&#8243; module_class=\u00bbsection-height-100 cf-homepage-section\u00bb _builder_version=\u00bb4.25.1&#8243; _module_preset=\u00bbdefault\u00bb background_enable_color=\u00bboff\u00bb background_enable_image=\u00bboff\u00bb background_enable_video_mp4=\u00bboff\u00bb z_index=\u00bb0&#8243; height=\u00bb100vh\u00bb custom_margin=\u00bb-60px||0px||false|false\u00bb custom_padding=\u00bb0px||0px||false|false\u00bb global_colors_info=\u00bb{}\u00bb][et_pb_row use_custom_gutter=\u00bbon\u00bb gutter_width=\u00bb1&#8243; make_equal=\u00bbon\u00bb disabled_on=\u00bboff|off|off\u00bb module_class=\u00bbligne-height-100&#8243; _builder_version=\u00bb4.25.1&#8243; _module_preset=\u00bbdefault\u00bb background_enable_color=\u00bboff\u00bb background_enable_image=\u00bboff\u00bb background_video_mp4=\u00bbhttps:\/\/www.compagniefruitiere.fr\/wp-content\/uploads\/2023\/05\/20230511-Compagnie-Fruitiere-Video-Homepage.mp4&#8243; background_enable_video_webm=\u00bboff\u00bb positioning=\u00bbabsolute\u00bb width=\u00bb100%\u00bb max_width=\u00bb100%\u00bb height=\u00bb100%\u00bb custom_padding=\u00bb0px|0px|0px|0px|false|false\u00bb global_colors_info=\u00bb{}\u00bb background__hover_enabled=\u00bboff|desktop\u00bb][et_pb_column type=\u00bb4_4&#8243; module_class=\u00bbcolumn-height-100&#8243; _builder_version=\u00bb4.25.1&#8243; _module_preset=\u00bbdefault\u00bb background_enable_color=\u00bboff\u00bb custom_padding=\u00bb0px|0px|0px|0px|true|true\u00bb custom_css_main_element=\u00bbdisplay: flex;||flex-direction: column;\u00bb border_radii=\u00bboff||||\u00bb global_colors_info=\u00bb{}\u00bb][et_pb_blurb image_icon_width=\u00bb130px\u00bb admin_label=\u00bbR\u00e9sum\u00e9\u00bb module_class=\u00bbbadge-offres-emploi unselectable\u00bb _builder_version=\u00bb4.25.1&#8243; _module_preset=\u00bbdefault\u00bb header_text_align=\u00bbcenter\u00bb header_font_size=\u00bb14px\u00bb body_text_align=\u00bbcenter\u00bb body_text_color=\u00bbrgba(0,0,0,0.5)\u00bb body_line_height=\u00bb1.2em\u00bb background_color=\u00bb#FFFFFF\u00bb image_icon_custom_margin=\u00bb5px||0px||false|false\u00bb image_icon_custom_padding=\u00bb0px||0px||false|false\u00bb positioning=\u00bbabsolute\u00bb position_origin_a=\u00bbtop_right\u00bb vertical_offset=\u00bb60px\u00bb horizontal_offset=\u00bb30px\u00bb custom_margin=\u00bb0px|-10px|0px|0px|false|false\u00bb custom_padding=\u00bb5px|20px|5px|20px|true|true\u00bb link_option_url=\u00bbhttps:\/\/www.compagniefruitiere.fr\/es\/nuestras-ofertas-de-empleo\/\u00bb border_radii=\u00bboff||||\u00bb box_shadow_style=\u00bbpreset2&#8243; global_colors_info=\u00bb{}\u00bb icon_color__hover_enabled=\u00bboff|desktop\u00bb icon_color__hover=\u00bbrgba(0,0,0,0.8)\u00bb]<\/p>\n<p style=\"text-align: center;\">Nuestras ofertas<br \/>de trabajo<\/p>\n<p>[\/et_pb_blurb][et_pb_post_title meta=\u00bboff\u00bb featured_image=\u00bboff\u00bb module_class=\u00bbvisibility-hidden\u00bb _builder_version=\u00bb4.25.1&#8243; _module_preset=\u00bbdefault\u00bb global_colors_info=\u00bb{}\u00bb][\/et_pb_post_title][et_pb_blurb title=\u00bbAcerca de Compagnie Fruiti\u00e8re\u00bb url=\u00bbhttps:\/\/www.compagniefruitiere.fr\/es\/sobre-cf\/\u00bb image=\u00bbhttps:\/\/www.compagniefruitiere.fr\/wp-content\/uploads\/2023\/04\/Bouton_Apropos_4-1.webp\u00bb image_icon_width=\u00bb130px\u00bb admin_label=\u00bbA propos\u00bb module_class=\u00bbhotspot-cf homepage-1&#8243; _builder_version=\u00bb4.25.1&#8243; _module_preset=\u00bbdefault\u00bb header_level=\u00bbh2&#8243; header_font=\u00bb|600||on|||||\u00bb header_text_color=\u00bb#FFFFFF\u00bb header_font_size=\u00bb18px\u00bb header_line_height=\u00bb1.2em\u00bb background_enable_color=\u00bboff\u00bb transform_translate_linked__hover=\u00bboff\u00bb positioning=\u00bbabsolute\u00bb vertical_offset=\u00bb15vh\u00bb horizontal_offset=\u00bb5vw\u00bb z_index=\u00bb3&#8243; text_orientation=\u00bbcenter\u00bb max_width=\u00bb230px\u00bb animation_style=\u00bbfade\u00bb animation=\u00bbbottom\u00bb link_option_url=\u00bbhttps:\/\/www.compagniefruitiere.fr\/es\/sobre-cf\/\u00bb header_font_size_tablet=\u00bb18px\u00bb header_font_size_phone=\u00bb16px\u00bb header_font_size_last_edited=\u00bbon|phone\u00bb header_text_shadow_style=\u00bbpreset1&#8243; header_text_shadow_horizontal_length=\u00bb0.1em\u00bb header_text_shadow_color=\u00bbrgba(0,0,0,0.5)\u00bb global_colors_info=\u00bb{}\u00bb transform_styles__hover_enabled=\u00bbon|hover\u00bb transform_scale__hover_enabled=\u00bbon|hover\u00bb transform_translate__hover_enabled=\u00bbon|hover\u00bb transform_rotate__hover_enabled=\u00bbon|desktop\u00bb transform_skew__hover_enabled=\u00bbon|desktop\u00bb transform_origin__hover_enabled=\u00bbon|desktop\u00bb transform_translate__hover=\u00bb0px|-5px\u00bb transform_scale__hover=\u00bb120%|120%\u00bb][\/et_pb_blurb][et_pb_blurb title=\u00bbUn productor responsable\u00bb url=\u00bbhttps:\/\/www.compagniefruitiere.fr\/es\/un-productor-comprometido\/\u00bb image=\u00bbhttps:\/\/www.compagniefruitiere.fr\/wp-content\/uploads\/2023\/04\/Bouton_Homepage_2-1.webp\u00bb image_icon_width=\u00bb130px\u00bb admin_label=\u00bbProducteur\u00bb module_class=\u00bbhotspot-cf homepage-2&#8243; _builder_version=\u00bb4.24.0&#8243; _module_preset=\u00bbdefault\u00bb header_level=\u00bbh2&#8243; header_font=\u00bb|600||on|||||\u00bb header_text_color=\u00bb#FFFFFF\u00bb header_font_size=\u00bb18px\u00bb header_line_height=\u00bb1.2em\u00bb background_enable_color=\u00bboff\u00bb positioning=\u00bbabsolute\u00bb vertical_offset=\u00bb53.06vh\u00bb horizontal_offset=\u00bb18.34vw\u00bb z_index=\u00bb3&#8243; text_orientation=\u00bbcenter\u00bb max_width=\u00bb230px\u00bb animation_style=\u00bbfade\u00bb animation=\u00bbbottom\u00bb link_option_url=\u00bbhttps:\/\/www.compagniefruitiere.fr\/es\/un-productor-comprometido\/\u00bb header_font_size_tablet=\u00bb18px\u00bb header_font_size_phone=\u00bb16px\u00bb header_font_size_last_edited=\u00bbon|phone\u00bb header_text_shadow_style=\u00bbpreset1&#8243; header_text_shadow_horizontal_length=\u00bb0.1em\u00bb header_text_shadow_color=\u00bbrgba(0,0,0,0.5)\u00bb global_colors_info=\u00bb{}\u00bb transform_styles__hover_enabled=\u00bbon|desktop\u00bb transform_scale__hover=\u00bb120%|120%\u00bb transform_scale__hover_enabled=\u00bbon|desktop\u00bb transform_translate__hover=\u00bb0px|-5px\u00bb transform_translate__hover_enabled=\u00bbon|hover\u00bb transform_rotate__hover_enabled=\u00bbon|desktop\u00bb transform_skew__hover_enabled=\u00bbon|desktop\u00bb transform_origin__hover_enabled=\u00bbon|desktop\u00bb][\/et_pb_blurb][et_pb_blurb title=\u00bbUna log\u00edstica integrada\u00bb url=\u00bbhttps:\/\/www.compagniefruitiere.fr\/es\/una-logistica-integrada\/\u00bb image=\u00bbhttps:\/\/www.compagniefruitiere.fr\/wp-content\/uploads\/2023\/04\/Bouton_Homepage_3-1.webp\u00bb image_icon_width=\u00bb130px\u00bb admin_label=\u00bbLogistique\u00bb module_class=\u00bbhotspot-cf homepage-3&#8243; _builder_version=\u00bb4.24.0&#8243; _module_preset=\u00bbdefault\u00bb header_level=\u00bbh2&#8243; header_font=\u00bb|600||on|||||\u00bb header_text_color=\u00bb#FFFFFF\u00bb header_font_size=\u00bb18px\u00bb header_line_height=\u00bb1.2em\u00bb background_enable_color=\u00bboff\u00bb positioning=\u00bbabsolute\u00bb vertical_offset=\u00bb20vh\u00bb horizontal_offset=\u00bb33.81vw\u00bb z_index=\u00bb3&#8243; text_orientation=\u00bbcenter\u00bb max_width=\u00bb230px\u00bb animation_style=\u00bbfade\u00bb animation=\u00bbbottom\u00bb link_option_url=\u00bbhttps:\/\/www.compagniefruitiere.fr\/es\/una-logistica-integrada\/\u00bb header_font_size_tablet=\u00bb18px\u00bb header_font_size_phone=\u00bb16px\u00bb header_font_size_last_edited=\u00bbon|phone\u00bb header_text_shadow_style=\u00bbpreset1&#8243; header_text_shadow_horizontal_length=\u00bb0.1em\u00bb header_text_shadow_color=\u00bbrgba(0,0,0,0.5)\u00bb global_colors_info=\u00bb{}\u00bb transform_styles__hover_enabled=\u00bbon|desktop\u00bb transform_scale__hover=\u00bb120%|120%\u00bb transform_scale__hover_enabled=\u00bbon|desktop\u00bb transform_translate__hover=\u00bb0px|-5px\u00bb transform_translate__hover_enabled=\u00bbon|hover\u00bb transform_rotate__hover_enabled=\u00bbon|desktop\u00bb transform_skew__hover_enabled=\u00bbon|desktop\u00bb transform_origin__hover_enabled=\u00bbon|desktop\u00bb][\/et_pb_blurb][et_pb_blurb title=\u00bbUna amplia red comercial\u00bb url=\u00bbhttps:\/\/www.compagniefruitiere.fr\/es\/una-red-extensa\/\u00bb image=\u00bbhttps:\/\/www.compagniefruitiere.fr\/wp-content\/uploads\/2023\/04\/Bouton_Travailler_2-1.webp\u00bb image_icon_width=\u00bb130px\u00bb admin_label=\u00bbR\u00e9seau \u00e9tendu\u00bb module_class=\u00bbhotspot-cf homepage-4&#8243; _builder_version=\u00bb4.24.0&#8243; _module_preset=\u00bbdefault\u00bb header_level=\u00bbh2&#8243; header_font=\u00bb|600||on|||||\u00bb header_text_color=\u00bb#FFFFFF\u00bb header_font_size=\u00bb18px\u00bb header_line_height=\u00bb1.2em\u00bb background_enable_color=\u00bboff\u00bb positioning=\u00bbabsolute\u00bb vertical_offset=\u00bb50.58vh\u00bb horizontal_offset=\u00bb49.17vw\u00bb z_index=\u00bb3&#8243; text_orientation=\u00bbcenter\u00bb max_width=\u00bb230px\u00bb animation_style=\u00bbfade\u00bb animation=\u00bbbottom\u00bb link_option_url=\u00bbhttps:\/\/www.compagniefruitiere.fr\/es\/una-red-extensa\/\u00bb header_font_size_tablet=\u00bb18px\u00bb header_font_size_phone=\u00bb16px\u00bb header_font_size_last_edited=\u00bbon|phone\u00bb header_text_shadow_style=\u00bbpreset1&#8243; header_text_shadow_horizontal_length=\u00bb0.1em\u00bb header_text_shadow_color=\u00bbrgba(0,0,0,0.5)\u00bb global_colors_info=\u00bb{}\u00bb transform_styles__hover_enabled=\u00bbon|hover\u00bb transform_scale__hover=\u00bb120%|120%\u00bb transform_scale__hover_enabled=\u00bbon|hover\u00bb transform_translate__hover=\u00bb0px|-5px\u00bb transform_translate__hover_enabled=\u00bbon|hover\u00bb transform_rotate__hover_enabled=\u00bbon|desktop\u00bb transform_skew__hover_enabled=\u00bbon|desktop\u00bb transform_origin__hover_enabled=\u00bbon|desktop\u00bb][\/et_pb_blurb][et_pb_blurb title=\u00bbTrabajar en Compagnie Fruiti\u00e8re\u00bb url=\u00bbhttps:\/\/www.compagniefruitiere.fr\/es\/trabajar-en-cf\/\u00bb image=\u00bbhttps:\/\/www.compagniefruitiere.fr\/wp-content\/uploads\/2023\/04\/Bouton_Travailler_8.webp\u00bb image_icon_width=\u00bb130px\u00bb admin_label=\u00bbTravailler\u00bb module_class=\u00bbhotspot-cf homepage-5&#8243; _builder_version=\u00bb4.24.0&#8243; _module_preset=\u00bbdefault\u00bb header_level=\u00bbh2&#8243; header_font=\u00bb|600||on|||||\u00bb header_text_color=\u00bb#FFFFFF\u00bb header_font_size=\u00bb18px\u00bb header_line_height=\u00bb1.2em\u00bb background_enable_color=\u00bboff\u00bb positioning=\u00bbabsolute\u00bb vertical_offset=\u00bb19.82vh\u00bb horizontal_offset=\u00bb68.61vw\u00bb z_index=\u00bb3&#8243; text_orientation=\u00bbcenter\u00bb max_width=\u00bb230px\u00bb animation_style=\u00bbfade\u00bb animation=\u00bbbottom\u00bb link_option_url=\u00bbhttps:\/\/www.compagniefruitiere.fr\/es\/trabajar-en-cf\/\u00bb header_font_size_tablet=\u00bb18px\u00bb header_font_size_phone=\u00bb16px\u00bb header_font_size_last_edited=\u00bbon|phone\u00bb header_text_shadow_style=\u00bbpreset1&#8243; header_text_shadow_horizontal_length=\u00bb0.1em\u00bb header_text_shadow_color=\u00bbrgba(0,0,0,0.5)\u00bb global_colors_info=\u00bb{}\u00bb transform_styles__hover_enabled=\u00bbon|hover\u00bb transform_scale__hover=\u00bb120%|120%\u00bb transform_scale__hover_enabled=\u00bbon|hover\u00bb transform_translate__hover=\u00bb0px|-5px\u00bb transform_translate__hover_enabled=\u00bbon|hover\u00bb transform_rotate__hover_enabled=\u00bbon|desktop\u00bb transform_skew__hover_enabled=\u00bbon|desktop\u00bb transform_origin__hover_enabled=\u00bbon|desktop\u00bb][\/et_pb_blurb][et_pb_blurb title=\u00bbPr\u00e1cticas responsables\u00bb url=\u00bbhttps:\/\/www.compagniefruitiere.fr\/es\/practicas-responsables\/\u00bb image=\u00bbhttps:\/\/www.compagniefruitiere.fr\/wp-content\/uploads\/2025\/01\/Bouton_Bouton-copie-25.png\u00bb image_icon_width=\u00bb130px\u00bb admin_label=\u00bbRSE\u00bb module_class=\u00bbhotspot-cf homepage-6&#8243; _builder_version=\u00bb4.27.4&#8243; _module_preset=\u00bbdefault\u00bb header_level=\u00bbh2&#8243; header_font=\u00bb|600||on|||||\u00bb header_text_color=\u00bb#FFFFFF\u00bb header_font_size=\u00bb18px\u00bb header_line_height=\u00bb1.2em\u00bb background_enable_color=\u00bboff\u00bb positioning=\u00bbabsolute\u00bb vertical_offset=\u00bb57.11vh\u00bb horizontal_offset=\u00bb82.95vw\u00bb z_index=\u00bb3&#8243; text_orientation=\u00bbcenter\u00bb max_width=\u00bb230px\u00bb animation_style=\u00bbfade\u00bb animation=\u00bbbottom\u00bb link_option_url=\u00bbhttps:\/\/www.compagniefruitiere.fr\/es\/practicas-responsables\/\u00bb header_font_size_tablet=\u00bb18px\u00bb header_font_size_phone=\u00bb16px\u00bb header_font_size_last_edited=\u00bbon|phone\u00bb header_text_shadow_style=\u00bbpreset1&#8243; header_text_shadow_horizontal_length=\u00bb0.1em\u00bb header_text_shadow_color=\u00bbrgba(0,0,0,0.5)\u00bb global_colors_info=\u00bb{}\u00bb transform_styles__hover_enabled=\u00bbon|hover\u00bb transform_scale__hover=\u00bb120%|120%\u00bb transform_scale__hover_enabled=\u00bbon|hover\u00bb transform_translate__hover=\u00bb0px|-5px\u00bb transform_translate__hover_enabled=\u00bbon|hover\u00bb transform_rotate__hover_enabled=\u00bbon|desktop\u00bb transform_skew__hover_enabled=\u00bbon|desktop\u00bb transform_origin__hover_enabled=\u00bbon|desktop\u00bb title_text=\u00bbBouton_Bouton copie 25&#8243;][\/et_pb_blurb][\/et_pb_column][\/et_pb_row][\/et_pb_section]<\/p>\n","protected":false},"excerpt":{"rendered":"<p>Nuestras ofertasde trabajo<\/p>\n","protected":false},"author":1,"featured_media":0,"parent":0,"menu_order":0,"comment_status":"closed","ping_status":"closed","template":"","meta":{"_et_pb_use_builder":"on","_et_pb_old_content":"","_et_gb_content_width":"","footnotes":""},"class_list":["post-5571","page","type-page","status-publish","hentry"],"yoast_head":"<!-- This site is optimized with the Yoast SEO plugin v27.3 - https:\/\/yoast.com\/product\/yoast-seo-wordpress\/ -->\n<title>La Compagnie Fruiti\u00e8re. Origen : Naturaleza.<\/title>\n<meta name=\"description\" content=\"Grupo familiar fundado en 1938 en Marsella, la Compagnie Fruiti\u00e8re es el l\u00edder europeo de frutas y hortalizas, desde la producci\u00f3n hasta la distribuci\u00f3n.\" \/>\n<meta name=\"robots\" content=\"index, follow, max-snippet:-1, max-image-preview:large, max-video-preview:-1\" \/>\n<link rel=\"canonical\" href=\"https:\/\/www.compagniefruitiere.fr\/es\/\" \/>\n<meta property=\"og:locale\" content=\"es_ES\" \/>\n<meta property=\"og:type\" content=\"article\" \/>\n<meta property=\"og:title\" content=\"La Compagnie Fruiti\u00e8re. Origen : Naturaleza.\" \/>\n<meta property=\"og:description\" content=\"Grupo familiar fundado en 1938 en Marsella, la Compagnie Fruiti\u00e8re es el l\u00edder europeo de frutas y hortalizas, desde la producci\u00f3n hasta la distribuci\u00f3n.\" \/>\n<meta property=\"og:url\" content=\"https:\/\/www.compagniefruitiere.fr\/es\/\" \/>\n<meta property=\"og:site_name\" content=\"Compagnie fruiti\u00e8re\" \/>\n<meta property=\"article:modified_time\" content=\"2025-06-02T13:13:45+00:00\" \/>\n<meta name=\"twitter:card\" content=\"summary_large_image\" \/>\n<meta name=\"twitter:label1\" content=\"Tiempo de lectura\" \/>\n\t<meta name=\"twitter:data1\" content=\"2 minutos\" \/>\n<script type=\"application\/ld+json\" class=\"yoast-schema-graph\">{\"@context\":\"https:\\\/\\\/schema.org\",\"@graph\":[{\"@type\":\"WebPage\",\"@id\":\"https:\\\/\\\/www.compagniefruitiere.fr\\\/es\\\/\",\"url\":\"https:\\\/\\\/www.compagniefruitiere.fr\\\/es\\\/\",\"name\":\"La Compagnie Fruiti\u00e8re. Origen : Naturaleza.\",\"isPartOf\":{\"@id\":\"https:\\\/\\\/www.compagniefruitiere.fr\\\/es\\\/#website\"},\"datePublished\":\"2022-03-21T11:08:39+00:00\",\"dateModified\":\"2025-06-02T13:13:45+00:00\",\"description\":\"Grupo familiar fundado en 1938 en Marsella, la Compagnie Fruiti\u00e8re es el l\u00edder europeo de frutas y hortalizas, desde la producci\u00f3n hasta la distribuci\u00f3n.\",\"breadcrumb\":{\"@id\":\"https:\\\/\\\/www.compagniefruitiere.fr\\\/es\\\/#breadcrumb\"},\"inLanguage\":\"es\",\"potentialAction\":[{\"@type\":\"ReadAction\",\"target\":[\"https:\\\/\\\/www.compagniefruitiere.fr\\\/es\\\/\"]}]},{\"@type\":\"BreadcrumbList\",\"@id\":\"https:\\\/\\\/www.compagniefruitiere.fr\\\/es\\\/#breadcrumb\",\"itemListElement\":[{\"@type\":\"ListItem\",\"position\":1,\"name\":\"Accueil\",\"item\":\"https:\\\/\\\/www.compagniefruitiere.fr\\\/es\\\/\"},{\"@type\":\"ListItem\",\"position\":2,\"name\":\"Compagnie Fruiti\u00e8re\"}]},{\"@type\":\"WebSite\",\"@id\":\"https:\\\/\\\/www.compagniefruitiere.fr\\\/es\\\/#website\",\"url\":\"https:\\\/\\\/www.compagniefruitiere.fr\\\/es\\\/\",\"name\":\"Compagnie fruiti\u00e8re\",\"description\":\"Origine : Nature.\",\"publisher\":{\"@id\":\"https:\\\/\\\/www.compagniefruitiere.fr\\\/es\\\/#organization\"},\"potentialAction\":[{\"@type\":\"SearchAction\",\"target\":{\"@type\":\"EntryPoint\",\"urlTemplate\":\"https:\\\/\\\/www.compagniefruitiere.fr\\\/es\\\/?s={search_term_string}\"},\"query-input\":{\"@type\":\"PropertyValueSpecification\",\"valueRequired\":true,\"valueName\":\"search_term_string\"}}],\"inLanguage\":\"es\"},{\"@type\":\"Organization\",\"@id\":\"https:\\\/\\\/www.compagniefruitiere.fr\\\/es\\\/#organization\",\"name\":\"Compagnie fruiti\u00e8re\",\"url\":\"https:\\\/\\\/www.compagniefruitiere.fr\\\/es\\\/\",\"logo\":{\"@type\":\"ImageObject\",\"inLanguage\":\"es\",\"@id\":\"https:\\\/\\\/www.compagniefruitiere.fr\\\/es\\\/#\\\/schema\\\/logo\\\/image\\\/\",\"url\":\"https:\\\/\\\/www.compagniefruitiere.fr\\\/wp-content\\\/uploads\\\/2022\\\/03\\\/compagniefrutiere-logo.svg\",\"contentUrl\":\"https:\\\/\\\/www.compagniefruitiere.fr\\\/wp-content\\\/uploads\\\/2022\\\/03\\\/compagniefrutiere-logo.svg\",\"width\":471,\"height\":113,\"caption\":\"Compagnie fruiti\u00e8re\"},\"image\":{\"@id\":\"https:\\\/\\\/www.compagniefruitiere.fr\\\/es\\\/#\\\/schema\\\/logo\\\/image\\\/\"},\"sameAs\":[\"https:\\\/\\\/www.linkedin.com\\\/company\\\/compagnie-fruitiere\\\/\"]}]}<\/script>\n<!-- \/ Yoast SEO plugin. -->","yoast_head_json":{"title":"La Compagnie Fruiti\u00e8re. Origen : Naturaleza.","description":"Grupo familiar fundado en 1938 en Marsella, la Compagnie Fruiti\u00e8re es el l\u00edder europeo de frutas y hortalizas, desde la producci\u00f3n hasta la distribuci\u00f3n.","robots":{"index":"index","follow":"follow","max-snippet":"max-snippet:-1","max-image-preview":"max-image-preview:large","max-video-preview":"max-video-preview:-1"},"canonical":"https:\/\/www.compagniefruitiere.fr\/es\/","og_locale":"es_ES","og_type":"article","og_title":"La Compagnie Fruiti\u00e8re. Origen : Naturaleza.","og_description":"Grupo familiar fundado en 1938 en Marsella, la Compagnie Fruiti\u00e8re es el l\u00edder europeo de frutas y hortalizas, desde la producci\u00f3n hasta la distribuci\u00f3n.","og_url":"https:\/\/www.compagniefruitiere.fr\/es\/","og_site_name":"Compagnie fruiti\u00e8re","article_modified_time":"2025-06-02T13:13:45+00:00","twitter_card":"summary_large_image","twitter_misc":{"Tiempo de lectura":"2 minutos"},"schema":{"@context":"https:\/\/schema.org","@graph":[{"@type":"WebPage","@id":"https:\/\/www.compagniefruitiere.fr\/es\/","url":"https:\/\/www.compagniefruitiere.fr\/es\/","name":"La Compagnie Fruiti\u00e8re. Origen : Naturaleza.","isPartOf":{"@id":"https:\/\/www.compagniefruitiere.fr\/es\/#website"},"datePublished":"2022-03-21T11:08:39+00:00","dateModified":"2025-06-02T13:13:45+00:00","description":"Grupo familiar fundado en 1938 en Marsella, la Compagnie Fruiti\u00e8re es el l\u00edder europeo de frutas y hortalizas, desde la producci\u00f3n hasta la distribuci\u00f3n.","breadcrumb":{"@id":"https:\/\/www.compagniefruitiere.fr\/es\/#breadcrumb"},"inLanguage":"es","potentialAction":[{"@type":"ReadAction","target":["https:\/\/www.compagniefruitiere.fr\/es\/"]}]},{"@type":"BreadcrumbList","@id":"https:\/\/www.compagniefruitiere.fr\/es\/#breadcrumb","itemListElement":[{"@type":"ListItem","position":1,"name":"Accueil","item":"https:\/\/www.compagniefruitiere.fr\/es\/"},{"@type":"ListItem","position":2,"name":"Compagnie Fruiti\u00e8re"}]},{"@type":"WebSite","@id":"https:\/\/www.compagniefruitiere.fr\/es\/#website","url":"https:\/\/www.compagniefruitiere.fr\/es\/","name":"Compagnie fruiti\u00e8re","description":"Origine : Nature.","publisher":{"@id":"https:\/\/www.compagniefruitiere.fr\/es\/#organization"},"potentialAction":[{"@type":"SearchAction","target":{"@type":"EntryPoint","urlTemplate":"https:\/\/www.compagniefruitiere.fr\/es\/?s={search_term_string}"},"query-input":{"@type":"PropertyValueSpecification","valueRequired":true,"valueName":"search_term_string"}}],"inLanguage":"es"},{"@type":"Organization","@id":"https:\/\/www.compagniefruitiere.fr\/es\/#organization","name":"Compagnie fruiti\u00e8re","url":"https:\/\/www.compagniefruitiere.fr\/es\/","logo":{"@type":"ImageObject","inLanguage":"es","@id":"https:\/\/www.compagniefruitiere.fr\/es\/#\/schema\/logo\/image\/","url":"https:\/\/www.compagniefruitiere.fr\/wp-content\/uploads\/2022\/03\/compagniefrutiere-logo.svg","contentUrl":"https:\/\/www.compagniefruitiere.fr\/wp-content\/uploads\/2022\/03\/compagniefrutiere-logo.svg","width":471,"height":113,"caption":"Compagnie fruiti\u00e8re"},"image":{"@id":"https:\/\/www.compagniefruitiere.fr\/es\/#\/schema\/logo\/image\/"},"sameAs":["https:\/\/www.linkedin.com\/company\/compagnie-fruitiere\/"]}]}},"_links":{"self":[{"href":"https:\/\/www.compagniefruitiere.fr\/es\/wp-json\/wp\/v2\/pages\/5571","targetHints":{"allow":["GET"]}}],"collection":[{"href":"https:\/\/www.compagniefruitiere.fr\/es\/wp-json\/wp\/v2\/pages"}],"about":[{"href":"https:\/\/www.compagniefruitiere.fr\/es\/wp-json\/wp\/v2\/types\/page"}],"author":[{"embeddable":true,"href":"https:\/\/www.compagniefruitiere.fr\/es\/wp-json\/wp\/v2\/users\/1"}],"replies":[{"embeddable":true,"href":"https:\/\/www.compagniefruitiere.fr\/es\/wp-json\/wp\/v2\/comments?post=5571"}],"version-history":[{"count":19,"href":"https:\/\/www.compagniefruitiere.fr\/es\/wp-json\/wp\/v2\/pages\/5571\/revisions"}],"predecessor-version":[{"id":12369,"href":"https:\/\/www.compagniefruitiere.fr\/es\/wp-json\/wp\/v2\/pages\/5571\/revisions\/12369"}],"wp:attachment":[{"href":"https:\/\/www.compagniefruitiere.fr\/es\/wp-json\/wp\/v2\/media?parent=5571"}],"curies":[{"name":"wp","href":"https:\/\/api.w.org\/{rel}","templated":true}]}}