{"id":12840,"date":"2025-05-12T15:28:35","date_gmt":"2025-05-12T13:28:35","guid":{"rendered":"https:\/\/www.compagniefruitiere.fr\/corrupcion-y-trafico-de-influencias\/"},"modified":"2026-01-27T16:16:34","modified_gmt":"2026-01-27T15:16:34","slug":"corrupcion-y-trafico-de-influencias","status":"publish","type":"page","link":"https:\/\/www.compagniefruitiere.fr\/es\/corrupcion-y-trafico-de-influencias\/","title":{"rendered":"Corrupci\u00f3n y tr\u00e1fico de influencias"},"content":{"rendered":"\n<p><strong>Nuestro compromiso contra la corrupci\u00f3n y el tr\u00e1fico de influencias<\/strong><\/p>\n\n\n\n<p>Desde su creaci\u00f3n, la Compagnie Fruiti\u00e8re ha basado su actividad en el respeto de los derechos humanos, las libertades fundamentales y el medio ambiente, y sit\u00faa la \u00e9tica en el centro de sus valores.<\/p>\n\n\n\n<p>El Grupo act\u00faa con profesionalidad, lealtad e integridad en todas sus operaciones y relaciones profesionales, en todos los lugares donde opera, y espera que todos sus empleados y socios hagan lo mismo.<\/p>\n\n\n\n<p>Le code de conduite anticorruption et anti-trafic d\u2019influence du Groupe d\u00e9finit et illustre les diff\u00e9rents types de comportements \u00e0 proscrire. Se dirige a todos los empleados del Grupo en todos los lugares donde la empresa desarrolla su actividad, incluso en el extranjero, y se comunica a sus socios a trav\u00e9s de cl\u00e1usulas contractuales.<\/p>\n\n\n\n<p>\u00abLa Compa\u00f1\u00eda Frut\u00edcola denuncia y rechaza cualquier forma de corrupci\u00f3n. Ha firmado, en nombre propio y en el de sus filiales, la Declaraci\u00f3n sobre la prevenci\u00f3n de la corrupci\u00f3n adoptada en 2005 y revisada en 2015 por el Consejo Franc\u00e9s de Inversores en \u00c1frica (CIAN).\u00bb J\u00e9r\u00f4me Fabre, presidente del grupo Compagnie Fruiti\u00e8re, \u00abCarta de responsabilidad social\u00bb, septiembre de 2016.<\/p>\n\n\n<a target=\"_blank\" class=\"cf-content-btn\" href=\"https:\/\/fruitiere.integrityline.app\/app-page;appPageName=Open%20a%20postbox?lang=es\">Descubra nuestro c\u00f3digo de conducta contra la corrupci\u00f3n<\/a>\n","protected":false},"excerpt":{"rendered":"<p>Nuestro compromiso contra la corrupci\u00f3n y el tr\u00e1fico de influencias Desde su creaci\u00f3n, la Compagnie Fruiti\u00e8re ha basado su actividad en el respeto de los derechos humanos, las libertades fundamentales y el medio ambiente, y sit\u00faa la \u00e9tica en el centro de sus valores. El Grupo act\u00faa con profesionalidad, lealtad e integridad en todas sus [&hellip;]<\/p>\n","protected":false},"author":6,"featured_media":0,"parent":0,"menu_order":0,"comment_status":"closed","ping_status":"closed","template":"","meta":{"_et_pb_use_builder":"off","_et_pb_old_content":"","_et_gb_content_width":"","footnotes":""},"class_list":["post-12840","page","type-page","status-publish","hentry"],"yoast_head":"<!-- This site is optimized with the Yoast SEO plugin v27.3 - https:\/\/yoast.com\/product\/yoast-seo-wordpress\/ -->\n<title>Corrupci\u00f3n y tr\u00e1fico de influencias - Compagnie fruiti\u00e8re<\/title>\n<meta name=\"robots\" content=\"index, follow, max-snippet:-1, max-image-preview:large, max-video-preview:-1\" \/>\n<link rel=\"canonical\" href=\"https:\/\/www.compagniefruitiere.fr\/es\/corrupcion-y-trafico-de-influencias\/\" \/>\n<meta property=\"og:locale\" content=\"es_ES\" \/>\n<meta property=\"og:type\" content=\"article\" \/>\n<meta property=\"og:title\" content=\"Corrupci\u00f3n y tr\u00e1fico de influencias - Compagnie fruiti\u00e8re\" \/>\n<meta property=\"og:description\" content=\"Nuestro compromiso contra la corrupci\u00f3n y el tr\u00e1fico de influencias Desde su creaci\u00f3n, la Compagnie Fruiti\u00e8re ha basado su actividad en el respeto de los derechos humanos, las libertades fundamentales y el medio ambiente, y sit\u00faa la \u00e9tica en el centro de sus valores. El Grupo act\u00faa con profesionalidad, lealtad e integridad en todas sus [&hellip;]\" \/>\n<meta property=\"og:url\" content=\"https:\/\/www.compagniefruitiere.fr\/es\/corrupcion-y-trafico-de-influencias\/\" \/>\n<meta property=\"og:site_name\" content=\"Compagnie fruiti\u00e8re\" \/>\n<meta property=\"article:modified_time\" content=\"2026-01-27T15:16:34+00:00\" \/>\n<meta name=\"twitter:card\" content=\"summary_large_image\" \/>\n<meta name=\"twitter:label1\" content=\"Tiempo de lectura\" \/>\n\t<meta name=\"twitter:data1\" content=\"2 minutos\" \/>\n<script type=\"application\/ld+json\" class=\"yoast-schema-graph\">{\"@context\":\"https:\\\/\\\/schema.org\",\"@graph\":[{\"@type\":\"WebPage\",\"@id\":\"https:\\\/\\\/www.compagniefruitiere.fr\\\/es\\\/corrupcion-y-trafico-de-influencias\\\/\",\"url\":\"https:\\\/\\\/www.compagniefruitiere.fr\\\/es\\\/corrupcion-y-trafico-de-influencias\\\/\",\"name\":\"Corrupci\u00f3n y tr\u00e1fico de influencias - Compagnie fruiti\u00e8re\",\"isPartOf\":{\"@id\":\"https:\\\/\\\/www.compagniefruitiere.fr\\\/es\\\/#website\"},\"datePublished\":\"2025-05-12T13:28:35+00:00\",\"dateModified\":\"2026-01-27T15:16:34+00:00\",\"breadcrumb\":{\"@id\":\"https:\\\/\\\/www.compagniefruitiere.fr\\\/es\\\/corrupcion-y-trafico-de-influencias\\\/#breadcrumb\"},\"inLanguage\":\"es\",\"potentialAction\":[{\"@type\":\"ReadAction\",\"target\":[\"https:\\\/\\\/www.compagniefruitiere.fr\\\/es\\\/corrupcion-y-trafico-de-influencias\\\/\"]}]},{\"@type\":\"BreadcrumbList\",\"@id\":\"https:\\\/\\\/www.compagniefruitiere.fr\\\/es\\\/corrupcion-y-trafico-de-influencias\\\/#breadcrumb\",\"itemListElement\":[{\"@type\":\"ListItem\",\"position\":1,\"name\":\"Accueil\",\"item\":\"https:\\\/\\\/www.compagniefruitiere.fr\\\/es\\\/\"},{\"@type\":\"ListItem\",\"position\":2,\"name\":\"Corrupci\u00f3n y tr\u00e1fico de influencias\"}]},{\"@type\":\"WebSite\",\"@id\":\"https:\\\/\\\/www.compagniefruitiere.fr\\\/es\\\/#website\",\"url\":\"https:\\\/\\\/www.compagniefruitiere.fr\\\/es\\\/\",\"name\":\"Compagnie fruiti\u00e8re\",\"description\":\"Origine : Nature.\",\"publisher\":{\"@id\":\"https:\\\/\\\/www.compagniefruitiere.fr\\\/es\\\/#organization\"},\"potentialAction\":[{\"@type\":\"SearchAction\",\"target\":{\"@type\":\"EntryPoint\",\"urlTemplate\":\"https:\\\/\\\/www.compagniefruitiere.fr\\\/es\\\/?s={search_term_string}\"},\"query-input\":{\"@type\":\"PropertyValueSpecification\",\"valueRequired\":true,\"valueName\":\"search_term_string\"}}],\"inLanguage\":\"es\"},{\"@type\":\"Organization\",\"@id\":\"https:\\\/\\\/www.compagniefruitiere.fr\\\/es\\\/#organization\",\"name\":\"Compagnie fruiti\u00e8re\",\"url\":\"https:\\\/\\\/www.compagniefruitiere.fr\\\/es\\\/\",\"logo\":{\"@type\":\"ImageObject\",\"inLanguage\":\"es\",\"@id\":\"https:\\\/\\\/www.compagniefruitiere.fr\\\/es\\\/#\\\/schema\\\/logo\\\/image\\\/\",\"url\":\"https:\\\/\\\/www.compagniefruitiere.fr\\\/wp-content\\\/uploads\\\/2022\\\/03\\\/compagniefrutiere-logo.svg\",\"contentUrl\":\"https:\\\/\\\/www.compagniefruitiere.fr\\\/wp-content\\\/uploads\\\/2022\\\/03\\\/compagniefrutiere-logo.svg\",\"width\":471,\"height\":113,\"caption\":\"Compagnie fruiti\u00e8re\"},\"image\":{\"@id\":\"https:\\\/\\\/www.compagniefruitiere.fr\\\/es\\\/#\\\/schema\\\/logo\\\/image\\\/\"},\"sameAs\":[\"https:\\\/\\\/www.linkedin.com\\\/company\\\/compagnie-fruitiere\\\/\"]}]}<\/script>\n<!-- \/ Yoast SEO plugin. -->","yoast_head_json":{"title":"Corrupci\u00f3n y tr\u00e1fico de influencias - Compagnie fruiti\u00e8re","robots":{"index":"index","follow":"follow","max-snippet":"max-snippet:-1","max-image-preview":"max-image-preview:large","max-video-preview":"max-video-preview:-1"},"canonical":"https:\/\/www.compagniefruitiere.fr\/es\/corrupcion-y-trafico-de-influencias\/","og_locale":"es_ES","og_type":"article","og_title":"Corrupci\u00f3n y tr\u00e1fico de influencias - Compagnie fruiti\u00e8re","og_description":"Nuestro compromiso contra la corrupci\u00f3n y el tr\u00e1fico de influencias Desde su creaci\u00f3n, la Compagnie Fruiti\u00e8re ha basado su actividad en el respeto de los derechos humanos, las libertades fundamentales y el medio ambiente, y sit\u00faa la \u00e9tica en el centro de sus valores. El Grupo act\u00faa con profesionalidad, lealtad e integridad en todas sus [&hellip;]","og_url":"https:\/\/www.compagniefruitiere.fr\/es\/corrupcion-y-trafico-de-influencias\/","og_site_name":"Compagnie fruiti\u00e8re","article_modified_time":"2026-01-27T15:16:34+00:00","twitter_card":"summary_large_image","twitter_misc":{"Tiempo de lectura":"2 minutos"},"schema":{"@context":"https:\/\/schema.org","@graph":[{"@type":"WebPage","@id":"https:\/\/www.compagniefruitiere.fr\/es\/corrupcion-y-trafico-de-influencias\/","url":"https:\/\/www.compagniefruitiere.fr\/es\/corrupcion-y-trafico-de-influencias\/","name":"Corrupci\u00f3n y tr\u00e1fico de influencias - Compagnie fruiti\u00e8re","isPartOf":{"@id":"https:\/\/www.compagniefruitiere.fr\/es\/#website"},"datePublished":"2025-05-12T13:28:35+00:00","dateModified":"2026-01-27T15:16:34+00:00","breadcrumb":{"@id":"https:\/\/www.compagniefruitiere.fr\/es\/corrupcion-y-trafico-de-influencias\/#breadcrumb"},"inLanguage":"es","potentialAction":[{"@type":"ReadAction","target":["https:\/\/www.compagniefruitiere.fr\/es\/corrupcion-y-trafico-de-influencias\/"]}]},{"@type":"BreadcrumbList","@id":"https:\/\/www.compagniefruitiere.fr\/es\/corrupcion-y-trafico-de-influencias\/#breadcrumb","itemListElement":[{"@type":"ListItem","position":1,"name":"Accueil","item":"https:\/\/www.compagniefruitiere.fr\/es\/"},{"@type":"ListItem","position":2,"name":"Corrupci\u00f3n y tr\u00e1fico de influencias"}]},{"@type":"WebSite","@id":"https:\/\/www.compagniefruitiere.fr\/es\/#website","url":"https:\/\/www.compagniefruitiere.fr\/es\/","name":"Compagnie fruiti\u00e8re","description":"Origine : Nature.","publisher":{"@id":"https:\/\/www.compagniefruitiere.fr\/es\/#organization"},"potentialAction":[{"@type":"SearchAction","target":{"@type":"EntryPoint","urlTemplate":"https:\/\/www.compagniefruitiere.fr\/es\/?s={search_term_string}"},"query-input":{"@type":"PropertyValueSpecification","valueRequired":true,"valueName":"search_term_string"}}],"inLanguage":"es"},{"@type":"Organization","@id":"https:\/\/www.compagniefruitiere.fr\/es\/#organization","name":"Compagnie fruiti\u00e8re","url":"https:\/\/www.compagniefruitiere.fr\/es\/","logo":{"@type":"ImageObject","inLanguage":"es","@id":"https:\/\/www.compagniefruitiere.fr\/es\/#\/schema\/logo\/image\/","url":"https:\/\/www.compagniefruitiere.fr\/wp-content\/uploads\/2022\/03\/compagniefrutiere-logo.svg","contentUrl":"https:\/\/www.compagniefruitiere.fr\/wp-content\/uploads\/2022\/03\/compagniefrutiere-logo.svg","width":471,"height":113,"caption":"Compagnie fruiti\u00e8re"},"image":{"@id":"https:\/\/www.compagniefruitiere.fr\/es\/#\/schema\/logo\/image\/"},"sameAs":["https:\/\/www.linkedin.com\/company\/compagnie-fruitiere\/"]}]}},"_links":{"self":[{"href":"https:\/\/www.compagniefruitiere.fr\/es\/wp-json\/wp\/v2\/pages\/12840","targetHints":{"allow":["GET"]}}],"collection":[{"href":"https:\/\/www.compagniefruitiere.fr\/es\/wp-json\/wp\/v2\/pages"}],"about":[{"href":"https:\/\/www.compagniefruitiere.fr\/es\/wp-json\/wp\/v2\/types\/page"}],"author":[{"embeddable":true,"href":"https:\/\/www.compagniefruitiere.fr\/es\/wp-json\/wp\/v2\/users\/6"}],"replies":[{"embeddable":true,"href":"https:\/\/www.compagniefruitiere.fr\/es\/wp-json\/wp\/v2\/comments?post=12840"}],"version-history":[{"count":2,"href":"https:\/\/www.compagniefruitiere.fr\/es\/wp-json\/wp\/v2\/pages\/12840\/revisions"}],"predecessor-version":[{"id":12853,"href":"https:\/\/www.compagniefruitiere.fr\/es\/wp-json\/wp\/v2\/pages\/12840\/revisions\/12853"}],"wp:attachment":[{"href":"https:\/\/www.compagniefruitiere.fr\/es\/wp-json\/wp\/v2\/media?parent=12840"}],"curies":[{"name":"wp","href":"https:\/\/api.w.org\/{rel}","templated":true}]}}