{"id":12834,"date":"2025-05-12T15:25:23","date_gmt":"2025-05-12T13:25:23","guid":{"rendered":"https:\/\/www.compagniefruitiere.fr\/el-deber-de-vigilancia\/"},"modified":"2026-03-13T10:02:36","modified_gmt":"2026-03-13T09:02:36","slug":"el-deber-de-vigilancia","status":"publish","type":"page","link":"https:\/\/www.compagniefruitiere.fr\/es\/el-deber-de-vigilancia\/","title":{"rendered":"El deber de vigilancia"},"content":{"rendered":"\n<p><strong>Nuestro compromiso con un futuro responsable<\/strong><\/p>\n\n\n\n<p>En un mundo en constante evoluci\u00f3n, en el que las empresas operan en entornos complejos y multiculturales, la integridad y la \u00e9tica son los pilares de nuestro \u00e9xito duradero.<\/p>\n\n\n\n<p>El respeto por las leyes, las normativas y los valores \u00e9ticos es fundamental en la forma de actuar de la Compagnie Fruiti\u00e8re. Este requisito refuerza la confianza de nuestros socios, protege nuestra reputaci\u00f3n y fomenta relaciones comerciales duraderas.<\/p>\n\n\n\n<p>Como primer productor de fruta de \u00c1frica y l\u00edder europeo en la distribuci\u00f3n de fruta, actuamos con plena conciencia de nuestra responsabilidad, nuestra influencia en las cadenas de suministro, nuestro arraigo en los territorios y nuestra relaci\u00f3n directa con quienes viven o trabajan en ellos.<\/p>\n\n\n\n<p>De conformidad con la ley francesa del 27 de marzo de 2017 relativa al deber de vigilancia de las sociedades matrices y las empresas contratantes, nuestro Grupo ha elaborado un Plan de vigilancia. M\u00e1s all\u00e1 de una exigencia legal, refleja nuestro profundo compromiso con la prevenci\u00f3n de violaciones graves de los derechos humanos, la salud y la seguridad de las personas, as\u00ed como del medio ambiente, en todos los lugares donde estamos presentes.<\/p>\n\n\n\n<p>Este plan forma parte de nuestro enfoque m\u00e1s amplio de responsabilidad social y medioambiental. Es el resultado de una estrecha colaboraci\u00f3n entre nuestros equipos, nuestros socios y los actores sobre el terreno.<\/p>\n\n\n\n<p>Creemos firmemente que solo se puede construir un modelo econ\u00f3mico sostenible que respete los derechos fundamentales y nuestro planeta.<\/p>\n\n\n<a target=\"_blank\" class=\"cf-content-btn\" href=\"https:\/\/www.compagniefruitiere.fr\/wp-content\/uploads\/2026\/03\/CIE-FRUITIERE_PLAN-VIGILANCE_2024-25_ES.pdf\">Descubra nuestro plan de diligencia debida<\/a>\n","protected":false},"excerpt":{"rendered":"<p>Nuestro compromiso con un futuro responsable En un mundo en constante evoluci\u00f3n, en el que las empresas operan en entornos complejos y multiculturales, la integridad y la \u00e9tica son los pilares de nuestro \u00e9xito duradero. El respeto por las leyes, las normativas y los valores \u00e9ticos es fundamental en la forma de actuar de la [&hellip;]<\/p>\n","protected":false},"author":6,"featured_media":0,"parent":0,"menu_order":0,"comment_status":"closed","ping_status":"closed","template":"","meta":{"_et_pb_use_builder":"off","_et_pb_old_content":"","_et_gb_content_width":"","footnotes":""},"class_list":["post-12834","page","type-page","status-publish","hentry"],"yoast_head":"<!-- This site is optimized with the Yoast SEO plugin v27.3 - https:\/\/yoast.com\/product\/yoast-seo-wordpress\/ -->\n<title>El deber de vigilancia - Compagnie fruiti\u00e8re<\/title>\n<meta name=\"robots\" content=\"index, follow, max-snippet:-1, max-image-preview:large, max-video-preview:-1\" \/>\n<link rel=\"canonical\" href=\"https:\/\/www.compagniefruitiere.fr\/es\/el-deber-de-vigilancia\/\" \/>\n<meta property=\"og:locale\" content=\"es_ES\" \/>\n<meta property=\"og:type\" content=\"article\" \/>\n<meta property=\"og:title\" content=\"El deber de vigilancia - Compagnie fruiti\u00e8re\" \/>\n<meta property=\"og:description\" content=\"Nuestro compromiso con un futuro responsable En un mundo en constante evoluci\u00f3n, en el que las empresas operan en entornos complejos y multiculturales, la integridad y la \u00e9tica son los pilares de nuestro \u00e9xito duradero. El respeto por las leyes, las normativas y los valores \u00e9ticos es fundamental en la forma de actuar de la [&hellip;]\" \/>\n<meta property=\"og:url\" content=\"https:\/\/www.compagniefruitiere.fr\/es\/el-deber-de-vigilancia\/\" \/>\n<meta property=\"og:site_name\" content=\"Compagnie fruiti\u00e8re\" \/>\n<meta property=\"article:modified_time\" content=\"2026-03-13T09:02:36+00:00\" \/>\n<meta name=\"twitter:card\" content=\"summary_large_image\" \/>\n<meta name=\"twitter:label1\" content=\"Tiempo de lectura\" \/>\n\t<meta name=\"twitter:data1\" content=\"2 minutos\" \/>\n<script type=\"application\/ld+json\" class=\"yoast-schema-graph\">{\"@context\":\"https:\\\/\\\/schema.org\",\"@graph\":[{\"@type\":\"WebPage\",\"@id\":\"https:\\\/\\\/www.compagniefruitiere.fr\\\/es\\\/el-deber-de-vigilancia\\\/\",\"url\":\"https:\\\/\\\/www.compagniefruitiere.fr\\\/es\\\/el-deber-de-vigilancia\\\/\",\"name\":\"El deber de vigilancia - Compagnie fruiti\u00e8re\",\"isPartOf\":{\"@id\":\"https:\\\/\\\/www.compagniefruitiere.fr\\\/es\\\/#website\"},\"datePublished\":\"2025-05-12T13:25:23+00:00\",\"dateModified\":\"2026-03-13T09:02:36+00:00\",\"breadcrumb\":{\"@id\":\"https:\\\/\\\/www.compagniefruitiere.fr\\\/es\\\/el-deber-de-vigilancia\\\/#breadcrumb\"},\"inLanguage\":\"es\",\"potentialAction\":[{\"@type\":\"ReadAction\",\"target\":[\"https:\\\/\\\/www.compagniefruitiere.fr\\\/es\\\/el-deber-de-vigilancia\\\/\"]}]},{\"@type\":\"BreadcrumbList\",\"@id\":\"https:\\\/\\\/www.compagniefruitiere.fr\\\/es\\\/el-deber-de-vigilancia\\\/#breadcrumb\",\"itemListElement\":[{\"@type\":\"ListItem\",\"position\":1,\"name\":\"Accueil\",\"item\":\"https:\\\/\\\/www.compagniefruitiere.fr\\\/es\\\/\"},{\"@type\":\"ListItem\",\"position\":2,\"name\":\"El deber de vigilancia\"}]},{\"@type\":\"WebSite\",\"@id\":\"https:\\\/\\\/www.compagniefruitiere.fr\\\/es\\\/#website\",\"url\":\"https:\\\/\\\/www.compagniefruitiere.fr\\\/es\\\/\",\"name\":\"Compagnie fruiti\u00e8re\",\"description\":\"Origine : Nature.\",\"publisher\":{\"@id\":\"https:\\\/\\\/www.compagniefruitiere.fr\\\/es\\\/#organization\"},\"potentialAction\":[{\"@type\":\"SearchAction\",\"target\":{\"@type\":\"EntryPoint\",\"urlTemplate\":\"https:\\\/\\\/www.compagniefruitiere.fr\\\/es\\\/?s={search_term_string}\"},\"query-input\":{\"@type\":\"PropertyValueSpecification\",\"valueRequired\":true,\"valueName\":\"search_term_string\"}}],\"inLanguage\":\"es\"},{\"@type\":\"Organization\",\"@id\":\"https:\\\/\\\/www.compagniefruitiere.fr\\\/es\\\/#organization\",\"name\":\"Compagnie fruiti\u00e8re\",\"url\":\"https:\\\/\\\/www.compagniefruitiere.fr\\\/es\\\/\",\"logo\":{\"@type\":\"ImageObject\",\"inLanguage\":\"es\",\"@id\":\"https:\\\/\\\/www.compagniefruitiere.fr\\\/es\\\/#\\\/schema\\\/logo\\\/image\\\/\",\"url\":\"https:\\\/\\\/www.compagniefruitiere.fr\\\/wp-content\\\/uploads\\\/2022\\\/03\\\/compagniefrutiere-logo.svg\",\"contentUrl\":\"https:\\\/\\\/www.compagniefruitiere.fr\\\/wp-content\\\/uploads\\\/2022\\\/03\\\/compagniefrutiere-logo.svg\",\"width\":471,\"height\":113,\"caption\":\"Compagnie fruiti\u00e8re\"},\"image\":{\"@id\":\"https:\\\/\\\/www.compagniefruitiere.fr\\\/es\\\/#\\\/schema\\\/logo\\\/image\\\/\"},\"sameAs\":[\"https:\\\/\\\/www.linkedin.com\\\/company\\\/compagnie-fruitiere\\\/\"]}]}<\/script>\n<!-- \/ Yoast SEO plugin. -->","yoast_head_json":{"title":"El deber de vigilancia - Compagnie fruiti\u00e8re","robots":{"index":"index","follow":"follow","max-snippet":"max-snippet:-1","max-image-preview":"max-image-preview:large","max-video-preview":"max-video-preview:-1"},"canonical":"https:\/\/www.compagniefruitiere.fr\/es\/el-deber-de-vigilancia\/","og_locale":"es_ES","og_type":"article","og_title":"El deber de vigilancia - Compagnie fruiti\u00e8re","og_description":"Nuestro compromiso con un futuro responsable En un mundo en constante evoluci\u00f3n, en el que las empresas operan en entornos complejos y multiculturales, la integridad y la \u00e9tica son los pilares de nuestro \u00e9xito duradero. El respeto por las leyes, las normativas y los valores \u00e9ticos es fundamental en la forma de actuar de la [&hellip;]","og_url":"https:\/\/www.compagniefruitiere.fr\/es\/el-deber-de-vigilancia\/","og_site_name":"Compagnie fruiti\u00e8re","article_modified_time":"2026-03-13T09:02:36+00:00","twitter_card":"summary_large_image","twitter_misc":{"Tiempo de lectura":"2 minutos"},"schema":{"@context":"https:\/\/schema.org","@graph":[{"@type":"WebPage","@id":"https:\/\/www.compagniefruitiere.fr\/es\/el-deber-de-vigilancia\/","url":"https:\/\/www.compagniefruitiere.fr\/es\/el-deber-de-vigilancia\/","name":"El deber de vigilancia - Compagnie fruiti\u00e8re","isPartOf":{"@id":"https:\/\/www.compagniefruitiere.fr\/es\/#website"},"datePublished":"2025-05-12T13:25:23+00:00","dateModified":"2026-03-13T09:02:36+00:00","breadcrumb":{"@id":"https:\/\/www.compagniefruitiere.fr\/es\/el-deber-de-vigilancia\/#breadcrumb"},"inLanguage":"es","potentialAction":[{"@type":"ReadAction","target":["https:\/\/www.compagniefruitiere.fr\/es\/el-deber-de-vigilancia\/"]}]},{"@type":"BreadcrumbList","@id":"https:\/\/www.compagniefruitiere.fr\/es\/el-deber-de-vigilancia\/#breadcrumb","itemListElement":[{"@type":"ListItem","position":1,"name":"Accueil","item":"https:\/\/www.compagniefruitiere.fr\/es\/"},{"@type":"ListItem","position":2,"name":"El deber de vigilancia"}]},{"@type":"WebSite","@id":"https:\/\/www.compagniefruitiere.fr\/es\/#website","url":"https:\/\/www.compagniefruitiere.fr\/es\/","name":"Compagnie fruiti\u00e8re","description":"Origine : Nature.","publisher":{"@id":"https:\/\/www.compagniefruitiere.fr\/es\/#organization"},"potentialAction":[{"@type":"SearchAction","target":{"@type":"EntryPoint","urlTemplate":"https:\/\/www.compagniefruitiere.fr\/es\/?s={search_term_string}"},"query-input":{"@type":"PropertyValueSpecification","valueRequired":true,"valueName":"search_term_string"}}],"inLanguage":"es"},{"@type":"Organization","@id":"https:\/\/www.compagniefruitiere.fr\/es\/#organization","name":"Compagnie fruiti\u00e8re","url":"https:\/\/www.compagniefruitiere.fr\/es\/","logo":{"@type":"ImageObject","inLanguage":"es","@id":"https:\/\/www.compagniefruitiere.fr\/es\/#\/schema\/logo\/image\/","url":"https:\/\/www.compagniefruitiere.fr\/wp-content\/uploads\/2022\/03\/compagniefrutiere-logo.svg","contentUrl":"https:\/\/www.compagniefruitiere.fr\/wp-content\/uploads\/2022\/03\/compagniefrutiere-logo.svg","width":471,"height":113,"caption":"Compagnie fruiti\u00e8re"},"image":{"@id":"https:\/\/www.compagniefruitiere.fr\/es\/#\/schema\/logo\/image\/"},"sameAs":["https:\/\/www.linkedin.com\/company\/compagnie-fruitiere\/"]}]}},"_links":{"self":[{"href":"https:\/\/www.compagniefruitiere.fr\/es\/wp-json\/wp\/v2\/pages\/12834","targetHints":{"allow":["GET"]}}],"collection":[{"href":"https:\/\/www.compagniefruitiere.fr\/es\/wp-json\/wp\/v2\/pages"}],"about":[{"href":"https:\/\/www.compagniefruitiere.fr\/es\/wp-json\/wp\/v2\/types\/page"}],"author":[{"embeddable":true,"href":"https:\/\/www.compagniefruitiere.fr\/es\/wp-json\/wp\/v2\/users\/6"}],"replies":[{"embeddable":true,"href":"https:\/\/www.compagniefruitiere.fr\/es\/wp-json\/wp\/v2\/comments?post=12834"}],"version-history":[{"count":5,"href":"https:\/\/www.compagniefruitiere.fr\/es\/wp-json\/wp\/v2\/pages\/12834\/revisions"}],"predecessor-version":[{"id":12989,"href":"https:\/\/www.compagniefruitiere.fr\/es\/wp-json\/wp\/v2\/pages\/12834\/revisions\/12989"}],"wp:attachment":[{"href":"https:\/\/www.compagniefruitiere.fr\/es\/wp-json\/wp\/v2\/media?parent=12834"}],"curies":[{"name":"wp","href":"https:\/\/api.w.org\/{rel}","templated":true}]}}