{"id":6358,"date":"2022-08-18T11:21:55","date_gmt":"2022-08-18T09:21:55","guid":{"rendered":"https:\/\/www3.compagniefruitiere.frtransporters-at-compagnie-fruitiere\/"},"modified":"2025-05-19T10:58:51","modified_gmt":"2025-05-19T08:58:51","slug":"transporters-at-compagnie-fruitiere","status":"publish","type":"page","link":"https:\/\/www.compagniefruitiere.fr\/en\/transporters-at-compagnie-fruitiere\/","title":{"rendered":"Transporter"},"content":{"rendered":"\n<p><\/p>\n\n<p>With its own fleet of ships, dedicated port terminals and fleet of trucks, Compagnie Fruiti\u00e8re is recognised as a benchmark in logistics. To help us move more than 903,000 tonnes of fruit between Africa, Latin America, and Europe every year, we regularly reinforce our teams with a wide range of profiles, including logistics managers, transport operations officers, port logistics managers, land charterers, buyers, procurement officers, etc. All these experts help to keep trade flowing, transport our fruit, and reduce our carbon footprint.<\/p>\n\n<div class=\"wp-block-divi-layout\">[et_pb_section fb_built=&#8221;1&#8243; admin_label=&#8221;section&#8221; _builder_version=&#8221;4.21.0&#8243; width=&#8221;100%&#8221; max_width=&#8221;100%&#8221; custom_margin=&#8221;20px|0px|0px|0px|false|false&#8221; custom_padding=&#8221;0px|0px|0px|0px|false|false&#8221; global_colors_info=&#8221;{}&#8221;][et_pb_row admin_label=&#8221;row&#8221; _builder_version=&#8221;4.21.0&#8243; background_size=&#8221;initial&#8221; background_position=&#8221;top_left&#8221; background_repeat=&#8221;repeat&#8221; width=&#8221;100%&#8221; custom_margin=&#8221;0px|0px|0px|0px|false|false&#8221; custom_padding=&#8221;0px|0px|0px|0px|false|false&#8221; global_colors_info=&#8221;{}&#8221;][et_pb_column type=&#8221;4_4&#8243; _builder_version=&#8221;4.21.0&#8243; _module_preset=&#8221;default&#8221; global_colors_info=&#8221;{}&#8221;][dnxte_coverflowslider_parent dnxte_coverflow_loop=&#8221;on&#8221; dnxte_coverflow_centered_slides=&#8221;on&#8221; dnxte_coverflow_auto_height=&#8221;on&#8221; dnxte_coverflow_equal_height=&#8221;off&#8221; dnxte_coverflow_grab=&#8221;on&#8221; dnxte_coverflow_keyboard_enable=&#8221;off&#8221; dnxte_coverflow_mousewheel_enable=&#8221;off&#8221; dnxte_coverflow_speed=&#8221;674&#8243; dnxte_coverflow_arrows=&#8221;on&#8221; dnxte_coverflow_pagination_type=&#8221;none&#8221; dnxte_coverflow_breakpoint_desktop=&#8221;2&#8243; dnxte_coverflow_arrow_color=&#8221;rgba(255,255,255,0.7)&#8221; dnxte_coverflow_arrow_background_color=&#8221;rgba(255,255,255,0)&#8221; dnxte_coverflow_arrow_size=&#8221;48&#8243; lightbox_showhide=&#8221;on&#8221; dnxte_coverflow_breakpoint_desktop_tablet=&#8221;2&#8243; dnxte_coverflow_breakpoint_desktop_phone=&#8221;2&#8243; dnxte_coverflow_breakpoint_desktop_last_edited=&#8221;on|phone&#8221; admin_label=&#8221;Next Divi Carousel&#8221; _builder_version=&#8221;4.20.4&#8243; _module_preset=&#8221;default&#8221; custom_padding=&#8221;||||false|false&#8221; custom_padding_tablet=&#8221;||||false|false&#8221; custom_padding_phone=&#8221;||30px||false|false&#8221; custom_padding_last_edited=&#8221;on|phone&#8221; border_radii_image_border=&#8221;on|15px|15px|15px|15px&#8221; global_colors_info=&#8221;{}&#8221;][dnxte_coverflowslider_child coverflowslider_image=&#8221;https:\/\/www.compagniefruitiere.fr\/wp-content\/uploads\/2022\/11\/compagnie-fruitirere-dji-0202-167-1-500&#215;500.webp&#8221; _builder_version=&#8221;4.20.4&#8243; _module_preset=&#8221;default&#8221; global_colors_info=&#8221;{}&#8221;][\/dnxte_coverflowslider_child][dnxte_coverflowslider_child coverflowslider_image=&#8221;https:\/\/www.compagniefruitiere.fr\/wp-content\/uploads\/2022\/11\/compagnie-fruitirere-container-h-1-500&#215;500.webp&#8221; _builder_version=&#8221;4.20.4&#8243; _module_preset=&#8221;default&#8221; global_colors_info=&#8221;{}&#8221;][\/dnxte_coverflowslider_child][dnxte_coverflowslider_child coverflowslider_image=&#8221;https:\/\/www.compagniefruitiere.fr\/wp-content\/uploads\/2023\/04\/Eolis01-e1681213091538-500&#215;500.webp&#8221; _builder_version=&#8221;4.20.4&#8243; _module_preset=&#8221;default&#8221; global_colors_info=&#8221;{}&#8221;][\/dnxte_coverflowslider_child][dnxte_coverflowslider_child coverflowslider_image=&#8221;https:\/\/www.compagniefruitiere.fr\/wp-content\/uploads\/2023\/04\/DJI_0232-e1681213023533-500&#215;500.webp&#8221; _builder_version=&#8221;4.20.4&#8243; _module_preset=&#8221;default&#8221; global_colors_info=&#8221;{}&#8221;][\/dnxte_coverflowslider_child][\/dnxte_coverflowslider_parent][\/et_pb_column][\/et_pb_row][\/et_pb_section]<\/div>\n\n<p><\/p>\n","protected":false},"excerpt":{"rendered":"<p>With its own fleet of ships, dedicated port terminals and fleet of trucks, Compagnie Fruiti\u00e8re is recognised as a benchmark in logistics. To help us move more than 903,000 tonnes of fruit between Africa, Latin America, and Europe every year, we regularly reinforce our teams with a wide range of profiles, including logistics managers, transport [&hellip;]<\/p>\n","protected":false},"author":1,"featured_media":0,"parent":0,"menu_order":0,"comment_status":"closed","ping_status":"closed","template":"","meta":{"_et_pb_use_builder":"off","_et_pb_old_content":"","_et_gb_content_width":"","footnotes":""},"class_list":["post-6358","page","type-page","status-publish","hentry"],"yoast_head":"<!-- This site is optimized with the Yoast SEO plugin v27.5 - https:\/\/yoast.com\/product\/yoast-seo-wordpress\/ -->\n<title>Carrier at Compagnie Fruiti\u00e8re | Compagnie Fruiti\u00e8re<\/title>\n<meta name=\"description\" content=\"The Compagnie Fruiti\u00e8re works with its hauliers to ensure sustainable, high-quality transport, supported by high-performance logistics.\" \/>\n<meta name=\"robots\" content=\"index, follow, max-snippet:-1, max-image-preview:large, max-video-preview:-1\" \/>\n<link rel=\"canonical\" href=\"https:\/\/www.compagniefruitiere.fr\/en\/transporters-at-compagnie-fruitiere\/\" \/>\n<meta property=\"og:locale\" content=\"en_US\" \/>\n<meta property=\"og:type\" content=\"article\" \/>\n<meta property=\"og:title\" content=\"Carrier at Compagnie Fruiti\u00e8re | Compagnie Fruiti\u00e8re\" \/>\n<meta property=\"og:description\" content=\"The Compagnie Fruiti\u00e8re works with its hauliers to ensure sustainable, high-quality transport, supported by high-performance logistics.\" \/>\n<meta property=\"og:url\" content=\"https:\/\/www.compagniefruitiere.fr\/en\/transporters-at-compagnie-fruitiere\/\" \/>\n<meta property=\"og:site_name\" content=\"Compagnie fruiti\u00e8re\" \/>\n<meta property=\"article:modified_time\" content=\"2025-05-19T08:58:51+00:00\" \/>\n<meta name=\"twitter:card\" content=\"summary_large_image\" \/>\n<meta name=\"twitter:label1\" content=\"Est. reading time\" \/>\n\t<meta name=\"twitter:data1\" content=\"1 minute\" \/>\n<script type=\"application\/ld+json\" class=\"yoast-schema-graph\">{\"@context\":\"https:\\\/\\\/schema.org\",\"@graph\":[{\"@type\":\"WebPage\",\"@id\":\"https:\\\/\\\/www.compagniefruitiere.fr\\\/en\\\/transporters-at-compagnie-fruitiere\\\/\",\"url\":\"https:\\\/\\\/www.compagniefruitiere.fr\\\/en\\\/transporters-at-compagnie-fruitiere\\\/\",\"name\":\"Carrier at Compagnie Fruiti\u00e8re | Compagnie Fruiti\u00e8re\",\"isPartOf\":{\"@id\":\"https:\\\/\\\/www.compagniefruitiere.fr\\\/en\\\/#website\"},\"datePublished\":\"2022-08-18T09:21:55+00:00\",\"dateModified\":\"2025-05-19T08:58:51+00:00\",\"description\":\"The Compagnie Fruiti\u00e8re works with its hauliers to ensure sustainable, high-quality transport, supported by high-performance logistics.\",\"breadcrumb\":{\"@id\":\"https:\\\/\\\/www.compagniefruitiere.fr\\\/en\\\/transporters-at-compagnie-fruitiere\\\/#breadcrumb\"},\"inLanguage\":\"en-US\",\"potentialAction\":[{\"@type\":\"ReadAction\",\"target\":[\"https:\\\/\\\/www.compagniefruitiere.fr\\\/en\\\/transporters-at-compagnie-fruitiere\\\/\"]}]},{\"@type\":\"BreadcrumbList\",\"@id\":\"https:\\\/\\\/www.compagniefruitiere.fr\\\/en\\\/transporters-at-compagnie-fruitiere\\\/#breadcrumb\",\"itemListElement\":[{\"@type\":\"ListItem\",\"position\":1,\"name\":\"Accueil\",\"item\":\"https:\\\/\\\/www.compagniefruitiere.fr\\\/en\\\/\"},{\"@type\":\"ListItem\",\"position\":2,\"name\":\"Transporter\"}]},{\"@type\":\"WebSite\",\"@id\":\"https:\\\/\\\/www.compagniefruitiere.fr\\\/en\\\/#website\",\"url\":\"https:\\\/\\\/www.compagniefruitiere.fr\\\/en\\\/\",\"name\":\"Compagnie fruiti\u00e8re\",\"description\":\"Origine : Nature.\",\"publisher\":{\"@id\":\"https:\\\/\\\/www.compagniefruitiere.fr\\\/en\\\/#organization\"},\"potentialAction\":[{\"@type\":\"SearchAction\",\"target\":{\"@type\":\"EntryPoint\",\"urlTemplate\":\"https:\\\/\\\/www.compagniefruitiere.fr\\\/en\\\/?s={search_term_string}\"},\"query-input\":{\"@type\":\"PropertyValueSpecification\",\"valueRequired\":true,\"valueName\":\"search_term_string\"}}],\"inLanguage\":\"en-US\"},{\"@type\":\"Organization\",\"@id\":\"https:\\\/\\\/www.compagniefruitiere.fr\\\/en\\\/#organization\",\"name\":\"Compagnie fruiti\u00e8re\",\"url\":\"https:\\\/\\\/www.compagniefruitiere.fr\\\/en\\\/\",\"logo\":{\"@type\":\"ImageObject\",\"inLanguage\":\"en-US\",\"@id\":\"https:\\\/\\\/www.compagniefruitiere.fr\\\/en\\\/#\\\/schema\\\/logo\\\/image\\\/\",\"url\":\"https:\\\/\\\/www.compagniefruitiere.fr\\\/wp-content\\\/uploads\\\/2022\\\/03\\\/compagniefrutiere-logo.svg\",\"contentUrl\":\"https:\\\/\\\/www.compagniefruitiere.fr\\\/wp-content\\\/uploads\\\/2022\\\/03\\\/compagniefrutiere-logo.svg\",\"width\":471,\"height\":113,\"caption\":\"Compagnie fruiti\u00e8re\"},\"image\":{\"@id\":\"https:\\\/\\\/www.compagniefruitiere.fr\\\/en\\\/#\\\/schema\\\/logo\\\/image\\\/\"},\"sameAs\":[\"https:\\\/\\\/www.linkedin.com\\\/company\\\/compagnie-fruitiere\\\/\"]}]}<\/script>\n<!-- \/ Yoast SEO plugin. -->","yoast_head_json":{"title":"Carrier at Compagnie Fruiti\u00e8re | Compagnie Fruiti\u00e8re","description":"The Compagnie Fruiti\u00e8re works with its hauliers to ensure sustainable, high-quality transport, supported by high-performance logistics.","robots":{"index":"index","follow":"follow","max-snippet":"max-snippet:-1","max-image-preview":"max-image-preview:large","max-video-preview":"max-video-preview:-1"},"canonical":"https:\/\/www.compagniefruitiere.fr\/en\/transporters-at-compagnie-fruitiere\/","og_locale":"en_US","og_type":"article","og_title":"Carrier at Compagnie Fruiti\u00e8re | Compagnie Fruiti\u00e8re","og_description":"The Compagnie Fruiti\u00e8re works with its hauliers to ensure sustainable, high-quality transport, supported by high-performance logistics.","og_url":"https:\/\/www.compagniefruitiere.fr\/en\/transporters-at-compagnie-fruitiere\/","og_site_name":"Compagnie fruiti\u00e8re","article_modified_time":"2025-05-19T08:58:51+00:00","twitter_card":"summary_large_image","twitter_misc":{"Est. reading time":"1 minute"},"schema":{"@context":"https:\/\/schema.org","@graph":[{"@type":"WebPage","@id":"https:\/\/www.compagniefruitiere.fr\/en\/transporters-at-compagnie-fruitiere\/","url":"https:\/\/www.compagniefruitiere.fr\/en\/transporters-at-compagnie-fruitiere\/","name":"Carrier at Compagnie Fruiti\u00e8re | Compagnie Fruiti\u00e8re","isPartOf":{"@id":"https:\/\/www.compagniefruitiere.fr\/en\/#website"},"datePublished":"2022-08-18T09:21:55+00:00","dateModified":"2025-05-19T08:58:51+00:00","description":"The Compagnie Fruiti\u00e8re works with its hauliers to ensure sustainable, high-quality transport, supported by high-performance logistics.","breadcrumb":{"@id":"https:\/\/www.compagniefruitiere.fr\/en\/transporters-at-compagnie-fruitiere\/#breadcrumb"},"inLanguage":"en-US","potentialAction":[{"@type":"ReadAction","target":["https:\/\/www.compagniefruitiere.fr\/en\/transporters-at-compagnie-fruitiere\/"]}]},{"@type":"BreadcrumbList","@id":"https:\/\/www.compagniefruitiere.fr\/en\/transporters-at-compagnie-fruitiere\/#breadcrumb","itemListElement":[{"@type":"ListItem","position":1,"name":"Accueil","item":"https:\/\/www.compagniefruitiere.fr\/en\/"},{"@type":"ListItem","position":2,"name":"Transporter"}]},{"@type":"WebSite","@id":"https:\/\/www.compagniefruitiere.fr\/en\/#website","url":"https:\/\/www.compagniefruitiere.fr\/en\/","name":"Compagnie fruiti\u00e8re","description":"Origine : Nature.","publisher":{"@id":"https:\/\/www.compagniefruitiere.fr\/en\/#organization"},"potentialAction":[{"@type":"SearchAction","target":{"@type":"EntryPoint","urlTemplate":"https:\/\/www.compagniefruitiere.fr\/en\/?s={search_term_string}"},"query-input":{"@type":"PropertyValueSpecification","valueRequired":true,"valueName":"search_term_string"}}],"inLanguage":"en-US"},{"@type":"Organization","@id":"https:\/\/www.compagniefruitiere.fr\/en\/#organization","name":"Compagnie fruiti\u00e8re","url":"https:\/\/www.compagniefruitiere.fr\/en\/","logo":{"@type":"ImageObject","inLanguage":"en-US","@id":"https:\/\/www.compagniefruitiere.fr\/en\/#\/schema\/logo\/image\/","url":"https:\/\/www.compagniefruitiere.fr\/wp-content\/uploads\/2022\/03\/compagniefrutiere-logo.svg","contentUrl":"https:\/\/www.compagniefruitiere.fr\/wp-content\/uploads\/2022\/03\/compagniefrutiere-logo.svg","width":471,"height":113,"caption":"Compagnie fruiti\u00e8re"},"image":{"@id":"https:\/\/www.compagniefruitiere.fr\/en\/#\/schema\/logo\/image\/"},"sameAs":["https:\/\/www.linkedin.com\/company\/compagnie-fruitiere\/"]}]}},"_links":{"self":[{"href":"https:\/\/www.compagniefruitiere.fr\/en\/wp-json\/wp\/v2\/pages\/6358","targetHints":{"allow":["GET"]}}],"collection":[{"href":"https:\/\/www.compagniefruitiere.fr\/en\/wp-json\/wp\/v2\/pages"}],"about":[{"href":"https:\/\/www.compagniefruitiere.fr\/en\/wp-json\/wp\/v2\/types\/page"}],"author":[{"embeddable":true,"href":"https:\/\/www.compagniefruitiere.fr\/en\/wp-json\/wp\/v2\/users\/1"}],"replies":[{"embeddable":true,"href":"https:\/\/www.compagniefruitiere.fr\/en\/wp-json\/wp\/v2\/comments?post=6358"}],"version-history":[{"count":10,"href":"https:\/\/www.compagniefruitiere.fr\/en\/wp-json\/wp\/v2\/pages\/6358\/revisions"}],"predecessor-version":[{"id":9973,"href":"https:\/\/www.compagniefruitiere.fr\/en\/wp-json\/wp\/v2\/pages\/6358\/revisions\/9973"}],"wp:attachment":[{"href":"https:\/\/www.compagniefruitiere.fr\/en\/wp-json\/wp\/v2\/media?parent=6358"}],"curies":[{"name":"wp","href":"https:\/\/api.w.org\/{rel}","templated":true}]}}