{"id":6340,"date":"2022-07-19T01:06:25","date_gmt":"2022-07-18T23:06:25","guid":{"rendered":"https:\/\/www3.compagniefruitiere.frour-business-areas-our-opportunities\/"},"modified":"2025-05-19T10:53:50","modified_gmt":"2025-05-19T08:53:50","slug":"our-business-areas-our-opportunities","status":"publish","type":"page","link":"https:\/\/www.compagniefruitiere.fr\/en\/our-business-areas-our-opportunities\/","title":{"rendered":"Our careers"},"content":{"rendered":"\n<p>Today\u2019s careers are no longer linear, as professions change and skills evolve. To enable everyone to achieve their full potential in their work, we encourage our employees\u2019 desire for change, whatever their function.<\/p>\n\n<div class=\"wp-block-divi-layout\">[et_pb_section fb_built=&#8221;1&#8243; admin_label=&#8221;section&#8221; _builder_version=&#8221;4.21.0&#8243; width=&#8221;100%&#8221; max_width=&#8221;100%&#8221; custom_margin=&#8221;20px|0px|0px|0px|false|false&#8221; custom_padding=&#8221;0px|0px|0px|0px|false|false&#8221; global_colors_info=&#8221;{}&#8221;][et_pb_row admin_label=&#8221;row&#8221; _builder_version=&#8221;4.21.0&#8243; background_size=&#8221;initial&#8221; background_position=&#8221;top_left&#8221; background_repeat=&#8221;repeat&#8221; width=&#8221;100%&#8221; custom_margin=&#8221;0px|0px|0px|0px|false|false&#8221; custom_padding=&#8221;0px|0px|0px|0px|false|false&#8221; global_colors_info=&#8221;{}&#8221;][et_pb_column type=&#8221;4_4&#8243; _builder_version=&#8221;4.21.0&#8243; _module_preset=&#8221;default&#8221; global_colors_info=&#8221;{}&#8221;][et_pb_menu menu_id=&#8221;32&#8243; disabled_on=&#8221;off|off|off&#8221; module_class=&#8221;menu-type-catalogue catalogue-productions&#8221; _builder_version=&#8221;4.18.1&#8243; _module_preset=&#8221;default&#8221; menu_font=&#8221;|||on|||||&#8221; menu_text_color=&#8221;rgba(0,0,0,0.5)&#8221; menu_line_height=&#8221;1.8em&#8221; background_enable_color=&#8221;off&#8221; global_colors_info=&#8221;{}&#8221;][\/et_pb_menu][\/et_pb_column][\/et_pb_row][\/et_pb_section]<\/div>\n","protected":false},"excerpt":{"rendered":"<p>Today\u2019s careers are no longer linear, as professions change and skills evolve. To enable everyone to achieve their full potential in their work, we encourage our employees\u2019 desire for change, whatever their function.<\/p>\n","protected":false},"author":1,"featured_media":0,"parent":0,"menu_order":0,"comment_status":"closed","ping_status":"closed","template":"","meta":{"_et_pb_use_builder":"off","_et_pb_old_content":"","_et_gb_content_width":"","footnotes":""},"class_list":["post-6340","page","type-page","status-publish","hentry"],"yoast_head":"<!-- This site is optimized with the Yoast SEO plugin v27.3 - https:\/\/yoast.com\/product\/yoast-seo-wordpress\/ -->\n<title>Our professions at Compagnie Fruiti\u00e8re | Compagnie Fruiti\u00e8re<\/title>\n<meta name=\"description\" content=\"The Compagnie Fruiti\u00e8re offers a wide range of professions within the Group, across its three operating continents.\" \/>\n<meta name=\"robots\" content=\"index, follow, max-snippet:-1, max-image-preview:large, max-video-preview:-1\" \/>\n<link rel=\"canonical\" href=\"https:\/\/www.compagniefruitiere.fr\/en\/our-business-areas-our-opportunities\/\" \/>\n<meta property=\"og:locale\" content=\"en_US\" \/>\n<meta property=\"og:type\" content=\"article\" \/>\n<meta property=\"og:title\" content=\"Our professions at Compagnie Fruiti\u00e8re | Compagnie Fruiti\u00e8re\" \/>\n<meta property=\"og:description\" content=\"The Compagnie Fruiti\u00e8re offers a wide range of professions within the Group, across its three operating continents.\" \/>\n<meta property=\"og:url\" content=\"https:\/\/www.compagniefruitiere.fr\/en\/our-business-areas-our-opportunities\/\" \/>\n<meta property=\"og:site_name\" content=\"Compagnie fruiti\u00e8re\" \/>\n<meta property=\"article:modified_time\" content=\"2025-05-19T08:53:50+00:00\" \/>\n<meta name=\"twitter:card\" content=\"summary_large_image\" \/>\n<meta name=\"twitter:label1\" content=\"Est. reading time\" \/>\n\t<meta name=\"twitter:data1\" content=\"1 minute\" \/>\n<script type=\"application\/ld+json\" class=\"yoast-schema-graph\">{\"@context\":\"https:\\\/\\\/schema.org\",\"@graph\":[{\"@type\":\"WebPage\",\"@id\":\"https:\\\/\\\/www.compagniefruitiere.fr\\\/en\\\/our-business-areas-our-opportunities\\\/\",\"url\":\"https:\\\/\\\/www.compagniefruitiere.fr\\\/en\\\/our-business-areas-our-opportunities\\\/\",\"name\":\"Our professions at Compagnie Fruiti\u00e8re | Compagnie Fruiti\u00e8re\",\"isPartOf\":{\"@id\":\"https:\\\/\\\/www.compagniefruitiere.fr\\\/en\\\/#website\"},\"datePublished\":\"2022-07-18T23:06:25+00:00\",\"dateModified\":\"2025-05-19T08:53:50+00:00\",\"description\":\"The Compagnie Fruiti\u00e8re offers a wide range of professions within the Group, across its three operating continents.\",\"breadcrumb\":{\"@id\":\"https:\\\/\\\/www.compagniefruitiere.fr\\\/en\\\/our-business-areas-our-opportunities\\\/#breadcrumb\"},\"inLanguage\":\"en-US\",\"potentialAction\":[{\"@type\":\"ReadAction\",\"target\":[\"https:\\\/\\\/www.compagniefruitiere.fr\\\/en\\\/our-business-areas-our-opportunities\\\/\"]}]},{\"@type\":\"BreadcrumbList\",\"@id\":\"https:\\\/\\\/www.compagniefruitiere.fr\\\/en\\\/our-business-areas-our-opportunities\\\/#breadcrumb\",\"itemListElement\":[{\"@type\":\"ListItem\",\"position\":1,\"name\":\"Accueil\",\"item\":\"https:\\\/\\\/www.compagniefruitiere.fr\\\/en\\\/\"},{\"@type\":\"ListItem\",\"position\":2,\"name\":\"Our careers\"}]},{\"@type\":\"WebSite\",\"@id\":\"https:\\\/\\\/www.compagniefruitiere.fr\\\/en\\\/#website\",\"url\":\"https:\\\/\\\/www.compagniefruitiere.fr\\\/en\\\/\",\"name\":\"Compagnie fruiti\u00e8re\",\"description\":\"Origine : Nature.\",\"publisher\":{\"@id\":\"https:\\\/\\\/www.compagniefruitiere.fr\\\/en\\\/#organization\"},\"potentialAction\":[{\"@type\":\"SearchAction\",\"target\":{\"@type\":\"EntryPoint\",\"urlTemplate\":\"https:\\\/\\\/www.compagniefruitiere.fr\\\/en\\\/?s={search_term_string}\"},\"query-input\":{\"@type\":\"PropertyValueSpecification\",\"valueRequired\":true,\"valueName\":\"search_term_string\"}}],\"inLanguage\":\"en-US\"},{\"@type\":\"Organization\",\"@id\":\"https:\\\/\\\/www.compagniefruitiere.fr\\\/en\\\/#organization\",\"name\":\"Compagnie fruiti\u00e8re\",\"url\":\"https:\\\/\\\/www.compagniefruitiere.fr\\\/en\\\/\",\"logo\":{\"@type\":\"ImageObject\",\"inLanguage\":\"en-US\",\"@id\":\"https:\\\/\\\/www.compagniefruitiere.fr\\\/en\\\/#\\\/schema\\\/logo\\\/image\\\/\",\"url\":\"https:\\\/\\\/www.compagniefruitiere.fr\\\/wp-content\\\/uploads\\\/2022\\\/03\\\/compagniefrutiere-logo.svg\",\"contentUrl\":\"https:\\\/\\\/www.compagniefruitiere.fr\\\/wp-content\\\/uploads\\\/2022\\\/03\\\/compagniefrutiere-logo.svg\",\"width\":471,\"height\":113,\"caption\":\"Compagnie fruiti\u00e8re\"},\"image\":{\"@id\":\"https:\\\/\\\/www.compagniefruitiere.fr\\\/en\\\/#\\\/schema\\\/logo\\\/image\\\/\"},\"sameAs\":[\"https:\\\/\\\/www.linkedin.com\\\/company\\\/compagnie-fruitiere\\\/\"]}]}<\/script>\n<!-- \/ Yoast SEO plugin. -->","yoast_head_json":{"title":"Our professions at Compagnie Fruiti\u00e8re | Compagnie Fruiti\u00e8re","description":"The Compagnie Fruiti\u00e8re offers a wide range of professions within the Group, across its three operating continents.","robots":{"index":"index","follow":"follow","max-snippet":"max-snippet:-1","max-image-preview":"max-image-preview:large","max-video-preview":"max-video-preview:-1"},"canonical":"https:\/\/www.compagniefruitiere.fr\/en\/our-business-areas-our-opportunities\/","og_locale":"en_US","og_type":"article","og_title":"Our professions at Compagnie Fruiti\u00e8re | Compagnie Fruiti\u00e8re","og_description":"The Compagnie Fruiti\u00e8re offers a wide range of professions within the Group, across its three operating continents.","og_url":"https:\/\/www.compagniefruitiere.fr\/en\/our-business-areas-our-opportunities\/","og_site_name":"Compagnie fruiti\u00e8re","article_modified_time":"2025-05-19T08:53:50+00:00","twitter_card":"summary_large_image","twitter_misc":{"Est. reading time":"1 minute"},"schema":{"@context":"https:\/\/schema.org","@graph":[{"@type":"WebPage","@id":"https:\/\/www.compagniefruitiere.fr\/en\/our-business-areas-our-opportunities\/","url":"https:\/\/www.compagniefruitiere.fr\/en\/our-business-areas-our-opportunities\/","name":"Our professions at Compagnie Fruiti\u00e8re | Compagnie Fruiti\u00e8re","isPartOf":{"@id":"https:\/\/www.compagniefruitiere.fr\/en\/#website"},"datePublished":"2022-07-18T23:06:25+00:00","dateModified":"2025-05-19T08:53:50+00:00","description":"The Compagnie Fruiti\u00e8re offers a wide range of professions within the Group, across its three operating continents.","breadcrumb":{"@id":"https:\/\/www.compagniefruitiere.fr\/en\/our-business-areas-our-opportunities\/#breadcrumb"},"inLanguage":"en-US","potentialAction":[{"@type":"ReadAction","target":["https:\/\/www.compagniefruitiere.fr\/en\/our-business-areas-our-opportunities\/"]}]},{"@type":"BreadcrumbList","@id":"https:\/\/www.compagniefruitiere.fr\/en\/our-business-areas-our-opportunities\/#breadcrumb","itemListElement":[{"@type":"ListItem","position":1,"name":"Accueil","item":"https:\/\/www.compagniefruitiere.fr\/en\/"},{"@type":"ListItem","position":2,"name":"Our careers"}]},{"@type":"WebSite","@id":"https:\/\/www.compagniefruitiere.fr\/en\/#website","url":"https:\/\/www.compagniefruitiere.fr\/en\/","name":"Compagnie fruiti\u00e8re","description":"Origine : Nature.","publisher":{"@id":"https:\/\/www.compagniefruitiere.fr\/en\/#organization"},"potentialAction":[{"@type":"SearchAction","target":{"@type":"EntryPoint","urlTemplate":"https:\/\/www.compagniefruitiere.fr\/en\/?s={search_term_string}"},"query-input":{"@type":"PropertyValueSpecification","valueRequired":true,"valueName":"search_term_string"}}],"inLanguage":"en-US"},{"@type":"Organization","@id":"https:\/\/www.compagniefruitiere.fr\/en\/#organization","name":"Compagnie fruiti\u00e8re","url":"https:\/\/www.compagniefruitiere.fr\/en\/","logo":{"@type":"ImageObject","inLanguage":"en-US","@id":"https:\/\/www.compagniefruitiere.fr\/en\/#\/schema\/logo\/image\/","url":"https:\/\/www.compagniefruitiere.fr\/wp-content\/uploads\/2022\/03\/compagniefrutiere-logo.svg","contentUrl":"https:\/\/www.compagniefruitiere.fr\/wp-content\/uploads\/2022\/03\/compagniefrutiere-logo.svg","width":471,"height":113,"caption":"Compagnie fruiti\u00e8re"},"image":{"@id":"https:\/\/www.compagniefruitiere.fr\/en\/#\/schema\/logo\/image\/"},"sameAs":["https:\/\/www.linkedin.com\/company\/compagnie-fruitiere\/"]}]}},"_links":{"self":[{"href":"https:\/\/www.compagniefruitiere.fr\/en\/wp-json\/wp\/v2\/pages\/6340","targetHints":{"allow":["GET"]}}],"collection":[{"href":"https:\/\/www.compagniefruitiere.fr\/en\/wp-json\/wp\/v2\/pages"}],"about":[{"href":"https:\/\/www.compagniefruitiere.fr\/en\/wp-json\/wp\/v2\/types\/page"}],"author":[{"embeddable":true,"href":"https:\/\/www.compagniefruitiere.fr\/en\/wp-json\/wp\/v2\/users\/1"}],"replies":[{"embeddable":true,"href":"https:\/\/www.compagniefruitiere.fr\/en\/wp-json\/wp\/v2\/comments?post=6340"}],"version-history":[{"count":10,"href":"https:\/\/www.compagniefruitiere.fr\/en\/wp-json\/wp\/v2\/pages\/6340\/revisions"}],"predecessor-version":[{"id":9969,"href":"https:\/\/www.compagniefruitiere.fr\/en\/wp-json\/wp\/v2\/pages\/6340\/revisions\/9969"}],"wp:attachment":[{"href":"https:\/\/www.compagniefruitiere.fr\/en\/wp-json\/wp\/v2\/media?parent=6340"}],"curies":[{"name":"wp","href":"https:\/\/api.w.org\/{rel}","templated":true}]}}