{"id":5536,"date":"2022-07-12T15:46:05","date_gmt":"2022-07-12T13:46:05","guid":{"rendered":"https:\/\/www3.compagniefruitiere.frbrands\/supreme\/"},"modified":"2025-06-02T14:44:05","modified_gmt":"2025-06-02T12:44:05","slug":"supreme","status":"publish","type":"page","link":"https:\/\/www.compagniefruitiere.fr\/en\/supreme\/","title":{"rendered":"Supr\u00eame"},"content":{"rendered":"\n<p>Supr\u00eame bananas and S\u00e9lection mangoes are grown with the utmost care on exceptional terroirs in C\u00f4te d&#8217;Ivoire, Ghana and Central America, and picked at the optimum stage of ripeness. A brand of superlatives, the Supr\u00eame and S\u00e9lection fruits represent only a tiny proportion of our production, as only the most beautiful, largest and tastiest fruits are selected. This exclusive harvest then travels to ideal conditions where everything is done to preserve their exceptional taste qualities. Whether it&#8217;s bananas grown on the sun-drenched volcanic soils of Haut-Penja or mangoes, they all combine the best of our know-how to help you rediscover the fruit&#8217;s unique taste.<\/p>\n\n\n\n<div class=\"wp-block-divi-layout\">[et_pb_section fb_built=&#8221;1&#8243; admin_label=&#8221;section&#8221; _builder_version=&#8221;4.21.0&#8243; width=&#8221;100%&#8221; max_width=&#8221;100%&#8221; custom_margin=&#8221;20px|0px|0px|0px|false|false&#8221; custom_padding=&#8221;0px|0px|0px|0px|false|false&#8221; global_colors_info=&#8221;{}&#8221;][et_pb_row admin_label=&#8221;row&#8221; _builder_version=&#8221;4.21.0&#8243; background_size=&#8221;initial&#8221; background_position=&#8221;top_left&#8221; background_repeat=&#8221;repeat&#8221; width=&#8221;100%&#8221; custom_margin=&#8221;0px|0px|0px|0px|false|false&#8221; custom_padding=&#8221;0px|0px|0px|0px|false|false&#8221; global_colors_info=&#8221;{}&#8221;][et_pb_column type=&#8221;4_4&#8243; _builder_version=&#8221;4.21.0&#8243; _module_preset=&#8221;default&#8221; global_colors_info=&#8221;{}&#8221;][dnxte_coverflowslider_parent dnxte_coverflow_centered_slides=&#8221;on&#8221; dnxte_coverflow_auto_height=&#8221;on&#8221; dnxte_coverflow_equal_height=&#8221;off&#8221; dnxte_coverflow_grab=&#8221;on&#8221; dnxte_coverflow_keyboard_enable=&#8221;off&#8221; dnxte_coverflow_mousewheel_enable=&#8221;off&#8221; dnxte_coverflow_speed=&#8221;674&#8243; dnxte_coverflow_arrows=&#8221;on&#8221; dnxte_coverflow_pagination_type=&#8221;none&#8221; dnxte_coverflow_breakpoint_desktop=&#8221;2&#8243; dnxte_coverflow_arrow_color=&#8221;rgba(255,255,255,0.7)&#8221; dnxte_coverflow_arrow_background_color=&#8221;rgba(255,255,255,0)&#8221; dnxte_coverflow_arrow_size=&#8221;48&#8243; lightbox_showhide=&#8221;on&#8221; dnxte_coverflow_breakpoint_desktop_tablet=&#8221;2&#8243; dnxte_coverflow_breakpoint_desktop_phone=&#8221;2&#8243; dnxte_coverflow_breakpoint_desktop_last_edited=&#8221;on|phone&#8221; admin_label=&#8221;Next Divi Carousel&#8221; _builder_version=&#8221;4.27.4&#8243; _module_preset=&#8221;default&#8221; custom_padding=&#8221;||||false|false&#8221; custom_padding_tablet=&#8221;||||false|false&#8221; custom_padding_phone=&#8221;||30px||false|false&#8221; custom_padding_last_edited=&#8221;on|phone&#8221; hover_enabled=&#8221;0&#8243; border_radii_image_border=&#8221;on|15px|15px|15px|15px&#8221; global_colors_info=&#8221;{}&#8221; sticky_enabled=&#8221;0&#8243;][dnxte_coverflowslider_child coverflowslider_image=&#8221;https:\/\/www.compagniefruitiere.fr\/wp-content\/uploads\/2022\/11\/compagnie-fruitiere-0011-7174-copyright-gwel-slider-500&#215;500.webp&#8221; _builder_version=&#8221;4.27.4&#8243; _module_preset=&#8221;default&#8221; global_colors_info=&#8221;{}&#8221;][\/dnxte_coverflowslider_child][\/dnxte_coverflowslider_parent][\/et_pb_column][\/et_pb_row][\/et_pb_section]<\/div>\n","protected":false},"excerpt":{"rendered":"<p>Supr\u00eame bananas and S\u00e9lection mangoes are grown with the utmost care on exceptional terroirs in C\u00f4te d&#8217;Ivoire, Ghana and Central America, and picked at the optimum stage of ripeness. A brand of superlatives, the Supr\u00eame and S\u00e9lection fruits represent only a tiny proportion of our production, as only the most beautiful, largest and tastiest fruits [&hellip;]<\/p>\n","protected":false},"author":1,"featured_media":0,"parent":0,"menu_order":0,"comment_status":"closed","ping_status":"closed","template":"","meta":{"_et_pb_use_builder":"off","_et_pb_old_content":"","_et_gb_content_width":"","footnotes":""},"class_list":["post-5536","page","type-page","status-publish","hentry"],"yoast_head":"<!-- This site is optimized with the Yoast SEO plugin v27.3 - https:\/\/yoast.com\/product\/yoast-seo-wordpress\/ -->\n<title>Banana Supreme : refined taste | Compagnie Fruiti\u00e8re<\/title>\n<meta name=\"description\" content=\"The Supreme banana seduces with its superior quality, refined taste and responsible cultivation, for a unique fruity experience.\" \/>\n<meta name=\"robots\" content=\"index, follow, max-snippet:-1, max-image-preview:large, max-video-preview:-1\" \/>\n<link rel=\"canonical\" href=\"https:\/\/www.compagniefruitiere.fr\/en\/supreme\/\" \/>\n<meta property=\"og:locale\" content=\"en_US\" \/>\n<meta property=\"og:type\" content=\"article\" \/>\n<meta property=\"og:title\" content=\"Banana Supreme : refined taste | Compagnie Fruiti\u00e8re\" \/>\n<meta property=\"og:description\" content=\"The Supreme banana seduces with its superior quality, refined taste and responsible cultivation, for a unique fruity experience.\" \/>\n<meta property=\"og:url\" content=\"https:\/\/www.compagniefruitiere.fr\/en\/supreme\/\" \/>\n<meta property=\"og:site_name\" content=\"Compagnie fruiti\u00e8re\" \/>\n<meta property=\"article:modified_time\" content=\"2025-06-02T12:44:05+00:00\" \/>\n<meta name=\"twitter:card\" content=\"summary_large_image\" \/>\n<meta name=\"twitter:label1\" content=\"Est. reading time\" \/>\n\t<meta name=\"twitter:data1\" content=\"1 minute\" \/>\n<script type=\"application\/ld+json\" class=\"yoast-schema-graph\">{\"@context\":\"https:\\\/\\\/schema.org\",\"@graph\":[{\"@type\":\"WebPage\",\"@id\":\"https:\\\/\\\/www.compagniefruitiere.fr\\\/en\\\/supreme\\\/\",\"url\":\"https:\\\/\\\/www.compagniefruitiere.fr\\\/en\\\/supreme\\\/\",\"name\":\"Banana Supreme : refined taste | Compagnie Fruiti\u00e8re\",\"isPartOf\":{\"@id\":\"https:\\\/\\\/www.compagniefruitiere.fr\\\/en\\\/#website\"},\"datePublished\":\"2022-07-12T13:46:05+00:00\",\"dateModified\":\"2025-06-02T12:44:05+00:00\",\"description\":\"The Supreme banana seduces with its superior quality, refined taste and responsible cultivation, for a unique fruity experience.\",\"breadcrumb\":{\"@id\":\"https:\\\/\\\/www.compagniefruitiere.fr\\\/en\\\/supreme\\\/#breadcrumb\"},\"inLanguage\":\"en-US\",\"potentialAction\":[{\"@type\":\"ReadAction\",\"target\":[\"https:\\\/\\\/www.compagniefruitiere.fr\\\/en\\\/supreme\\\/\"]}]},{\"@type\":\"BreadcrumbList\",\"@id\":\"https:\\\/\\\/www.compagniefruitiere.fr\\\/en\\\/supreme\\\/#breadcrumb\",\"itemListElement\":[{\"@type\":\"ListItem\",\"position\":1,\"name\":\"Accueil\",\"item\":\"https:\\\/\\\/www.compagniefruitiere.fr\\\/en\\\/\"},{\"@type\":\"ListItem\",\"position\":2,\"name\":\"Supr\u00eame\"}]},{\"@type\":\"WebSite\",\"@id\":\"https:\\\/\\\/www.compagniefruitiere.fr\\\/en\\\/#website\",\"url\":\"https:\\\/\\\/www.compagniefruitiere.fr\\\/en\\\/\",\"name\":\"Compagnie fruiti\u00e8re\",\"description\":\"Origine : Nature.\",\"publisher\":{\"@id\":\"https:\\\/\\\/www.compagniefruitiere.fr\\\/en\\\/#organization\"},\"potentialAction\":[{\"@type\":\"SearchAction\",\"target\":{\"@type\":\"EntryPoint\",\"urlTemplate\":\"https:\\\/\\\/www.compagniefruitiere.fr\\\/en\\\/?s={search_term_string}\"},\"query-input\":{\"@type\":\"PropertyValueSpecification\",\"valueRequired\":true,\"valueName\":\"search_term_string\"}}],\"inLanguage\":\"en-US\"},{\"@type\":\"Organization\",\"@id\":\"https:\\\/\\\/www.compagniefruitiere.fr\\\/en\\\/#organization\",\"name\":\"Compagnie fruiti\u00e8re\",\"url\":\"https:\\\/\\\/www.compagniefruitiere.fr\\\/en\\\/\",\"logo\":{\"@type\":\"ImageObject\",\"inLanguage\":\"en-US\",\"@id\":\"https:\\\/\\\/www.compagniefruitiere.fr\\\/en\\\/#\\\/schema\\\/logo\\\/image\\\/\",\"url\":\"https:\\\/\\\/www.compagniefruitiere.fr\\\/wp-content\\\/uploads\\\/2022\\\/03\\\/compagniefrutiere-logo.svg\",\"contentUrl\":\"https:\\\/\\\/www.compagniefruitiere.fr\\\/wp-content\\\/uploads\\\/2022\\\/03\\\/compagniefrutiere-logo.svg\",\"width\":471,\"height\":113,\"caption\":\"Compagnie fruiti\u00e8re\"},\"image\":{\"@id\":\"https:\\\/\\\/www.compagniefruitiere.fr\\\/en\\\/#\\\/schema\\\/logo\\\/image\\\/\"},\"sameAs\":[\"https:\\\/\\\/www.linkedin.com\\\/company\\\/compagnie-fruitiere\\\/\"]}]}<\/script>\n<!-- \/ Yoast SEO plugin. -->","yoast_head_json":{"title":"Banana Supreme : refined taste | Compagnie Fruiti\u00e8re","description":"The Supreme banana seduces with its superior quality, refined taste and responsible cultivation, for a unique fruity experience.","robots":{"index":"index","follow":"follow","max-snippet":"max-snippet:-1","max-image-preview":"max-image-preview:large","max-video-preview":"max-video-preview:-1"},"canonical":"https:\/\/www.compagniefruitiere.fr\/en\/supreme\/","og_locale":"en_US","og_type":"article","og_title":"Banana Supreme : refined taste | Compagnie Fruiti\u00e8re","og_description":"The Supreme banana seduces with its superior quality, refined taste and responsible cultivation, for a unique fruity experience.","og_url":"https:\/\/www.compagniefruitiere.fr\/en\/supreme\/","og_site_name":"Compagnie fruiti\u00e8re","article_modified_time":"2025-06-02T12:44:05+00:00","twitter_card":"summary_large_image","twitter_misc":{"Est. reading time":"1 minute"},"schema":{"@context":"https:\/\/schema.org","@graph":[{"@type":"WebPage","@id":"https:\/\/www.compagniefruitiere.fr\/en\/supreme\/","url":"https:\/\/www.compagniefruitiere.fr\/en\/supreme\/","name":"Banana Supreme : refined taste | Compagnie Fruiti\u00e8re","isPartOf":{"@id":"https:\/\/www.compagniefruitiere.fr\/en\/#website"},"datePublished":"2022-07-12T13:46:05+00:00","dateModified":"2025-06-02T12:44:05+00:00","description":"The Supreme banana seduces with its superior quality, refined taste and responsible cultivation, for a unique fruity experience.","breadcrumb":{"@id":"https:\/\/www.compagniefruitiere.fr\/en\/supreme\/#breadcrumb"},"inLanguage":"en-US","potentialAction":[{"@type":"ReadAction","target":["https:\/\/www.compagniefruitiere.fr\/en\/supreme\/"]}]},{"@type":"BreadcrumbList","@id":"https:\/\/www.compagniefruitiere.fr\/en\/supreme\/#breadcrumb","itemListElement":[{"@type":"ListItem","position":1,"name":"Accueil","item":"https:\/\/www.compagniefruitiere.fr\/en\/"},{"@type":"ListItem","position":2,"name":"Supr\u00eame"}]},{"@type":"WebSite","@id":"https:\/\/www.compagniefruitiere.fr\/en\/#website","url":"https:\/\/www.compagniefruitiere.fr\/en\/","name":"Compagnie fruiti\u00e8re","description":"Origine : Nature.","publisher":{"@id":"https:\/\/www.compagniefruitiere.fr\/en\/#organization"},"potentialAction":[{"@type":"SearchAction","target":{"@type":"EntryPoint","urlTemplate":"https:\/\/www.compagniefruitiere.fr\/en\/?s={search_term_string}"},"query-input":{"@type":"PropertyValueSpecification","valueRequired":true,"valueName":"search_term_string"}}],"inLanguage":"en-US"},{"@type":"Organization","@id":"https:\/\/www.compagniefruitiere.fr\/en\/#organization","name":"Compagnie fruiti\u00e8re","url":"https:\/\/www.compagniefruitiere.fr\/en\/","logo":{"@type":"ImageObject","inLanguage":"en-US","@id":"https:\/\/www.compagniefruitiere.fr\/en\/#\/schema\/logo\/image\/","url":"https:\/\/www.compagniefruitiere.fr\/wp-content\/uploads\/2022\/03\/compagniefrutiere-logo.svg","contentUrl":"https:\/\/www.compagniefruitiere.fr\/wp-content\/uploads\/2022\/03\/compagniefrutiere-logo.svg","width":471,"height":113,"caption":"Compagnie fruiti\u00e8re"},"image":{"@id":"https:\/\/www.compagniefruitiere.fr\/en\/#\/schema\/logo\/image\/"},"sameAs":["https:\/\/www.linkedin.com\/company\/compagnie-fruitiere\/"]}]}},"_links":{"self":[{"href":"https:\/\/www.compagniefruitiere.fr\/en\/wp-json\/wp\/v2\/pages\/5536","targetHints":{"allow":["GET"]}}],"collection":[{"href":"https:\/\/www.compagniefruitiere.fr\/en\/wp-json\/wp\/v2\/pages"}],"about":[{"href":"https:\/\/www.compagniefruitiere.fr\/en\/wp-json\/wp\/v2\/types\/page"}],"author":[{"embeddable":true,"href":"https:\/\/www.compagniefruitiere.fr\/en\/wp-json\/wp\/v2\/users\/1"}],"replies":[{"embeddable":true,"href":"https:\/\/www.compagniefruitiere.fr\/en\/wp-json\/wp\/v2\/comments?post=5536"}],"version-history":[{"count":12,"href":"https:\/\/www.compagniefruitiere.fr\/en\/wp-json\/wp\/v2\/pages\/5536\/revisions"}],"predecessor-version":[{"id":12358,"href":"https:\/\/www.compagniefruitiere.fr\/en\/wp-json\/wp\/v2\/pages\/5536\/revisions\/12358"}],"wp:attachment":[{"href":"https:\/\/www.compagniefruitiere.fr\/en\/wp-json\/wp\/v2\/media?parent=5536"}],"curies":[{"name":"wp","href":"https:\/\/api.w.org\/{rel}","templated":true}]}}