{"id":5490,"date":"2022-06-30T14:14:12","date_gmt":"2022-06-30T12:14:12","guid":{"rendered":"https:\/\/www3.compagniefruitiere.frael-africa-express-line\/"},"modified":"2025-05-16T16:28:11","modified_gmt":"2025-05-16T14:28:11","slug":"shipping-company","status":"publish","type":"page","link":"https:\/\/www.compagniefruitiere.fr\/en\/shipping-company\/","title":{"rendered":"Shipping company"},"content":{"rendered":"\n<p>As a shipping company between Africa and Europe, AEL is the central link in the logistics activities of the Compagnie Fruiti\u00e8re Group\u2019s logistics activities. This British company, founded in 2002, charters its nine ships, equipped to handle all types of goods, including the most fragile, throughout the year. Its latest-generation containers with remotely-controlled atmosphere and temperature ensure that the fruit is transported to its final destination under optimum conditions, and that cargoes are accurately tracked.<\/p>\n\n\n\n<div class=\"wp-block-divi-layout\">[et_pb_section fb_built=&#8221;1&#8243; admin_label=&#8221;section&#8221; _builder_version=&#8221;4.21.0&#8243; width=&#8221;100%&#8221; max_width=&#8221;100%&#8221; custom_margin=&#8221;20px|0px|0px|0px|false|false&#8221; custom_padding=&#8221;0px|0px|0px|0px|false|false&#8221; global_colors_info=&#8221;{}&#8221;][et_pb_row admin_label=&#8221;row&#8221; _builder_version=&#8221;4.21.0&#8243; background_size=&#8221;initial&#8221; background_position=&#8221;top_left&#8221; background_repeat=&#8221;repeat&#8221; width=&#8221;100%&#8221; custom_margin=&#8221;0px|0px|0px|0px|false|false&#8221; custom_padding=&#8221;0px|0px|0px|0px|false|false&#8221; global_colors_info=&#8221;{}&#8221;][et_pb_column type=&#8221;4_4&#8243; _builder_version=&#8221;4.21.0&#8243; _module_preset=&#8221;default&#8221; global_colors_info=&#8221;{}&#8221;][dnxte_coverflowslider_parent dnxte_coverflow_loop=&#8221;on&#8221; dnxte_coverflow_centered_slides=&#8221;on&#8221; dnxte_coverflow_auto_height=&#8221;on&#8221; dnxte_coverflow_equal_height=&#8221;off&#8221; dnxte_coverflow_grab=&#8221;on&#8221; dnxte_coverflow_keyboard_enable=&#8221;off&#8221; dnxte_coverflow_mousewheel_enable=&#8221;off&#8221; dnxte_coverflow_speed=&#8221;674&#8243; dnxte_coverflow_arrows=&#8221;on&#8221; dnxte_coverflow_pagination_type=&#8221;none&#8221; dnxte_coverflow_breakpoint_desktop=&#8221;2&#8243; dnxte_coverflow_arrow_color=&#8221;rgba(255,255,255,0.7)&#8221; dnxte_coverflow_arrow_background_color=&#8221;rgba(255,255,255,0)&#8221; dnxte_coverflow_arrow_size=&#8221;48&#8243; lightbox_showhide=&#8221;on&#8221; dnxte_coverflow_breakpoint_desktop_tablet=&#8221;2&#8243; dnxte_coverflow_breakpoint_desktop_phone=&#8221;2&#8243; dnxte_coverflow_breakpoint_desktop_last_edited=&#8221;on|phone&#8221; admin_label=&#8221;Next Divi Carousel&#8221; _builder_version=&#8221;4.20.0&#8243; _module_preset=&#8221;default&#8221; custom_padding=&#8221;||||false|false&#8221; custom_padding_tablet=&#8221;||||false|false&#8221; custom_padding_phone=&#8221;||30px||false|false&#8221; custom_padding_last_edited=&#8221;on|phone&#8221; border_radii_image_border=&#8221;on|15px|15px|15px|15px&#8221; global_colors_info=&#8221;{}&#8221;][dnxte_coverflowslider_child coverflowslider_image=&#8221;https:\/\/www.compagniefruitiere.fr\/wp-content\/uploads\/2022\/11\/compagnie-fruitiere-container-l-slider-500&#215;500.webp&#8221; _builder_version=&#8221;4.19.0&#8243; _module_preset=&#8221;default&#8221; global_colors_info=&#8221;{}&#8221;][\/dnxte_coverflowslider_child][dnxte_coverflowslider_child coverflowslider_image=&#8221;https:\/\/www.compagniefruitiere.fr\/wp-content\/uploads\/2022\/11\/compagnie-fruitiere-coted-ivoire2016-1127-slider-500&#215;500.webp&#8221; _builder_version=&#8221;4.19.0&#8243; _module_preset=&#8221;default&#8221; global_colors_info=&#8221;{}&#8221;][\/dnxte_coverflowslider_child][dnxte_coverflowslider_child coverflowslider_image=&#8221;https:\/\/www.compagniefruitiere.fr\/wp-content\/uploads\/2022\/11\/compagnie-fruitiere-coted-ivoire2016-1446-slider-500&#215;500.webp&#8221; _builder_version=&#8221;4.19.0&#8243; _module_preset=&#8221;default&#8221; global_colors_info=&#8221;{}&#8221;][\/dnxte_coverflowslider_child][\/dnxte_coverflowslider_parent][\/et_pb_column][\/et_pb_row][\/et_pb_section]<\/div>\n","protected":false},"excerpt":{"rendered":"<p>As a shipping company between Africa and Europe, AEL is the central link in the logistics activities of the Compagnie Fruiti\u00e8re Group\u2019s logistics activities. This British company, founded in 2002, charters its nine ships, equipped to handle all types of goods, including the most fragile, throughout the year. Its latest-generation containers with remotely-controlled atmosphere and [&hellip;]<\/p>\n","protected":false},"author":1,"featured_media":0,"parent":0,"menu_order":0,"comment_status":"closed","ping_status":"closed","template":"","meta":{"_et_pb_use_builder":"off","_et_pb_old_content":"","_et_gb_content_width":"","footnotes":""},"class_list":["post-5490","page","type-page","status-publish","hentry"],"yoast_head":"<!-- This site is optimized with the Yoast SEO plugin v27.3 - https:\/\/yoast.com\/product\/yoast-seo-wordpress\/ -->\n<title>Shipping company - Compagnie fruiti\u00e8re Africa Express Line | Compagnie Fruiti\u00e8re<\/title>\n<meta name=\"description\" content=\"Created in 2001, Africa Express Line is the central link in the Compagnie Fruiti\u00e8re group&#039;s logistics activities.\" \/>\n<meta name=\"robots\" content=\"index, follow, max-snippet:-1, max-image-preview:large, max-video-preview:-1\" \/>\n<link rel=\"canonical\" href=\"https:\/\/www.compagniefruitiere.fr\/en\/shipping-company\/\" \/>\n<meta property=\"og:locale\" content=\"en_US\" \/>\n<meta property=\"og:type\" content=\"article\" \/>\n<meta property=\"og:title\" content=\"Shipping company - Compagnie fruiti\u00e8re Africa Express Line | Compagnie Fruiti\u00e8re\" \/>\n<meta property=\"og:description\" content=\"Created in 2001, Africa Express Line is the central link in the Compagnie Fruiti\u00e8re group&#039;s logistics activities.\" \/>\n<meta property=\"og:url\" content=\"https:\/\/www.compagniefruitiere.fr\/en\/shipping-company\/\" \/>\n<meta property=\"og:site_name\" content=\"Compagnie fruiti\u00e8re\" \/>\n<meta property=\"article:modified_time\" content=\"2025-05-16T14:28:11+00:00\" \/>\n<meta name=\"twitter:card\" content=\"summary_large_image\" \/>\n<meta name=\"twitter:label1\" content=\"Est. reading time\" \/>\n\t<meta name=\"twitter:data1\" content=\"1 minute\" \/>\n<script type=\"application\/ld+json\" class=\"yoast-schema-graph\">{\"@context\":\"https:\\\/\\\/schema.org\",\"@graph\":[{\"@type\":\"WebPage\",\"@id\":\"https:\\\/\\\/www.compagniefruitiere.fr\\\/en\\\/shipping-company\\\/\",\"url\":\"https:\\\/\\\/www.compagniefruitiere.fr\\\/en\\\/shipping-company\\\/\",\"name\":\"Shipping company - Compagnie fruiti\u00e8re Africa Express Line | Compagnie Fruiti\u00e8re\",\"isPartOf\":{\"@id\":\"https:\\\/\\\/www.compagniefruitiere.fr\\\/en\\\/#website\"},\"datePublished\":\"2022-06-30T12:14:12+00:00\",\"dateModified\":\"2025-05-16T14:28:11+00:00\",\"description\":\"Created in 2001, Africa Express Line is the central link in the Compagnie Fruiti\u00e8re group's logistics activities.\",\"breadcrumb\":{\"@id\":\"https:\\\/\\\/www.compagniefruitiere.fr\\\/en\\\/shipping-company\\\/#breadcrumb\"},\"inLanguage\":\"en-US\",\"potentialAction\":[{\"@type\":\"ReadAction\",\"target\":[\"https:\\\/\\\/www.compagniefruitiere.fr\\\/en\\\/shipping-company\\\/\"]}]},{\"@type\":\"BreadcrumbList\",\"@id\":\"https:\\\/\\\/www.compagniefruitiere.fr\\\/en\\\/shipping-company\\\/#breadcrumb\",\"itemListElement\":[{\"@type\":\"ListItem\",\"position\":1,\"name\":\"Accueil\",\"item\":\"https:\\\/\\\/www.compagniefruitiere.fr\\\/en\\\/\"},{\"@type\":\"ListItem\",\"position\":2,\"name\":\"Shipping company\"}]},{\"@type\":\"WebSite\",\"@id\":\"https:\\\/\\\/www.compagniefruitiere.fr\\\/en\\\/#website\",\"url\":\"https:\\\/\\\/www.compagniefruitiere.fr\\\/en\\\/\",\"name\":\"Compagnie fruiti\u00e8re\",\"description\":\"Origine : Nature.\",\"publisher\":{\"@id\":\"https:\\\/\\\/www.compagniefruitiere.fr\\\/en\\\/#organization\"},\"potentialAction\":[{\"@type\":\"SearchAction\",\"target\":{\"@type\":\"EntryPoint\",\"urlTemplate\":\"https:\\\/\\\/www.compagniefruitiere.fr\\\/en\\\/?s={search_term_string}\"},\"query-input\":{\"@type\":\"PropertyValueSpecification\",\"valueRequired\":true,\"valueName\":\"search_term_string\"}}],\"inLanguage\":\"en-US\"},{\"@type\":\"Organization\",\"@id\":\"https:\\\/\\\/www.compagniefruitiere.fr\\\/en\\\/#organization\",\"name\":\"Compagnie fruiti\u00e8re\",\"url\":\"https:\\\/\\\/www.compagniefruitiere.fr\\\/en\\\/\",\"logo\":{\"@type\":\"ImageObject\",\"inLanguage\":\"en-US\",\"@id\":\"https:\\\/\\\/www.compagniefruitiere.fr\\\/en\\\/#\\\/schema\\\/logo\\\/image\\\/\",\"url\":\"https:\\\/\\\/www.compagniefruitiere.fr\\\/wp-content\\\/uploads\\\/2022\\\/03\\\/compagniefrutiere-logo.svg\",\"contentUrl\":\"https:\\\/\\\/www.compagniefruitiere.fr\\\/wp-content\\\/uploads\\\/2022\\\/03\\\/compagniefrutiere-logo.svg\",\"width\":471,\"height\":113,\"caption\":\"Compagnie fruiti\u00e8re\"},\"image\":{\"@id\":\"https:\\\/\\\/www.compagniefruitiere.fr\\\/en\\\/#\\\/schema\\\/logo\\\/image\\\/\"},\"sameAs\":[\"https:\\\/\\\/www.linkedin.com\\\/company\\\/compagnie-fruitiere\\\/\"]}]}<\/script>\n<!-- \/ Yoast SEO plugin. -->","yoast_head_json":{"title":"Shipping company - Compagnie fruiti\u00e8re Africa Express Line | Compagnie Fruiti\u00e8re","description":"Created in 2001, Africa Express Line is the central link in the Compagnie Fruiti\u00e8re group's logistics activities.","robots":{"index":"index","follow":"follow","max-snippet":"max-snippet:-1","max-image-preview":"max-image-preview:large","max-video-preview":"max-video-preview:-1"},"canonical":"https:\/\/www.compagniefruitiere.fr\/en\/shipping-company\/","og_locale":"en_US","og_type":"article","og_title":"Shipping company - Compagnie fruiti\u00e8re Africa Express Line | Compagnie Fruiti\u00e8re","og_description":"Created in 2001, Africa Express Line is the central link in the Compagnie Fruiti\u00e8re group's logistics activities.","og_url":"https:\/\/www.compagniefruitiere.fr\/en\/shipping-company\/","og_site_name":"Compagnie fruiti\u00e8re","article_modified_time":"2025-05-16T14:28:11+00:00","twitter_card":"summary_large_image","twitter_misc":{"Est. reading time":"1 minute"},"schema":{"@context":"https:\/\/schema.org","@graph":[{"@type":"WebPage","@id":"https:\/\/www.compagniefruitiere.fr\/en\/shipping-company\/","url":"https:\/\/www.compagniefruitiere.fr\/en\/shipping-company\/","name":"Shipping company - Compagnie fruiti\u00e8re Africa Express Line | Compagnie Fruiti\u00e8re","isPartOf":{"@id":"https:\/\/www.compagniefruitiere.fr\/en\/#website"},"datePublished":"2022-06-30T12:14:12+00:00","dateModified":"2025-05-16T14:28:11+00:00","description":"Created in 2001, Africa Express Line is the central link in the Compagnie Fruiti\u00e8re group's logistics activities.","breadcrumb":{"@id":"https:\/\/www.compagniefruitiere.fr\/en\/shipping-company\/#breadcrumb"},"inLanguage":"en-US","potentialAction":[{"@type":"ReadAction","target":["https:\/\/www.compagniefruitiere.fr\/en\/shipping-company\/"]}]},{"@type":"BreadcrumbList","@id":"https:\/\/www.compagniefruitiere.fr\/en\/shipping-company\/#breadcrumb","itemListElement":[{"@type":"ListItem","position":1,"name":"Accueil","item":"https:\/\/www.compagniefruitiere.fr\/en\/"},{"@type":"ListItem","position":2,"name":"Shipping company"}]},{"@type":"WebSite","@id":"https:\/\/www.compagniefruitiere.fr\/en\/#website","url":"https:\/\/www.compagniefruitiere.fr\/en\/","name":"Compagnie fruiti\u00e8re","description":"Origine : Nature.","publisher":{"@id":"https:\/\/www.compagniefruitiere.fr\/en\/#organization"},"potentialAction":[{"@type":"SearchAction","target":{"@type":"EntryPoint","urlTemplate":"https:\/\/www.compagniefruitiere.fr\/en\/?s={search_term_string}"},"query-input":{"@type":"PropertyValueSpecification","valueRequired":true,"valueName":"search_term_string"}}],"inLanguage":"en-US"},{"@type":"Organization","@id":"https:\/\/www.compagniefruitiere.fr\/en\/#organization","name":"Compagnie fruiti\u00e8re","url":"https:\/\/www.compagniefruitiere.fr\/en\/","logo":{"@type":"ImageObject","inLanguage":"en-US","@id":"https:\/\/www.compagniefruitiere.fr\/en\/#\/schema\/logo\/image\/","url":"https:\/\/www.compagniefruitiere.fr\/wp-content\/uploads\/2022\/03\/compagniefrutiere-logo.svg","contentUrl":"https:\/\/www.compagniefruitiere.fr\/wp-content\/uploads\/2022\/03\/compagniefrutiere-logo.svg","width":471,"height":113,"caption":"Compagnie fruiti\u00e8re"},"image":{"@id":"https:\/\/www.compagniefruitiere.fr\/en\/#\/schema\/logo\/image\/"},"sameAs":["https:\/\/www.linkedin.com\/company\/compagnie-fruitiere\/"]}]}},"_links":{"self":[{"href":"https:\/\/www.compagniefruitiere.fr\/en\/wp-json\/wp\/v2\/pages\/5490","targetHints":{"allow":["GET"]}}],"collection":[{"href":"https:\/\/www.compagniefruitiere.fr\/en\/wp-json\/wp\/v2\/pages"}],"about":[{"href":"https:\/\/www.compagniefruitiere.fr\/en\/wp-json\/wp\/v2\/types\/page"}],"author":[{"embeddable":true,"href":"https:\/\/www.compagniefruitiere.fr\/en\/wp-json\/wp\/v2\/users\/1"}],"replies":[{"embeddable":true,"href":"https:\/\/www.compagniefruitiere.fr\/en\/wp-json\/wp\/v2\/comments?post=5490"}],"version-history":[{"count":12,"href":"https:\/\/www.compagniefruitiere.fr\/en\/wp-json\/wp\/v2\/pages\/5490\/revisions"}],"predecessor-version":[{"id":9946,"href":"https:\/\/www.compagniefruitiere.fr\/en\/wp-json\/wp\/v2\/pages\/5490\/revisions\/9946"}],"wp:attachment":[{"href":"https:\/\/www.compagniefruitiere.fr\/en\/wp-json\/wp\/v2\/media?parent=5490"}],"curies":[{"name":"wp","href":"https:\/\/api.w.org\/{rel}","templated":true}]}}