{"id":12836,"date":"2025-05-12T15:28:35","date_gmt":"2025-05-12T13:28:35","guid":{"rendered":"https:\/\/www.compagniefruitiere.fr\/corruption-and-influence-peddling\/"},"modified":"2026-01-27T16:17:14","modified_gmt":"2026-01-27T15:17:14","slug":"corruption-and-influence-peddling","status":"publish","type":"page","link":"https:\/\/www.compagniefruitiere.fr\/en\/corruption-and-influence-peddling\/","title":{"rendered":"Corruption and influence peddling"},"content":{"rendered":"\n<p><strong>Our commitment to fighting corruption and influence peddling<\/strong><\/p>\n\n\n\n<p>Since its creation, Compagnie Fruiti\u00e8re has based its actions on respect for human rights, fundamental freedoms and the environment, placing ethics at the heart of its values.<\/p>\n\n\n\n<p>The Group acts with professionalism, loyalty and integrity in all its operations and professional relationships, wherever it operates, and expects all its employees and partners to do the same.<\/p>\n\n\n\n<p>The Group&#8217;s anti-corruption and anti-influence peddling code of conduct defines and illustrates the various types of behaviour that are prohibited. It applies to all Group employees wherever the company operates, including abroad, and is communicated to its partners via contractual clauses.<\/p>\n\n\n\n<p>\u2018Compagnie Fruiti\u00e8re condemns and rejects all forms of corruption. It has signed, on behalf of itself and its subsidiaries, the Declaration on the Prevention of Corruption adopted in 2005 and revised in 2015 by the French Council of Investors in Africa (CIAN).\u2019 J\u00e9r\u00f4me Fabre, Chairman of the Compagnie Fruiti\u00e8re Group, \u2018Corporate Social Responsibility Charter\u2019, September 2016.<\/p>\n\n\n<a target=\"_blank\" class=\"cf-content-btn\" href=\"https:\/\/fruitiere.integrityline.app\/app-page;appPageName=Open%20a%20postbox?lang=en\">Discover our code of conduct against corruption<\/a>\n","protected":false},"excerpt":{"rendered":"<p>Our commitment to fighting corruption and influence peddling Since its creation, Compagnie Fruiti\u00e8re has based its actions on respect for human rights, fundamental freedoms and the environment, placing ethics at the heart of its values. The Group acts with professionalism, loyalty and integrity in all its operations and professional relationships, wherever it operates, and expects [&hellip;]<\/p>\n","protected":false},"author":6,"featured_media":0,"parent":0,"menu_order":0,"comment_status":"closed","ping_status":"closed","template":"","meta":{"_et_pb_use_builder":"off","_et_pb_old_content":"","_et_gb_content_width":"","footnotes":""},"class_list":["post-12836","page","type-page","status-publish","hentry"],"yoast_head":"<!-- This site is optimized with the Yoast SEO plugin v27.3 - https:\/\/yoast.com\/product\/yoast-seo-wordpress\/ -->\n<title>Corruption and influence peddling - Compagnie fruiti\u00e8re<\/title>\n<meta name=\"robots\" content=\"index, follow, max-snippet:-1, max-image-preview:large, max-video-preview:-1\" \/>\n<link rel=\"canonical\" href=\"https:\/\/www.compagniefruitiere.fr\/en\/corruption-and-influence-peddling\/\" \/>\n<meta property=\"og:locale\" content=\"en_US\" \/>\n<meta property=\"og:type\" content=\"article\" \/>\n<meta property=\"og:title\" content=\"Corruption and influence peddling - Compagnie fruiti\u00e8re\" \/>\n<meta property=\"og:description\" content=\"Our commitment to fighting corruption and influence peddling Since its creation, Compagnie Fruiti\u00e8re has based its actions on respect for human rights, fundamental freedoms and the environment, placing ethics at the heart of its values. The Group acts with professionalism, loyalty and integrity in all its operations and professional relationships, wherever it operates, and expects [&hellip;]\" \/>\n<meta property=\"og:url\" content=\"https:\/\/www.compagniefruitiere.fr\/en\/corruption-and-influence-peddling\/\" \/>\n<meta property=\"og:site_name\" content=\"Compagnie fruiti\u00e8re\" \/>\n<meta property=\"article:modified_time\" content=\"2026-01-27T15:17:14+00:00\" \/>\n<meta name=\"twitter:card\" content=\"summary_large_image\" \/>\n<meta name=\"twitter:label1\" content=\"Est. reading time\" \/>\n\t<meta name=\"twitter:data1\" content=\"1 minute\" \/>\n<script type=\"application\/ld+json\" class=\"yoast-schema-graph\">{\"@context\":\"https:\\\/\\\/schema.org\",\"@graph\":[{\"@type\":\"WebPage\",\"@id\":\"https:\\\/\\\/www.compagniefruitiere.fr\\\/en\\\/corruption-and-influence-peddling\\\/\",\"url\":\"https:\\\/\\\/www.compagniefruitiere.fr\\\/en\\\/corruption-and-influence-peddling\\\/\",\"name\":\"Corruption and influence peddling - Compagnie fruiti\u00e8re\",\"isPartOf\":{\"@id\":\"https:\\\/\\\/www.compagniefruitiere.fr\\\/en\\\/#website\"},\"datePublished\":\"2025-05-12T13:28:35+00:00\",\"dateModified\":\"2026-01-27T15:17:14+00:00\",\"breadcrumb\":{\"@id\":\"https:\\\/\\\/www.compagniefruitiere.fr\\\/en\\\/corruption-and-influence-peddling\\\/#breadcrumb\"},\"inLanguage\":\"en-US\",\"potentialAction\":[{\"@type\":\"ReadAction\",\"target\":[\"https:\\\/\\\/www.compagniefruitiere.fr\\\/en\\\/corruption-and-influence-peddling\\\/\"]}]},{\"@type\":\"BreadcrumbList\",\"@id\":\"https:\\\/\\\/www.compagniefruitiere.fr\\\/en\\\/corruption-and-influence-peddling\\\/#breadcrumb\",\"itemListElement\":[{\"@type\":\"ListItem\",\"position\":1,\"name\":\"Accueil\",\"item\":\"https:\\\/\\\/www.compagniefruitiere.fr\\\/en\\\/\"},{\"@type\":\"ListItem\",\"position\":2,\"name\":\"Corruption and influence peddling\"}]},{\"@type\":\"WebSite\",\"@id\":\"https:\\\/\\\/www.compagniefruitiere.fr\\\/en\\\/#website\",\"url\":\"https:\\\/\\\/www.compagniefruitiere.fr\\\/en\\\/\",\"name\":\"Compagnie fruiti\u00e8re\",\"description\":\"Origine : Nature.\",\"publisher\":{\"@id\":\"https:\\\/\\\/www.compagniefruitiere.fr\\\/en\\\/#organization\"},\"potentialAction\":[{\"@type\":\"SearchAction\",\"target\":{\"@type\":\"EntryPoint\",\"urlTemplate\":\"https:\\\/\\\/www.compagniefruitiere.fr\\\/en\\\/?s={search_term_string}\"},\"query-input\":{\"@type\":\"PropertyValueSpecification\",\"valueRequired\":true,\"valueName\":\"search_term_string\"}}],\"inLanguage\":\"en-US\"},{\"@type\":\"Organization\",\"@id\":\"https:\\\/\\\/www.compagniefruitiere.fr\\\/en\\\/#organization\",\"name\":\"Compagnie fruiti\u00e8re\",\"url\":\"https:\\\/\\\/www.compagniefruitiere.fr\\\/en\\\/\",\"logo\":{\"@type\":\"ImageObject\",\"inLanguage\":\"en-US\",\"@id\":\"https:\\\/\\\/www.compagniefruitiere.fr\\\/en\\\/#\\\/schema\\\/logo\\\/image\\\/\",\"url\":\"https:\\\/\\\/www.compagniefruitiere.fr\\\/wp-content\\\/uploads\\\/2022\\\/03\\\/compagniefrutiere-logo.svg\",\"contentUrl\":\"https:\\\/\\\/www.compagniefruitiere.fr\\\/wp-content\\\/uploads\\\/2022\\\/03\\\/compagniefrutiere-logo.svg\",\"width\":471,\"height\":113,\"caption\":\"Compagnie fruiti\u00e8re\"},\"image\":{\"@id\":\"https:\\\/\\\/www.compagniefruitiere.fr\\\/en\\\/#\\\/schema\\\/logo\\\/image\\\/\"},\"sameAs\":[\"https:\\\/\\\/www.linkedin.com\\\/company\\\/compagnie-fruitiere\\\/\"]}]}<\/script>\n<!-- \/ Yoast SEO plugin. -->","yoast_head_json":{"title":"Corruption and influence peddling - Compagnie fruiti\u00e8re","robots":{"index":"index","follow":"follow","max-snippet":"max-snippet:-1","max-image-preview":"max-image-preview:large","max-video-preview":"max-video-preview:-1"},"canonical":"https:\/\/www.compagniefruitiere.fr\/en\/corruption-and-influence-peddling\/","og_locale":"en_US","og_type":"article","og_title":"Corruption and influence peddling - Compagnie fruiti\u00e8re","og_description":"Our commitment to fighting corruption and influence peddling Since its creation, Compagnie Fruiti\u00e8re has based its actions on respect for human rights, fundamental freedoms and the environment, placing ethics at the heart of its values. The Group acts with professionalism, loyalty and integrity in all its operations and professional relationships, wherever it operates, and expects [&hellip;]","og_url":"https:\/\/www.compagniefruitiere.fr\/en\/corruption-and-influence-peddling\/","og_site_name":"Compagnie fruiti\u00e8re","article_modified_time":"2026-01-27T15:17:14+00:00","twitter_card":"summary_large_image","twitter_misc":{"Est. reading time":"1 minute"},"schema":{"@context":"https:\/\/schema.org","@graph":[{"@type":"WebPage","@id":"https:\/\/www.compagniefruitiere.fr\/en\/corruption-and-influence-peddling\/","url":"https:\/\/www.compagniefruitiere.fr\/en\/corruption-and-influence-peddling\/","name":"Corruption and influence peddling - Compagnie fruiti\u00e8re","isPartOf":{"@id":"https:\/\/www.compagniefruitiere.fr\/en\/#website"},"datePublished":"2025-05-12T13:28:35+00:00","dateModified":"2026-01-27T15:17:14+00:00","breadcrumb":{"@id":"https:\/\/www.compagniefruitiere.fr\/en\/corruption-and-influence-peddling\/#breadcrumb"},"inLanguage":"en-US","potentialAction":[{"@type":"ReadAction","target":["https:\/\/www.compagniefruitiere.fr\/en\/corruption-and-influence-peddling\/"]}]},{"@type":"BreadcrumbList","@id":"https:\/\/www.compagniefruitiere.fr\/en\/corruption-and-influence-peddling\/#breadcrumb","itemListElement":[{"@type":"ListItem","position":1,"name":"Accueil","item":"https:\/\/www.compagniefruitiere.fr\/en\/"},{"@type":"ListItem","position":2,"name":"Corruption and influence peddling"}]},{"@type":"WebSite","@id":"https:\/\/www.compagniefruitiere.fr\/en\/#website","url":"https:\/\/www.compagniefruitiere.fr\/en\/","name":"Compagnie fruiti\u00e8re","description":"Origine : Nature.","publisher":{"@id":"https:\/\/www.compagniefruitiere.fr\/en\/#organization"},"potentialAction":[{"@type":"SearchAction","target":{"@type":"EntryPoint","urlTemplate":"https:\/\/www.compagniefruitiere.fr\/en\/?s={search_term_string}"},"query-input":{"@type":"PropertyValueSpecification","valueRequired":true,"valueName":"search_term_string"}}],"inLanguage":"en-US"},{"@type":"Organization","@id":"https:\/\/www.compagniefruitiere.fr\/en\/#organization","name":"Compagnie fruiti\u00e8re","url":"https:\/\/www.compagniefruitiere.fr\/en\/","logo":{"@type":"ImageObject","inLanguage":"en-US","@id":"https:\/\/www.compagniefruitiere.fr\/en\/#\/schema\/logo\/image\/","url":"https:\/\/www.compagniefruitiere.fr\/wp-content\/uploads\/2022\/03\/compagniefrutiere-logo.svg","contentUrl":"https:\/\/www.compagniefruitiere.fr\/wp-content\/uploads\/2022\/03\/compagniefrutiere-logo.svg","width":471,"height":113,"caption":"Compagnie fruiti\u00e8re"},"image":{"@id":"https:\/\/www.compagniefruitiere.fr\/en\/#\/schema\/logo\/image\/"},"sameAs":["https:\/\/www.linkedin.com\/company\/compagnie-fruitiere\/"]}]}},"_links":{"self":[{"href":"https:\/\/www.compagniefruitiere.fr\/en\/wp-json\/wp\/v2\/pages\/12836","targetHints":{"allow":["GET"]}}],"collection":[{"href":"https:\/\/www.compagniefruitiere.fr\/en\/wp-json\/wp\/v2\/pages"}],"about":[{"href":"https:\/\/www.compagniefruitiere.fr\/en\/wp-json\/wp\/v2\/types\/page"}],"author":[{"embeddable":true,"href":"https:\/\/www.compagniefruitiere.fr\/en\/wp-json\/wp\/v2\/users\/6"}],"replies":[{"embeddable":true,"href":"https:\/\/www.compagniefruitiere.fr\/en\/wp-json\/wp\/v2\/comments?post=12836"}],"version-history":[{"count":2,"href":"https:\/\/www.compagniefruitiere.fr\/en\/wp-json\/wp\/v2\/pages\/12836\/revisions"}],"predecessor-version":[{"id":12854,"href":"https:\/\/www.compagniefruitiere.fr\/en\/wp-json\/wp\/v2\/pages\/12836\/revisions\/12854"}],"wp:attachment":[{"href":"https:\/\/www.compagniefruitiere.fr\/en\/wp-json\/wp\/v2\/media?parent=12836"}],"curies":[{"name":"wp","href":"https:\/\/api.w.org\/{rel}","templated":true}]}}