{"id":12838,"date":"2025-05-12T15:28:35","date_gmt":"2025-05-12T13:28:35","guid":{"rendered":"https:\/\/www.compagniefruitiere.fr\/korruption-und-einflussnahme\/"},"modified":"2026-01-29T10:31:09","modified_gmt":"2026-01-29T09:31:09","slug":"korruption-und-einflussnahme","status":"publish","type":"page","link":"https:\/\/www.compagniefruitiere.fr\/de\/korruption-und-einflussnahme\/","title":{"rendered":"Korruption und Einflussnahme"},"content":{"rendered":"\n<p><strong>Unser Engagement gegen Korruption und Einflussnahme<\/strong><\/p>\n\n\n\n<p>Seit ihrer Gr\u00fcndung st\u00fctzt sich die Compagnie Fruiti\u00e8re in ihrem Handeln auf die Achtung der Menschenrechte, der Grundfreiheiten und der Umwelt und stellt die Ethik in den Mittelpunkt ihrer Werte.<\/p>\n\n\n\n<p>Die Gruppe handelt bei allen ihren Gesch\u00e4ften und Gesch\u00e4ftsbeziehungen an allen Standorten, an denen sie t\u00e4tig ist, mit Professionalit\u00e4t, Loyalit\u00e4t und Integrit\u00e4t und erwartet von allen ihren Mitarbeitern und Partnern, dass sie dies ebenfalls tun.<\/p>\n\n\n\n<p>Der Verhaltenskodex der Gruppe zur Bek\u00e4mpfung von Korruption und Einflussnahme definiert und veranschaulicht die verschiedenen Arten von Verhaltensweisen, die zu unterlassen sind. Il s\u2019adresse \u00e0 tous les collaborateurs du Groupe partout o\u00f9 l\u2019entreprise exerce une activit\u00e9, y compris \u00e0 l\u2019\u00e9tranger, il est communiqu\u00e9 \u00e0 ses partenaires via des clauses contractuelles.<\/p>\n\n\n\n<p>\u201eDie Compagnie Fruiti\u00e8re verurteilt und lehnt jede Form von Korruption ab. Sie hat f\u00fcr sich selbst und ihre Tochtergesellschaften die Erkl\u00e4rung zur Korruptionspr\u00e4vention unterzeichnet, die 2005 verabschiedet und 2015 vom franz\u00f6sischen Rat der Investoren in Afrika (CIAN) \u00fcberarbeitet wurde.\u201c J\u00e9r\u00f4me Fabre, Pr\u00e4sident der Compagnie Fruiti\u00e8re-Gruppe \u201eCharta der sozialen Verantwortung\u201c, September 2016.<\/p>\n\n\n<a target=\"_blank\" class=\"cf-content-btn\" href=\"https:\/\/fruitiere.integrityline.app\/app-page;appPageName=Open%20a%20postbox?lang=de\">Entdecken Sie unseren Verhaltenskodex zur Korruptionsbek\u00e4mpfung<\/a>\n","protected":false},"excerpt":{"rendered":"<p>Unser Engagement gegen Korruption und Einflussnahme Seit ihrer Gr\u00fcndung st\u00fctzt sich die Compagnie Fruiti\u00e8re in ihrem Handeln auf die Achtung der Menschenrechte, der Grundfreiheiten und der Umwelt und stellt die Ethik in den Mittelpunkt ihrer Werte. Die Gruppe handelt bei allen ihren Gesch\u00e4ften und Gesch\u00e4ftsbeziehungen an allen Standorten, an denen sie t\u00e4tig ist, mit Professionalit\u00e4t, [&hellip;]<\/p>\n","protected":false},"author":6,"featured_media":0,"parent":0,"menu_order":0,"comment_status":"closed","ping_status":"closed","template":"","meta":{"_et_pb_use_builder":"off","_et_pb_old_content":"","_et_gb_content_width":"","footnotes":""},"class_list":["post-12838","page","type-page","status-publish","hentry"],"yoast_head":"<!-- This site is optimized with the Yoast SEO plugin v27.3 - https:\/\/yoast.com\/product\/yoast-seo-wordpress\/ -->\n<title>Korruption und Einflussnahme - Compagnie fruiti\u00e8re<\/title>\n<meta name=\"robots\" content=\"index, follow, max-snippet:-1, max-image-preview:large, max-video-preview:-1\" \/>\n<link rel=\"canonical\" href=\"https:\/\/www.compagniefruitiere.fr\/de\/korruption-und-einflussnahme\/\" \/>\n<meta property=\"og:locale\" content=\"de_DE\" \/>\n<meta property=\"og:type\" content=\"article\" \/>\n<meta property=\"og:title\" content=\"Korruption und Einflussnahme - Compagnie fruiti\u00e8re\" \/>\n<meta property=\"og:description\" content=\"Unser Engagement gegen Korruption und Einflussnahme Seit ihrer Gr\u00fcndung st\u00fctzt sich die Compagnie Fruiti\u00e8re in ihrem Handeln auf die Achtung der Menschenrechte, der Grundfreiheiten und der Umwelt und stellt die Ethik in den Mittelpunkt ihrer Werte. Die Gruppe handelt bei allen ihren Gesch\u00e4ften und Gesch\u00e4ftsbeziehungen an allen Standorten, an denen sie t\u00e4tig ist, mit Professionalit\u00e4t, [&hellip;]\" \/>\n<meta property=\"og:url\" content=\"https:\/\/www.compagniefruitiere.fr\/de\/korruption-und-einflussnahme\/\" \/>\n<meta property=\"og:site_name\" content=\"Compagnie fruiti\u00e8re\" \/>\n<meta property=\"article:modified_time\" content=\"2026-01-29T09:31:09+00:00\" \/>\n<meta name=\"twitter:card\" content=\"summary_large_image\" \/>\n<meta name=\"twitter:label1\" content=\"Gesch\u00e4tzte Lesezeit\" \/>\n\t<meta name=\"twitter:data1\" content=\"1\u00a0Minute\" \/>\n<script type=\"application\/ld+json\" class=\"yoast-schema-graph\">{\"@context\":\"https:\\\/\\\/schema.org\",\"@graph\":[{\"@type\":\"WebPage\",\"@id\":\"https:\\\/\\\/www.compagniefruitiere.fr\\\/de\\\/korruption-und-einflussnahme\\\/\",\"url\":\"https:\\\/\\\/www.compagniefruitiere.fr\\\/de\\\/korruption-und-einflussnahme\\\/\",\"name\":\"Korruption und Einflussnahme - Compagnie fruiti\u00e8re\",\"isPartOf\":{\"@id\":\"https:\\\/\\\/www.compagniefruitiere.fr\\\/de\\\/#website\"},\"datePublished\":\"2025-05-12T13:28:35+00:00\",\"dateModified\":\"2026-01-29T09:31:09+00:00\",\"breadcrumb\":{\"@id\":\"https:\\\/\\\/www.compagniefruitiere.fr\\\/de\\\/korruption-und-einflussnahme\\\/#breadcrumb\"},\"inLanguage\":\"de\",\"potentialAction\":[{\"@type\":\"ReadAction\",\"target\":[\"https:\\\/\\\/www.compagniefruitiere.fr\\\/de\\\/korruption-und-einflussnahme\\\/\"]}]},{\"@type\":\"BreadcrumbList\",\"@id\":\"https:\\\/\\\/www.compagniefruitiere.fr\\\/de\\\/korruption-und-einflussnahme\\\/#breadcrumb\",\"itemListElement\":[{\"@type\":\"ListItem\",\"position\":1,\"name\":\"Accueil\",\"item\":\"https:\\\/\\\/www.compagniefruitiere.fr\\\/de\\\/\"},{\"@type\":\"ListItem\",\"position\":2,\"name\":\"Korruption und Einflussnahme\"}]},{\"@type\":\"WebSite\",\"@id\":\"https:\\\/\\\/www.compagniefruitiere.fr\\\/de\\\/#website\",\"url\":\"https:\\\/\\\/www.compagniefruitiere.fr\\\/de\\\/\",\"name\":\"Compagnie fruiti\u00e8re\",\"description\":\"Origine : Nature.\",\"publisher\":{\"@id\":\"https:\\\/\\\/www.compagniefruitiere.fr\\\/de\\\/#organization\"},\"potentialAction\":[{\"@type\":\"SearchAction\",\"target\":{\"@type\":\"EntryPoint\",\"urlTemplate\":\"https:\\\/\\\/www.compagniefruitiere.fr\\\/de\\\/?s={search_term_string}\"},\"query-input\":{\"@type\":\"PropertyValueSpecification\",\"valueRequired\":true,\"valueName\":\"search_term_string\"}}],\"inLanguage\":\"de\"},{\"@type\":\"Organization\",\"@id\":\"https:\\\/\\\/www.compagniefruitiere.fr\\\/de\\\/#organization\",\"name\":\"Compagnie fruiti\u00e8re\",\"url\":\"https:\\\/\\\/www.compagniefruitiere.fr\\\/de\\\/\",\"logo\":{\"@type\":\"ImageObject\",\"inLanguage\":\"de\",\"@id\":\"https:\\\/\\\/www.compagniefruitiere.fr\\\/de\\\/#\\\/schema\\\/logo\\\/image\\\/\",\"url\":\"https:\\\/\\\/www.compagniefruitiere.fr\\\/wp-content\\\/uploads\\\/2022\\\/03\\\/compagniefrutiere-logo.svg\",\"contentUrl\":\"https:\\\/\\\/www.compagniefruitiere.fr\\\/wp-content\\\/uploads\\\/2022\\\/03\\\/compagniefrutiere-logo.svg\",\"width\":471,\"height\":113,\"caption\":\"Compagnie fruiti\u00e8re\"},\"image\":{\"@id\":\"https:\\\/\\\/www.compagniefruitiere.fr\\\/de\\\/#\\\/schema\\\/logo\\\/image\\\/\"},\"sameAs\":[\"https:\\\/\\\/www.linkedin.com\\\/company\\\/compagnie-fruitiere\\\/\"]}]}<\/script>\n<!-- \/ Yoast SEO plugin. -->","yoast_head_json":{"title":"Korruption und Einflussnahme - Compagnie fruiti\u00e8re","robots":{"index":"index","follow":"follow","max-snippet":"max-snippet:-1","max-image-preview":"max-image-preview:large","max-video-preview":"max-video-preview:-1"},"canonical":"https:\/\/www.compagniefruitiere.fr\/de\/korruption-und-einflussnahme\/","og_locale":"de_DE","og_type":"article","og_title":"Korruption und Einflussnahme - Compagnie fruiti\u00e8re","og_description":"Unser Engagement gegen Korruption und Einflussnahme Seit ihrer Gr\u00fcndung st\u00fctzt sich die Compagnie Fruiti\u00e8re in ihrem Handeln auf die Achtung der Menschenrechte, der Grundfreiheiten und der Umwelt und stellt die Ethik in den Mittelpunkt ihrer Werte. Die Gruppe handelt bei allen ihren Gesch\u00e4ften und Gesch\u00e4ftsbeziehungen an allen Standorten, an denen sie t\u00e4tig ist, mit Professionalit\u00e4t, [&hellip;]","og_url":"https:\/\/www.compagniefruitiere.fr\/de\/korruption-und-einflussnahme\/","og_site_name":"Compagnie fruiti\u00e8re","article_modified_time":"2026-01-29T09:31:09+00:00","twitter_card":"summary_large_image","twitter_misc":{"Gesch\u00e4tzte Lesezeit":"1\u00a0Minute"},"schema":{"@context":"https:\/\/schema.org","@graph":[{"@type":"WebPage","@id":"https:\/\/www.compagniefruitiere.fr\/de\/korruption-und-einflussnahme\/","url":"https:\/\/www.compagniefruitiere.fr\/de\/korruption-und-einflussnahme\/","name":"Korruption und Einflussnahme - Compagnie fruiti\u00e8re","isPartOf":{"@id":"https:\/\/www.compagniefruitiere.fr\/de\/#website"},"datePublished":"2025-05-12T13:28:35+00:00","dateModified":"2026-01-29T09:31:09+00:00","breadcrumb":{"@id":"https:\/\/www.compagniefruitiere.fr\/de\/korruption-und-einflussnahme\/#breadcrumb"},"inLanguage":"de","potentialAction":[{"@type":"ReadAction","target":["https:\/\/www.compagniefruitiere.fr\/de\/korruption-und-einflussnahme\/"]}]},{"@type":"BreadcrumbList","@id":"https:\/\/www.compagniefruitiere.fr\/de\/korruption-und-einflussnahme\/#breadcrumb","itemListElement":[{"@type":"ListItem","position":1,"name":"Accueil","item":"https:\/\/www.compagniefruitiere.fr\/de\/"},{"@type":"ListItem","position":2,"name":"Korruption und Einflussnahme"}]},{"@type":"WebSite","@id":"https:\/\/www.compagniefruitiere.fr\/de\/#website","url":"https:\/\/www.compagniefruitiere.fr\/de\/","name":"Compagnie fruiti\u00e8re","description":"Origine : Nature.","publisher":{"@id":"https:\/\/www.compagniefruitiere.fr\/de\/#organization"},"potentialAction":[{"@type":"SearchAction","target":{"@type":"EntryPoint","urlTemplate":"https:\/\/www.compagniefruitiere.fr\/de\/?s={search_term_string}"},"query-input":{"@type":"PropertyValueSpecification","valueRequired":true,"valueName":"search_term_string"}}],"inLanguage":"de"},{"@type":"Organization","@id":"https:\/\/www.compagniefruitiere.fr\/de\/#organization","name":"Compagnie fruiti\u00e8re","url":"https:\/\/www.compagniefruitiere.fr\/de\/","logo":{"@type":"ImageObject","inLanguage":"de","@id":"https:\/\/www.compagniefruitiere.fr\/de\/#\/schema\/logo\/image\/","url":"https:\/\/www.compagniefruitiere.fr\/wp-content\/uploads\/2022\/03\/compagniefrutiere-logo.svg","contentUrl":"https:\/\/www.compagniefruitiere.fr\/wp-content\/uploads\/2022\/03\/compagniefrutiere-logo.svg","width":471,"height":113,"caption":"Compagnie fruiti\u00e8re"},"image":{"@id":"https:\/\/www.compagniefruitiere.fr\/de\/#\/schema\/logo\/image\/"},"sameAs":["https:\/\/www.linkedin.com\/company\/compagnie-fruitiere\/"]}]}},"_links":{"self":[{"href":"https:\/\/www.compagniefruitiere.fr\/de\/wp-json\/wp\/v2\/pages\/12838","targetHints":{"allow":["GET"]}}],"collection":[{"href":"https:\/\/www.compagniefruitiere.fr\/de\/wp-json\/wp\/v2\/pages"}],"about":[{"href":"https:\/\/www.compagniefruitiere.fr\/de\/wp-json\/wp\/v2\/types\/page"}],"author":[{"embeddable":true,"href":"https:\/\/www.compagniefruitiere.fr\/de\/wp-json\/wp\/v2\/users\/6"}],"replies":[{"embeddable":true,"href":"https:\/\/www.compagniefruitiere.fr\/de\/wp-json\/wp\/v2\/comments?post=12838"}],"version-history":[{"count":2,"href":"https:\/\/www.compagniefruitiere.fr\/de\/wp-json\/wp\/v2\/pages\/12838\/revisions"}],"predecessor-version":[{"id":12855,"href":"https:\/\/www.compagniefruitiere.fr\/de\/wp-json\/wp\/v2\/pages\/12838\/revisions\/12855"}],"wp:attachment":[{"href":"https:\/\/www.compagniefruitiere.fr\/de\/wp-json\/wp\/v2\/media?parent=12838"}],"curies":[{"name":"wp","href":"https:\/\/api.w.org\/{rel}","templated":true}]}}