{"id":12832,"date":"2025-05-12T15:25:23","date_gmt":"2025-05-12T13:25:23","guid":{"rendered":"https:\/\/www.compagniefruitiere.fr\/die-sorgfaltspflicht\/"},"modified":"2026-01-29T10:31:23","modified_gmt":"2026-01-29T09:31:23","slug":"die-sorgfaltspflicht","status":"publish","type":"page","link":"https:\/\/www.compagniefruitiere.fr\/de\/die-sorgfaltspflicht\/","title":{"rendered":"Die Sorgfaltspflicht"},"content":{"rendered":"\n<p><strong>Unser Engagement f\u00fcr eine verantwortungsvolle Zukunft<\/strong><\/p>\n\n\n\n<p>In einer sich st\u00e4ndig ver\u00e4ndernden Welt, in der Unternehmen in komplexen und multikulturellen Umgebungen t\u00e4tig sind, sind Integrit\u00e4t und Ethik die Grundlagen f\u00fcr unseren nachhaltigen Erfolg.<\/p>\n\n\n\n<p>Die Einhaltung von Gesetzen, Vorschriften und ethischen Werten steht im Mittelpunkt des Handelns der Compagnie Fruiti\u00e8re. Diese Anforderung st\u00e4rkt das Vertrauen unserer Partner, sch\u00fctzt unseren Ruf und f\u00f6rdert langfristige Gesch\u00e4ftsbeziehungen.<\/p>\n\n\n\n<p>Als gr\u00f6\u00dfter Obstproduzent Afrikas und f\u00fchrender Obstvertrieb in Europa handeln wir mit einem klaren Bewusstsein f\u00fcr unsere Verantwortung, unseren Einfluss auf die Lieferketten, unsere Verankerung in den Regionen und unsere direkte Verbindung zu den Menschen, die dort leben oder arbeiten.<\/p>\n\n\n\n<p>In \u00dcbereinstimmung mit dem franz\u00f6sischen Gesetz vom 27. M\u00e4rz 2017 \u00fcber die Sorgfaltspflicht von Muttergesellschaften und auftraggebenden Unternehmen hat unsere Gruppe einen Sorgfaltsplan ausgearbeitet. \u00dcber die gesetzlichen Anforderungen hinaus spiegelt dies unser tiefes Engagement wider, schwerwiegende Verletzungen der Menschenrechte, der Gesundheit und Sicherheit von Menschen sowie der Umwelt \u00fcberall dort zu verhindern, wo wir t\u00e4tig sind.<\/p>\n\n\n\n<p>Dieser Plan ist Teil unseres umfassenderen Ansatzes zur sozialen und \u00f6kologischen Verantwortung. Es ist das Ergebnis einer engen Zusammenarbeit zwischen unseren Teams, unseren Partnern und den Akteuren vor Ort.<\/p>\n\n\n\n<p>Wir sind fest davon \u00fcberzeugt, dass ein nachhaltiges Wirtschaftsmodell nur unter Achtung der Grundrechte und unseres Planeten aufgebaut werden kann.<\/p>\n\n\n<a target=\"_blank\" class=\"cf-content-btn\" href=\"https:\/\/www.compagniefruitiere.fr\/wp-content\/uploads\/2025\/07\/CIE-FRUITIERE_PLAN-VIGILANCE_2024-25_FR_WEB.pdf\">Entdecken Sie unseren Wachsamkeitsbericht (Franz\u00f6sisch)<\/a>\n","protected":false},"excerpt":{"rendered":"<p>Unser Engagement f\u00fcr eine verantwortungsvolle Zukunft In einer sich st\u00e4ndig ver\u00e4ndernden Welt, in der Unternehmen in komplexen und multikulturellen Umgebungen t\u00e4tig sind, sind Integrit\u00e4t und Ethik die Grundlagen f\u00fcr unseren nachhaltigen Erfolg. Die Einhaltung von Gesetzen, Vorschriften und ethischen Werten steht im Mittelpunkt des Handelns der Compagnie Fruiti\u00e8re. Diese Anforderung st\u00e4rkt das Vertrauen unserer Partner, [&hellip;]<\/p>\n","protected":false},"author":6,"featured_media":0,"parent":0,"menu_order":0,"comment_status":"closed","ping_status":"closed","template":"","meta":{"_et_pb_use_builder":"off","_et_pb_old_content":"","_et_gb_content_width":"","footnotes":""},"class_list":["post-12832","page","type-page","status-publish","hentry"],"yoast_head":"<!-- This site is optimized with the Yoast SEO plugin v27.3 - https:\/\/yoast.com\/product\/yoast-seo-wordpress\/ -->\n<title>Die Sorgfaltspflicht - Compagnie fruiti\u00e8re<\/title>\n<meta name=\"robots\" content=\"index, follow, max-snippet:-1, max-image-preview:large, max-video-preview:-1\" \/>\n<link rel=\"canonical\" href=\"https:\/\/www.compagniefruitiere.fr\/de\/die-sorgfaltspflicht\/\" \/>\n<meta property=\"og:locale\" content=\"de_DE\" \/>\n<meta property=\"og:type\" content=\"article\" \/>\n<meta property=\"og:title\" content=\"Die Sorgfaltspflicht - Compagnie fruiti\u00e8re\" \/>\n<meta property=\"og:description\" content=\"Unser Engagement f\u00fcr eine verantwortungsvolle Zukunft In einer sich st\u00e4ndig ver\u00e4ndernden Welt, in der Unternehmen in komplexen und multikulturellen Umgebungen t\u00e4tig sind, sind Integrit\u00e4t und Ethik die Grundlagen f\u00fcr unseren nachhaltigen Erfolg. Die Einhaltung von Gesetzen, Vorschriften und ethischen Werten steht im Mittelpunkt des Handelns der Compagnie Fruiti\u00e8re. Diese Anforderung st\u00e4rkt das Vertrauen unserer Partner, [&hellip;]\" \/>\n<meta property=\"og:url\" content=\"https:\/\/www.compagniefruitiere.fr\/de\/die-sorgfaltspflicht\/\" \/>\n<meta property=\"og:site_name\" content=\"Compagnie fruiti\u00e8re\" \/>\n<meta property=\"article:modified_time\" content=\"2026-01-29T09:31:23+00:00\" \/>\n<meta name=\"twitter:card\" content=\"summary_large_image\" \/>\n<meta name=\"twitter:label1\" content=\"Gesch\u00e4tzte Lesezeit\" \/>\n\t<meta name=\"twitter:data1\" content=\"2\u00a0Minuten\" \/>\n<script type=\"application\/ld+json\" class=\"yoast-schema-graph\">{\"@context\":\"https:\\\/\\\/schema.org\",\"@graph\":[{\"@type\":\"WebPage\",\"@id\":\"https:\\\/\\\/www.compagniefruitiere.fr\\\/de\\\/die-sorgfaltspflicht\\\/\",\"url\":\"https:\\\/\\\/www.compagniefruitiere.fr\\\/de\\\/die-sorgfaltspflicht\\\/\",\"name\":\"Die Sorgfaltspflicht - Compagnie fruiti\u00e8re\",\"isPartOf\":{\"@id\":\"https:\\\/\\\/www.compagniefruitiere.fr\\\/de\\\/#website\"},\"datePublished\":\"2025-05-12T13:25:23+00:00\",\"dateModified\":\"2026-01-29T09:31:23+00:00\",\"breadcrumb\":{\"@id\":\"https:\\\/\\\/www.compagniefruitiere.fr\\\/de\\\/die-sorgfaltspflicht\\\/#breadcrumb\"},\"inLanguage\":\"de\",\"potentialAction\":[{\"@type\":\"ReadAction\",\"target\":[\"https:\\\/\\\/www.compagniefruitiere.fr\\\/de\\\/die-sorgfaltspflicht\\\/\"]}]},{\"@type\":\"BreadcrumbList\",\"@id\":\"https:\\\/\\\/www.compagniefruitiere.fr\\\/de\\\/die-sorgfaltspflicht\\\/#breadcrumb\",\"itemListElement\":[{\"@type\":\"ListItem\",\"position\":1,\"name\":\"Accueil\",\"item\":\"https:\\\/\\\/www.compagniefruitiere.fr\\\/de\\\/\"},{\"@type\":\"ListItem\",\"position\":2,\"name\":\"Die Sorgfaltspflicht\"}]},{\"@type\":\"WebSite\",\"@id\":\"https:\\\/\\\/www.compagniefruitiere.fr\\\/de\\\/#website\",\"url\":\"https:\\\/\\\/www.compagniefruitiere.fr\\\/de\\\/\",\"name\":\"Compagnie fruiti\u00e8re\",\"description\":\"Origine : Nature.\",\"publisher\":{\"@id\":\"https:\\\/\\\/www.compagniefruitiere.fr\\\/de\\\/#organization\"},\"potentialAction\":[{\"@type\":\"SearchAction\",\"target\":{\"@type\":\"EntryPoint\",\"urlTemplate\":\"https:\\\/\\\/www.compagniefruitiere.fr\\\/de\\\/?s={search_term_string}\"},\"query-input\":{\"@type\":\"PropertyValueSpecification\",\"valueRequired\":true,\"valueName\":\"search_term_string\"}}],\"inLanguage\":\"de\"},{\"@type\":\"Organization\",\"@id\":\"https:\\\/\\\/www.compagniefruitiere.fr\\\/de\\\/#organization\",\"name\":\"Compagnie fruiti\u00e8re\",\"url\":\"https:\\\/\\\/www.compagniefruitiere.fr\\\/de\\\/\",\"logo\":{\"@type\":\"ImageObject\",\"inLanguage\":\"de\",\"@id\":\"https:\\\/\\\/www.compagniefruitiere.fr\\\/de\\\/#\\\/schema\\\/logo\\\/image\\\/\",\"url\":\"https:\\\/\\\/www.compagniefruitiere.fr\\\/wp-content\\\/uploads\\\/2022\\\/03\\\/compagniefrutiere-logo.svg\",\"contentUrl\":\"https:\\\/\\\/www.compagniefruitiere.fr\\\/wp-content\\\/uploads\\\/2022\\\/03\\\/compagniefrutiere-logo.svg\",\"width\":471,\"height\":113,\"caption\":\"Compagnie fruiti\u00e8re\"},\"image\":{\"@id\":\"https:\\\/\\\/www.compagniefruitiere.fr\\\/de\\\/#\\\/schema\\\/logo\\\/image\\\/\"},\"sameAs\":[\"https:\\\/\\\/www.linkedin.com\\\/company\\\/compagnie-fruitiere\\\/\"]}]}<\/script>\n<!-- \/ Yoast SEO plugin. -->","yoast_head_json":{"title":"Die Sorgfaltspflicht - Compagnie fruiti\u00e8re","robots":{"index":"index","follow":"follow","max-snippet":"max-snippet:-1","max-image-preview":"max-image-preview:large","max-video-preview":"max-video-preview:-1"},"canonical":"https:\/\/www.compagniefruitiere.fr\/de\/die-sorgfaltspflicht\/","og_locale":"de_DE","og_type":"article","og_title":"Die Sorgfaltspflicht - Compagnie fruiti\u00e8re","og_description":"Unser Engagement f\u00fcr eine verantwortungsvolle Zukunft In einer sich st\u00e4ndig ver\u00e4ndernden Welt, in der Unternehmen in komplexen und multikulturellen Umgebungen t\u00e4tig sind, sind Integrit\u00e4t und Ethik die Grundlagen f\u00fcr unseren nachhaltigen Erfolg. Die Einhaltung von Gesetzen, Vorschriften und ethischen Werten steht im Mittelpunkt des Handelns der Compagnie Fruiti\u00e8re. Diese Anforderung st\u00e4rkt das Vertrauen unserer Partner, [&hellip;]","og_url":"https:\/\/www.compagniefruitiere.fr\/de\/die-sorgfaltspflicht\/","og_site_name":"Compagnie fruiti\u00e8re","article_modified_time":"2026-01-29T09:31:23+00:00","twitter_card":"summary_large_image","twitter_misc":{"Gesch\u00e4tzte Lesezeit":"2\u00a0Minuten"},"schema":{"@context":"https:\/\/schema.org","@graph":[{"@type":"WebPage","@id":"https:\/\/www.compagniefruitiere.fr\/de\/die-sorgfaltspflicht\/","url":"https:\/\/www.compagniefruitiere.fr\/de\/die-sorgfaltspflicht\/","name":"Die Sorgfaltspflicht - Compagnie fruiti\u00e8re","isPartOf":{"@id":"https:\/\/www.compagniefruitiere.fr\/de\/#website"},"datePublished":"2025-05-12T13:25:23+00:00","dateModified":"2026-01-29T09:31:23+00:00","breadcrumb":{"@id":"https:\/\/www.compagniefruitiere.fr\/de\/die-sorgfaltspflicht\/#breadcrumb"},"inLanguage":"de","potentialAction":[{"@type":"ReadAction","target":["https:\/\/www.compagniefruitiere.fr\/de\/die-sorgfaltspflicht\/"]}]},{"@type":"BreadcrumbList","@id":"https:\/\/www.compagniefruitiere.fr\/de\/die-sorgfaltspflicht\/#breadcrumb","itemListElement":[{"@type":"ListItem","position":1,"name":"Accueil","item":"https:\/\/www.compagniefruitiere.fr\/de\/"},{"@type":"ListItem","position":2,"name":"Die Sorgfaltspflicht"}]},{"@type":"WebSite","@id":"https:\/\/www.compagniefruitiere.fr\/de\/#website","url":"https:\/\/www.compagniefruitiere.fr\/de\/","name":"Compagnie fruiti\u00e8re","description":"Origine : Nature.","publisher":{"@id":"https:\/\/www.compagniefruitiere.fr\/de\/#organization"},"potentialAction":[{"@type":"SearchAction","target":{"@type":"EntryPoint","urlTemplate":"https:\/\/www.compagniefruitiere.fr\/de\/?s={search_term_string}"},"query-input":{"@type":"PropertyValueSpecification","valueRequired":true,"valueName":"search_term_string"}}],"inLanguage":"de"},{"@type":"Organization","@id":"https:\/\/www.compagniefruitiere.fr\/de\/#organization","name":"Compagnie fruiti\u00e8re","url":"https:\/\/www.compagniefruitiere.fr\/de\/","logo":{"@type":"ImageObject","inLanguage":"de","@id":"https:\/\/www.compagniefruitiere.fr\/de\/#\/schema\/logo\/image\/","url":"https:\/\/www.compagniefruitiere.fr\/wp-content\/uploads\/2022\/03\/compagniefrutiere-logo.svg","contentUrl":"https:\/\/www.compagniefruitiere.fr\/wp-content\/uploads\/2022\/03\/compagniefrutiere-logo.svg","width":471,"height":113,"caption":"Compagnie fruiti\u00e8re"},"image":{"@id":"https:\/\/www.compagniefruitiere.fr\/de\/#\/schema\/logo\/image\/"},"sameAs":["https:\/\/www.linkedin.com\/company\/compagnie-fruitiere\/"]}]}},"_links":{"self":[{"href":"https:\/\/www.compagniefruitiere.fr\/de\/wp-json\/wp\/v2\/pages\/12832","targetHints":{"allow":["GET"]}}],"collection":[{"href":"https:\/\/www.compagniefruitiere.fr\/de\/wp-json\/wp\/v2\/pages"}],"about":[{"href":"https:\/\/www.compagniefruitiere.fr\/de\/wp-json\/wp\/v2\/types\/page"}],"author":[{"embeddable":true,"href":"https:\/\/www.compagniefruitiere.fr\/de\/wp-json\/wp\/v2\/users\/6"}],"replies":[{"embeddable":true,"href":"https:\/\/www.compagniefruitiere.fr\/de\/wp-json\/wp\/v2\/comments?post=12832"}],"version-history":[{"count":3,"href":"https:\/\/www.compagniefruitiere.fr\/de\/wp-json\/wp\/v2\/pages\/12832\/revisions"}],"predecessor-version":[{"id":12934,"href":"https:\/\/www.compagniefruitiere.fr\/de\/wp-json\/wp\/v2\/pages\/12832\/revisions\/12934"}],"wp:attachment":[{"href":"https:\/\/www.compagniefruitiere.fr\/de\/wp-json\/wp\/v2\/media?parent=12832"}],"curies":[{"name":"wp","href":"https:\/\/api.w.org\/{rel}","templated":true}]}}