{"id":10859,"date":"2022-07-12T14:47:28","date_gmt":"2022-07-12T12:47:28","guid":{"rendered":"https:\/\/www.compagniefruitiere.fr\/mangos\/"},"modified":"2026-01-22T13:04:44","modified_gmt":"2026-01-22T12:04:44","slug":"mangos","status":"publish","type":"page","link":"https:\/\/www.compagniefruitiere.fr\/de\/mangos\/","title":{"rendered":"Mangos"},"content":{"rendered":"\n<h3 class=\"wp-block-heading\">Verf\u00fcgbare Sorten<\/h3>\n\n\n\n<ul class=\"wp-block-list\">\n<li>Kent<\/li>\n\n\n\n<li>Keitt<\/li>\n<\/ul>\n\n\n\n<h3 class=\"wp-block-heading\">Zeitplan f\u00fcr die Vermarktung<\/h3>\n\n\n\n<ul class=\"wp-block-list\">\n<li>Peru: Dezember bis April<\/li>\n\n\n\n<li>Elfenbeink\u00fcste: April bis Mai<\/li>\n\n\n\n<li>Mali: Juni<\/li>\n\n\n\n<li>Senegal: Juli und August<\/li>\n\n\n\n<li>Brasilien: Oktober bis November<\/li>\n\n\n\n<li>Spanien: September<\/li>\n<\/ul>\n\n\n\n<h3 class=\"wp-block-heading\">Verf\u00fcgbare Gr\u00f6\u00dfen<\/h3>\n\n\n\n<ul class=\"wp-block-list\">\n<li>8, 9, 10, 12, 14<\/li>\n<\/ul>\n\n\n\n<h3 class=\"wp-block-heading\">Marken<\/h3>\n\n\n\n<ul class=\"wp-block-list\">\n<li>SCB <\/li>\n\n\n\n<li>SCB Bio<\/li>\n\n\n\n<li>SCB S\u00e9lection<\/li>\n<\/ul>\n\n\n\n<h3 class=\"wp-block-heading\">Verpackung<\/h3>\n\n\n\n<ul class=\"wp-block-list\">\n<li>Paket von 4 kg<\/li>\n\n\n\n<li>Paket von 6 kg (S\u00e9lection Schiff und Flugzeug)<\/li>\n<\/ul>\n\n\n\n<h3 class=\"wp-block-heading\">Art des Transports<\/h3>\n\n\n\n<ul class=\"wp-block-list\">\n<li>Schiff: Peru, Elfenbeink\u00fcste, Senegal, Brasilien, Mali<\/li>\n\n\n\n<li>Flugzeug: Brasilien, Peru, Mexiko<\/li>\n\n\n\n<li>Land: Spanien<\/li>\n<\/ul>\n","protected":false},"excerpt":{"rendered":"<p>Verf\u00fcgbare Sorten Zeitplan f\u00fcr die Vermarktung Verf\u00fcgbare Gr\u00f6\u00dfen Marken Verpackung Art des Transports<\/p>\n","protected":false},"author":1,"featured_media":0,"parent":0,"menu_order":3,"comment_status":"closed","ping_status":"closed","template":"","meta":{"_et_pb_use_builder":"off","_et_pb_old_content":"<p>[et_pb_section admin_label=\"section\"]<br \/>[et_pb_row admin_label=\"row\"]<br \/>[et_pb_column type=\"4_4\"][et_pb_text admin_label=\"Text\"]<\/p>\n\n<!-- wp:heading {\"level\":3} -->\n<h3 class=\"wp-block-heading\">Verf\u00fcgbare Sorten<\/h3>\n<!-- \/wp:heading -->\n\n<!-- wp:list -->\n<ul class=\"wp-block-list\"><!-- wp:list-item -->\n<li>Kent<\/li>\n<!-- \/wp:list-item --><\/ul>\n<!-- \/wp:list -->\n\n<!-- wp:heading {\"level\":3} -->\n<h3 class=\"wp-block-heading\">Zeitplan f\u00fcr die Vermarktung<\/h3>\n<!-- \/wp:heading -->\n\n<!-- wp:list -->\n<ul class=\"wp-block-list\"><!-- wp:list-item -->\n<li>Peru: Januar bis April<\/li>\n<!-- \/wp:list-item -->\n\n<!-- wp:list-item -->\n<li>Elfenbeink\u00fcste: April bis Juni<\/li>\n<!-- \/wp:list-item -->\n\n<!-- wp:list-item -->\n<li>Mali: Juni<\/li>\n<!-- \/wp:list-item -->\n\n<!-- wp:list-item -->\n<li>Senegal: Juli und August<\/li>\n<!-- \/wp:list-item -->\n\n<!-- wp:list-item -->\n<li>Israel: August und September<\/li>\n<!-- \/wp:list-item -->\n\n<!-- wp:list-item -->\n<li>Brasilien: Oktober bis Dezember<\/li>\n<!-- \/wp:list-item -->\n\n<!-- wp:list-item -->\n<li>Spanien: September und Oktober<\/li>\n<!-- \/wp:list-item --><\/ul>\n<!-- \/wp:list -->\n\n<!-- wp:heading {\"level\":3} -->\n<h3 class=\"wp-block-heading\">Verf\u00fcgbare Gr\u00f6\u00dfen<\/h3>\n<!-- \/wp:heading -->\n\n<!-- wp:list -->\n<ul class=\"wp-block-list\"><!-- wp:list-item -->\n<li>8, 9, 10, 12, 14<\/li>\n<!-- \/wp:list-item --><\/ul>\n<!-- \/wp:list -->\n\n<!-- wp:heading {\"level\":3} -->\n<h3 class=\"wp-block-heading\">Marken<\/h3>\n<!-- \/wp:heading -->\n\n<!-- wp:list -->\n<ul class=\"wp-block-list\"><!-- wp:list-item -->\n<li>SCB <\/li>\n<!-- \/wp:list-item -->\n\n<!-- wp:list-item -->\n<li>SCB Bio<\/li>\n<!-- \/wp:list-item -->\n\n<!-- wp:list-item -->\n<li>SCB S\u00e9l\u00e9ction<\/li>\n<!-- \/wp:list-item --><\/ul>\n<!-- \/wp:list -->\n\n<!-- wp:heading {\"level\":3} -->\n<h3 class=\"wp-block-heading\">Verpackung<\/h3>\n<!-- \/wp:heading -->\n\n<!-- wp:list -->\n<ul class=\"wp-block-list\"><!-- wp:list-item -->\n<li>Paket von 4 kg<\/li>\n<!-- \/wp:list-item -->\n\n<!-- wp:list-item -->\n<li>Paket von 6 kg (S\u00e9l\u00e9ction Schiff und Flugzeug)<\/li>\n<!-- \/wp:list-item --><\/ul>\n<!-- \/wp:list -->\n\n<!-- wp:heading {\"level\":3} -->\n<h3 class=\"wp-block-heading\">Art des Transports<\/h3>\n<!-- \/wp:heading -->\n\n<!-- wp:list -->\n<ul class=\"wp-block-list\"><!-- wp:list-item -->\n<li>Schiff: Peru, Elfenbeink\u00fcste, Senegal, Brasilien, Mali, Israel<\/li>\n<!-- \/wp:list-item -->\n\n<!-- wp:list-item -->\n<li>Flugzeug: Brasilien, Peru, Mexiko<\/li>\n<!-- \/wp:list-item -->\n\n<!-- wp:list-item -->\n<li>Land: Spanien<\/li>\n<!-- \/wp:list-item --><\/ul>\n<!-- \/wp:list -->\n\n<p>[\/et_pb_text][\/et_pb_column]<br \/>[\/et_pb_row]<br \/>[\/et_pb_section]<\/p>","_et_gb_content_width":"","footnotes":""},"class_list":["post-10859","page","type-page","status-publish","hentry"],"yoast_head":"<!-- This site is optimized with the Yoast SEO plugin v27.3 - https:\/\/yoast.com\/product\/yoast-seo-wordpress\/ -->\n<title>Mangos : Qualit\u00e4t und Frische das ganze Jahr \u00fcber | Compagnie Fruiti\u00e8re<\/title>\n<meta name=\"description\" content=\"Die Compagnie Fruiti\u00e8re produziert, transportiert, reift und vermarktet Mangos in Europa und der ganzen Welt.\" \/>\n<meta name=\"robots\" content=\"index, follow, max-snippet:-1, max-image-preview:large, max-video-preview:-1\" \/>\n<link rel=\"canonical\" href=\"https:\/\/www.compagniefruitiere.fr\/de\/mangos\/\" \/>\n<meta property=\"og:locale\" content=\"de_DE\" \/>\n<meta property=\"og:type\" content=\"article\" \/>\n<meta property=\"og:title\" content=\"Mangos : Qualit\u00e4t und Frische das ganze Jahr \u00fcber | Compagnie Fruiti\u00e8re\" \/>\n<meta property=\"og:description\" content=\"Die Compagnie Fruiti\u00e8re produziert, transportiert, reift und vermarktet Mangos in Europa und der ganzen Welt.\" \/>\n<meta property=\"og:url\" content=\"https:\/\/www.compagniefruitiere.fr\/de\/mangos\/\" \/>\n<meta property=\"og:site_name\" content=\"Compagnie fruiti\u00e8re\" \/>\n<meta property=\"article:modified_time\" content=\"2026-01-22T12:04:44+00:00\" \/>\n<meta name=\"twitter:card\" content=\"summary_large_image\" \/>\n<meta name=\"twitter:label1\" content=\"Gesch\u00e4tzte Lesezeit\" \/>\n\t<meta name=\"twitter:data1\" content=\"1\u00a0Minute\" \/>\n<script type=\"application\/ld+json\" class=\"yoast-schema-graph\">{\"@context\":\"https:\\\/\\\/schema.org\",\"@graph\":[{\"@type\":\"WebPage\",\"@id\":\"https:\\\/\\\/www.compagniefruitiere.fr\\\/de\\\/mangos\\\/\",\"url\":\"https:\\\/\\\/www.compagniefruitiere.fr\\\/de\\\/mangos\\\/\",\"name\":\"Mangos : Qualit\u00e4t und Frische das ganze Jahr \u00fcber | Compagnie Fruiti\u00e8re\",\"isPartOf\":{\"@id\":\"https:\\\/\\\/www.compagniefruitiere.fr\\\/de\\\/#website\"},\"datePublished\":\"2022-07-12T12:47:28+00:00\",\"dateModified\":\"2026-01-22T12:04:44+00:00\",\"description\":\"Die Compagnie Fruiti\u00e8re produziert, transportiert, reift und vermarktet Mangos in Europa und der ganzen Welt.\",\"breadcrumb\":{\"@id\":\"https:\\\/\\\/www.compagniefruitiere.fr\\\/de\\\/mangos\\\/#breadcrumb\"},\"inLanguage\":\"de\",\"potentialAction\":[{\"@type\":\"ReadAction\",\"target\":[\"https:\\\/\\\/www.compagniefruitiere.fr\\\/de\\\/mangos\\\/\"]}]},{\"@type\":\"BreadcrumbList\",\"@id\":\"https:\\\/\\\/www.compagniefruitiere.fr\\\/de\\\/mangos\\\/#breadcrumb\",\"itemListElement\":[{\"@type\":\"ListItem\",\"position\":1,\"name\":\"Accueil\",\"item\":\"https:\\\/\\\/www.compagniefruitiere.fr\\\/de\\\/\"},{\"@type\":\"ListItem\",\"position\":2,\"name\":\"Mangos\"}]},{\"@type\":\"WebSite\",\"@id\":\"https:\\\/\\\/www.compagniefruitiere.fr\\\/de\\\/#website\",\"url\":\"https:\\\/\\\/www.compagniefruitiere.fr\\\/de\\\/\",\"name\":\"Compagnie fruiti\u00e8re\",\"description\":\"Origine : Nature.\",\"publisher\":{\"@id\":\"https:\\\/\\\/www.compagniefruitiere.fr\\\/de\\\/#organization\"},\"potentialAction\":[{\"@type\":\"SearchAction\",\"target\":{\"@type\":\"EntryPoint\",\"urlTemplate\":\"https:\\\/\\\/www.compagniefruitiere.fr\\\/de\\\/?s={search_term_string}\"},\"query-input\":{\"@type\":\"PropertyValueSpecification\",\"valueRequired\":true,\"valueName\":\"search_term_string\"}}],\"inLanguage\":\"de\"},{\"@type\":\"Organization\",\"@id\":\"https:\\\/\\\/www.compagniefruitiere.fr\\\/de\\\/#organization\",\"name\":\"Compagnie fruiti\u00e8re\",\"url\":\"https:\\\/\\\/www.compagniefruitiere.fr\\\/de\\\/\",\"logo\":{\"@type\":\"ImageObject\",\"inLanguage\":\"de\",\"@id\":\"https:\\\/\\\/www.compagniefruitiere.fr\\\/de\\\/#\\\/schema\\\/logo\\\/image\\\/\",\"url\":\"https:\\\/\\\/www.compagniefruitiere.fr\\\/wp-content\\\/uploads\\\/2022\\\/03\\\/compagniefrutiere-logo.svg\",\"contentUrl\":\"https:\\\/\\\/www.compagniefruitiere.fr\\\/wp-content\\\/uploads\\\/2022\\\/03\\\/compagniefrutiere-logo.svg\",\"width\":471,\"height\":113,\"caption\":\"Compagnie fruiti\u00e8re\"},\"image\":{\"@id\":\"https:\\\/\\\/www.compagniefruitiere.fr\\\/de\\\/#\\\/schema\\\/logo\\\/image\\\/\"},\"sameAs\":[\"https:\\\/\\\/www.linkedin.com\\\/company\\\/compagnie-fruitiere\\\/\"]}]}<\/script>\n<!-- \/ Yoast SEO plugin. -->","yoast_head_json":{"title":"Mangos : Qualit\u00e4t und Frische das ganze Jahr \u00fcber | Compagnie Fruiti\u00e8re","description":"Die Compagnie Fruiti\u00e8re produziert, transportiert, reift und vermarktet Mangos in Europa und der ganzen Welt.","robots":{"index":"index","follow":"follow","max-snippet":"max-snippet:-1","max-image-preview":"max-image-preview:large","max-video-preview":"max-video-preview:-1"},"canonical":"https:\/\/www.compagniefruitiere.fr\/de\/mangos\/","og_locale":"de_DE","og_type":"article","og_title":"Mangos : Qualit\u00e4t und Frische das ganze Jahr \u00fcber | Compagnie Fruiti\u00e8re","og_description":"Die Compagnie Fruiti\u00e8re produziert, transportiert, reift und vermarktet Mangos in Europa und der ganzen Welt.","og_url":"https:\/\/www.compagniefruitiere.fr\/de\/mangos\/","og_site_name":"Compagnie fruiti\u00e8re","article_modified_time":"2026-01-22T12:04:44+00:00","twitter_card":"summary_large_image","twitter_misc":{"Gesch\u00e4tzte Lesezeit":"1\u00a0Minute"},"schema":{"@context":"https:\/\/schema.org","@graph":[{"@type":"WebPage","@id":"https:\/\/www.compagniefruitiere.fr\/de\/mangos\/","url":"https:\/\/www.compagniefruitiere.fr\/de\/mangos\/","name":"Mangos : Qualit\u00e4t und Frische das ganze Jahr \u00fcber | Compagnie Fruiti\u00e8re","isPartOf":{"@id":"https:\/\/www.compagniefruitiere.fr\/de\/#website"},"datePublished":"2022-07-12T12:47:28+00:00","dateModified":"2026-01-22T12:04:44+00:00","description":"Die Compagnie Fruiti\u00e8re produziert, transportiert, reift und vermarktet Mangos in Europa und der ganzen Welt.","breadcrumb":{"@id":"https:\/\/www.compagniefruitiere.fr\/de\/mangos\/#breadcrumb"},"inLanguage":"de","potentialAction":[{"@type":"ReadAction","target":["https:\/\/www.compagniefruitiere.fr\/de\/mangos\/"]}]},{"@type":"BreadcrumbList","@id":"https:\/\/www.compagniefruitiere.fr\/de\/mangos\/#breadcrumb","itemListElement":[{"@type":"ListItem","position":1,"name":"Accueil","item":"https:\/\/www.compagniefruitiere.fr\/de\/"},{"@type":"ListItem","position":2,"name":"Mangos"}]},{"@type":"WebSite","@id":"https:\/\/www.compagniefruitiere.fr\/de\/#website","url":"https:\/\/www.compagniefruitiere.fr\/de\/","name":"Compagnie fruiti\u00e8re","description":"Origine : Nature.","publisher":{"@id":"https:\/\/www.compagniefruitiere.fr\/de\/#organization"},"potentialAction":[{"@type":"SearchAction","target":{"@type":"EntryPoint","urlTemplate":"https:\/\/www.compagniefruitiere.fr\/de\/?s={search_term_string}"},"query-input":{"@type":"PropertyValueSpecification","valueRequired":true,"valueName":"search_term_string"}}],"inLanguage":"de"},{"@type":"Organization","@id":"https:\/\/www.compagniefruitiere.fr\/de\/#organization","name":"Compagnie fruiti\u00e8re","url":"https:\/\/www.compagniefruitiere.fr\/de\/","logo":{"@type":"ImageObject","inLanguage":"de","@id":"https:\/\/www.compagniefruitiere.fr\/de\/#\/schema\/logo\/image\/","url":"https:\/\/www.compagniefruitiere.fr\/wp-content\/uploads\/2022\/03\/compagniefrutiere-logo.svg","contentUrl":"https:\/\/www.compagniefruitiere.fr\/wp-content\/uploads\/2022\/03\/compagniefrutiere-logo.svg","width":471,"height":113,"caption":"Compagnie fruiti\u00e8re"},"image":{"@id":"https:\/\/www.compagniefruitiere.fr\/de\/#\/schema\/logo\/image\/"},"sameAs":["https:\/\/www.linkedin.com\/company\/compagnie-fruitiere\/"]}]}},"_links":{"self":[{"href":"https:\/\/www.compagniefruitiere.fr\/de\/wp-json\/wp\/v2\/pages\/10859","targetHints":{"allow":["GET"]}}],"collection":[{"href":"https:\/\/www.compagniefruitiere.fr\/de\/wp-json\/wp\/v2\/pages"}],"about":[{"href":"https:\/\/www.compagniefruitiere.fr\/de\/wp-json\/wp\/v2\/types\/page"}],"author":[{"embeddable":true,"href":"https:\/\/www.compagniefruitiere.fr\/de\/wp-json\/wp\/v2\/users\/1"}],"replies":[{"embeddable":true,"href":"https:\/\/www.compagniefruitiere.fr\/de\/wp-json\/wp\/v2\/comments?post=10859"}],"version-history":[{"count":7,"href":"https:\/\/www.compagniefruitiere.fr\/de\/wp-json\/wp\/v2\/pages\/10859\/revisions"}],"predecessor-version":[{"id":12803,"href":"https:\/\/www.compagniefruitiere.fr\/de\/wp-json\/wp\/v2\/pages\/10859\/revisions\/12803"}],"wp:attachment":[{"href":"https:\/\/www.compagniefruitiere.fr\/de\/wp-json\/wp\/v2\/media?parent=10859"}],"curies":[{"name":"wp","href":"https:\/\/api.w.org\/{rel}","templated":true}]}}