{"id":10853,"date":"2022-07-12T14:48:21","date_gmt":"2022-07-12T12:48:21","guid":{"rendered":"https:\/\/www.compagniefruitiere.fr\/leidenschaft\/"},"modified":"2026-01-22T13:12:15","modified_gmt":"2026-01-22T12:12:15","slug":"leidenschaft","status":"publish","type":"page","link":"https:\/\/www.compagniefruitiere.fr\/de\/leidenschaft\/","title":{"rendered":"Leidenschaft"},"content":{"rendered":"\n<h3 class=\"wp-block-heading\">Verf\u00fcgbare Sorten<\/h3>\n\n\n\n<ul class=\"wp-block-list\">\n<li>Kolumbien: Edulis<\/li>\n\n\n\n<li>S\u00fcdafrika: Ester<\/li>\n\n\n\n<li>Vietnam: Ester<\/li>\n\n\n\n<li>Simbabwe: Ester<\/li>\n<\/ul>\n\n\n\n<h3 class=\"wp-block-heading\">Zeitplan f\u00fcr die Vermarktung<\/h3>\n\n\n\n<ul class=\"wp-block-list\">\n<li>Vietnam &amp; Kolumbien: ganzj\u00e4hrig<\/li>\n\n\n\n<li>S\u00fcdafrika &amp; Simbabwe: Januar bis September<\/li>\n<\/ul>\n\n\n\n<h3 class=\"wp-block-heading\">Verf\u00fcgbare Gr\u00f6\u00dfen<\/h3>\n\n\n\n<ul class=\"wp-block-list\">\n<li>Flugzeug: 17 bis 25<\/li>\n\n\n\n<li>Boot: 36 bis 42<\/li>\n<\/ul>\n\n\n\n<h3 class=\"wp-block-heading\">Verpackung<\/h3>\n\n\n\n<ul class=\"wp-block-list\">\n<li>2kg<\/li>\n<\/ul>\n\n\n\n<h3 class=\"wp-block-heading\">Art des Transports<\/h3>\n\n\n\n<ul class=\"wp-block-list\">\n<li>Schiff : Kolumbien<\/li>\n\n\n\n<li>Flugzeug: Vietnam, S\u00fcdafrika und Simbabwe<\/li>\n<\/ul>\n","protected":false},"excerpt":{"rendered":"<p>Verf\u00fcgbare Sorten Zeitplan f\u00fcr die Vermarktung Verf\u00fcgbare Gr\u00f6\u00dfen Verpackung Art des Transports<\/p>\n","protected":false},"author":1,"featured_media":0,"parent":0,"menu_order":6,"comment_status":"closed","ping_status":"closed","template":"","meta":{"_et_pb_use_builder":"off","_et_pb_old_content":"","_et_gb_content_width":"","footnotes":""},"class_list":["post-10853","page","type-page","status-publish","hentry"],"yoast_head":"<!-- This site is optimized with the Yoast SEO plugin v27.1.1 - https:\/\/yoast.com\/product\/yoast-seo-wordpress\/ -->\n<title>Passionsfrucht: Qualit\u00e4t und Frische | Compagnie Fruiti\u00e8re<\/title>\n<meta name=\"description\" content=\"Die Compagnie Fruiti\u00e8re transportiert, reift und vermarktet Passionsfr\u00fcchte in Europa und in der ganzen Welt.\" \/>\n<meta name=\"robots\" content=\"index, follow, max-snippet:-1, max-image-preview:large, max-video-preview:-1\" \/>\n<link rel=\"canonical\" href=\"https:\/\/www.compagniefruitiere.fr\/de\/leidenschaft\/\" \/>\n<meta property=\"og:locale\" content=\"de_DE\" \/>\n<meta property=\"og:type\" content=\"article\" \/>\n<meta property=\"og:title\" content=\"Passionsfrucht: Qualit\u00e4t und Frische | Compagnie Fruiti\u00e8re\" \/>\n<meta property=\"og:description\" content=\"Die Compagnie Fruiti\u00e8re transportiert, reift und vermarktet Passionsfr\u00fcchte in Europa und in der ganzen Welt.\" \/>\n<meta property=\"og:url\" content=\"https:\/\/www.compagniefruitiere.fr\/de\/leidenschaft\/\" \/>\n<meta property=\"og:site_name\" content=\"Compagnie fruiti\u00e8re\" \/>\n<meta property=\"article:modified_time\" content=\"2026-01-22T12:12:15+00:00\" \/>\n<meta name=\"twitter:card\" content=\"summary_large_image\" \/>\n<meta name=\"twitter:label1\" content=\"Gesch\u00e4tzte Lesezeit\" \/>\n\t<meta name=\"twitter:data1\" content=\"1\u00a0Minute\" \/>\n<script type=\"application\/ld+json\" class=\"yoast-schema-graph\">{\"@context\":\"https:\/\/schema.org\",\"@graph\":[{\"@type\":\"WebPage\",\"@id\":\"https:\/\/www.compagniefruitiere.fr\/de\/leidenschaft\/\",\"url\":\"https:\/\/www.compagniefruitiere.fr\/de\/leidenschaft\/\",\"name\":\"Passionsfrucht: Qualit\u00e4t und Frische | Compagnie Fruiti\u00e8re\",\"isPartOf\":{\"@id\":\"https:\/\/www.compagniefruitiere.fr\/de\/#website\"},\"datePublished\":\"2022-07-12T12:48:21+00:00\",\"dateModified\":\"2026-01-22T12:12:15+00:00\",\"description\":\"Die Compagnie Fruiti\u00e8re transportiert, reift und vermarktet Passionsfr\u00fcchte in Europa und in der ganzen Welt.\",\"breadcrumb\":{\"@id\":\"https:\/\/www.compagniefruitiere.fr\/de\/leidenschaft\/#breadcrumb\"},\"inLanguage\":\"de\",\"potentialAction\":[{\"@type\":\"ReadAction\",\"target\":[\"https:\/\/www.compagniefruitiere.fr\/de\/leidenschaft\/\"]}]},{\"@type\":\"BreadcrumbList\",\"@id\":\"https:\/\/www.compagniefruitiere.fr\/de\/leidenschaft\/#breadcrumb\",\"itemListElement\":[{\"@type\":\"ListItem\",\"position\":1,\"name\":\"Accueil\",\"item\":\"https:\/\/www.compagniefruitiere.fr\/de\/\"},{\"@type\":\"ListItem\",\"position\":2,\"name\":\"Leidenschaft\"}]},{\"@type\":\"WebSite\",\"@id\":\"https:\/\/www.compagniefruitiere.fr\/de\/#website\",\"url\":\"https:\/\/www.compagniefruitiere.fr\/de\/\",\"name\":\"Compagnie fruiti\u00e8re\",\"description\":\"Origine : Nature.\",\"publisher\":{\"@id\":\"https:\/\/www.compagniefruitiere.fr\/de\/#organization\"},\"potentialAction\":[{\"@type\":\"SearchAction\",\"target\":{\"@type\":\"EntryPoint\",\"urlTemplate\":\"https:\/\/www.compagniefruitiere.fr\/de\/?s={search_term_string}\"},\"query-input\":{\"@type\":\"PropertyValueSpecification\",\"valueRequired\":true,\"valueName\":\"search_term_string\"}}],\"inLanguage\":\"de\"},{\"@type\":\"Organization\",\"@id\":\"https:\/\/www.compagniefruitiere.fr\/de\/#organization\",\"name\":\"Compagnie fruiti\u00e8re\",\"url\":\"https:\/\/www.compagniefruitiere.fr\/de\/\",\"logo\":{\"@type\":\"ImageObject\",\"inLanguage\":\"de\",\"@id\":\"https:\/\/www.compagniefruitiere.fr\/de\/#\/schema\/logo\/image\/\",\"url\":\"https:\/\/www.compagniefruitiere.fr\/wp-content\/uploads\/2022\/03\/compagniefrutiere-logo.svg\",\"contentUrl\":\"https:\/\/www.compagniefruitiere.fr\/wp-content\/uploads\/2022\/03\/compagniefrutiere-logo.svg\",\"width\":471,\"height\":113,\"caption\":\"Compagnie fruiti\u00e8re\"},\"image\":{\"@id\":\"https:\/\/www.compagniefruitiere.fr\/de\/#\/schema\/logo\/image\/\"},\"sameAs\":[\"https:\/\/www.linkedin.com\/company\/compagnie-fruitiere\/\"]}]}<\/script>\n<!-- \/ Yoast SEO plugin. -->","yoast_head_json":{"title":"Passionsfrucht: Qualit\u00e4t und Frische | Compagnie Fruiti\u00e8re","description":"Die Compagnie Fruiti\u00e8re transportiert, reift und vermarktet Passionsfr\u00fcchte in Europa und in der ganzen Welt.","robots":{"index":"index","follow":"follow","max-snippet":"max-snippet:-1","max-image-preview":"max-image-preview:large","max-video-preview":"max-video-preview:-1"},"canonical":"https:\/\/www.compagniefruitiere.fr\/de\/leidenschaft\/","og_locale":"de_DE","og_type":"article","og_title":"Passionsfrucht: Qualit\u00e4t und Frische | Compagnie Fruiti\u00e8re","og_description":"Die Compagnie Fruiti\u00e8re transportiert, reift und vermarktet Passionsfr\u00fcchte in Europa und in der ganzen Welt.","og_url":"https:\/\/www.compagniefruitiere.fr\/de\/leidenschaft\/","og_site_name":"Compagnie fruiti\u00e8re","article_modified_time":"2026-01-22T12:12:15+00:00","twitter_card":"summary_large_image","twitter_misc":{"Gesch\u00e4tzte Lesezeit":"1\u00a0Minute"},"schema":{"@context":"https:\/\/schema.org","@graph":[{"@type":"WebPage","@id":"https:\/\/www.compagniefruitiere.fr\/de\/leidenschaft\/","url":"https:\/\/www.compagniefruitiere.fr\/de\/leidenschaft\/","name":"Passionsfrucht: Qualit\u00e4t und Frische | Compagnie Fruiti\u00e8re","isPartOf":{"@id":"https:\/\/www.compagniefruitiere.fr\/de\/#website"},"datePublished":"2022-07-12T12:48:21+00:00","dateModified":"2026-01-22T12:12:15+00:00","description":"Die Compagnie Fruiti\u00e8re transportiert, reift und vermarktet Passionsfr\u00fcchte in Europa und in der ganzen Welt.","breadcrumb":{"@id":"https:\/\/www.compagniefruitiere.fr\/de\/leidenschaft\/#breadcrumb"},"inLanguage":"de","potentialAction":[{"@type":"ReadAction","target":["https:\/\/www.compagniefruitiere.fr\/de\/leidenschaft\/"]}]},{"@type":"BreadcrumbList","@id":"https:\/\/www.compagniefruitiere.fr\/de\/leidenschaft\/#breadcrumb","itemListElement":[{"@type":"ListItem","position":1,"name":"Accueil","item":"https:\/\/www.compagniefruitiere.fr\/de\/"},{"@type":"ListItem","position":2,"name":"Leidenschaft"}]},{"@type":"WebSite","@id":"https:\/\/www.compagniefruitiere.fr\/de\/#website","url":"https:\/\/www.compagniefruitiere.fr\/de\/","name":"Compagnie fruiti\u00e8re","description":"Origine : Nature.","publisher":{"@id":"https:\/\/www.compagniefruitiere.fr\/de\/#organization"},"potentialAction":[{"@type":"SearchAction","target":{"@type":"EntryPoint","urlTemplate":"https:\/\/www.compagniefruitiere.fr\/de\/?s={search_term_string}"},"query-input":{"@type":"PropertyValueSpecification","valueRequired":true,"valueName":"search_term_string"}}],"inLanguage":"de"},{"@type":"Organization","@id":"https:\/\/www.compagniefruitiere.fr\/de\/#organization","name":"Compagnie fruiti\u00e8re","url":"https:\/\/www.compagniefruitiere.fr\/de\/","logo":{"@type":"ImageObject","inLanguage":"de","@id":"https:\/\/www.compagniefruitiere.fr\/de\/#\/schema\/logo\/image\/","url":"https:\/\/www.compagniefruitiere.fr\/wp-content\/uploads\/2022\/03\/compagniefrutiere-logo.svg","contentUrl":"https:\/\/www.compagniefruitiere.fr\/wp-content\/uploads\/2022\/03\/compagniefrutiere-logo.svg","width":471,"height":113,"caption":"Compagnie fruiti\u00e8re"},"image":{"@id":"https:\/\/www.compagniefruitiere.fr\/de\/#\/schema\/logo\/image\/"},"sameAs":["https:\/\/www.linkedin.com\/company\/compagnie-fruitiere\/"]}]}},"_links":{"self":[{"href":"https:\/\/www.compagniefruitiere.fr\/de\/wp-json\/wp\/v2\/pages\/10853","targetHints":{"allow":["GET"]}}],"collection":[{"href":"https:\/\/www.compagniefruitiere.fr\/de\/wp-json\/wp\/v2\/pages"}],"about":[{"href":"https:\/\/www.compagniefruitiere.fr\/de\/wp-json\/wp\/v2\/types\/page"}],"author":[{"embeddable":true,"href":"https:\/\/www.compagniefruitiere.fr\/de\/wp-json\/wp\/v2\/users\/1"}],"replies":[{"embeddable":true,"href":"https:\/\/www.compagniefruitiere.fr\/de\/wp-json\/wp\/v2\/comments?post=10853"}],"version-history":[{"count":2,"href":"https:\/\/www.compagniefruitiere.fr\/de\/wp-json\/wp\/v2\/pages\/10853\/revisions"}],"predecessor-version":[{"id":12812,"href":"https:\/\/www.compagniefruitiere.fr\/de\/wp-json\/wp\/v2\/pages\/10853\/revisions\/12812"}],"wp:attachment":[{"href":"https:\/\/www.compagniefruitiere.fr\/de\/wp-json\/wp\/v2\/media?parent=10853"}],"curies":[{"name":"wp","href":"https:\/\/api.w.org\/{rel}","templated":true}]}}