{"id":10821,"date":"2022-06-30T00:42:25","date_gmt":"2022-06-29T22:42:25","guid":{"rendered":"https:\/\/www.compagniefruitiere.fr\/karte-der-aktivitaeten\/"},"modified":"2024-12-10T14:33:24","modified_gmt":"2024-12-10T13:33:24","slug":"karte-der-aktivitaeten","status":"publish","type":"page","link":"https:\/\/www.compagniefruitiere.fr\/de\/karte-der-aktivitaeten\/","title":{"rendered":"Karte der Aktivit\u00e4ten"},"content":{"rendered":"\n\n[et_pb_section fb_built=&#8220;1&#8243; module_class=&#8220;section-height-100&#8243; _builder_version=&#8220;4.18.0&#8243; _module_preset=&#8220;default&#8220; background_enable_color=&#8220;off&#8220; background_enable_image=&#8220;off&#8220; background_enable_video_mp4=&#8220;off&#8220; height=&#8220;100vh&#8220; custom_margin=&#8220;-60px||0px||false|false&#8220; custom_padding=&#8220;0px||0px||false|false&#8220; global_colors_info=&#8220;{}&#8220;][et_pb_row use_custom_gutter=&#8220;on&#8220; gutter_width=&#8220;1&#8243; make_equal=&#8220;on&#8220; module_class=&#8220;ligne-height-100 background-video-360&#8243; _builder_version=&#8220;4.17.4&#8243; _module_preset=&#8220;default&#8220; background_enable_color=&#8220;off&#8220; positioning=&#8220;absolute&#8220; width=&#8220;100%&#8220; max_width=&#8220;100%&#8220; height=&#8220;100%&#8220; custom_padding=&#8220;0px|0px|0px|0px|false|false&#8220; global_colors_info=&#8220;{}&#8220;][et_pb_column type=&#8220;4_4&#8243; module_class=&#8220;column-height-100&#8243; _builder_version=&#8220;4.17.4&#8243; _module_preset=&#8220;default&#8220; background_enable_color=&#8220;off&#8220; custom_padding=&#8220;0px|0px|0px|0px|true|true&#8220; custom_css_main_element=&#8220;display: flex;||flex-direction: column;&#8220; border_radii=&#8220;off||||&#8220; global_colors_info=&#8220;{}&#8220;][et_pb_code module_class=&#8220;module-height-100&#8243; _builder_version=&#8220;4.21.0&#8243; _module_preset=&#8220;default&#8220; background_enable_color=&#8220;off&#8220; background_enable_video_mp4=&#8220;off&#8220; height=&#8220;100%&#8220; hover_enabled=&#8220;0&#8243; global_colors_info=&#8220;{}&#8220; sticky_enabled=&#8220;0&#8243;]<iframe src=\"https:\/\/maps.groupecf.net\/?locale='.ICL_LANGUAGE_CODE.'\" allowfullscreen=\"true\" mozallowfullscreen=\"true\" webkitallowfullscreen=\"true\" style=\"width: 100%;height:100%;\"><\/iframe>[\/et_pb_code][et_pb_blurb use_icon=&#8220;on&#8220; font_icon=&#8220;&#x4a;||divi||400&#8243; icon_color=&#8220;#000000&#8243; image_icon_width=&#8220;26px&#8220; icon_alignment=&#8220;left&#8220; content_max_width=&#8220;100%&#8220; admin_label=&#8220;page pr\u00e9c\u00e9dente&#8220; module_class=&#8220;back-button&#8220; _builder_version=&#8220;4.21.0&#8243; _module_preset=&#8220;default&#8220; positioning=&#8220;absolute&#8220; vertical_offset=&#8220;220px&#8220; horizontal_offset=&#8220;10px&#8220; height=&#8220;35px&#8220; custom_margin=&#8220;0px|0px|0px|0px|true|true&#8220; custom_padding=&#8220;2px|2px|2px|2px|true|true&#8220; hover_enabled=&#8220;0&#8243; global_colors_info=&#8220;{}&#8220; icon_color__hover_enabled=&#8220;on|desktop&#8220; icon_color__hover=&#8220;rgba(0,0,0,0.8)&#8220; locked=&#8220;off&#8220; position_origin_a=&#8220;top_right&#8220; border_radii=&#8220;on|2px|2px|2px|2px&#8220; border_width_all=&#8220;2px&#8220; border_color_all=&#8220;#aaaeb0&#8243; sticky_enabled=&#8220;0&#8243; background_color=&#8220;#FFFFFF&#8220;][\/et_pb_blurb][\/et_pb_column][\/et_pb_row][\/et_pb_section]\n\n","protected":false},"excerpt":{"rendered":"","protected":false},"author":1,"featured_media":0,"parent":0,"menu_order":0,"comment_status":"closed","ping_status":"closed","template":"","meta":{"_et_pb_use_builder":"on","_et_pb_old_content":"","_et_gb_content_width":"","footnotes":""},"class_list":["post-10821","page","type-page","status-publish","hentry"],"yoast_head":"<!-- This site is optimized with the Yoast SEO plugin v27.3 - https:\/\/yoast.com\/product\/yoast-seo-wordpress\/ -->\n<title>Die Compagnie Fruiti\u00e8re. Erfahren Sie mehr \u00fcber die Aktivit\u00e4ten der Gruppe auf einen Blick.<\/title>\n<meta name=\"description\" content=\"Die Compagnie Fruiti\u00e8re ist auf die Produktion, den Transport und den Vertrieb von Obst und Gem\u00fcse, insbesondere Bananen, spezialisiert.\" \/>\n<meta name=\"robots\" content=\"index, follow, max-snippet:-1, max-image-preview:large, max-video-preview:-1\" \/>\n<link rel=\"canonical\" href=\"https:\/\/www.compagniefruitiere.fr\/de\/karte-der-aktivitaeten\/\" \/>\n<meta property=\"og:locale\" content=\"de_DE\" \/>\n<meta property=\"og:type\" content=\"article\" \/>\n<meta property=\"og:title\" content=\"Die Compagnie Fruiti\u00e8re. Erfahren Sie mehr \u00fcber die Aktivit\u00e4ten der Gruppe auf einen Blick.\" \/>\n<meta property=\"og:description\" content=\"Die Compagnie Fruiti\u00e8re ist auf die Produktion, den Transport und den Vertrieb von Obst und Gem\u00fcse, insbesondere Bananen, spezialisiert.\" \/>\n<meta property=\"og:url\" content=\"https:\/\/www.compagniefruitiere.fr\/de\/karte-der-aktivitaeten\/\" \/>\n<meta property=\"og:site_name\" content=\"Compagnie fruiti\u00e8re\" \/>\n<meta property=\"article:modified_time\" content=\"2024-12-10T13:33:24+00:00\" \/>\n<meta name=\"twitter:card\" content=\"summary_large_image\" \/>\n<meta name=\"twitter:label1\" content=\"Gesch\u00e4tzte Lesezeit\" \/>\n\t<meta name=\"twitter:data1\" content=\"1\u00a0Minute\" \/>\n<script type=\"application\/ld+json\" class=\"yoast-schema-graph\">{\"@context\":\"https:\\\/\\\/schema.org\",\"@graph\":[{\"@type\":\"WebPage\",\"@id\":\"https:\\\/\\\/www.compagniefruitiere.fr\\\/de\\\/karte-der-aktivitaeten\\\/\",\"url\":\"https:\\\/\\\/www.compagniefruitiere.fr\\\/de\\\/karte-der-aktivitaeten\\\/\",\"name\":\"Die Compagnie Fruiti\u00e8re. Erfahren Sie mehr \u00fcber die Aktivit\u00e4ten der Gruppe auf einen Blick.\",\"isPartOf\":{\"@id\":\"https:\\\/\\\/www.compagniefruitiere.fr\\\/de\\\/#website\"},\"datePublished\":\"2022-06-29T22:42:25+00:00\",\"dateModified\":\"2024-12-10T13:33:24+00:00\",\"description\":\"Die Compagnie Fruiti\u00e8re ist auf die Produktion, den Transport und den Vertrieb von Obst und Gem\u00fcse, insbesondere Bananen, spezialisiert.\",\"breadcrumb\":{\"@id\":\"https:\\\/\\\/www.compagniefruitiere.fr\\\/de\\\/karte-der-aktivitaeten\\\/#breadcrumb\"},\"inLanguage\":\"de\",\"potentialAction\":[{\"@type\":\"ReadAction\",\"target\":[\"https:\\\/\\\/www.compagniefruitiere.fr\\\/de\\\/karte-der-aktivitaeten\\\/\"]}]},{\"@type\":\"BreadcrumbList\",\"@id\":\"https:\\\/\\\/www.compagniefruitiere.fr\\\/de\\\/karte-der-aktivitaeten\\\/#breadcrumb\",\"itemListElement\":[{\"@type\":\"ListItem\",\"position\":1,\"name\":\"Accueil\",\"item\":\"https:\\\/\\\/www.compagniefruitiere.fr\\\/de\\\/\"},{\"@type\":\"ListItem\",\"position\":2,\"name\":\"Karte der Aktivit\u00e4ten\"}]},{\"@type\":\"WebSite\",\"@id\":\"https:\\\/\\\/www.compagniefruitiere.fr\\\/de\\\/#website\",\"url\":\"https:\\\/\\\/www.compagniefruitiere.fr\\\/de\\\/\",\"name\":\"Compagnie fruiti\u00e8re\",\"description\":\"Origine : Nature.\",\"publisher\":{\"@id\":\"https:\\\/\\\/www.compagniefruitiere.fr\\\/de\\\/#organization\"},\"potentialAction\":[{\"@type\":\"SearchAction\",\"target\":{\"@type\":\"EntryPoint\",\"urlTemplate\":\"https:\\\/\\\/www.compagniefruitiere.fr\\\/de\\\/?s={search_term_string}\"},\"query-input\":{\"@type\":\"PropertyValueSpecification\",\"valueRequired\":true,\"valueName\":\"search_term_string\"}}],\"inLanguage\":\"de\"},{\"@type\":\"Organization\",\"@id\":\"https:\\\/\\\/www.compagniefruitiere.fr\\\/de\\\/#organization\",\"name\":\"Compagnie fruiti\u00e8re\",\"url\":\"https:\\\/\\\/www.compagniefruitiere.fr\\\/de\\\/\",\"logo\":{\"@type\":\"ImageObject\",\"inLanguage\":\"de\",\"@id\":\"https:\\\/\\\/www.compagniefruitiere.fr\\\/de\\\/#\\\/schema\\\/logo\\\/image\\\/\",\"url\":\"https:\\\/\\\/www.compagniefruitiere.fr\\\/wp-content\\\/uploads\\\/2022\\\/03\\\/compagniefrutiere-logo.svg\",\"contentUrl\":\"https:\\\/\\\/www.compagniefruitiere.fr\\\/wp-content\\\/uploads\\\/2022\\\/03\\\/compagniefrutiere-logo.svg\",\"width\":471,\"height\":113,\"caption\":\"Compagnie fruiti\u00e8re\"},\"image\":{\"@id\":\"https:\\\/\\\/www.compagniefruitiere.fr\\\/de\\\/#\\\/schema\\\/logo\\\/image\\\/\"},\"sameAs\":[\"https:\\\/\\\/www.linkedin.com\\\/company\\\/compagnie-fruitiere\\\/\"]}]}<\/script>\n<!-- \/ Yoast SEO plugin. -->","yoast_head_json":{"title":"Die Compagnie Fruiti\u00e8re. Erfahren Sie mehr \u00fcber die Aktivit\u00e4ten der Gruppe auf einen Blick.","description":"Die Compagnie Fruiti\u00e8re ist auf die Produktion, den Transport und den Vertrieb von Obst und Gem\u00fcse, insbesondere Bananen, spezialisiert.","robots":{"index":"index","follow":"follow","max-snippet":"max-snippet:-1","max-image-preview":"max-image-preview:large","max-video-preview":"max-video-preview:-1"},"canonical":"https:\/\/www.compagniefruitiere.fr\/de\/karte-der-aktivitaeten\/","og_locale":"de_DE","og_type":"article","og_title":"Die Compagnie Fruiti\u00e8re. Erfahren Sie mehr \u00fcber die Aktivit\u00e4ten der Gruppe auf einen Blick.","og_description":"Die Compagnie Fruiti\u00e8re ist auf die Produktion, den Transport und den Vertrieb von Obst und Gem\u00fcse, insbesondere Bananen, spezialisiert.","og_url":"https:\/\/www.compagniefruitiere.fr\/de\/karte-der-aktivitaeten\/","og_site_name":"Compagnie fruiti\u00e8re","article_modified_time":"2024-12-10T13:33:24+00:00","twitter_card":"summary_large_image","twitter_misc":{"Gesch\u00e4tzte Lesezeit":"1\u00a0Minute"},"schema":{"@context":"https:\/\/schema.org","@graph":[{"@type":"WebPage","@id":"https:\/\/www.compagniefruitiere.fr\/de\/karte-der-aktivitaeten\/","url":"https:\/\/www.compagniefruitiere.fr\/de\/karte-der-aktivitaeten\/","name":"Die Compagnie Fruiti\u00e8re. Erfahren Sie mehr \u00fcber die Aktivit\u00e4ten der Gruppe auf einen Blick.","isPartOf":{"@id":"https:\/\/www.compagniefruitiere.fr\/de\/#website"},"datePublished":"2022-06-29T22:42:25+00:00","dateModified":"2024-12-10T13:33:24+00:00","description":"Die Compagnie Fruiti\u00e8re ist auf die Produktion, den Transport und den Vertrieb von Obst und Gem\u00fcse, insbesondere Bananen, spezialisiert.","breadcrumb":{"@id":"https:\/\/www.compagniefruitiere.fr\/de\/karte-der-aktivitaeten\/#breadcrumb"},"inLanguage":"de","potentialAction":[{"@type":"ReadAction","target":["https:\/\/www.compagniefruitiere.fr\/de\/karte-der-aktivitaeten\/"]}]},{"@type":"BreadcrumbList","@id":"https:\/\/www.compagniefruitiere.fr\/de\/karte-der-aktivitaeten\/#breadcrumb","itemListElement":[{"@type":"ListItem","position":1,"name":"Accueil","item":"https:\/\/www.compagniefruitiere.fr\/de\/"},{"@type":"ListItem","position":2,"name":"Karte der Aktivit\u00e4ten"}]},{"@type":"WebSite","@id":"https:\/\/www.compagniefruitiere.fr\/de\/#website","url":"https:\/\/www.compagniefruitiere.fr\/de\/","name":"Compagnie fruiti\u00e8re","description":"Origine : Nature.","publisher":{"@id":"https:\/\/www.compagniefruitiere.fr\/de\/#organization"},"potentialAction":[{"@type":"SearchAction","target":{"@type":"EntryPoint","urlTemplate":"https:\/\/www.compagniefruitiere.fr\/de\/?s={search_term_string}"},"query-input":{"@type":"PropertyValueSpecification","valueRequired":true,"valueName":"search_term_string"}}],"inLanguage":"de"},{"@type":"Organization","@id":"https:\/\/www.compagniefruitiere.fr\/de\/#organization","name":"Compagnie fruiti\u00e8re","url":"https:\/\/www.compagniefruitiere.fr\/de\/","logo":{"@type":"ImageObject","inLanguage":"de","@id":"https:\/\/www.compagniefruitiere.fr\/de\/#\/schema\/logo\/image\/","url":"https:\/\/www.compagniefruitiere.fr\/wp-content\/uploads\/2022\/03\/compagniefrutiere-logo.svg","contentUrl":"https:\/\/www.compagniefruitiere.fr\/wp-content\/uploads\/2022\/03\/compagniefrutiere-logo.svg","width":471,"height":113,"caption":"Compagnie fruiti\u00e8re"},"image":{"@id":"https:\/\/www.compagniefruitiere.fr\/de\/#\/schema\/logo\/image\/"},"sameAs":["https:\/\/www.linkedin.com\/company\/compagnie-fruitiere\/"]}]}},"_links":{"self":[{"href":"https:\/\/www.compagniefruitiere.fr\/de\/wp-json\/wp\/v2\/pages\/10821","targetHints":{"allow":["GET"]}}],"collection":[{"href":"https:\/\/www.compagniefruitiere.fr\/de\/wp-json\/wp\/v2\/pages"}],"about":[{"href":"https:\/\/www.compagniefruitiere.fr\/de\/wp-json\/wp\/v2\/types\/page"}],"author":[{"embeddable":true,"href":"https:\/\/www.compagniefruitiere.fr\/de\/wp-json\/wp\/v2\/users\/1"}],"replies":[{"embeddable":true,"href":"https:\/\/www.compagniefruitiere.fr\/de\/wp-json\/wp\/v2\/comments?post=10821"}],"version-history":[{"count":1,"href":"https:\/\/www.compagniefruitiere.fr\/de\/wp-json\/wp\/v2\/pages\/10821\/revisions"}],"predecessor-version":[{"id":10822,"href":"https:\/\/www.compagniefruitiere.fr\/de\/wp-json\/wp\/v2\/pages\/10821\/revisions\/10822"}],"wp:attachment":[{"href":"https:\/\/www.compagniefruitiere.fr\/de\/wp-json\/wp\/v2\/media?parent=10821"}],"curies":[{"name":"wp","href":"https:\/\/api.w.org\/{rel}","templated":true}]}}