{"id":10613,"date":"2022-06-30T00:33:18","date_gmt":"2022-06-29T22:33:18","guid":{"rendered":"https:\/\/www.compagniefruitiere.fr\/unsere-neuigkeiten\/"},"modified":"2024-07-29T10:32:34","modified_gmt":"2024-07-29T08:32:34","slug":"unsere-neuigkeiten","status":"publish","type":"page","link":"https:\/\/www.compagniefruitiere.fr\/de\/unsere-neuigkeiten\/","title":{"rendered":"Unsere Neuigkeiten"},"content":{"rendered":"<p>[et_pb_section fb_built=&#8220;1&#8243; module_class=&#8220;section-height-100&#8243; _builder_version=&#8220;4.18.1&#8243; _module_preset=&#8220;default&#8220; background_enable_color=&#8220;off&#8220; background_enable_image=&#8220;off&#8220; background_enable_video_mp4=&#8220;off&#8220; height=&#8220;100vh&#8220; custom_margin=&#8220;-60px||0px||false|false&#8220; custom_padding=&#8220;0px||0px||false|false&#8220; global_colors_info=&#8220;{}&#8220;][et_pb_row use_custom_gutter=&#8220;on&#8220; gutter_width=&#8220;1&#8243; make_equal=&#8220;on&#8220; admin_label=&#8220;Ligne BG IMG 360&#8243; module_class=&#8220;ligne-height-100 background-video-360&#8243; _builder_version=&#8220;4.21.0&#8243; _module_preset=&#8220;default&#8220; background_enable_color=&#8220;off&#8220; positioning=&#8220;absolute&#8220; width=&#8220;100%&#8220; max_width=&#8220;100%&#8220; height=&#8220;100%&#8220; custom_padding=&#8220;0px|0px|0px|0px|false|false&#8220; hover_enabled=&#8220;0&#8243; global_colors_info=&#8220;{}&#8220; sticky_enabled=&#8220;0&#8243;][et_pb_column type=&#8220;4_4&#8243; module_class=&#8220;column-height-100&#8243; _builder_version=&#8220;4.21.0&#8243; _module_preset=&#8220;default&#8220; background_enable_color=&#8220;off&#8220; background_image=&#8220;https:\/\/www.compagniefruitiere.fr\/wp-content\/uploads\/2022\/11\/compagnie-fruitiere-ghana-2016-divers-8860-slider.webp&#8220; custom_padding=&#8220;0px|0px|0px|0px|true|true&#8220; hover_enabled=&#8220;0&#8243; custom_css_main_element=&#8220;display: flex;||flex-direction: column;&#8220; border_radii=&#8220;off||||&#8220; global_colors_info=&#8220;{}&#8220; title_text=&#8220;compagnie-fruitiere-ghana-2016-divers-8860-slider&#8220; sticky_enabled=&#8220;0&#8243;][et_pb_blurb use_icon=&#8220;on&#8220; font_icon=&#8220;&#x34;||divi||400&#8243; icon_color=&#8220;#ffffff&#8220; icon_placement=&#8220;left&#8220; image_icon_width=&#8220;40px&#8220; content_max_width=&#8220;40%&#8220; admin_label=&#8220;Rouvrir colonne&#8220; module_class=&#8220;open-text-column unselectable&#8220; _builder_version=&#8220;4.18.1&#8243; _module_preset=&#8220;default&#8220; background_enable_color=&#8220;off&#8220; image_icon_custom_margin=&#8220;|-15px|||false|false&#8220; image_icon_custom_padding=&#8220;||||false|false&#8220; positioning=&#8220;absolute&#8220; position_origin_a=&#8220;top_right&#8220; vertical_offset=&#8220;60px&#8220; horizontal_offset=&#8220;30px&#8220; height=&#8220;40px&#8220; custom_margin=&#8220;0px|-15px|0px|0px|true|false&#8220; custom_padding=&#8220;0px|0px|0px|0px|true|true&#8220; global_colors_info=&#8220;{}&#8220; icon_color__hover_enabled=&#8220;on|hover&#8220; icon_color__hover=&#8220;rgba(255,255,255,0.8)&#8220;][\/et_pb_blurb][et_pb_image src=&#8220;https:\/\/www.compagniefruitiere.fr\/wp-content\/uploads\/2022\/10\/Illustrations-compagnie-fruitiere-feuille-banane.svg&#8220; title_text=&#8220;Illustrations-compagnie-fruitiere-feuille-banane&#8220; admin_label=&#8220;Illustration&#8220; module_class=&#8220;unselectable&#8220; _builder_version=&#8220;4.19.0&#8243; _module_preset=&#8220;default&#8220; transform_rotate=&#8220;0deg|180deg|0deg&#8220; positioning=&#8220;absolute&#8220; position_origin_a=&#8220;bottom_left&#8220; vertical_offset=&#8220;-70px&#8220; horizontal_offset=&#8220;-130px&#8220; width=&#8220;100%&#8220; max_width=&#8220;500px&#8220; global_colors_info=&#8220;{}&#8220;][\/et_pb_image][\/et_pb_column][\/et_pb_row][et_pb_row column_structure=&#8220;3_5,2_5&#8243; use_custom_gutter=&#8220;on&#8220; gutter_width=&#8220;1&#8243; make_equal=&#8220;on&#8220; disabled_on=&#8220;off|off|off&#8220; module_class=&#8220;ligne-height-100&#8243; _builder_version=&#8220;4.18.1&#8243; _module_preset=&#8220;default&#8220; width=&#8220;100%&#8220; max_width=&#8220;100%&#8220; height=&#8220;100%&#8220; custom_padding=&#8220;0px|0px|0px|0px|false|false&#8220; global_colors_info=&#8220;{}&#8220;][et_pb_column type=&#8220;3_5&#8243; module_class=&#8220;colonne-height-100 column-with-grab&#8220; admin_label=&#8220;Colonne&#8220; _builder_version=&#8220;4.18.1&#8243; _module_preset=&#8220;default&#8220; background_enable_color=&#8220;off&#8220; background_enable_image=&#8220;off&#8220; z_index=&#8220;-2&#8243; global_colors_info=&#8220;{}&#8220;][\/et_pb_column][et_pb_column type=&#8220;2_5&#8243; module_class=&#8220;column-height-100 column-to-show&#8220; _builder_version=&#8220;4.16.0&#8243; _module_preset=&#8220;default&#8220; background_color=&#8220;rgba(255,255,255,0.9)&#8220; custom_padding=&#8220;30px|30px|30px|30px|true|true&#8220; custom_css_main_element=&#8220;display: flex;||flex-direction: column;&#8220; border_radii=&#8220;off||||30px&#8220; box_shadow_style=&#8220;preset2&#8243; box_shadow_horizontal=&#8220;-9px&#8220; box_shadow_vertical=&#8220;0px&#8220; box_shadow_spread=&#8220;-10px&#8220; global_colors_info=&#8220;{}&#8220;][et_pb_divider show_divider=&#8220;off&#8220; admin_label=&#8220;S\u00e9parateur&#8220; _builder_version=&#8220;4.18.0&#8243; _module_preset=&#8220;default&#8220; height=&#8220;60px&#8220; custom_margin=&#8220;||||false|false&#8220; global_colors_info=&#8220;{}&#8220;][\/et_pb_divider][et_pb_blurb use_icon=&#8220;on&#8220; font_icon=&#8220;&#x4a;||divi||400&#8243; icon_color=&#8220;rgba(0,0,0,0.3)&#8220; image_icon_width=&#8220;40px&#8220; icon_alignment=&#8220;left&#8220; content_max_width=&#8220;100%&#8220; admin_label=&#8220;Page pr\u00e9c.&#8220; module_class=&#8220;back-button&#8220; _builder_version=&#8220;4.18.0&#8243; _module_preset=&#8220;default&#8220; background_enable_color=&#8220;off&#8220; positioning=&#8220;absolute&#8220; vertical_offset=&#8220;60px&#8220; horizontal_offset=&#8220;30px&#8220; height=&#8220;40px&#8220; custom_margin=&#8220;0px|0px|0px|0px|true|true&#8220; custom_padding=&#8220;0px|0px|0px|0px|true|true&#8220; global_colors_info=&#8220;{}&#8220; icon_color__hover_enabled=&#8220;on|desktop&#8220; icon_color__hover=&#8220;rgba(0,0,0,0.8)&#8220;][\/et_pb_blurb][et_pb_blurb use_icon=&#8220;on&#8220; font_icon=&#8220;&#x4d;||divi||400&#8243; icon_color=&#8220;rgba(0,0,0,0.3)&#8220; image_icon_width=&#8220;40px&#8220; icon_alignment=&#8220;right&#8220; content_max_width=&#8220;40%&#8220; admin_label=&#8220;Masquer colonne&#8220; module_class=&#8220;close-text-column&#8220; _builder_version=&#8220;4.19.3&#8243; _module_preset=&#8220;default&#8220; background_enable_color=&#8220;off&#8220; positioning=&#8220;absolute&#8220; position_origin_a=&#8220;top_right&#8220; vertical_offset=&#8220;60px&#8220; horizontal_offset=&#8220;30px&#8220; height=&#8220;40px&#8220; custom_margin=&#8220;0px|0px|0px|0px|true|true&#8220; custom_padding=&#8220;0px|0px|0px|0px|true|true&#8220; global_colors_info=&#8220;{}&#8220; icon_color__hover_enabled=&#8220;on|desktop&#8220; icon_color__hover=&#8220;rgba(0,0,0,0.8)&#8220;][\/et_pb_blurb][et_pb_post_title meta=&#8220;off&#8220; featured_image=&#8220;off&#8220; _builder_version=&#8220;4.19.0&#8243; _module_preset=&#8220;default&#8220; title_font=&#8220;|700|||||||&#8220; title_text_color=&#8220;rgba(0,0,0,0.5)&#8220; title_font_size=&#8220;20px&#8220; title_line_height=&#8220;1.2em&#8220; custom_margin=&#8220;60px||10px||false|false&#8220; global_colors_info=&#8220;{}&#8220;][\/et_pb_post_title][et_pb_text module_class=&#8220;scrollbar&#8220; _builder_version=&#8220;4.20.0&#8243; _module_preset=&#8220;default&#8220; text_text_color=&#8220;rgba(0,0,0,0.5)&#8220; text_line_height=&#8220;1.6em&#8220; header_2_font=&#8220;|700||on|||||&#8220; header_2_text_color=&#8220;rgba(0,0,0,0.5)&#8220; header_2_font_size=&#8220;20px&#8220; text_orientation=&#8220;justified&#8220; height=&#8220;100%&#8220; overflow-y=&#8220;hidden&#8220; custom_margin=&#8220;||30px||false|false&#8220; global_colors_info=&#8220;{}&#8220;]<\/p>\n<p><span>Vous trouverez ici tout ce qui bouge au sein d\u2019un groupe en permance tourn\u00e9 vers l&#8217;innovation comme le n\u00f4tre. <\/span><\/p>\n<div class=\"sk-ww-linkedin-page-post\" data-embed-id=\"114439\"><\/div>\n<p>\n<script src=\"https:\/\/widgets.sociablekit.com\/linkedin-page-posts\/widget.js\" async=\"\" defer><\/script>\n<\/p>\n<p>[\/et_pb_text][\/et_pb_column][\/et_pb_row][\/et_pb_section]<\/p>\n","protected":false},"excerpt":{"rendered":"<p>Vous trouverez ici tout ce qui bouge au sein d\u2019un groupe en permance tourn\u00e9 vers l&#8217;innovation comme le n\u00f4tre.<\/p>\n","protected":false},"author":1,"featured_media":0,"parent":0,"menu_order":0,"comment_status":"closed","ping_status":"closed","template":"","meta":{"_et_pb_use_builder":"on","_et_pb_old_content":"","_et_gb_content_width":"","footnotes":""},"class_list":["post-10613","page","type-page","status-publish","hentry"],"yoast_head":"<!-- This site is optimized with the Yoast SEO plugin v27.3 - https:\/\/yoast.com\/product\/yoast-seo-wordpress\/ -->\n<title>Die Compagnie Fruiti\u00e8re. D\u00e9couvrez tout ce qui fait l\u2019actualit\u00e9 de La Compagnie Fruiti\u00e8re.<\/title>\n<meta name=\"description\" content=\"La Compagnie Fruiti\u00e8re met son \u00e9nergie et son savoir-faire \u00e0 votre service. Pour toute demande d\u2019information, sur l&#039;actualit\u00e9 de la Compagnie Fruiti\u00e8re, contactez-nous.\" \/>\n<meta name=\"robots\" content=\"index, follow, max-snippet:-1, max-image-preview:large, max-video-preview:-1\" \/>\n<link rel=\"canonical\" href=\"https:\/\/www.compagniefruitiere.fr\/de\/unsere-neuigkeiten\/\" \/>\n<meta property=\"og:locale\" content=\"de_DE\" \/>\n<meta property=\"og:type\" content=\"article\" \/>\n<meta property=\"og:title\" content=\"Die Compagnie Fruiti\u00e8re. D\u00e9couvrez tout ce qui fait l\u2019actualit\u00e9 de La Compagnie Fruiti\u00e8re.\" \/>\n<meta property=\"og:description\" content=\"La Compagnie Fruiti\u00e8re met son \u00e9nergie et son savoir-faire \u00e0 votre service. Pour toute demande d\u2019information, sur l&#039;actualit\u00e9 de la Compagnie Fruiti\u00e8re, contactez-nous.\" \/>\n<meta property=\"og:url\" content=\"https:\/\/www.compagniefruitiere.fr\/de\/unsere-neuigkeiten\/\" \/>\n<meta property=\"og:site_name\" content=\"Compagnie fruiti\u00e8re\" \/>\n<meta property=\"article:modified_time\" content=\"2024-07-29T08:32:34+00:00\" \/>\n<meta name=\"twitter:card\" content=\"summary_large_image\" \/>\n<meta name=\"twitter:label1\" content=\"Gesch\u00e4tzte Lesezeit\" \/>\n\t<meta name=\"twitter:data1\" content=\"4\u00a0Minuten\" \/>\n<script type=\"application\/ld+json\" class=\"yoast-schema-graph\">{\"@context\":\"https:\\\/\\\/schema.org\",\"@graph\":[{\"@type\":\"WebPage\",\"@id\":\"https:\\\/\\\/www.compagniefruitiere.fr\\\/de\\\/unsere-neuigkeiten\\\/\",\"url\":\"https:\\\/\\\/www.compagniefruitiere.fr\\\/de\\\/unsere-neuigkeiten\\\/\",\"name\":\"Die Compagnie Fruiti\u00e8re. D\u00e9couvrez tout ce qui fait l\u2019actualit\u00e9 de La Compagnie Fruiti\u00e8re.\",\"isPartOf\":{\"@id\":\"https:\\\/\\\/www.compagniefruitiere.fr\\\/de\\\/#website\"},\"datePublished\":\"2022-06-29T22:33:18+00:00\",\"dateModified\":\"2024-07-29T08:32:34+00:00\",\"description\":\"La Compagnie Fruiti\u00e8re met son \u00e9nergie et son savoir-faire \u00e0 votre service. Pour toute demande d\u2019information, sur l'actualit\u00e9 de la Compagnie Fruiti\u00e8re, contactez-nous.\",\"breadcrumb\":{\"@id\":\"https:\\\/\\\/www.compagniefruitiere.fr\\\/de\\\/unsere-neuigkeiten\\\/#breadcrumb\"},\"inLanguage\":\"de\",\"potentialAction\":[{\"@type\":\"ReadAction\",\"target\":[\"https:\\\/\\\/www.compagniefruitiere.fr\\\/de\\\/unsere-neuigkeiten\\\/\"]}]},{\"@type\":\"BreadcrumbList\",\"@id\":\"https:\\\/\\\/www.compagniefruitiere.fr\\\/de\\\/unsere-neuigkeiten\\\/#breadcrumb\",\"itemListElement\":[{\"@type\":\"ListItem\",\"position\":1,\"name\":\"Accueil\",\"item\":\"https:\\\/\\\/www.compagniefruitiere.fr\\\/de\\\/\"},{\"@type\":\"ListItem\",\"position\":2,\"name\":\"Unsere Neuigkeiten\"}]},{\"@type\":\"WebSite\",\"@id\":\"https:\\\/\\\/www.compagniefruitiere.fr\\\/de\\\/#website\",\"url\":\"https:\\\/\\\/www.compagniefruitiere.fr\\\/de\\\/\",\"name\":\"Compagnie fruiti\u00e8re\",\"description\":\"Origine : Nature.\",\"publisher\":{\"@id\":\"https:\\\/\\\/www.compagniefruitiere.fr\\\/de\\\/#organization\"},\"potentialAction\":[{\"@type\":\"SearchAction\",\"target\":{\"@type\":\"EntryPoint\",\"urlTemplate\":\"https:\\\/\\\/www.compagniefruitiere.fr\\\/de\\\/?s={search_term_string}\"},\"query-input\":{\"@type\":\"PropertyValueSpecification\",\"valueRequired\":true,\"valueName\":\"search_term_string\"}}],\"inLanguage\":\"de\"},{\"@type\":\"Organization\",\"@id\":\"https:\\\/\\\/www.compagniefruitiere.fr\\\/de\\\/#organization\",\"name\":\"Compagnie fruiti\u00e8re\",\"url\":\"https:\\\/\\\/www.compagniefruitiere.fr\\\/de\\\/\",\"logo\":{\"@type\":\"ImageObject\",\"inLanguage\":\"de\",\"@id\":\"https:\\\/\\\/www.compagniefruitiere.fr\\\/de\\\/#\\\/schema\\\/logo\\\/image\\\/\",\"url\":\"https:\\\/\\\/www.compagniefruitiere.fr\\\/wp-content\\\/uploads\\\/2022\\\/03\\\/compagniefrutiere-logo.svg\",\"contentUrl\":\"https:\\\/\\\/www.compagniefruitiere.fr\\\/wp-content\\\/uploads\\\/2022\\\/03\\\/compagniefrutiere-logo.svg\",\"width\":471,\"height\":113,\"caption\":\"Compagnie fruiti\u00e8re\"},\"image\":{\"@id\":\"https:\\\/\\\/www.compagniefruitiere.fr\\\/de\\\/#\\\/schema\\\/logo\\\/image\\\/\"},\"sameAs\":[\"https:\\\/\\\/www.linkedin.com\\\/company\\\/compagnie-fruitiere\\\/\"]}]}<\/script>\n<!-- \/ Yoast SEO plugin. -->","yoast_head_json":{"title":"Die Compagnie Fruiti\u00e8re. D\u00e9couvrez tout ce qui fait l\u2019actualit\u00e9 de La Compagnie Fruiti\u00e8re.","description":"La Compagnie Fruiti\u00e8re met son \u00e9nergie et son savoir-faire \u00e0 votre service. Pour toute demande d\u2019information, sur l'actualit\u00e9 de la Compagnie Fruiti\u00e8re, contactez-nous.","robots":{"index":"index","follow":"follow","max-snippet":"max-snippet:-1","max-image-preview":"max-image-preview:large","max-video-preview":"max-video-preview:-1"},"canonical":"https:\/\/www.compagniefruitiere.fr\/de\/unsere-neuigkeiten\/","og_locale":"de_DE","og_type":"article","og_title":"Die Compagnie Fruiti\u00e8re. D\u00e9couvrez tout ce qui fait l\u2019actualit\u00e9 de La Compagnie Fruiti\u00e8re.","og_description":"La Compagnie Fruiti\u00e8re met son \u00e9nergie et son savoir-faire \u00e0 votre service. Pour toute demande d\u2019information, sur l'actualit\u00e9 de la Compagnie Fruiti\u00e8re, contactez-nous.","og_url":"https:\/\/www.compagniefruitiere.fr\/de\/unsere-neuigkeiten\/","og_site_name":"Compagnie fruiti\u00e8re","article_modified_time":"2024-07-29T08:32:34+00:00","twitter_card":"summary_large_image","twitter_misc":{"Gesch\u00e4tzte Lesezeit":"4\u00a0Minuten"},"schema":{"@context":"https:\/\/schema.org","@graph":[{"@type":"WebPage","@id":"https:\/\/www.compagniefruitiere.fr\/de\/unsere-neuigkeiten\/","url":"https:\/\/www.compagniefruitiere.fr\/de\/unsere-neuigkeiten\/","name":"Die Compagnie Fruiti\u00e8re. D\u00e9couvrez tout ce qui fait l\u2019actualit\u00e9 de La Compagnie Fruiti\u00e8re.","isPartOf":{"@id":"https:\/\/www.compagniefruitiere.fr\/de\/#website"},"datePublished":"2022-06-29T22:33:18+00:00","dateModified":"2024-07-29T08:32:34+00:00","description":"La Compagnie Fruiti\u00e8re met son \u00e9nergie et son savoir-faire \u00e0 votre service. Pour toute demande d\u2019information, sur l'actualit\u00e9 de la Compagnie Fruiti\u00e8re, contactez-nous.","breadcrumb":{"@id":"https:\/\/www.compagniefruitiere.fr\/de\/unsere-neuigkeiten\/#breadcrumb"},"inLanguage":"de","potentialAction":[{"@type":"ReadAction","target":["https:\/\/www.compagniefruitiere.fr\/de\/unsere-neuigkeiten\/"]}]},{"@type":"BreadcrumbList","@id":"https:\/\/www.compagniefruitiere.fr\/de\/unsere-neuigkeiten\/#breadcrumb","itemListElement":[{"@type":"ListItem","position":1,"name":"Accueil","item":"https:\/\/www.compagniefruitiere.fr\/de\/"},{"@type":"ListItem","position":2,"name":"Unsere Neuigkeiten"}]},{"@type":"WebSite","@id":"https:\/\/www.compagniefruitiere.fr\/de\/#website","url":"https:\/\/www.compagniefruitiere.fr\/de\/","name":"Compagnie fruiti\u00e8re","description":"Origine : Nature.","publisher":{"@id":"https:\/\/www.compagniefruitiere.fr\/de\/#organization"},"potentialAction":[{"@type":"SearchAction","target":{"@type":"EntryPoint","urlTemplate":"https:\/\/www.compagniefruitiere.fr\/de\/?s={search_term_string}"},"query-input":{"@type":"PropertyValueSpecification","valueRequired":true,"valueName":"search_term_string"}}],"inLanguage":"de"},{"@type":"Organization","@id":"https:\/\/www.compagniefruitiere.fr\/de\/#organization","name":"Compagnie fruiti\u00e8re","url":"https:\/\/www.compagniefruitiere.fr\/de\/","logo":{"@type":"ImageObject","inLanguage":"de","@id":"https:\/\/www.compagniefruitiere.fr\/de\/#\/schema\/logo\/image\/","url":"https:\/\/www.compagniefruitiere.fr\/wp-content\/uploads\/2022\/03\/compagniefrutiere-logo.svg","contentUrl":"https:\/\/www.compagniefruitiere.fr\/wp-content\/uploads\/2022\/03\/compagniefrutiere-logo.svg","width":471,"height":113,"caption":"Compagnie fruiti\u00e8re"},"image":{"@id":"https:\/\/www.compagniefruitiere.fr\/de\/#\/schema\/logo\/image\/"},"sameAs":["https:\/\/www.linkedin.com\/company\/compagnie-fruitiere\/"]}]}},"_links":{"self":[{"href":"https:\/\/www.compagniefruitiere.fr\/de\/wp-json\/wp\/v2\/pages\/10613","targetHints":{"allow":["GET"]}}],"collection":[{"href":"https:\/\/www.compagniefruitiere.fr\/de\/wp-json\/wp\/v2\/pages"}],"about":[{"href":"https:\/\/www.compagniefruitiere.fr\/de\/wp-json\/wp\/v2\/types\/page"}],"author":[{"embeddable":true,"href":"https:\/\/www.compagniefruitiere.fr\/de\/wp-json\/wp\/v2\/users\/1"}],"replies":[{"embeddable":true,"href":"https:\/\/www.compagniefruitiere.fr\/de\/wp-json\/wp\/v2\/comments?post=10613"}],"version-history":[{"count":2,"href":"https:\/\/www.compagniefruitiere.fr\/de\/wp-json\/wp\/v2\/pages\/10613\/revisions"}],"predecessor-version":[{"id":10615,"href":"https:\/\/www.compagniefruitiere.fr\/de\/wp-json\/wp\/v2\/pages\/10613\/revisions\/10615"}],"wp:attachment":[{"href":"https:\/\/www.compagniefruitiere.fr\/de\/wp-json\/wp\/v2\/media?parent=10613"}],"curies":[{"name":"wp","href":"https:\/\/api.w.org\/{rel}","templated":true}]}}