{"id":10430,"date":"2022-08-19T00:25:01","date_gmt":"2022-08-18T22:25:01","guid":{"rendered":"https:\/\/www.compagniefruitiere.fr\/contact\/"},"modified":"2026-03-06T09:58:16","modified_gmt":"2026-03-06T08:58:16","slug":"kontakt","status":"publish","type":"page","link":"https:\/\/www.compagniefruitiere.fr\/de\/kontakt\/","title":{"rendered":"Kontakt"},"content":{"rendered":"\n<p><\/p>\n\n\n\n<p><strong>M\u00f6chten Sie sich bei uns bewerben?<\/strong><\/p>\n\n\n\n<p>Damit Ihre Bewerbung ber\u00fccksichtigt und gem\u00e4\u00df den DSGVO-Standards gesch\u00fctzt wird, nutzen Sie bitte ausschlie\u00dflich unseren <a href=\"https:\/\/compagniefruitiere-career.talent-soft.com\/homepage.aspx?LCID=1033\" target=\"_blank\" rel=\"noreferrer noopener\">Karrierebereich<\/a>.<\/p>\n\n\n\n<p>Hinweis: Bewerbungen, die \u00fcber dieses Kontaktformular gesendet werden, k\u00f6nnen nicht bearbeitet werden und werden automatisch gel\u00f6scht.<\/p>\n\n\n<div class=\"forminator-ui forminator-custom-form forminator-custom-form-4431 forminator-design--default  forminator_ajax\" data-forminator-render=\"0\" data-form=\"forminator-module-4431\" data-uid=\"69e748d0dfef2\"><br\/><\/div><form\n\t\t\t\tid=\"forminator-module-4431\"\n\t\t\t\tclass=\"forminator-ui forminator-custom-form forminator-custom-form-4431 forminator-design--default  forminator_ajax\"\n\t\t\t\tmethod=\"post\"\n\t\t\t\tdata-forminator-render=\"0\"\n\t\t\t\tdata-form-id=\"4431\"\n\t\t\t\t data-color-option=\"default\" data-design=\"default\" data-grid=\"open\" style=\"display: none;\"\n\t\t\t\tdata-uid=\"69e748d0dfef2\"\n\t\t\t><div role=\"alert\" aria-live=\"polite\" class=\"forminator-response-message forminator-error\" aria-hidden=\"true\"><\/div><div class=\"forminator-row\"><div id=\"select-1\" class=\"forminator-field-select forminator-col forminator-col-12 \"><div class=\"forminator-field\"><select  id=\"forminator-form-4431__field--select-1_69e748d0dfef2\" class=\"forminator-select--field forminator-select2 forminator-select2-multiple\" data-required=\"\" name=\"select-1\" data-default-value=\"\" data-placeholder=\"Quel service souhaitez-vous contacter ?\" data-search=\"false\" data-search-placeholder=\"Quel service souhaitez-vous contacter ?\" data-checkbox=\"false\" data-allow-clear=\"false\" aria-labelledby=\"forminator-form-4431__field--select-1_69e748d0dfef2-label\"><option value=\"\"  >Quel service souhaitez-vous contacter ?<\/option><option value=\"communication\"  data-calculation=\"0\">Communication<\/option><option value=\"commerce\"  data-calculation=\"0\">Commerce<\/option><option value=\"qualite\"  data-calculation=\"0\">Qualit\u00e9<\/option><option value=\"ressources-humaines\"  data-calculation=\"0\">Ressources humaines<\/option><option value=\"juridique\"  data-calculation=\"0\">Juridique<\/option><option value=\"finances\"  data-calculation=\"0\">Finances<\/option><option value=\"achats\"  data-calculation=\"0\">Achats<\/option><option value=\"promoteur-des-ventes\"  data-calculation=\"0\">Promoteur des ventes<\/option><option value=\"visites\"  data-calculation=\"0\">Visites<\/option><option value=\"presse\"  data-calculation=\"0\">Presse<\/option><option value=\"partenariats\"  data-calculation=\"0\">Partenariats<\/option><\/select><\/div><\/div><\/div><div class=\"forminator-row\"><div id=\"name-2\" class=\"forminator-field-name forminator-col forminator-col-6 \"><div class=\"forminator-field\"><input type=\"text\" name=\"name-2\" value=\"\" placeholder=\"Pr\u00e9nom *\" id=\"forminator-field-name-2_69e748d0dfef2\" class=\"forminator-input forminator-name--field\" aria-required=\"true\" autocomplete=\"name\" \/><\/div><\/div><div id=\"name-1\" class=\"forminator-field-name forminator-col forminator-col-6 \"><div class=\"forminator-field\"><input type=\"text\" name=\"name-1\" value=\"\" placeholder=\"Nom *\" id=\"forminator-field-name-1_69e748d0dfef2\" class=\"forminator-input forminator-name--field\" aria-required=\"true\" autocomplete=\"name\" \/><\/div><\/div><\/div><div class=\"forminator-row\"><div id=\"email-1\" class=\"forminator-field-email forminator-col forminator-col-6 \"><div class=\"forminator-field\"><input type=\"email\" name=\"email-1\" value=\"\" placeholder=\"Adresse de messagerie *\" id=\"forminator-field-email-1_69e748d0dfef2\" class=\"forminator-input forminator-email--field\" data-required=\"true\" aria-required=\"true\" autocomplete=\"email\" \/><\/div><\/div><div id=\"phone-1\" class=\"forminator-field-phone forminator-col forminator-col-6 \"><div class=\"forminator-field\"><input type=\"text\" name=\"phone-1\" value=\"\" placeholder=\"T\u00e9l\u00e9phone\" id=\"forminator-field-phone-1_69e748d0dfef2\" class=\"forminator-input forminator-field--phone\" data-required=\"\" aria-required=\"false\" autocomplete=\"off\" \/><\/div><\/div><\/div><div class=\"forminator-row\"><div id=\"textarea-1\" class=\"forminator-field-textarea forminator-col forminator-col-12 \"><div class=\"forminator-field\"><textarea name=\"textarea-1\" placeholder=\"Message *\" id=\"forminator-field-textarea-1_69e748d0dfef2\" class=\"forminator-textarea\" rows=\"6\" style=\"min-height:140px;\" ><\/textarea><\/div><\/div><\/div><div class=\"forminator-row\"><div id=\"consent-1\" class=\"forminator-field-consent forminator-col forminator-col-12 \"><div class=\"forminator-field\"><div class=\"forminator-checkbox__wrapper\"><label id=\"forminator-field-consent-1_69e748d0dfef2__label\" class=\"forminator-checkbox forminator-consent\"><input type=\"checkbox\" name=\"consent-1\" id=\"forminator-field-consent-1_69e748d0dfef2\" value=\"checked\" aria-labelledby=\"forminator-field-consent-1_69e748d0dfef2-label\" aria-describedby=\"forminator-field-consent-1_69e748d0dfef2__description\" data-required=\"true\" aria-required=\"true\" \/><span class=\"forminator-checkbox-box\" aria-hidden=\"true\"><\/span><\/label><div id=\"forminator-field-consent-1_69e748d0dfef2__description\" class=\"forminator-checkbox__label forminator-consent__label\"><p>En soumettant ce formulaire, j'accepte les <a href=\"\/mentions-legales\/\">mentions l\u00e9gales<\/a> et la <a href=\"\/politique-de-confidentialite\/\">politique de confidentialit\u00e9<\/a>.<\/p><\/div><\/div><\/div><\/div><\/div><input type=\"hidden\" name=\"referer_url\" value=\"\" \/><div class=\"forminator-row forminator-row-last\"><div class=\"forminator-col\"><div class=\"forminator-field\"><button class=\"forminator-button forminator-button-submit\">Envoyer le message<\/button><\/div><\/div><\/div><input type=\"hidden\" id=\"forminator_nonce\" name=\"forminator_nonce\" value=\"4a04028cd5\" \/><input type=\"hidden\" name=\"_wp_http_referer\" value=\"\/de\/wp-json\/wp\/v2\/pages\/10430\" \/><input type=\"hidden\" name=\"form_id\" value=\"4431\"><input type=\"hidden\" name=\"page_id\" value=\"10430\"><input type=\"hidden\" name=\"form_type\" value=\"default\"><input type=\"hidden\" name=\"current_url\" value=\"https:\/\/www.compagniefruitiere.fr\/de\/kontakt\/\"><input type=\"hidden\" name=\"render_id\" value=\"0\"><input type=\"hidden\" name=\"action\" value=\"forminator_submit_form_custom-forms\"><label for=\"input_8\" class=\"forminator-hidden\" aria-hidden=\"true\">Bitte f\u00fclle dieses Feld nicht aus. <input id=\"input_8\" type=\"text\" name=\"input_8\" value=\"\" autocomplete=\"off\"><\/label><\/form>\n","protected":false},"excerpt":{"rendered":"<p>M\u00f6chten Sie sich bei uns bewerben? Damit Ihre Bewerbung ber\u00fccksichtigt und gem\u00e4\u00df den DSGVO-Standards gesch\u00fctzt wird, nutzen Sie bitte ausschlie\u00dflich unseren Karrierebereich. Hinweis: Bewerbungen, die \u00fcber dieses Kontaktformular gesendet werden, k\u00f6nnen nicht bearbeitet werden und werden automatisch gel\u00f6scht.<\/p>\n","protected":false},"author":1,"featured_media":0,"parent":0,"menu_order":0,"comment_status":"closed","ping_status":"closed","template":"","meta":{"_et_pb_use_builder":"off","_et_pb_old_content":"","_et_gb_content_width":"","footnotes":""},"class_list":["post-10430","page","type-page","status-publish","hentry"],"yoast_head":"<!-- This site is optimized with the Yoast SEO plugin v27.3 - https:\/\/yoast.com\/product\/yoast-seo-wordpress\/ -->\n<title>Kontakt mit der Compagnie Fruiti\u00e8re | Compagnie Fruiti\u00e8re<\/title>\n<meta name=\"description\" content=\"Kontaktieren Sie die Compagnie Fruiti\u00e8re f\u00fcr jede Anfrage oder Information. Erfahren Sie mehr \u00fcber unsere Kontaktdaten und wie Sie uns leicht erreichen k\u00f6nnen.\" \/>\n<meta name=\"robots\" content=\"index, follow, max-snippet:-1, max-image-preview:large, max-video-preview:-1\" \/>\n<link rel=\"canonical\" href=\"https:\/\/www.compagniefruitiere.fr\/de\/kontakt\/\" \/>\n<meta property=\"og:locale\" content=\"de_DE\" \/>\n<meta property=\"og:type\" content=\"article\" \/>\n<meta property=\"og:title\" content=\"Kontakt mit der Compagnie Fruiti\u00e8re | Compagnie Fruiti\u00e8re\" \/>\n<meta property=\"og:description\" content=\"Kontaktieren Sie die Compagnie Fruiti\u00e8re f\u00fcr jede Anfrage oder Information. Erfahren Sie mehr \u00fcber unsere Kontaktdaten und wie Sie uns leicht erreichen k\u00f6nnen.\" \/>\n<meta property=\"og:url\" content=\"https:\/\/www.compagniefruitiere.fr\/de\/kontakt\/\" \/>\n<meta property=\"og:site_name\" content=\"Compagnie fruiti\u00e8re\" \/>\n<meta property=\"article:modified_time\" content=\"2026-03-06T08:58:16+00:00\" \/>\n<meta name=\"twitter:card\" content=\"summary_large_image\" \/>\n<meta name=\"twitter:label1\" content=\"Gesch\u00e4tzte Lesezeit\" \/>\n\t<meta name=\"twitter:data1\" content=\"1\u00a0Minute\" \/>\n<script type=\"application\/ld+json\" class=\"yoast-schema-graph\">{\"@context\":\"https:\\\/\\\/schema.org\",\"@graph\":[{\"@type\":\"WebPage\",\"@id\":\"https:\\\/\\\/www.compagniefruitiere.fr\\\/de\\\/kontakt\\\/\",\"url\":\"https:\\\/\\\/www.compagniefruitiere.fr\\\/de\\\/kontakt\\\/\",\"name\":\"Kontakt mit der Compagnie Fruiti\u00e8re | Compagnie Fruiti\u00e8re\",\"isPartOf\":{\"@id\":\"https:\\\/\\\/www.compagniefruitiere.fr\\\/de\\\/#website\"},\"datePublished\":\"2022-08-18T22:25:01+00:00\",\"dateModified\":\"2026-03-06T08:58:16+00:00\",\"description\":\"Kontaktieren Sie die Compagnie Fruiti\u00e8re f\u00fcr jede Anfrage oder Information. Erfahren Sie mehr \u00fcber unsere Kontaktdaten und wie Sie uns leicht erreichen k\u00f6nnen.\",\"breadcrumb\":{\"@id\":\"https:\\\/\\\/www.compagniefruitiere.fr\\\/de\\\/kontakt\\\/#breadcrumb\"},\"inLanguage\":\"de\",\"potentialAction\":[{\"@type\":\"ReadAction\",\"target\":[\"https:\\\/\\\/www.compagniefruitiere.fr\\\/de\\\/kontakt\\\/\"]}]},{\"@type\":\"BreadcrumbList\",\"@id\":\"https:\\\/\\\/www.compagniefruitiere.fr\\\/de\\\/kontakt\\\/#breadcrumb\",\"itemListElement\":[{\"@type\":\"ListItem\",\"position\":1,\"name\":\"Accueil\",\"item\":\"https:\\\/\\\/www.compagniefruitiere.fr\\\/de\\\/\"},{\"@type\":\"ListItem\",\"position\":2,\"name\":\"Kontakt\"}]},{\"@type\":\"WebSite\",\"@id\":\"https:\\\/\\\/www.compagniefruitiere.fr\\\/de\\\/#website\",\"url\":\"https:\\\/\\\/www.compagniefruitiere.fr\\\/de\\\/\",\"name\":\"Compagnie fruiti\u00e8re\",\"description\":\"Origine : Nature.\",\"publisher\":{\"@id\":\"https:\\\/\\\/www.compagniefruitiere.fr\\\/de\\\/#organization\"},\"potentialAction\":[{\"@type\":\"SearchAction\",\"target\":{\"@type\":\"EntryPoint\",\"urlTemplate\":\"https:\\\/\\\/www.compagniefruitiere.fr\\\/de\\\/?s={search_term_string}\"},\"query-input\":{\"@type\":\"PropertyValueSpecification\",\"valueRequired\":true,\"valueName\":\"search_term_string\"}}],\"inLanguage\":\"de\"},{\"@type\":\"Organization\",\"@id\":\"https:\\\/\\\/www.compagniefruitiere.fr\\\/de\\\/#organization\",\"name\":\"Compagnie fruiti\u00e8re\",\"url\":\"https:\\\/\\\/www.compagniefruitiere.fr\\\/de\\\/\",\"logo\":{\"@type\":\"ImageObject\",\"inLanguage\":\"de\",\"@id\":\"https:\\\/\\\/www.compagniefruitiere.fr\\\/de\\\/#\\\/schema\\\/logo\\\/image\\\/\",\"url\":\"https:\\\/\\\/www.compagniefruitiere.fr\\\/wp-content\\\/uploads\\\/2022\\\/03\\\/compagniefrutiere-logo.svg\",\"contentUrl\":\"https:\\\/\\\/www.compagniefruitiere.fr\\\/wp-content\\\/uploads\\\/2022\\\/03\\\/compagniefrutiere-logo.svg\",\"width\":471,\"height\":113,\"caption\":\"Compagnie fruiti\u00e8re\"},\"image\":{\"@id\":\"https:\\\/\\\/www.compagniefruitiere.fr\\\/de\\\/#\\\/schema\\\/logo\\\/image\\\/\"},\"sameAs\":[\"https:\\\/\\\/www.linkedin.com\\\/company\\\/compagnie-fruitiere\\\/\"]}]}<\/script>\n<!-- \/ Yoast SEO plugin. -->","yoast_head_json":{"title":"Kontakt mit der Compagnie Fruiti\u00e8re | Compagnie Fruiti\u00e8re","description":"Kontaktieren Sie die Compagnie Fruiti\u00e8re f\u00fcr jede Anfrage oder Information. Erfahren Sie mehr \u00fcber unsere Kontaktdaten und wie Sie uns leicht erreichen k\u00f6nnen.","robots":{"index":"index","follow":"follow","max-snippet":"max-snippet:-1","max-image-preview":"max-image-preview:large","max-video-preview":"max-video-preview:-1"},"canonical":"https:\/\/www.compagniefruitiere.fr\/de\/kontakt\/","og_locale":"de_DE","og_type":"article","og_title":"Kontakt mit der Compagnie Fruiti\u00e8re | Compagnie Fruiti\u00e8re","og_description":"Kontaktieren Sie die Compagnie Fruiti\u00e8re f\u00fcr jede Anfrage oder Information. Erfahren Sie mehr \u00fcber unsere Kontaktdaten und wie Sie uns leicht erreichen k\u00f6nnen.","og_url":"https:\/\/www.compagniefruitiere.fr\/de\/kontakt\/","og_site_name":"Compagnie fruiti\u00e8re","article_modified_time":"2026-03-06T08:58:16+00:00","twitter_card":"summary_large_image","twitter_misc":{"Gesch\u00e4tzte Lesezeit":"1\u00a0Minute"},"schema":{"@context":"https:\/\/schema.org","@graph":[{"@type":"WebPage","@id":"https:\/\/www.compagniefruitiere.fr\/de\/kontakt\/","url":"https:\/\/www.compagniefruitiere.fr\/de\/kontakt\/","name":"Kontakt mit der Compagnie Fruiti\u00e8re | Compagnie Fruiti\u00e8re","isPartOf":{"@id":"https:\/\/www.compagniefruitiere.fr\/de\/#website"},"datePublished":"2022-08-18T22:25:01+00:00","dateModified":"2026-03-06T08:58:16+00:00","description":"Kontaktieren Sie die Compagnie Fruiti\u00e8re f\u00fcr jede Anfrage oder Information. Erfahren Sie mehr \u00fcber unsere Kontaktdaten und wie Sie uns leicht erreichen k\u00f6nnen.","breadcrumb":{"@id":"https:\/\/www.compagniefruitiere.fr\/de\/kontakt\/#breadcrumb"},"inLanguage":"de","potentialAction":[{"@type":"ReadAction","target":["https:\/\/www.compagniefruitiere.fr\/de\/kontakt\/"]}]},{"@type":"BreadcrumbList","@id":"https:\/\/www.compagniefruitiere.fr\/de\/kontakt\/#breadcrumb","itemListElement":[{"@type":"ListItem","position":1,"name":"Accueil","item":"https:\/\/www.compagniefruitiere.fr\/de\/"},{"@type":"ListItem","position":2,"name":"Kontakt"}]},{"@type":"WebSite","@id":"https:\/\/www.compagniefruitiere.fr\/de\/#website","url":"https:\/\/www.compagniefruitiere.fr\/de\/","name":"Compagnie fruiti\u00e8re","description":"Origine : Nature.","publisher":{"@id":"https:\/\/www.compagniefruitiere.fr\/de\/#organization"},"potentialAction":[{"@type":"SearchAction","target":{"@type":"EntryPoint","urlTemplate":"https:\/\/www.compagniefruitiere.fr\/de\/?s={search_term_string}"},"query-input":{"@type":"PropertyValueSpecification","valueRequired":true,"valueName":"search_term_string"}}],"inLanguage":"de"},{"@type":"Organization","@id":"https:\/\/www.compagniefruitiere.fr\/de\/#organization","name":"Compagnie fruiti\u00e8re","url":"https:\/\/www.compagniefruitiere.fr\/de\/","logo":{"@type":"ImageObject","inLanguage":"de","@id":"https:\/\/www.compagniefruitiere.fr\/de\/#\/schema\/logo\/image\/","url":"https:\/\/www.compagniefruitiere.fr\/wp-content\/uploads\/2022\/03\/compagniefrutiere-logo.svg","contentUrl":"https:\/\/www.compagniefruitiere.fr\/wp-content\/uploads\/2022\/03\/compagniefrutiere-logo.svg","width":471,"height":113,"caption":"Compagnie fruiti\u00e8re"},"image":{"@id":"https:\/\/www.compagniefruitiere.fr\/de\/#\/schema\/logo\/image\/"},"sameAs":["https:\/\/www.linkedin.com\/company\/compagnie-fruitiere\/"]}]}},"_links":{"self":[{"href":"https:\/\/www.compagniefruitiere.fr\/de\/wp-json\/wp\/v2\/pages\/10430","targetHints":{"allow":["GET"]}}],"collection":[{"href":"https:\/\/www.compagniefruitiere.fr\/de\/wp-json\/wp\/v2\/pages"}],"about":[{"href":"https:\/\/www.compagniefruitiere.fr\/de\/wp-json\/wp\/v2\/types\/page"}],"author":[{"embeddable":true,"href":"https:\/\/www.compagniefruitiere.fr\/de\/wp-json\/wp\/v2\/users\/1"}],"replies":[{"embeddable":true,"href":"https:\/\/www.compagniefruitiere.fr\/de\/wp-json\/wp\/v2\/comments?post=10430"}],"version-history":[{"count":2,"href":"https:\/\/www.compagniefruitiere.fr\/de\/wp-json\/wp\/v2\/pages\/10430\/revisions"}],"predecessor-version":[{"id":12979,"href":"https:\/\/www.compagniefruitiere.fr\/de\/wp-json\/wp\/v2\/pages\/10430\/revisions\/12979"}],"wp:attachment":[{"href":"https:\/\/www.compagniefruitiere.fr\/de\/wp-json\/wp\/v2\/media?parent=10430"}],"curies":[{"name":"wp","href":"https:\/\/api.w.org\/{rel}","templated":true}]}}