{"id":10417,"date":"2022-06-28T12:18:53","date_gmt":"2022-06-28T10:18:53","guid":{"rendered":"https:\/\/www.compagniefruitiere.fr\/pratiques-agricoles-durables-et-biologiques\/"},"modified":"2025-06-05T14:48:32","modified_gmt":"2025-06-05T12:48:32","slug":"nachhaltige-landwirtschaftliche-praktiken","status":"publish","type":"page","link":"https:\/\/www.compagniefruitiere.fr\/de\/nachhaltige-landwirtschaftliche-praktiken\/","title":{"rendered":"Nachhaltige landwirtschaftliche Praktiken"},"content":{"rendered":"\n<p><\/p>\n\n\n\n<p>Die Compagnie Fruiti\u00e8re ist sich der mit ihren Produktionsaktivit\u00e4ten verbundenen Umweltherausforderungen bewusst und hat daher ein ehrgeiziges Programm ins Leben gerufen, das darauf abzielt, den Einsatz von Pflanzenschutzmitteln und Kunstd\u00fcnger auf unseren Plantagen zu verringern. Dabei st\u00fctzen wir uns auf unsere Experten und Expertinnen aus den Bereichen Landwirtschaft und Biologie sowie auf alle unsere Partner, etwa den <a href=\"https:\/\/www.wwf.fr\/\">WWF<\/a>, das franz\u00f6sische Forschungsinstitut f\u00fcr Landwirtschaft (<a href=\"https:\/\/www.cnrs.fr\/fr\">CNRS<\/a>), Lebensmittelwesen und Umwelt (<a href=\"https:\/\/www.inrae.fr\/\">INRAE<\/a>) oder auch auf das Zentrum f\u00fcr internationale Zusammenarbeit in der Agrarforschung f\u00fcr Drittl\u00e4nder (<a href=\"https:\/\/www.cirad.fr\/\">CIRAD<\/a>). Gemeinsam etablieren wir neue, umweltfreundlichere agrar\u00f6konomische Praktiken und erproben auf unseren Plantagen innovative Techniken, die nat\u00fcrliche Lebensr\u00e4ume erhalten und schonen. <\/p>\n\n\n\n<div class=\"wp-block-divi-layout\">[et_pb_section fb_built=&#8220;1&#8243; admin_label=&#8220;section&#8220; _builder_version=&#8220;4.21.0&#8243; width=&#8220;100%&#8220; max_width=&#8220;100%&#8220; custom_margin=&#8220;20px|0px|0px|0px|false|false&#8220; custom_padding=&#8220;0px|0px|0px|0px|false|false&#8220; global_colors_info=&#8220;{}&#8220;][et_pb_row admin_label=&#8220;row&#8220; _builder_version=&#8220;4.21.0&#8243; background_size=&#8220;initial&#8220; background_position=&#8220;top_left&#8220; background_repeat=&#8220;repeat&#8220; width=&#8220;100%&#8220; custom_margin=&#8220;0px|0px|0px|0px|false|false&#8220; custom_padding=&#8220;0px|0px|0px|0px|false|false&#8220; global_colors_info=&#8220;{}&#8220;][et_pb_column type=&#8220;4_4&#8243; _builder_version=&#8220;4.21.0&#8243; _module_preset=&#8220;default&#8220; global_colors_info=&#8220;{}&#8220;][dnxte_coverflowslider_parent dnxte_coverflow_loop=&#8220;on&#8220; dnxte_coverflow_centered_slides=&#8220;on&#8220; dnxte_coverflow_auto_height=&#8220;on&#8220; dnxte_coverflow_equal_height=&#8220;off&#8220; dnxte_coverflow_grab=&#8220;on&#8220; dnxte_coverflow_keyboard_enable=&#8220;off&#8220; dnxte_coverflow_mousewheel_enable=&#8220;off&#8220; dnxte_coverflow_speed=&#8220;674&#8243; dnxte_coverflow_arrows=&#8220;on&#8220; dnxte_coverflow_pagination_type=&#8220;none&#8220; dnxte_coverflow_breakpoint_desktop=&#8220;2&#8243; dnxte_coverflow_arrow_color=&#8220;rgba(255,255,255,0.7)&#8220; dnxte_coverflow_arrow_background_color=&#8220;rgba(255,255,255,0)&#8220; dnxte_coverflow_arrow_size=&#8220;48&#8243; lightbox_showhide=&#8220;on&#8220; dnxte_coverflow_breakpoint_desktop_tablet=&#8220;2&#8243; dnxte_coverflow_breakpoint_desktop_phone=&#8220;2&#8243; dnxte_coverflow_breakpoint_desktop_last_edited=&#8220;on|phone&#8220; admin_label=&#8220;Next Divi Carousel&#8220; _builder_version=&#8220;4.27.4&#8243; _module_preset=&#8220;default&#8220; custom_padding=&#8220;||||false|false&#8220; custom_padding_tablet=&#8220;||||false|false&#8220; custom_padding_phone=&#8220;||30px||false|false&#8220; custom_padding_last_edited=&#8220;on|phone&#8220; hover_enabled=&#8220;0&#8243; border_radii_image_border=&#8220;on|15px|15px|15px|15px&#8220; global_colors_info=&#8220;{}&#8220; sticky_enabled=&#8220;0&#8243;][dnxte_coverflowslider_child coverflowslider_image=&#8220;https:\/\/www.compagniefruitiere.fr\/wp-content\/uploads\/2023\/04\/Cameroun2022-Bananes-3326_slider-1-500&#215;500.jpg&#8220; _builder_version=&#8220;4.21.0&#8243; _module_preset=&#8220;default&#8220; global_colors_info=&#8220;{}&#8220;][\/dnxte_coverflowslider_child][dnxte_coverflowslider_child coverflowslider_image=&#8220;https:\/\/www.compagniefruitiere.fr\/wp-content\/uploads\/2022\/11\/compagnie-fruitiere-cameroun-2022-bananes-3286-slider-500&#215;500.webp&#8220; _builder_version=&#8220;4.21.0&#8243; _module_preset=&#8220;default&#8220; global_colors_info=&#8220;{}&#8220;][\/dnxte_coverflowslider_child][dnxte_coverflowslider_child coverflowslider_image=&#8220;https:\/\/www.compagniefruitiere.fr\/wp-content\/uploads\/2022\/11\/compagnie-fruitiere-cameroun-2022-bananes-3689-slider-500&#215;500.webp&#8220; _builder_version=&#8220;4.21.0&#8243; _module_preset=&#8220;default&#8220; global_colors_info=&#8220;{}&#8220;][\/dnxte_coverflowslider_child][dnxte_coverflowslider_child coverflowslider_image=&#8220;https:\/\/www.compagniefruitiere.fr\/wp-content\/uploads\/2022\/11\/compagnie-fruitiere-cameroun-2022-bananes-3959-slider-500&#215;500.webp&#8220; _builder_version=&#8220;4.21.0&#8243; _module_preset=&#8220;default&#8220; global_colors_info=&#8220;{}&#8220;][\/dnxte_coverflowslider_child][dnxte_coverflowslider_child coverflowslider_image=&#8220;https:\/\/www.compagniefruitiere.fr\/wp-content\/uploads\/2022\/11\/compagnie-fruitiere-ghana-2016-divers-8860-slider-500&#215;500.webp&#8220; _builder_version=&#8220;4.21.0&#8243; _module_preset=&#8220;default&#8220; global_colors_info=&#8220;{}&#8220;][\/dnxte_coverflowslider_child][dnxte_coverflowslider_child _builder_version=&#8220;4.27.4&#8243; _module_preset=&#8220;default&#8220; title_text=&#8220;Carroussel_CF_DE-01&#8243; coverflowslider_image=&#8220;https:\/\/www.compagniefruitiere.fr\/wp-content\/uploads\/2025\/05\/Carroussel_CF_DE-01-500&#215;500.jpg&#8220; hover_enabled=&#8220;0&#8243; sticky_enabled=&#8220;0&#8243;][\/dnxte_coverflowslider_child][dnxte_coverflowslider_child _builder_version=&#8220;4.27.4&#8243; _module_preset=&#8220;default&#8220; title_text=&#8220;Carroussel_CF_DE-02&#8243; coverflowslider_image=&#8220;https:\/\/www.compagniefruitiere.fr\/wp-content\/uploads\/2025\/05\/Carroussel_CF_DE-02-500&#215;500.jpg&#8220; hover_enabled=&#8220;0&#8243; sticky_enabled=&#8220;0&#8243;][\/dnxte_coverflowslider_child][\/dnxte_coverflowslider_parent][\/et_pb_column][\/et_pb_row][\/et_pb_section]<\/div>\n\n\n\n<p>Um den Einsatz von Pflanzenschutzmitteln zu reduzieren, setzen wir etwa auf unseren Anbaufl\u00e4chen n\u00fctzliche Begleitpflanzen, Insektenfallen oder auch Drohnen zur pr\u00e4ziseren Behandlung ausgew\u00e4hlter Zonen ein. Dar\u00fcber hinaus haben wir unseren Kunstd\u00fcngerverbrauch verringert, indem wir ihn wann immer m\u00f6glich durch Kompost ersetzen, und erhalten die Bodenfruchtbarkeit durch regelm\u00e4\u00dfige Brachzeiten unserer Anbaufl\u00e4chen.<\/p>\n","protected":false},"excerpt":{"rendered":"<p>Die Compagnie Fruiti\u00e8re ist sich der mit ihren Produktionsaktivit\u00e4ten verbundenen Umweltherausforderungen bewusst und hat daher ein ehrgeiziges Programm ins Leben gerufen, das darauf abzielt, den Einsatz von Pflanzenschutzmitteln und Kunstd\u00fcnger auf unseren Plantagen zu verringern. Dabei st\u00fctzen wir uns auf unsere Experten und Expertinnen aus den Bereichen Landwirtschaft und Biologie sowie auf alle unsere Partner, [&hellip;]<\/p>\n","protected":false},"author":1,"featured_media":0,"parent":0,"menu_order":0,"comment_status":"closed","ping_status":"closed","template":"","meta":{"_et_pb_use_builder":"off","_et_pb_old_content":"","_et_gb_content_width":"","footnotes":""},"class_list":["post-10417","page","type-page","status-publish","hentry"],"yoast_head":"<!-- This site is optimized with the Yoast SEO plugin v27.3 - https:\/\/yoast.com\/product\/yoast-seo-wordpress\/ -->\n<title>Nachhaltige und \u00f6kologische Anbaumethoden | Compagnie Fruiti\u00e8re<\/title>\n<meta name=\"description\" content=\"Die Compagnie Fruiti\u00e8re wendet nachhaltige und biologische Anbaumethoden an, um die Umwelt zu sch\u00fctzen und die Qualit\u00e4t ihrer Produkte zu gew\u00e4hrleisten\" \/>\n<meta name=\"robots\" content=\"index, follow, max-snippet:-1, max-image-preview:large, max-video-preview:-1\" \/>\n<link rel=\"canonical\" href=\"https:\/\/www.compagniefruitiere.fr\/de\/nachhaltige-landwirtschaftliche-praktiken\/\" \/>\n<meta property=\"og:locale\" content=\"de_DE\" \/>\n<meta property=\"og:type\" content=\"article\" \/>\n<meta property=\"og:title\" content=\"Nachhaltige und \u00f6kologische Anbaumethoden | Compagnie Fruiti\u00e8re\" \/>\n<meta property=\"og:description\" content=\"Die Compagnie Fruiti\u00e8re wendet nachhaltige und biologische Anbaumethoden an, um die Umwelt zu sch\u00fctzen und die Qualit\u00e4t ihrer Produkte zu gew\u00e4hrleisten\" \/>\n<meta property=\"og:url\" content=\"https:\/\/www.compagniefruitiere.fr\/de\/nachhaltige-landwirtschaftliche-praktiken\/\" \/>\n<meta property=\"og:site_name\" content=\"Compagnie fruiti\u00e8re\" \/>\n<meta property=\"article:modified_time\" content=\"2025-06-05T12:48:32+00:00\" \/>\n<meta name=\"twitter:card\" content=\"summary_large_image\" \/>\n<meta name=\"twitter:label1\" content=\"Gesch\u00e4tzte Lesezeit\" \/>\n\t<meta name=\"twitter:data1\" content=\"2\u00a0Minuten\" \/>\n<script type=\"application\/ld+json\" class=\"yoast-schema-graph\">{\"@context\":\"https:\\\/\\\/schema.org\",\"@graph\":[{\"@type\":\"WebPage\",\"@id\":\"https:\\\/\\\/www.compagniefruitiere.fr\\\/de\\\/nachhaltige-landwirtschaftliche-praktiken\\\/\",\"url\":\"https:\\\/\\\/www.compagniefruitiere.fr\\\/de\\\/nachhaltige-landwirtschaftliche-praktiken\\\/\",\"name\":\"Nachhaltige und \u00f6kologische Anbaumethoden | Compagnie Fruiti\u00e8re\",\"isPartOf\":{\"@id\":\"https:\\\/\\\/www.compagniefruitiere.fr\\\/de\\\/#website\"},\"datePublished\":\"2022-06-28T10:18:53+00:00\",\"dateModified\":\"2025-06-05T12:48:32+00:00\",\"description\":\"Die Compagnie Fruiti\u00e8re wendet nachhaltige und biologische Anbaumethoden an, um die Umwelt zu sch\u00fctzen und die Qualit\u00e4t ihrer Produkte zu gew\u00e4hrleisten\",\"breadcrumb\":{\"@id\":\"https:\\\/\\\/www.compagniefruitiere.fr\\\/de\\\/nachhaltige-landwirtschaftliche-praktiken\\\/#breadcrumb\"},\"inLanguage\":\"de\",\"potentialAction\":[{\"@type\":\"ReadAction\",\"target\":[\"https:\\\/\\\/www.compagniefruitiere.fr\\\/de\\\/nachhaltige-landwirtschaftliche-praktiken\\\/\"]}]},{\"@type\":\"BreadcrumbList\",\"@id\":\"https:\\\/\\\/www.compagniefruitiere.fr\\\/de\\\/nachhaltige-landwirtschaftliche-praktiken\\\/#breadcrumb\",\"itemListElement\":[{\"@type\":\"ListItem\",\"position\":1,\"name\":\"Accueil\",\"item\":\"https:\\\/\\\/www.compagniefruitiere.fr\\\/de\\\/\"},{\"@type\":\"ListItem\",\"position\":2,\"name\":\"Nachhaltige landwirtschaftliche Praktiken\"}]},{\"@type\":\"WebSite\",\"@id\":\"https:\\\/\\\/www.compagniefruitiere.fr\\\/de\\\/#website\",\"url\":\"https:\\\/\\\/www.compagniefruitiere.fr\\\/de\\\/\",\"name\":\"Compagnie fruiti\u00e8re\",\"description\":\"Origine : Nature.\",\"publisher\":{\"@id\":\"https:\\\/\\\/www.compagniefruitiere.fr\\\/de\\\/#organization\"},\"potentialAction\":[{\"@type\":\"SearchAction\",\"target\":{\"@type\":\"EntryPoint\",\"urlTemplate\":\"https:\\\/\\\/www.compagniefruitiere.fr\\\/de\\\/?s={search_term_string}\"},\"query-input\":{\"@type\":\"PropertyValueSpecification\",\"valueRequired\":true,\"valueName\":\"search_term_string\"}}],\"inLanguage\":\"de\"},{\"@type\":\"Organization\",\"@id\":\"https:\\\/\\\/www.compagniefruitiere.fr\\\/de\\\/#organization\",\"name\":\"Compagnie fruiti\u00e8re\",\"url\":\"https:\\\/\\\/www.compagniefruitiere.fr\\\/de\\\/\",\"logo\":{\"@type\":\"ImageObject\",\"inLanguage\":\"de\",\"@id\":\"https:\\\/\\\/www.compagniefruitiere.fr\\\/de\\\/#\\\/schema\\\/logo\\\/image\\\/\",\"url\":\"https:\\\/\\\/www.compagniefruitiere.fr\\\/wp-content\\\/uploads\\\/2022\\\/03\\\/compagniefrutiere-logo.svg\",\"contentUrl\":\"https:\\\/\\\/www.compagniefruitiere.fr\\\/wp-content\\\/uploads\\\/2022\\\/03\\\/compagniefrutiere-logo.svg\",\"width\":471,\"height\":113,\"caption\":\"Compagnie fruiti\u00e8re\"},\"image\":{\"@id\":\"https:\\\/\\\/www.compagniefruitiere.fr\\\/de\\\/#\\\/schema\\\/logo\\\/image\\\/\"},\"sameAs\":[\"https:\\\/\\\/www.linkedin.com\\\/company\\\/compagnie-fruitiere\\\/\"]}]}<\/script>\n<!-- \/ Yoast SEO plugin. -->","yoast_head_json":{"title":"Nachhaltige und \u00f6kologische Anbaumethoden | Compagnie Fruiti\u00e8re","description":"Die Compagnie Fruiti\u00e8re wendet nachhaltige und biologische Anbaumethoden an, um die Umwelt zu sch\u00fctzen und die Qualit\u00e4t ihrer Produkte zu gew\u00e4hrleisten","robots":{"index":"index","follow":"follow","max-snippet":"max-snippet:-1","max-image-preview":"max-image-preview:large","max-video-preview":"max-video-preview:-1"},"canonical":"https:\/\/www.compagniefruitiere.fr\/de\/nachhaltige-landwirtschaftliche-praktiken\/","og_locale":"de_DE","og_type":"article","og_title":"Nachhaltige und \u00f6kologische Anbaumethoden | Compagnie Fruiti\u00e8re","og_description":"Die Compagnie Fruiti\u00e8re wendet nachhaltige und biologische Anbaumethoden an, um die Umwelt zu sch\u00fctzen und die Qualit\u00e4t ihrer Produkte zu gew\u00e4hrleisten","og_url":"https:\/\/www.compagniefruitiere.fr\/de\/nachhaltige-landwirtschaftliche-praktiken\/","og_site_name":"Compagnie fruiti\u00e8re","article_modified_time":"2025-06-05T12:48:32+00:00","twitter_card":"summary_large_image","twitter_misc":{"Gesch\u00e4tzte Lesezeit":"2\u00a0Minuten"},"schema":{"@context":"https:\/\/schema.org","@graph":[{"@type":"WebPage","@id":"https:\/\/www.compagniefruitiere.fr\/de\/nachhaltige-landwirtschaftliche-praktiken\/","url":"https:\/\/www.compagniefruitiere.fr\/de\/nachhaltige-landwirtschaftliche-praktiken\/","name":"Nachhaltige und \u00f6kologische Anbaumethoden | Compagnie Fruiti\u00e8re","isPartOf":{"@id":"https:\/\/www.compagniefruitiere.fr\/de\/#website"},"datePublished":"2022-06-28T10:18:53+00:00","dateModified":"2025-06-05T12:48:32+00:00","description":"Die Compagnie Fruiti\u00e8re wendet nachhaltige und biologische Anbaumethoden an, um die Umwelt zu sch\u00fctzen und die Qualit\u00e4t ihrer Produkte zu gew\u00e4hrleisten","breadcrumb":{"@id":"https:\/\/www.compagniefruitiere.fr\/de\/nachhaltige-landwirtschaftliche-praktiken\/#breadcrumb"},"inLanguage":"de","potentialAction":[{"@type":"ReadAction","target":["https:\/\/www.compagniefruitiere.fr\/de\/nachhaltige-landwirtschaftliche-praktiken\/"]}]},{"@type":"BreadcrumbList","@id":"https:\/\/www.compagniefruitiere.fr\/de\/nachhaltige-landwirtschaftliche-praktiken\/#breadcrumb","itemListElement":[{"@type":"ListItem","position":1,"name":"Accueil","item":"https:\/\/www.compagniefruitiere.fr\/de\/"},{"@type":"ListItem","position":2,"name":"Nachhaltige landwirtschaftliche Praktiken"}]},{"@type":"WebSite","@id":"https:\/\/www.compagniefruitiere.fr\/de\/#website","url":"https:\/\/www.compagniefruitiere.fr\/de\/","name":"Compagnie fruiti\u00e8re","description":"Origine : Nature.","publisher":{"@id":"https:\/\/www.compagniefruitiere.fr\/de\/#organization"},"potentialAction":[{"@type":"SearchAction","target":{"@type":"EntryPoint","urlTemplate":"https:\/\/www.compagniefruitiere.fr\/de\/?s={search_term_string}"},"query-input":{"@type":"PropertyValueSpecification","valueRequired":true,"valueName":"search_term_string"}}],"inLanguage":"de"},{"@type":"Organization","@id":"https:\/\/www.compagniefruitiere.fr\/de\/#organization","name":"Compagnie fruiti\u00e8re","url":"https:\/\/www.compagniefruitiere.fr\/de\/","logo":{"@type":"ImageObject","inLanguage":"de","@id":"https:\/\/www.compagniefruitiere.fr\/de\/#\/schema\/logo\/image\/","url":"https:\/\/www.compagniefruitiere.fr\/wp-content\/uploads\/2022\/03\/compagniefrutiere-logo.svg","contentUrl":"https:\/\/www.compagniefruitiere.fr\/wp-content\/uploads\/2022\/03\/compagniefrutiere-logo.svg","width":471,"height":113,"caption":"Compagnie fruiti\u00e8re"},"image":{"@id":"https:\/\/www.compagniefruitiere.fr\/de\/#\/schema\/logo\/image\/"},"sameAs":["https:\/\/www.linkedin.com\/company\/compagnie-fruitiere\/"]}]}},"_links":{"self":[{"href":"https:\/\/www.compagniefruitiere.fr\/de\/wp-json\/wp\/v2\/pages\/10417","targetHints":{"allow":["GET"]}}],"collection":[{"href":"https:\/\/www.compagniefruitiere.fr\/de\/wp-json\/wp\/v2\/pages"}],"about":[{"href":"https:\/\/www.compagniefruitiere.fr\/de\/wp-json\/wp\/v2\/types\/page"}],"author":[{"embeddable":true,"href":"https:\/\/www.compagniefruitiere.fr\/de\/wp-json\/wp\/v2\/users\/1"}],"replies":[{"embeddable":true,"href":"https:\/\/www.compagniefruitiere.fr\/de\/wp-json\/wp\/v2\/comments?post=10417"}],"version-history":[{"count":10,"href":"https:\/\/www.compagniefruitiere.fr\/de\/wp-json\/wp\/v2\/pages\/10417\/revisions"}],"predecessor-version":[{"id":12180,"href":"https:\/\/www.compagniefruitiere.fr\/de\/wp-json\/wp\/v2\/pages\/10417\/revisions\/12180"}],"wp:attachment":[{"href":"https:\/\/www.compagniefruitiere.fr\/de\/wp-json\/wp\/v2\/media?parent=10417"}],"curies":[{"name":"wp","href":"https:\/\/api.w.org\/{rel}","templated":true}]}}