{"id":10405,"date":"2023-09-19T10:40:04","date_gmt":"2023-09-19T08:40:04","guid":{"rendered":"https:\/\/www.compagniefruitiere.fr\/les-piliers-de-notre-strategie\/"},"modified":"2025-06-05T14:46:50","modified_gmt":"2025-06-05T12:46:50","slug":"unternehmerische-sozialverantwortung-csr","status":"publish","type":"page","link":"https:\/\/www.compagniefruitiere.fr\/de\/unternehmerische-sozialverantwortung-csr\/","title":{"rendered":"Unternehmerische Sozialverantwortung (CSR)"},"content":{"rendered":"\n<p>Um unsere wirtschaftlichen Aktivit\u00e4ten im Einklang mit unseren ethischen Werten voranzutreiben, sind wir bestrebt, einen nachhaltigen Beitrag zur sozio\u00f6konomischen Entwicklung der L\u00e4nder zu leisten, in denen wir Obst und Gem\u00fcse produzieren, und unsere Umweltauswirkungen vor Ort zu reduzieren. Diese Strategie st\u00fctzt sich auf \u00fcberaus konkrete Projekte entlang unserer gesamten Wertsch\u00f6pfungskette und orientiert sich an drei zentralen Achsen.<\/p>\n\n\n\n<p>Der erste Bereich betrifft das Wohlergehen der Frauen und M\u00e4nner, die f\u00fcr uns oder unsere Unternehmensgruppe arbeiten. In diesem Kontext bem\u00fchen wir uns um die kontinuierliche Verbesserung der Arbeitsbedingungen, die F\u00f6rderung von Diversit\u00e4t am Arbeitsplatz, den Kampf gegen Diskriminierung und die Unterst\u00fctzung bei der beruflichen Weiterentwicklung aller unserer Mitarbeitenden.<\/p>\n\n\n\n<p>Die zweite Achse ist die Verringerung der Auswirkungen unserer Aktivit\u00e4ten auf das \u00d6kosystem, Ressourcen und das Klima. Dies verfolgen wir durch die Umsetzung landwirtschaftlicher Praktiken, bei denen Biodiversit\u00e4t eine wichtigere Rolle spielt, sowie durch das Streben nach mehr Energieeffizienz, sowohl im Transport als auch in unseren Reifeanlagen.<\/p>\n\n\n\n<p>Die dritte Achse fokussiert auf die entschieden positive Wirkung, die wir in den Gemeinschaften haben wollen, auf deren Land wir arbeiten. Zu diesem Zweck beteiligen wir uns am Aufbau und der Entwicklung der lokalen Wirtschaft und f\u00fchren Aktivit\u00e4ten durch, die auf eine nachhaltige Verbesserung der Lebensbedingungen der lokalen Bev\u00f6lkerung abzielen. Dabei st\u00fctzen wir uns auf eine enge Zusammenarbeit mit lokalen Akteuren (NGOs, \u00f6ffentliche Einrichtungen, Vereine, Gewerkschaften). In unserem CSR-Bericht finden Sie Informationen zu allen von der Compagnie Fruiti\u00e8re initiierten Projekten.<\/p>\n\n\n\n<div class=\"wp-block-divi-layout\">[et_pb_section fb_built=&#8220;1&#8243; admin_label=&#8220;section&#8220; _builder_version=&#8220;4.27.4&#8243; width=&#8220;100%&#8220; max_width=&#8220;100%&#8220; custom_margin=&#8220;20px|0px|0px|0px|false|false&#8220; custom_padding=&#8220;0px|0px|0px|0px|false|false&#8220; global_colors_info=&#8220;{}&#8220;][et_pb_row admin_label=&#8220;row&#8220; _builder_version=&#8220;4.21.0&#8243; background_size=&#8220;initial&#8220; background_position=&#8220;top_left&#8220; background_repeat=&#8220;repeat&#8220; width=&#8220;100%&#8220; custom_margin=&#8220;0px|0px|0px|0px|false|false&#8220; custom_padding=&#8220;0px|0px|0px|0px|false|false&#8220; global_colors_info=&#8220;{}&#8220;][et_pb_column type=&#8220;4_4&#8243; _builder_version=&#8220;4.21.0&#8243; _module_preset=&#8220;default&#8220; global_colors_info=&#8220;{}&#8220;][dnxte_coverflowslider_parent dnxte_coverflow_loop=&#8220;on&#8220; dnxte_coverflow_centered_slides=&#8220;on&#8220; dnxte_coverflow_auto_height=&#8220;on&#8220; dnxte_coverflow_equal_height=&#8220;off&#8220; dnxte_coverflow_grab=&#8220;on&#8220; dnxte_coverflow_keyboard_enable=&#8220;off&#8220; dnxte_coverflow_mousewheel_enable=&#8220;off&#8220; dnxte_coverflow_speed=&#8220;674&#8243; dnxte_coverflow_arrows=&#8220;on&#8220; dnxte_coverflow_pagination_type=&#8220;none&#8220; dnxte_coverflow_breakpoint_desktop=&#8220;2&#8243; dnxte_coverflow_arrow_color=&#8220;rgba(255,255,255,0.7)&#8220; dnxte_coverflow_arrow_background_color=&#8220;rgba(255,255,255,0)&#8220; dnxte_coverflow_arrow_size=&#8220;48&#8243; lightbox_showhide=&#8220;on&#8220; dnxte_coverflow_breakpoint_desktop_tablet=&#8220;2&#8243; dnxte_coverflow_breakpoint_desktop_phone=&#8220;2&#8243; dnxte_coverflow_breakpoint_desktop_last_edited=&#8220;on|phone&#8220; admin_label=&#8220;Next Divi Carousel&#8220; _builder_version=&#8220;4.21.0&#8243; _module_preset=&#8220;default&#8220; custom_padding=&#8220;||||false|false&#8220; custom_padding_tablet=&#8220;||||false|false&#8220; custom_padding_phone=&#8220;||30px||false|false&#8220; custom_padding_last_edited=&#8220;on|phone&#8220; hover_enabled=&#8220;0&#8243; border_radii_image_border=&#8220;on|15px|15px|15px|15px&#8220; global_colors_info=&#8220;{}&#8220; sticky_enabled=&#8220;0&#8243;][dnxte_coverflowslider_child coverflowslider_image=&#8220;https:\/\/www.compagniefruitiere.fr\/wp-content\/uploads\/2023\/09\/Cameroun2022-Bananes-3433-500&#215;500.webp&#8220; _builder_version=&#8220;4.27.4&#8243; _module_preset=&#8220;default&#8220; hover_enabled=&#8220;0&#8243; global_colors_info=&#8220;{}&#8220; sticky_enabled=&#8220;0&#8243;][\/dnxte_coverflowslider_child][dnxte_coverflowslider_child coverflowslider_image=&#8220;https:\/\/www.compagniefruitiere.fr\/wp-content\/uploads\/2023\/09\/Cameroun2022-Bananes-3954-500&#215;500.webp&#8220; _builder_version=&#8220;4.27.4&#8243; _module_preset=&#8220;default&#8220; hover_enabled=&#8220;0&#8243; global_colors_info=&#8220;{}&#8220; sticky_enabled=&#8220;0&#8243;][\/dnxte_coverflowslider_child][dnxte_coverflowslider_child coverflowslider_image=&#8220;https:\/\/www.compagniefruitiere.fr\/wp-content\/uploads\/2023\/09\/Compagnie_Fruitiere_CoteD_Ivoire2016-311-500&#215;500.webp&#8220; _builder_version=&#8220;4.27.4&#8243; _module_preset=&#8220;default&#8220; hover_enabled=&#8220;0&#8243; global_colors_info=&#8220;{}&#8220; sticky_enabled=&#8220;0&#8243;][\/dnxte_coverflowslider_child][dnxte_coverflowslider_child coverflowslider_image=&#8220;https:\/\/www.compagniefruitiere.fr\/wp-content\/uploads\/2023\/09\/Cote-dIvoire2022-8810-HD-500&#215;500.webp&#8220; _builder_version=&#8220;4.27.4&#8243; _module_preset=&#8220;default&#8220; hover_enabled=&#8220;0&#8243; global_colors_info=&#8220;{}&#8220; sticky_enabled=&#8220;0&#8243;][\/dnxte_coverflowslider_child][dnxte_coverflowslider_child coverflowslider_image=&#8220;https:\/\/www.compagniefruitiere.fr\/wp-content\/uploads\/2023\/09\/Compagnie_Fruitiere_CoteD_Ivoire2016-1940-500&#215;500.webp&#8220; _builder_version=&#8220;4.27.4&#8243; _module_preset=&#8220;default&#8220; hover_enabled=&#8220;0&#8243; global_colors_info=&#8220;{}&#8220; sticky_enabled=&#8220;0&#8243;][\/dnxte_coverflowslider_child][dnxte_coverflowslider_child coverflowslider_image=&#8220;https:\/\/www.compagniefruitiere.fr\/wp-content\/uploads\/2023\/09\/Compagnie_Fruitiere_CoteD_Ivoire2016-2960-500&#215;500.webp&#8220; _builder_version=&#8220;4.27.4&#8243; _module_preset=&#8220;default&#8220; hover_enabled=&#8220;0&#8243; global_colors_info=&#8220;{}&#8220; sticky_enabled=&#8220;0&#8243;][\/dnxte_coverflowslider_child][dnxte_coverflowslider_child coverflowslider_image=&#8220;https:\/\/www.compagniefruitiere.fr\/wp-content\/uploads\/2023\/09\/Compagnie_Fruitiere_Ghana2016-divers-9074-500&#215;500.webp&#8220; _builder_version=&#8220;4.27.4&#8243; _module_preset=&#8220;default&#8220; hover_enabled=&#8220;0&#8243; global_colors_info=&#8220;{}&#8220; sticky_enabled=&#8220;0&#8243;][\/dnxte_coverflowslider_child][dnxte_coverflowslider_child _builder_version=&#8220;4.27.4&#8243; _module_preset=&#8220;default&#8220; title_text=&#8220;Cameroun2022-Bananes-4278_BD&#8220; coverflowslider_image=&#8220;https:\/\/www.compagniefruitiere.fr\/wp-content\/uploads\/2025\/05\/Cameroun2022-Bananes-4278_BD-500&#215;500.jpg&#8220; hover_enabled=&#8220;0&#8243; sticky_enabled=&#8220;0&#8243;][\/dnxte_coverflowslider_child][dnxte_coverflowslider_child _builder_version=&#8220;4.27.4&#8243; _module_preset=&#8220;default&#8220; title_text=&#8220;Cameroun2022-Bananes-4208&#8243; coverflowslider_image=&#8220;https:\/\/www.compagniefruitiere.fr\/wp-content\/uploads\/2025\/05\/Cameroun2022-Bananes-4208-500&#215;500.jpg&#8220; hover_enabled=&#8220;0&#8243; sticky_enabled=&#8220;0&#8243;][\/dnxte_coverflowslider_child][\/dnxte_coverflowslider_parent][\/et_pb_column][\/et_pb_row][\/et_pb_section]<\/div>\n","protected":false},"excerpt":{"rendered":"<p>Um unsere wirtschaftlichen Aktivit\u00e4ten im Einklang mit unseren ethischen Werten voranzutreiben, sind wir bestrebt, einen nachhaltigen Beitrag zur sozio\u00f6konomischen Entwicklung der L\u00e4nder zu leisten, in denen wir Obst und Gem\u00fcse produzieren, und unsere Umweltauswirkungen vor Ort zu reduzieren. Diese Strategie st\u00fctzt sich auf \u00fcberaus konkrete Projekte entlang unserer gesamten Wertsch\u00f6pfungskette und orientiert sich an drei [&hellip;]<\/p>\n","protected":false},"author":2,"featured_media":0,"parent":0,"menu_order":0,"comment_status":"closed","ping_status":"closed","template":"","meta":{"_et_pb_use_builder":"off","_et_pb_old_content":"<!-- wp:paragraph {\"translatedWithWPMLTM\":\"1\"} -->\n<p>Um unsere wirtschaftlichen Aktivit\u00e4ten im Einklang mit unseren ethischen Werten voranzutreiben, sind wir bestrebt, einen nachhaltigen Beitrag zur sozio\u00f6konomischen Entwicklung der L\u00e4nder zu leisten, in denen wir Obst und Gem\u00fcse produzieren, und unsere Umweltauswirkungen vor Ort zu reduzieren. Diese Strategie st\u00fctzt sich auf \u00fcberaus konkrete Projekte entlang unserer gesamten Wertsch\u00f6pfungskette und orientiert sich an drei zentralen Achsen.<\/p>\n<!-- \/wp:paragraph --><!-- wp:shortcode -->\n[bouton-in-content url='https:\/\/www.compagniefruitiere.fr\/wp-content\/uploads\/2023\/11\/CIE-FRUITIERE_RAPPORT_2023_FR_WEB_V2.pdf' text='Consulter le rapport RSE' target='_blank']\n<!-- \/wp:shortcode --><!-- wp:paragraph {\"translatedWithWPMLTM\":\"1\"} -->\n<p>Der erste Bereich betrifft das Wohlergehen der Frauen und M\u00e4nner, die f\u00fcr uns oder unsere Unternehmensgruppe arbeiten. In diesem Kontext bem\u00fchen wir uns um die kontinuierliche Verbesserung der Arbeitsbedingungen, die F\u00f6rderung von Diversit\u00e4t am Arbeitsplatz, den Kampf gegen Diskriminierung und die Unterst\u00fctzung bei der beruflichen Weiterentwicklung aller unserer Mitarbeitenden.<\/p>\n<!-- \/wp:paragraph --><!-- wp:divi\/layout -->\n<div class=\"wp-block-divi-layout\">[et_pb_section fb_built=\"1\" admin_label=\"section\" _builder_version=\"4.21.0\" width=\"100%\" max_width=\"100%\" custom_margin=\"20px|0px|0px|0px|false|false\" custom_padding=\"0px|0px|0px|0px|false|false\" global_colors_info=\"{}\"][et_pb_row admin_label=\"row\" _builder_version=\"4.21.0\" background_size=\"initial\" background_position=\"top_left\" background_repeat=\"repeat\" width=\"100%\" custom_margin=\"0px|0px|0px|0px|false|false\" custom_padding=\"0px|0px|0px|0px|false|false\" global_colors_info=\"{}\"][et_pb_column type=\"4_4\" _builder_version=\"4.21.0\" _module_preset=\"default\" global_colors_info=\"{}\"][dnxte_coverflowslider_parent dnxte_coverflow_loop=\"on\" dnxte_coverflow_centered_slides=\"on\" dnxte_coverflow_auto_height=\"on\" dnxte_coverflow_equal_height=\"off\" dnxte_coverflow_grab=\"on\" dnxte_coverflow_keyboard_enable=\"off\" dnxte_coverflow_mousewheel_enable=\"off\" dnxte_coverflow_speed=\"674\" dnxte_coverflow_arrows=\"on\" dnxte_coverflow_pagination_type=\"none\" dnxte_coverflow_breakpoint_desktop=\"2\" dnxte_coverflow_arrow_color=\"rgba(255,255,255,0.7)\" dnxte_coverflow_arrow_background_color=\"rgba(255,255,255,0)\" dnxte_coverflow_arrow_size=\"48\" lightbox_showhide=\"on\" dnxte_coverflow_breakpoint_desktop_tablet=\"2\" dnxte_coverflow_breakpoint_desktop_phone=\"2\" dnxte_coverflow_breakpoint_desktop_last_edited=\"on|phone\" admin_label=\"Next Divi Carousel\" _builder_version=\"4.21.0\" _module_preset=\"default\" custom_padding=\"||||false|false\" custom_padding_tablet=\"||||false|false\" custom_padding_phone=\"||30px||false|false\" custom_padding_last_edited=\"on|phone\" hover_enabled=\"0\" border_radii_image_border=\"on|15px|15px|15px|15px\" global_colors_info=\"{}\" sticky_enabled=\"0\"][dnxte_coverflowslider_child coverflowslider_image=\"https:\/\/www.compagniefruitiere.fr\/wp-content\/uploads\/2023\/09\/Cameroun2022-Bananes-3433-500x500.webp\" _builder_version=\"4.21.0\" _module_preset=\"default\" global_colors_info=\"{}\"][\/dnxte_coverflowslider_child][dnxte_coverflowslider_child coverflowslider_image=\"https:\/\/www.compagniefruitiere.fr\/wp-content\/uploads\/2023\/09\/Cameroun2022-Bananes-3954-500x500.webp\" _builder_version=\"4.21.0\" _module_preset=\"default\" hover_enabled=\"0\" global_colors_info=\"{}\" title_text=\"Cameroun2022-Bananes-3954\" sticky_enabled=\"0\"][\/dnxte_coverflowslider_child][dnxte_coverflowslider_child coverflowslider_image=\"https:\/\/www.compagniefruitiere.fr\/wp-content\/uploads\/2023\/09\/Compagnie_Fruitiere_CoteD_Ivoire2016-311-500x500.webp\" _builder_version=\"4.21.0\" _module_preset=\"default\" global_colors_info=\"{}\"][\/dnxte_coverflowslider_child][dnxte_coverflowslider_child coverflowslider_image=\"https:\/\/www.compagniefruitiere.fr\/wp-content\/uploads\/2023\/09\/Cote-dIvoire2022-8810-HD-500x500.webp\" _builder_version=\"4.21.0\" _module_preset=\"default\" hover_enabled=\"0\" global_colors_info=\"{}\" title_text=\"Co\u0302te d'Ivoire2022-8810-HD\" sticky_enabled=\"0\"][\/dnxte_coverflowslider_child][dnxte_coverflowslider_child coverflowslider_image=\"https:\/\/www.compagniefruitiere.fr\/wp-content\/uploads\/2023\/09\/Compagnie_Fruitiere_CoteD_Ivoire2016-1940-500x500.webp\" _builder_version=\"4.21.0\" _module_preset=\"default\" global_colors_info=\"{}\"][\/dnxte_coverflowslider_child][dnxte_coverflowslider_child coverflowslider_image=\"https:\/\/www.compagniefruitiere.fr\/wp-content\/uploads\/2023\/09\/Compagnie_Fruitiere_CoteD_Ivoire2016-2960-500x500.webp\" _builder_version=\"4.21.0\" _module_preset=\"default\" global_colors_info=\"{}\"][\/dnxte_coverflowslider_child][dnxte_coverflowslider_child coverflowslider_image=\"https:\/\/www.compagniefruitiere.fr\/wp-content\/uploads\/2023\/09\/Compagnie_Fruitiere_Ghana2016-divers-9074-500x500.webp\" _builder_version=\"4.21.0\" _module_preset=\"default\" global_colors_info=\"{}\"][\/dnxte_coverflowslider_child][\/dnxte_coverflowslider_parent][\/et_pb_column][\/et_pb_row][\/et_pb_section]<\/div>\n<!-- \/wp:divi\/layout --><!-- wp:paragraph {\"translatedWithWPMLTM\":\"1\"} -->\n<p>Die zweite Achse ist die Verringerung der Auswirkungen unserer Aktivit\u00e4ten auf das \u00d6kosystem, Ressourcen und das Klima. Dies verfolgen wir durch die Umsetzung landwirtschaftlicher Praktiken, bei denen Biodiversit\u00e4t eine wichtigere Rolle spielt, sowie durch das Streben nach mehr Energieeffizienz, sowohl im Transport als auch in unseren Reifeanlagen.<\/p>\n<!-- \/wp:paragraph --><!-- wp:paragraph {\"translatedWithWPMLTM\":\"1\"} -->\n<p>Die dritte Achse fokussiert auf die entschieden positive Wirkung, die wir in den Gemeinschaften haben wollen, auf deren Land wir arbeiten. Zu diesem Zweck beteiligen wir uns am Aufbau und der Entwicklung der lokalen Wirtschaft und f\u00fchren Aktivit\u00e4ten durch, die auf eine nachhaltige Verbesserung der Lebensbedingungen der lokalen Bev\u00f6lkerung abzielen. Dabei st\u00fctzen wir uns auf eine enge Zusammenarbeit mit lokalen Akteuren (NGOs, \u00f6ffentliche Einrichtungen, Vereine, Gewerkschaften). In unserem CSR-Bericht finden Sie Informationen zu allen von der Compagnie Fruiti\u00e8re initiierten Projekten.<\/p>\n<!-- \/wp:paragraph --><!-- wp:shortcode -->\n[bouton-in-content url='https:\/\/www.compagniefruitiere.fr\/wp-content\/uploads\/2024\/05\/CIE-FRUITIERE_PLAN-VIGILANCE_2022_FR.pdf' text='Consulter le rapport de vigilance' target='_blank']\n<!-- \/wp:shortcode --><!-- wp:paragraph -->\n<p><\/p>\n<!-- \/wp:paragraph -->","_et_gb_content_width":"","footnotes":""},"class_list":["post-10405","page","type-page","status-publish","hentry"],"yoast_head":"<!-- This site is optimized with the Yoast SEO plugin v27.3 - https:\/\/yoast.com\/product\/yoast-seo-wordpress\/ -->\n<title>Eine solide CSR-Strategie | Compagnie Fruiti\u00e8re<\/title>\n<meta name=\"description\" content=\"Die Compagnie Fruiti\u00e8re entwickelt ihre CSR-Strategie durch sehr konkrete Projekte entlang der Wertsch\u00f6pfungskette.\" \/>\n<meta name=\"robots\" content=\"index, follow, max-snippet:-1, max-image-preview:large, max-video-preview:-1\" \/>\n<link rel=\"canonical\" href=\"https:\/\/www.compagniefruitiere.fr\/de\/unternehmerische-sozialverantwortung-csr\/\" \/>\n<meta property=\"og:locale\" content=\"de_DE\" \/>\n<meta property=\"og:type\" content=\"article\" \/>\n<meta property=\"og:title\" content=\"Eine solide CSR-Strategie | Compagnie Fruiti\u00e8re\" \/>\n<meta property=\"og:description\" content=\"Die Compagnie Fruiti\u00e8re entwickelt ihre CSR-Strategie durch sehr konkrete Projekte entlang der Wertsch\u00f6pfungskette.\" \/>\n<meta property=\"og:url\" content=\"https:\/\/www.compagniefruitiere.fr\/de\/unternehmerische-sozialverantwortung-csr\/\" \/>\n<meta property=\"og:site_name\" content=\"Compagnie fruiti\u00e8re\" \/>\n<meta property=\"article:modified_time\" content=\"2025-06-05T12:46:50+00:00\" \/>\n<meta name=\"twitter:card\" content=\"summary_large_image\" \/>\n<meta name=\"twitter:label1\" content=\"Gesch\u00e4tzte Lesezeit\" \/>\n\t<meta name=\"twitter:data1\" content=\"2\u00a0Minuten\" \/>\n<script type=\"application\/ld+json\" class=\"yoast-schema-graph\">{\"@context\":\"https:\\\/\\\/schema.org\",\"@graph\":[{\"@type\":\"WebPage\",\"@id\":\"https:\\\/\\\/www.compagniefruitiere.fr\\\/de\\\/unternehmerische-sozialverantwortung-csr\\\/\",\"url\":\"https:\\\/\\\/www.compagniefruitiere.fr\\\/de\\\/unternehmerische-sozialverantwortung-csr\\\/\",\"name\":\"Eine solide CSR-Strategie | Compagnie Fruiti\u00e8re\",\"isPartOf\":{\"@id\":\"https:\\\/\\\/www.compagniefruitiere.fr\\\/de\\\/#website\"},\"datePublished\":\"2023-09-19T08:40:04+00:00\",\"dateModified\":\"2025-06-05T12:46:50+00:00\",\"description\":\"Die Compagnie Fruiti\u00e8re entwickelt ihre CSR-Strategie durch sehr konkrete Projekte entlang der Wertsch\u00f6pfungskette.\",\"breadcrumb\":{\"@id\":\"https:\\\/\\\/www.compagniefruitiere.fr\\\/de\\\/unternehmerische-sozialverantwortung-csr\\\/#breadcrumb\"},\"inLanguage\":\"de\",\"potentialAction\":[{\"@type\":\"ReadAction\",\"target\":[\"https:\\\/\\\/www.compagniefruitiere.fr\\\/de\\\/unternehmerische-sozialverantwortung-csr\\\/\"]}]},{\"@type\":\"BreadcrumbList\",\"@id\":\"https:\\\/\\\/www.compagniefruitiere.fr\\\/de\\\/unternehmerische-sozialverantwortung-csr\\\/#breadcrumb\",\"itemListElement\":[{\"@type\":\"ListItem\",\"position\":1,\"name\":\"Accueil\",\"item\":\"https:\\\/\\\/www.compagniefruitiere.fr\\\/de\\\/\"},{\"@type\":\"ListItem\",\"position\":2,\"name\":\"Unternehmerische Sozialverantwortung (CSR)\"}]},{\"@type\":\"WebSite\",\"@id\":\"https:\\\/\\\/www.compagniefruitiere.fr\\\/de\\\/#website\",\"url\":\"https:\\\/\\\/www.compagniefruitiere.fr\\\/de\\\/\",\"name\":\"Compagnie fruiti\u00e8re\",\"description\":\"Origine : Nature.\",\"publisher\":{\"@id\":\"https:\\\/\\\/www.compagniefruitiere.fr\\\/de\\\/#organization\"},\"potentialAction\":[{\"@type\":\"SearchAction\",\"target\":{\"@type\":\"EntryPoint\",\"urlTemplate\":\"https:\\\/\\\/www.compagniefruitiere.fr\\\/de\\\/?s={search_term_string}\"},\"query-input\":{\"@type\":\"PropertyValueSpecification\",\"valueRequired\":true,\"valueName\":\"search_term_string\"}}],\"inLanguage\":\"de\"},{\"@type\":\"Organization\",\"@id\":\"https:\\\/\\\/www.compagniefruitiere.fr\\\/de\\\/#organization\",\"name\":\"Compagnie fruiti\u00e8re\",\"url\":\"https:\\\/\\\/www.compagniefruitiere.fr\\\/de\\\/\",\"logo\":{\"@type\":\"ImageObject\",\"inLanguage\":\"de\",\"@id\":\"https:\\\/\\\/www.compagniefruitiere.fr\\\/de\\\/#\\\/schema\\\/logo\\\/image\\\/\",\"url\":\"https:\\\/\\\/www.compagniefruitiere.fr\\\/wp-content\\\/uploads\\\/2022\\\/03\\\/compagniefrutiere-logo.svg\",\"contentUrl\":\"https:\\\/\\\/www.compagniefruitiere.fr\\\/wp-content\\\/uploads\\\/2022\\\/03\\\/compagniefrutiere-logo.svg\",\"width\":471,\"height\":113,\"caption\":\"Compagnie fruiti\u00e8re\"},\"image\":{\"@id\":\"https:\\\/\\\/www.compagniefruitiere.fr\\\/de\\\/#\\\/schema\\\/logo\\\/image\\\/\"},\"sameAs\":[\"https:\\\/\\\/www.linkedin.com\\\/company\\\/compagnie-fruitiere\\\/\"]}]}<\/script>\n<!-- \/ Yoast SEO plugin. -->","yoast_head_json":{"title":"Eine solide CSR-Strategie | Compagnie Fruiti\u00e8re","description":"Die Compagnie Fruiti\u00e8re entwickelt ihre CSR-Strategie durch sehr konkrete Projekte entlang der Wertsch\u00f6pfungskette.","robots":{"index":"index","follow":"follow","max-snippet":"max-snippet:-1","max-image-preview":"max-image-preview:large","max-video-preview":"max-video-preview:-1"},"canonical":"https:\/\/www.compagniefruitiere.fr\/de\/unternehmerische-sozialverantwortung-csr\/","og_locale":"de_DE","og_type":"article","og_title":"Eine solide CSR-Strategie | Compagnie Fruiti\u00e8re","og_description":"Die Compagnie Fruiti\u00e8re entwickelt ihre CSR-Strategie durch sehr konkrete Projekte entlang der Wertsch\u00f6pfungskette.","og_url":"https:\/\/www.compagniefruitiere.fr\/de\/unternehmerische-sozialverantwortung-csr\/","og_site_name":"Compagnie fruiti\u00e8re","article_modified_time":"2025-06-05T12:46:50+00:00","twitter_card":"summary_large_image","twitter_misc":{"Gesch\u00e4tzte Lesezeit":"2\u00a0Minuten"},"schema":{"@context":"https:\/\/schema.org","@graph":[{"@type":"WebPage","@id":"https:\/\/www.compagniefruitiere.fr\/de\/unternehmerische-sozialverantwortung-csr\/","url":"https:\/\/www.compagniefruitiere.fr\/de\/unternehmerische-sozialverantwortung-csr\/","name":"Eine solide CSR-Strategie | Compagnie Fruiti\u00e8re","isPartOf":{"@id":"https:\/\/www.compagniefruitiere.fr\/de\/#website"},"datePublished":"2023-09-19T08:40:04+00:00","dateModified":"2025-06-05T12:46:50+00:00","description":"Die Compagnie Fruiti\u00e8re entwickelt ihre CSR-Strategie durch sehr konkrete Projekte entlang der Wertsch\u00f6pfungskette.","breadcrumb":{"@id":"https:\/\/www.compagniefruitiere.fr\/de\/unternehmerische-sozialverantwortung-csr\/#breadcrumb"},"inLanguage":"de","potentialAction":[{"@type":"ReadAction","target":["https:\/\/www.compagniefruitiere.fr\/de\/unternehmerische-sozialverantwortung-csr\/"]}]},{"@type":"BreadcrumbList","@id":"https:\/\/www.compagniefruitiere.fr\/de\/unternehmerische-sozialverantwortung-csr\/#breadcrumb","itemListElement":[{"@type":"ListItem","position":1,"name":"Accueil","item":"https:\/\/www.compagniefruitiere.fr\/de\/"},{"@type":"ListItem","position":2,"name":"Unternehmerische Sozialverantwortung (CSR)"}]},{"@type":"WebSite","@id":"https:\/\/www.compagniefruitiere.fr\/de\/#website","url":"https:\/\/www.compagniefruitiere.fr\/de\/","name":"Compagnie fruiti\u00e8re","description":"Origine : Nature.","publisher":{"@id":"https:\/\/www.compagniefruitiere.fr\/de\/#organization"},"potentialAction":[{"@type":"SearchAction","target":{"@type":"EntryPoint","urlTemplate":"https:\/\/www.compagniefruitiere.fr\/de\/?s={search_term_string}"},"query-input":{"@type":"PropertyValueSpecification","valueRequired":true,"valueName":"search_term_string"}}],"inLanguage":"de"},{"@type":"Organization","@id":"https:\/\/www.compagniefruitiere.fr\/de\/#organization","name":"Compagnie fruiti\u00e8re","url":"https:\/\/www.compagniefruitiere.fr\/de\/","logo":{"@type":"ImageObject","inLanguage":"de","@id":"https:\/\/www.compagniefruitiere.fr\/de\/#\/schema\/logo\/image\/","url":"https:\/\/www.compagniefruitiere.fr\/wp-content\/uploads\/2022\/03\/compagniefrutiere-logo.svg","contentUrl":"https:\/\/www.compagniefruitiere.fr\/wp-content\/uploads\/2022\/03\/compagniefrutiere-logo.svg","width":471,"height":113,"caption":"Compagnie fruiti\u00e8re"},"image":{"@id":"https:\/\/www.compagniefruitiere.fr\/de\/#\/schema\/logo\/image\/"},"sameAs":["https:\/\/www.linkedin.com\/company\/compagnie-fruitiere\/"]}]}},"_links":{"self":[{"href":"https:\/\/www.compagniefruitiere.fr\/de\/wp-json\/wp\/v2\/pages\/10405","targetHints":{"allow":["GET"]}}],"collection":[{"href":"https:\/\/www.compagniefruitiere.fr\/de\/wp-json\/wp\/v2\/pages"}],"about":[{"href":"https:\/\/www.compagniefruitiere.fr\/de\/wp-json\/wp\/v2\/types\/page"}],"author":[{"embeddable":true,"href":"https:\/\/www.compagniefruitiere.fr\/de\/wp-json\/wp\/v2\/users\/2"}],"replies":[{"embeddable":true,"href":"https:\/\/www.compagniefruitiere.fr\/de\/wp-json\/wp\/v2\/comments?post=10405"}],"version-history":[{"count":6,"href":"https:\/\/www.compagniefruitiere.fr\/de\/wp-json\/wp\/v2\/pages\/10405\/revisions"}],"predecessor-version":[{"id":11604,"href":"https:\/\/www.compagniefruitiere.fr\/de\/wp-json\/wp\/v2\/pages\/10405\/revisions\/11604"}],"wp:attachment":[{"href":"https:\/\/www.compagniefruitiere.fr\/de\/wp-json\/wp\/v2\/media?parent=10405"}],"curies":[{"name":"wp","href":"https:\/\/api.w.org\/{rel}","templated":true}]}}