{"id":10386,"date":"2022-08-18T11:39:13","date_gmt":"2022-08-18T09:39:13","guid":{"rendered":"https:\/\/www.compagniefruitiere.fr\/vie\/"},"modified":"2024-07-29T10:53:40","modified_gmt":"2024-07-29T08:53:40","slug":"vie-societe-de-culture-bananiere","status":"publish","type":"page","link":"https:\/\/www.compagniefruitiere.fr\/de\/vie-societe-de-culture-bananiere\/","title":{"rendered":"VIE &#8211; Soci\u00e9t\u00e9 de Culture Banani\u00e8re"},"content":{"rendered":"\n<p>Die Compagnie Fruiti\u00e8re, die mit ihren Tochtergesellschaften in Afrika, Lateinamerika und Europa t\u00e4tig ist, verfolgt mit ihrem V.I.E.-Programm das Ziel, junge Talente auszubilden und ihr Potenzial zu f\u00f6rdern, indem sie ihnen Verantwortung \u00fcbertr\u00e4gt und M\u00f6glichkeiten zur beruflichen Weiterbildung bietet.<\/p>\n\n<p>Da unsere Gesch\u00e4ftst\u00e4tigkeit unsere gesamte Wertsch\u00f6pfungskette von der Plantage bis zum Vertrieb beinhaltet, sind wir immer auf der Suche nach Kandidaten und Kandidatinnen aus den unterschiedlichsten Branchen: Wir ben\u00f6tigen Fachleute aus der Agronomie, dem Umweltbereich, dem Wassermanagement, der Logistik, im Qualit\u00e4tsbereich, in Handel und Vertrieb, im Einkauf, in der Finanz, im Personalwesen, im Bereich Informatiksysteme etc. Eine Anstellung bei der Compagnie Fruiti\u00e8re ist eine Chance f\u00fcr Sie, Ihre ersten Schritt auf dem internationalen Parkett in einem schnell wachsenden Konzern zu tun, der sich mit seinem ehrgeizigen Ansatz dem Wohl von Mensch und Umwelt verschrieben hat.<\/p>\n\n<div class=\"wp-block-divi-layout\">[et_pb_section fb_built=&#8220;1&#8243; admin_label=&#8220;section&#8220; _builder_version=&#8220;4.21.0&#8243; width=&#8220;100%&#8220; max_width=&#8220;100%&#8220; custom_margin=&#8220;20px|0px|0px|0px|false|false&#8220; custom_padding=&#8220;0px|0px|0px|0px|false|false&#8220; global_colors_info=&#8220;{}&#8220;][et_pb_row admin_label=&#8220;row&#8220; _builder_version=&#8220;4.21.0&#8243; background_size=&#8220;initial&#8220; background_position=&#8220;top_left&#8220; background_repeat=&#8220;repeat&#8220; width=&#8220;100%&#8220; custom_margin=&#8220;0px|0px|0px|0px|false|false&#8220; custom_padding=&#8220;0px|0px|0px|0px|false|false&#8220; global_colors_info=&#8220;{}&#8220;][et_pb_column type=&#8220;4_4&#8243; _builder_version=&#8220;4.21.0&#8243; _module_preset=&#8220;default&#8220; global_colors_info=&#8220;{}&#8220;][dnxte_coverflowslider_parent dnxte_coverflow_loop=&#8220;on&#8220; dnxte_coverflow_centered_slides=&#8220;on&#8220; dnxte_coverflow_auto_height=&#8220;on&#8220; dnxte_coverflow_equal_height=&#8220;off&#8220; dnxte_coverflow_grab=&#8220;on&#8220; dnxte_coverflow_keyboard_enable=&#8220;off&#8220; dnxte_coverflow_mousewheel_enable=&#8220;off&#8220; dnxte_coverflow_speed=&#8220;674&#8243; dnxte_coverflow_arrows=&#8220;on&#8220; dnxte_coverflow_pagination_type=&#8220;none&#8220; dnxte_coverflow_breakpoint_desktop=&#8220;2&#8243; dnxte_coverflow_arrow_color=&#8220;rgba(255,255,255,0.7)&#8220; dnxte_coverflow_arrow_background_color=&#8220;rgba(255,255,255,0)&#8220; dnxte_coverflow_arrow_size=&#8220;48&#8243; lightbox_showhide=&#8220;on&#8220; dnxte_coverflow_breakpoint_desktop_tablet=&#8220;2&#8243; dnxte_coverflow_breakpoint_desktop_phone=&#8220;2&#8243; dnxte_coverflow_breakpoint_desktop_last_edited=&#8220;on|phone&#8220; admin_label=&#8220;Next Divi Carousel&#8220; _builder_version=&#8220;4.20.0&#8243; _module_preset=&#8220;default&#8220; custom_padding=&#8220;||||false|false&#8220; custom_padding_tablet=&#8220;||||false|false&#8220; custom_padding_phone=&#8220;||30px||false|false&#8220; custom_padding_last_edited=&#8220;on|phone&#8220; border_radii_image_border=&#8220;on|15px|15px|15px|15px&#8220; global_colors_info=&#8220;{}&#8220; theme_builder_area=&#8220;post_content&#8220;][dnxte_coverflowslider_child coverflowslider_image=&#8220;https:\/\/www.compagniefruitiere.fr\/wp-content\/uploads\/2022\/11\/compagnie-fruitirere-cameroun-2022-bananes-3852-500&#215;500.webp&#8220; _builder_version=&#8220;4.19.0&#8243; _module_preset=&#8220;default&#8220; global_colors_info=&#8220;{}&#8220; theme_builder_area=&#8220;post_content&#8220;][\/dnxte_coverflowslider_child][dnxte_coverflowslider_child coverflowslider_image=&#8220;https:\/\/www.compagniefruitiere.fr\/wp-content\/uploads\/2022\/11\/compagnie-fruitirere-cote-d-ivoire-2022-8914-hd.webp&#8220; _builder_version=&#8220;4.19.0&#8243; _module_preset=&#8220;default&#8220; global_colors_info=&#8220;{}&#8220; theme_builder_area=&#8220;post_content&#8220;][\/dnxte_coverflowslider_child][dnxte_coverflowslider_child coverflowslider_image=&#8220;https:\/\/www.compagniefruitiere.fr\/wp-content\/uploads\/2022\/11\/compagnie-fruitirere-cote-d-ivoire-2022-9145-hd-500&#215;500.webp&#8220; _builder_version=&#8220;4.19.0&#8243; _module_preset=&#8220;default&#8220; global_colors_info=&#8220;{}&#8220; theme_builder_area=&#8220;post_content&#8220;][\/dnxte_coverflowslider_child][dnxte_coverflowslider_child coverflowslider_image=&#8220;https:\/\/www.compagniefruitiere.fr\/wp-content\/uploads\/2022\/11\/compagnie-fruitirere-dji-0080-52-500&#215;500.webp&#8220; _builder_version=&#8220;4.19.0&#8243; _module_preset=&#8220;default&#8220; global_colors_info=&#8220;{}&#8220; theme_builder_area=&#8220;post_content&#8220;][\/dnxte_coverflowslider_child][\/dnxte_coverflowslider_parent][\/et_pb_column][\/et_pb_row][\/et_pb_section]<\/div>\n\n<p><\/p>\n","protected":false},"excerpt":{"rendered":"<p>Die Compagnie Fruiti\u00e8re, die mit ihren Tochtergesellschaften in Afrika, Lateinamerika und Europa t\u00e4tig ist, verfolgt mit ihrem V.I.E.-Programm das Ziel, junge Talente auszubilden und ihr Potenzial zu f\u00f6rdern, indem sie ihnen Verantwortung \u00fcbertr\u00e4gt und M\u00f6glichkeiten zur beruflichen Weiterbildung bietet. Da unsere Gesch\u00e4ftst\u00e4tigkeit unsere gesamte Wertsch\u00f6pfungskette von der Plantage bis zum Vertrieb beinhaltet, sind wir immer [&hellip;]<\/p>\n","protected":false},"author":1,"featured_media":0,"parent":0,"menu_order":0,"comment_status":"closed","ping_status":"closed","template":"","meta":{"_et_pb_use_builder":"off","_et_pb_old_content":"","_et_gb_content_width":"","footnotes":""},"class_list":["post-10386","page","type-page","status-publish","hentry"],"yoast_head":"<!-- This site is optimized with the Yoast SEO plugin v27.3 - https:\/\/yoast.com\/product\/yoast-seo-wordpress\/ -->\n<title>Die Compagnie Fruiti\u00e8re. Des offres en VIE \u00e0 travers l&#039;Afrique, l&#039;Europe et l&#039;Am\u00e9rique latine.<\/title>\n<meta name=\"description\" content=\"La Compagnie Fruiti\u00e8re forme et fait monter en comp\u00e9tences de jeunes talents \u00e0 travers son programme VIE en proposant de r\u00e9elles responsabilit\u00e9s et des possibilit\u00e9s d\u2019\u00e9volution professionnelle.\" \/>\n<meta name=\"robots\" content=\"index, follow, max-snippet:-1, max-image-preview:large, max-video-preview:-1\" \/>\n<link rel=\"canonical\" href=\"https:\/\/www.compagniefruitiere.fr\/de\/vie-societe-de-culture-bananiere\/\" \/>\n<meta property=\"og:locale\" content=\"de_DE\" \/>\n<meta property=\"og:type\" content=\"article\" \/>\n<meta property=\"og:title\" content=\"Die Compagnie Fruiti\u00e8re. Des offres en VIE \u00e0 travers l&#039;Afrique, l&#039;Europe et l&#039;Am\u00e9rique latine.\" \/>\n<meta property=\"og:description\" content=\"La Compagnie Fruiti\u00e8re forme et fait monter en comp\u00e9tences de jeunes talents \u00e0 travers son programme VIE en proposant de r\u00e9elles responsabilit\u00e9s et des possibilit\u00e9s d\u2019\u00e9volution professionnelle.\" \/>\n<meta property=\"og:url\" content=\"https:\/\/www.compagniefruitiere.fr\/de\/vie-societe-de-culture-bananiere\/\" \/>\n<meta property=\"og:site_name\" content=\"Compagnie fruiti\u00e8re\" \/>\n<meta property=\"article:modified_time\" content=\"2024-07-29T08:53:40+00:00\" \/>\n<meta name=\"twitter:card\" content=\"summary_large_image\" \/>\n<meta name=\"twitter:label1\" content=\"Gesch\u00e4tzte Lesezeit\" \/>\n\t<meta name=\"twitter:data1\" content=\"3\u00a0Minuten\" \/>\n<script type=\"application\/ld+json\" class=\"yoast-schema-graph\">{\"@context\":\"https:\\\/\\\/schema.org\",\"@graph\":[{\"@type\":\"WebPage\",\"@id\":\"https:\\\/\\\/www.compagniefruitiere.fr\\\/de\\\/vie-societe-de-culture-bananiere\\\/\",\"url\":\"https:\\\/\\\/www.compagniefruitiere.fr\\\/de\\\/vie-societe-de-culture-bananiere\\\/\",\"name\":\"Die Compagnie Fruiti\u00e8re. Des offres en VIE \u00e0 travers l'Afrique, l'Europe et l'Am\u00e9rique latine.\",\"isPartOf\":{\"@id\":\"https:\\\/\\\/www.compagniefruitiere.fr\\\/de\\\/#website\"},\"datePublished\":\"2022-08-18T09:39:13+00:00\",\"dateModified\":\"2024-07-29T08:53:40+00:00\",\"description\":\"La Compagnie Fruiti\u00e8re forme et fait monter en comp\u00e9tences de jeunes talents \u00e0 travers son programme VIE en proposant de r\u00e9elles responsabilit\u00e9s et des possibilit\u00e9s d\u2019\u00e9volution professionnelle.\",\"breadcrumb\":{\"@id\":\"https:\\\/\\\/www.compagniefruitiere.fr\\\/de\\\/vie-societe-de-culture-bananiere\\\/#breadcrumb\"},\"inLanguage\":\"de\",\"potentialAction\":[{\"@type\":\"ReadAction\",\"target\":[\"https:\\\/\\\/www.compagniefruitiere.fr\\\/de\\\/vie-societe-de-culture-bananiere\\\/\"]}]},{\"@type\":\"BreadcrumbList\",\"@id\":\"https:\\\/\\\/www.compagniefruitiere.fr\\\/de\\\/vie-societe-de-culture-bananiere\\\/#breadcrumb\",\"itemListElement\":[{\"@type\":\"ListItem\",\"position\":1,\"name\":\"Accueil\",\"item\":\"https:\\\/\\\/www.compagniefruitiere.fr\\\/de\\\/\"},{\"@type\":\"ListItem\",\"position\":2,\"name\":\"VIE &#8211; Soci\u00e9t\u00e9 de Culture Banani\u00e8re\"}]},{\"@type\":\"WebSite\",\"@id\":\"https:\\\/\\\/www.compagniefruitiere.fr\\\/de\\\/#website\",\"url\":\"https:\\\/\\\/www.compagniefruitiere.fr\\\/de\\\/\",\"name\":\"Compagnie fruiti\u00e8re\",\"description\":\"Origine : Nature.\",\"publisher\":{\"@id\":\"https:\\\/\\\/www.compagniefruitiere.fr\\\/de\\\/#organization\"},\"potentialAction\":[{\"@type\":\"SearchAction\",\"target\":{\"@type\":\"EntryPoint\",\"urlTemplate\":\"https:\\\/\\\/www.compagniefruitiere.fr\\\/de\\\/?s={search_term_string}\"},\"query-input\":{\"@type\":\"PropertyValueSpecification\",\"valueRequired\":true,\"valueName\":\"search_term_string\"}}],\"inLanguage\":\"de\"},{\"@type\":\"Organization\",\"@id\":\"https:\\\/\\\/www.compagniefruitiere.fr\\\/de\\\/#organization\",\"name\":\"Compagnie fruiti\u00e8re\",\"url\":\"https:\\\/\\\/www.compagniefruitiere.fr\\\/de\\\/\",\"logo\":{\"@type\":\"ImageObject\",\"inLanguage\":\"de\",\"@id\":\"https:\\\/\\\/www.compagniefruitiere.fr\\\/de\\\/#\\\/schema\\\/logo\\\/image\\\/\",\"url\":\"https:\\\/\\\/www.compagniefruitiere.fr\\\/wp-content\\\/uploads\\\/2022\\\/03\\\/compagniefrutiere-logo.svg\",\"contentUrl\":\"https:\\\/\\\/www.compagniefruitiere.fr\\\/wp-content\\\/uploads\\\/2022\\\/03\\\/compagniefrutiere-logo.svg\",\"width\":471,\"height\":113,\"caption\":\"Compagnie fruiti\u00e8re\"},\"image\":{\"@id\":\"https:\\\/\\\/www.compagniefruitiere.fr\\\/de\\\/#\\\/schema\\\/logo\\\/image\\\/\"},\"sameAs\":[\"https:\\\/\\\/www.linkedin.com\\\/company\\\/compagnie-fruitiere\\\/\"]}]}<\/script>\n<!-- \/ Yoast SEO plugin. -->","yoast_head_json":{"title":"Die Compagnie Fruiti\u00e8re. Des offres en VIE \u00e0 travers l'Afrique, l'Europe et l'Am\u00e9rique latine.","description":"La Compagnie Fruiti\u00e8re forme et fait monter en comp\u00e9tences de jeunes talents \u00e0 travers son programme VIE en proposant de r\u00e9elles responsabilit\u00e9s et des possibilit\u00e9s d\u2019\u00e9volution professionnelle.","robots":{"index":"index","follow":"follow","max-snippet":"max-snippet:-1","max-image-preview":"max-image-preview:large","max-video-preview":"max-video-preview:-1"},"canonical":"https:\/\/www.compagniefruitiere.fr\/de\/vie-societe-de-culture-bananiere\/","og_locale":"de_DE","og_type":"article","og_title":"Die Compagnie Fruiti\u00e8re. Des offres en VIE \u00e0 travers l'Afrique, l'Europe et l'Am\u00e9rique latine.","og_description":"La Compagnie Fruiti\u00e8re forme et fait monter en comp\u00e9tences de jeunes talents \u00e0 travers son programme VIE en proposant de r\u00e9elles responsabilit\u00e9s et des possibilit\u00e9s d\u2019\u00e9volution professionnelle.","og_url":"https:\/\/www.compagniefruitiere.fr\/de\/vie-societe-de-culture-bananiere\/","og_site_name":"Compagnie fruiti\u00e8re","article_modified_time":"2024-07-29T08:53:40+00:00","twitter_card":"summary_large_image","twitter_misc":{"Gesch\u00e4tzte Lesezeit":"3\u00a0Minuten"},"schema":{"@context":"https:\/\/schema.org","@graph":[{"@type":"WebPage","@id":"https:\/\/www.compagniefruitiere.fr\/de\/vie-societe-de-culture-bananiere\/","url":"https:\/\/www.compagniefruitiere.fr\/de\/vie-societe-de-culture-bananiere\/","name":"Die Compagnie Fruiti\u00e8re. Des offres en VIE \u00e0 travers l'Afrique, l'Europe et l'Am\u00e9rique latine.","isPartOf":{"@id":"https:\/\/www.compagniefruitiere.fr\/de\/#website"},"datePublished":"2022-08-18T09:39:13+00:00","dateModified":"2024-07-29T08:53:40+00:00","description":"La Compagnie Fruiti\u00e8re forme et fait monter en comp\u00e9tences de jeunes talents \u00e0 travers son programme VIE en proposant de r\u00e9elles responsabilit\u00e9s et des possibilit\u00e9s d\u2019\u00e9volution professionnelle.","breadcrumb":{"@id":"https:\/\/www.compagniefruitiere.fr\/de\/vie-societe-de-culture-bananiere\/#breadcrumb"},"inLanguage":"de","potentialAction":[{"@type":"ReadAction","target":["https:\/\/www.compagniefruitiere.fr\/de\/vie-societe-de-culture-bananiere\/"]}]},{"@type":"BreadcrumbList","@id":"https:\/\/www.compagniefruitiere.fr\/de\/vie-societe-de-culture-bananiere\/#breadcrumb","itemListElement":[{"@type":"ListItem","position":1,"name":"Accueil","item":"https:\/\/www.compagniefruitiere.fr\/de\/"},{"@type":"ListItem","position":2,"name":"VIE &#8211; Soci\u00e9t\u00e9 de Culture Banani\u00e8re"}]},{"@type":"WebSite","@id":"https:\/\/www.compagniefruitiere.fr\/de\/#website","url":"https:\/\/www.compagniefruitiere.fr\/de\/","name":"Compagnie fruiti\u00e8re","description":"Origine : Nature.","publisher":{"@id":"https:\/\/www.compagniefruitiere.fr\/de\/#organization"},"potentialAction":[{"@type":"SearchAction","target":{"@type":"EntryPoint","urlTemplate":"https:\/\/www.compagniefruitiere.fr\/de\/?s={search_term_string}"},"query-input":{"@type":"PropertyValueSpecification","valueRequired":true,"valueName":"search_term_string"}}],"inLanguage":"de"},{"@type":"Organization","@id":"https:\/\/www.compagniefruitiere.fr\/de\/#organization","name":"Compagnie fruiti\u00e8re","url":"https:\/\/www.compagniefruitiere.fr\/de\/","logo":{"@type":"ImageObject","inLanguage":"de","@id":"https:\/\/www.compagniefruitiere.fr\/de\/#\/schema\/logo\/image\/","url":"https:\/\/www.compagniefruitiere.fr\/wp-content\/uploads\/2022\/03\/compagniefrutiere-logo.svg","contentUrl":"https:\/\/www.compagniefruitiere.fr\/wp-content\/uploads\/2022\/03\/compagniefrutiere-logo.svg","width":471,"height":113,"caption":"Compagnie fruiti\u00e8re"},"image":{"@id":"https:\/\/www.compagniefruitiere.fr\/de\/#\/schema\/logo\/image\/"},"sameAs":["https:\/\/www.linkedin.com\/company\/compagnie-fruitiere\/"]}]}},"_links":{"self":[{"href":"https:\/\/www.compagniefruitiere.fr\/de\/wp-json\/wp\/v2\/pages\/10386","targetHints":{"allow":["GET"]}}],"collection":[{"href":"https:\/\/www.compagniefruitiere.fr\/de\/wp-json\/wp\/v2\/pages"}],"about":[{"href":"https:\/\/www.compagniefruitiere.fr\/de\/wp-json\/wp\/v2\/types\/page"}],"author":[{"embeddable":true,"href":"https:\/\/www.compagniefruitiere.fr\/de\/wp-json\/wp\/v2\/users\/1"}],"replies":[{"embeddable":true,"href":"https:\/\/www.compagniefruitiere.fr\/de\/wp-json\/wp\/v2\/comments?post=10386"}],"version-history":[{"count":2,"href":"https:\/\/www.compagniefruitiere.fr\/de\/wp-json\/wp\/v2\/pages\/10386\/revisions"}],"predecessor-version":[{"id":10644,"href":"https:\/\/www.compagniefruitiere.fr\/de\/wp-json\/wp\/v2\/pages\/10386\/revisions\/10644"}],"wp:attachment":[{"href":"https:\/\/www.compagniefruitiere.fr\/de\/wp-json\/wp\/v2\/media?parent=10386"}],"curies":[{"name":"wp","href":"https:\/\/api.w.org\/{rel}","templated":true}]}}