{"id":10384,"date":"2022-08-18T11:39:06","date_gmt":"2022-08-18T09:39:06","guid":{"rendered":"https:\/\/www.compagniefruitiere.fr\/stages-et-alternances\/"},"modified":"2025-06-05T15:26:51","modified_gmt":"2025-06-05T13:26:51","slug":"praktika-und-duale-ausbildungsmodelle","status":"publish","type":"page","link":"https:\/\/www.compagniefruitiere.fr\/de\/praktika-und-duale-ausbildungsmodelle\/","title":{"rendered":"Praktika und duale Ausbildungsmodelle"},"content":{"rendered":"\n<p>Praktika und duale Modelle, die Arbeit und Ausbildung kombinieren, bieten jungen Menschen, die Kompetenzen erwerben und die Berufswelt erkunden m\u00f6chten, wichtige und n\u00fctzliche Erfahrungen.<\/p>\n\n<p>Egal, ob Sie als Student oder Studentin auf der Suche nach einem Praktikumsplatz oder einer dualen Ausbildung sind, die Compagnie Fruiti\u00e8re bietet Ihnen die Chance, Ihre theoretischen Kenntnisse in einem anregenden Umfeld praktisch zu erproben: Sie erhalten Ihrem Studium entsprechende Aufgaben und werden bei konkreten Projekten von erfahrenen Profis begleitet und unterst\u00fctzt. Wenn Sie Interesse an einem Praktikum oder einer dualen Ausbildung in einer unserer Niederlassungen in Ihrer Region oder im Ausland haben, lassen Sie uns einfach Ihren Lebenslauf und Ihr Motivationsschreiben zukommen und geben Sie die gew\u00fcnschte Niederlassung oder die angestrebte Stelle sowie deren Standort an.<\/p>\n\n<div class=\"wp-block-divi-layout\">[et_pb_section fb_built=&#8220;1&#8243; admin_label=&#8220;section&#8220; _builder_version=&#8220;4.21.0&#8243; width=&#8220;100%&#8220; max_width=&#8220;100%&#8220; custom_margin=&#8220;20px|0px|0px|0px|false|false&#8220; custom_padding=&#8220;0px|0px|0px|0px|false|false&#8220; global_colors_info=&#8220;{}&#8220;][et_pb_row admin_label=&#8220;row&#8220; _builder_version=&#8220;4.21.0&#8243; background_size=&#8220;initial&#8220; background_position=&#8220;top_left&#8220; background_repeat=&#8220;repeat&#8220; width=&#8220;100%&#8220; custom_margin=&#8220;0px|0px|0px|0px|false|false&#8220; custom_padding=&#8220;0px|0px|0px|0px|false|false&#8220; global_colors_info=&#8220;{}&#8220;][et_pb_column type=&#8220;4_4&#8243; _builder_version=&#8220;4.21.0&#8243; _module_preset=&#8220;default&#8220; global_colors_info=&#8220;{}&#8220;][dnxte_coverflowslider_parent dnxte_coverflow_loop=&#8220;on&#8220; dnxte_coverflow_centered_slides=&#8220;on&#8220; dnxte_coverflow_auto_height=&#8220;on&#8220; dnxte_coverflow_equal_height=&#8220;off&#8220; dnxte_coverflow_grab=&#8220;on&#8220; dnxte_coverflow_keyboard_enable=&#8220;off&#8220; dnxte_coverflow_mousewheel_enable=&#8220;off&#8220; dnxte_coverflow_speed=&#8220;674&#8243; dnxte_coverflow_arrows=&#8220;on&#8220; dnxte_coverflow_pagination_type=&#8220;none&#8220; dnxte_coverflow_breakpoint_desktop=&#8220;2&#8243; dnxte_coverflow_arrow_color=&#8220;rgba(255,255,255,0.7)&#8220; dnxte_coverflow_arrow_background_color=&#8220;rgba(255,255,255,0)&#8220; dnxte_coverflow_arrow_size=&#8220;48&#8243; lightbox_showhide=&#8220;on&#8220; dnxte_coverflow_breakpoint_desktop_tablet=&#8220;2&#8243; dnxte_coverflow_breakpoint_desktop_phone=&#8220;2&#8243; dnxte_coverflow_breakpoint_desktop_last_edited=&#8220;on|phone&#8220; admin_label=&#8220;Next Divi Carousel&#8220; _builder_version=&#8220;4.21.0&#8243; _module_preset=&#8220;default&#8220; custom_padding=&#8220;||||false|false&#8220; custom_padding_tablet=&#8220;||||false|false&#8220; custom_padding_phone=&#8220;||30px||false|false&#8220; custom_padding_last_edited=&#8220;on|phone&#8220; border_radii_image_border=&#8220;on|15px|15px|15px|15px&#8220; global_colors_info=&#8220;{}&#8220;][dnxte_coverflowslider_child coverflowslider_image=&#8220;https:\/\/www.compagniefruitiere.fr\/wp-content\/uploads\/2022\/11\/compagnie-fruitiere-ghana-2016-kassunyafarm-8834-500&#215;500.webp&#8220; _builder_version=&#8220;4.19.0&#8243; _module_preset=&#8220;default&#8220; global_colors_info=&#8220;{}&#8220;][\/dnxte_coverflowslider_child][dnxte_coverflowslider_child coverflowslider_image=&#8220;https:\/\/www.compagniefruitiere.fr\/wp-content\/uploads\/2022\/11\/compagnie-fruitiere-ghana-2016-bananes-station-9427-500&#215;500.webp&#8220; _builder_version=&#8220;4.19.0&#8243; _module_preset=&#8220;default&#8220; global_colors_info=&#8220;{}&#8220;][\/dnxte_coverflowslider_child][\/dnxte_coverflowslider_parent][\/et_pb_column][\/et_pb_row][\/et_pb_section]<\/div>\n\n<p><\/p>\n","protected":false},"excerpt":{"rendered":"<p>Praktika und duale Modelle, die Arbeit und Ausbildung kombinieren, bieten jungen Menschen, die Kompetenzen erwerben und die Berufswelt erkunden m\u00f6chten, wichtige und n\u00fctzliche Erfahrungen. Egal, ob Sie als Student oder Studentin auf der Suche nach einem Praktikumsplatz oder einer dualen Ausbildung sind, die Compagnie Fruiti\u00e8re bietet Ihnen die Chance, Ihre theoretischen Kenntnisse in einem anregenden [&hellip;]<\/p>\n","protected":false},"author":1,"featured_media":0,"parent":0,"menu_order":0,"comment_status":"closed","ping_status":"closed","template":"","meta":{"_et_pb_use_builder":"off","_et_pb_old_content":"","_et_gb_content_width":"","footnotes":""},"class_list":["post-10384","page","type-page","status-publish","hentry"],"yoast_head":"<!-- This site is optimized with the Yoast SEO plugin v27.1.1 - https:\/\/yoast.com\/product\/yoast-seo-wordpress\/ -->\n<title>Praktika und Werkstudentent\u00e4tigkeiten | Compagnie Fruiti\u00e8re<\/title>\n<meta name=\"description\" content=\"Entdecken Sie unsere Angebote f\u00fcr Praktika und Werkstudentent\u00e4tigkeiten, um Ihre Karriere bei Compagnie Fruiti\u00e8re zu f\u00f6rdern.\" \/>\n<meta name=\"robots\" content=\"index, follow, max-snippet:-1, max-image-preview:large, max-video-preview:-1\" \/>\n<link rel=\"canonical\" href=\"https:\/\/www.compagniefruitiere.fr\/de\/praktika-und-duale-ausbildungsmodelle\/\" \/>\n<meta property=\"og:locale\" content=\"de_DE\" \/>\n<meta property=\"og:type\" content=\"article\" \/>\n<meta property=\"og:title\" content=\"Praktika und Werkstudentent\u00e4tigkeiten | Compagnie Fruiti\u00e8re\" \/>\n<meta property=\"og:description\" content=\"Entdecken Sie unsere Angebote f\u00fcr Praktika und Werkstudentent\u00e4tigkeiten, um Ihre Karriere bei Compagnie Fruiti\u00e8re zu f\u00f6rdern.\" \/>\n<meta property=\"og:url\" content=\"https:\/\/www.compagniefruitiere.fr\/de\/praktika-und-duale-ausbildungsmodelle\/\" \/>\n<meta property=\"og:site_name\" content=\"Compagnie fruiti\u00e8re\" \/>\n<meta property=\"article:modified_time\" content=\"2025-06-05T13:26:51+00:00\" \/>\n<meta name=\"twitter:card\" content=\"summary_large_image\" \/>\n<meta name=\"twitter:label1\" content=\"Gesch\u00e4tzte Lesezeit\" \/>\n\t<meta name=\"twitter:data1\" content=\"1\u00a0Minute\" \/>\n<script type=\"application\/ld+json\" class=\"yoast-schema-graph\">{\"@context\":\"https:\/\/schema.org\",\"@graph\":[{\"@type\":\"WebPage\",\"@id\":\"https:\/\/www.compagniefruitiere.fr\/de\/praktika-und-duale-ausbildungsmodelle\/\",\"url\":\"https:\/\/www.compagniefruitiere.fr\/de\/praktika-und-duale-ausbildungsmodelle\/\",\"name\":\"Praktika und Werkstudentent\u00e4tigkeiten | Compagnie Fruiti\u00e8re\",\"isPartOf\":{\"@id\":\"https:\/\/www.compagniefruitiere.fr\/de\/#website\"},\"datePublished\":\"2022-08-18T09:39:06+00:00\",\"dateModified\":\"2025-06-05T13:26:51+00:00\",\"description\":\"Entdecken Sie unsere Angebote f\u00fcr Praktika und Werkstudentent\u00e4tigkeiten, um Ihre Karriere bei Compagnie Fruiti\u00e8re zu f\u00f6rdern.\",\"breadcrumb\":{\"@id\":\"https:\/\/www.compagniefruitiere.fr\/de\/praktika-und-duale-ausbildungsmodelle\/#breadcrumb\"},\"inLanguage\":\"de\",\"potentialAction\":[{\"@type\":\"ReadAction\",\"target\":[\"https:\/\/www.compagniefruitiere.fr\/de\/praktika-und-duale-ausbildungsmodelle\/\"]}]},{\"@type\":\"BreadcrumbList\",\"@id\":\"https:\/\/www.compagniefruitiere.fr\/de\/praktika-und-duale-ausbildungsmodelle\/#breadcrumb\",\"itemListElement\":[{\"@type\":\"ListItem\",\"position\":1,\"name\":\"Accueil\",\"item\":\"https:\/\/www.compagniefruitiere.fr\/de\/\"},{\"@type\":\"ListItem\",\"position\":2,\"name\":\"Praktika und duale Ausbildungsmodelle\"}]},{\"@type\":\"WebSite\",\"@id\":\"https:\/\/www.compagniefruitiere.fr\/de\/#website\",\"url\":\"https:\/\/www.compagniefruitiere.fr\/de\/\",\"name\":\"Compagnie fruiti\u00e8re\",\"description\":\"Origine : Nature.\",\"publisher\":{\"@id\":\"https:\/\/www.compagniefruitiere.fr\/de\/#organization\"},\"potentialAction\":[{\"@type\":\"SearchAction\",\"target\":{\"@type\":\"EntryPoint\",\"urlTemplate\":\"https:\/\/www.compagniefruitiere.fr\/de\/?s={search_term_string}\"},\"query-input\":{\"@type\":\"PropertyValueSpecification\",\"valueRequired\":true,\"valueName\":\"search_term_string\"}}],\"inLanguage\":\"de\"},{\"@type\":\"Organization\",\"@id\":\"https:\/\/www.compagniefruitiere.fr\/de\/#organization\",\"name\":\"Compagnie fruiti\u00e8re\",\"url\":\"https:\/\/www.compagniefruitiere.fr\/de\/\",\"logo\":{\"@type\":\"ImageObject\",\"inLanguage\":\"de\",\"@id\":\"https:\/\/www.compagniefruitiere.fr\/de\/#\/schema\/logo\/image\/\",\"url\":\"https:\/\/www.compagniefruitiere.fr\/wp-content\/uploads\/2022\/03\/compagniefrutiere-logo.svg\",\"contentUrl\":\"https:\/\/www.compagniefruitiere.fr\/wp-content\/uploads\/2022\/03\/compagniefrutiere-logo.svg\",\"width\":471,\"height\":113,\"caption\":\"Compagnie fruiti\u00e8re\"},\"image\":{\"@id\":\"https:\/\/www.compagniefruitiere.fr\/de\/#\/schema\/logo\/image\/\"},\"sameAs\":[\"https:\/\/www.linkedin.com\/company\/compagnie-fruitiere\/\"]}]}<\/script>\n<!-- \/ Yoast SEO plugin. -->","yoast_head_json":{"title":"Praktika und Werkstudentent\u00e4tigkeiten | Compagnie Fruiti\u00e8re","description":"Entdecken Sie unsere Angebote f\u00fcr Praktika und Werkstudentent\u00e4tigkeiten, um Ihre Karriere bei Compagnie Fruiti\u00e8re zu f\u00f6rdern.","robots":{"index":"index","follow":"follow","max-snippet":"max-snippet:-1","max-image-preview":"max-image-preview:large","max-video-preview":"max-video-preview:-1"},"canonical":"https:\/\/www.compagniefruitiere.fr\/de\/praktika-und-duale-ausbildungsmodelle\/","og_locale":"de_DE","og_type":"article","og_title":"Praktika und Werkstudentent\u00e4tigkeiten | Compagnie Fruiti\u00e8re","og_description":"Entdecken Sie unsere Angebote f\u00fcr Praktika und Werkstudentent\u00e4tigkeiten, um Ihre Karriere bei Compagnie Fruiti\u00e8re zu f\u00f6rdern.","og_url":"https:\/\/www.compagniefruitiere.fr\/de\/praktika-und-duale-ausbildungsmodelle\/","og_site_name":"Compagnie fruiti\u00e8re","article_modified_time":"2025-06-05T13:26:51+00:00","twitter_card":"summary_large_image","twitter_misc":{"Gesch\u00e4tzte Lesezeit":"1\u00a0Minute"},"schema":{"@context":"https:\/\/schema.org","@graph":[{"@type":"WebPage","@id":"https:\/\/www.compagniefruitiere.fr\/de\/praktika-und-duale-ausbildungsmodelle\/","url":"https:\/\/www.compagniefruitiere.fr\/de\/praktika-und-duale-ausbildungsmodelle\/","name":"Praktika und Werkstudentent\u00e4tigkeiten | Compagnie Fruiti\u00e8re","isPartOf":{"@id":"https:\/\/www.compagniefruitiere.fr\/de\/#website"},"datePublished":"2022-08-18T09:39:06+00:00","dateModified":"2025-06-05T13:26:51+00:00","description":"Entdecken Sie unsere Angebote f\u00fcr Praktika und Werkstudentent\u00e4tigkeiten, um Ihre Karriere bei Compagnie Fruiti\u00e8re zu f\u00f6rdern.","breadcrumb":{"@id":"https:\/\/www.compagniefruitiere.fr\/de\/praktika-und-duale-ausbildungsmodelle\/#breadcrumb"},"inLanguage":"de","potentialAction":[{"@type":"ReadAction","target":["https:\/\/www.compagniefruitiere.fr\/de\/praktika-und-duale-ausbildungsmodelle\/"]}]},{"@type":"BreadcrumbList","@id":"https:\/\/www.compagniefruitiere.fr\/de\/praktika-und-duale-ausbildungsmodelle\/#breadcrumb","itemListElement":[{"@type":"ListItem","position":1,"name":"Accueil","item":"https:\/\/www.compagniefruitiere.fr\/de\/"},{"@type":"ListItem","position":2,"name":"Praktika und duale Ausbildungsmodelle"}]},{"@type":"WebSite","@id":"https:\/\/www.compagniefruitiere.fr\/de\/#website","url":"https:\/\/www.compagniefruitiere.fr\/de\/","name":"Compagnie fruiti\u00e8re","description":"Origine : Nature.","publisher":{"@id":"https:\/\/www.compagniefruitiere.fr\/de\/#organization"},"potentialAction":[{"@type":"SearchAction","target":{"@type":"EntryPoint","urlTemplate":"https:\/\/www.compagniefruitiere.fr\/de\/?s={search_term_string}"},"query-input":{"@type":"PropertyValueSpecification","valueRequired":true,"valueName":"search_term_string"}}],"inLanguage":"de"},{"@type":"Organization","@id":"https:\/\/www.compagniefruitiere.fr\/de\/#organization","name":"Compagnie fruiti\u00e8re","url":"https:\/\/www.compagniefruitiere.fr\/de\/","logo":{"@type":"ImageObject","inLanguage":"de","@id":"https:\/\/www.compagniefruitiere.fr\/de\/#\/schema\/logo\/image\/","url":"https:\/\/www.compagniefruitiere.fr\/wp-content\/uploads\/2022\/03\/compagniefrutiere-logo.svg","contentUrl":"https:\/\/www.compagniefruitiere.fr\/wp-content\/uploads\/2022\/03\/compagniefrutiere-logo.svg","width":471,"height":113,"caption":"Compagnie fruiti\u00e8re"},"image":{"@id":"https:\/\/www.compagniefruitiere.fr\/de\/#\/schema\/logo\/image\/"},"sameAs":["https:\/\/www.linkedin.com\/company\/compagnie-fruitiere\/"]}]}},"_links":{"self":[{"href":"https:\/\/www.compagniefruitiere.fr\/de\/wp-json\/wp\/v2\/pages\/10384","targetHints":{"allow":["GET"]}}],"collection":[{"href":"https:\/\/www.compagniefruitiere.fr\/de\/wp-json\/wp\/v2\/pages"}],"about":[{"href":"https:\/\/www.compagniefruitiere.fr\/de\/wp-json\/wp\/v2\/types\/page"}],"author":[{"embeddable":true,"href":"https:\/\/www.compagniefruitiere.fr\/de\/wp-json\/wp\/v2\/users\/1"}],"replies":[{"embeddable":true,"href":"https:\/\/www.compagniefruitiere.fr\/de\/wp-json\/wp\/v2\/comments?post=10384"}],"version-history":[{"count":2,"href":"https:\/\/www.compagniefruitiere.fr\/de\/wp-json\/wp\/v2\/pages\/10384\/revisions"}],"predecessor-version":[{"id":10643,"href":"https:\/\/www.compagniefruitiere.fr\/de\/wp-json\/wp\/v2\/pages\/10384\/revisions\/10643"}],"wp:attachment":[{"href":"https:\/\/www.compagniefruitiere.fr\/de\/wp-json\/wp\/v2\/media?parent=10384"}],"curies":[{"name":"wp","href":"https:\/\/api.w.org\/{rel}","templated":true}]}}