{"id":10372,"date":"2022-07-12T18:15:03","date_gmt":"2022-07-12T16:15:03","guid":{"rendered":"https:\/\/www.compagniefruitiere.fr\/employeur-responsable\/"},"modified":"2025-06-05T15:29:29","modified_gmt":"2025-06-05T13:29:29","slug":"ein-verantwortungsbewusster-arbeitgeber","status":"publish","type":"page","link":"https:\/\/www.compagniefruitiere.fr\/de\/ein-verantwortungsbewusster-arbeitgeber\/","title":{"rendered":"Ein verantwortungsbewusster Arbeitgeber"},"content":{"rendered":"\n<p>Unsere Herangehensweise im Management ist Spiegelbild unserer Aktivit\u00e4ten auf verschiedenen Kontinenten, in verschiedenen L\u00e4ndern und Kulturen und beruht auf Offenheit und dem Respekt von Unterschieden. Wir haben ein offenes Ohr f\u00fcr alle, unterst\u00fctzen pers\u00f6nliche Initiativen zur F\u00f6rderung des Verantwortungsbewusstseins und sehen die Pers\u00f6nlichkeit und den Werdegang aller unserer Mitarbeitenden als immensen Reichtum und Vorteil. <\/p>\n\n\n\n<p>\u00dcberall wo wir t\u00e4tig sind, f\u00f6rdern wir den sozialen Dialog und achten auf das Wohlergehen unserer Mitarbeitenden, indem wir f\u00fcr korrekte Arbeitsbedingungen, Sozialleistungen, den Zugang zu Weiterbildung und eine optimierte Gesundheitsversorgung sorgen. <\/p>\n\n\n\n<p>Mithilfe unserer Software <a href=\"https:\/\/www.farms-digital.com\/home\">FARMS Digital <\/a>verwalten wir die Rotationen unserer Teams, die auf den Feldern arbeiten, auf optimierte Weise und sorgen so f\u00fcr einen ausgewogeneren Rhythmus f\u00fcr alle Beteiligten.<\/p>\n\n\n\n<p>In unseren Tochtergesellschaften ebenso wie bei unseren Zulieferern stellen wir die strikte Einhaltung der Menschen- und Arbeitnehmerrechte sicher. Wir k\u00e4mpfen gegen jede Form von Diskriminierung, gegen Kinderarbeit und gegen Geschlechterdiskriminierung und sind darauf bedacht, dass an allen unseren Standorten ein menschenw\u00fcrdiges und sicheres Arbeitsumfeld herrscht. Die im Rahmen unseres regelm\u00e4\u00dfigen Austauschs mit Sozialpartnern geschlossenen Vertr\u00e4ge gelten sowohl f\u00fcr unsere Mitarbeitenden in unbefristeten Arbeitsverh\u00e4ltnissen wie auch f\u00fcr Leih- oder Saisonarbeiter und -arbeiterinnen.<\/p>\n","protected":false},"excerpt":{"rendered":"<p>Unsere Herangehensweise im Management ist Spiegelbild unserer Aktivit\u00e4ten auf verschiedenen Kontinenten, in verschiedenen L\u00e4ndern und Kulturen und beruht auf Offenheit und dem Respekt von Unterschieden. Wir haben ein offenes Ohr f\u00fcr alle, unterst\u00fctzen pers\u00f6nliche Initiativen zur F\u00f6rderung des Verantwortungsbewusstseins und sehen die Pers\u00f6nlichkeit und den Werdegang aller unserer Mitarbeitenden als immensen Reichtum und Vorteil. \u00dcberall [&hellip;]<\/p>\n","protected":false},"author":1,"featured_media":0,"parent":0,"menu_order":0,"comment_status":"closed","ping_status":"closed","template":"","meta":{"_et_pb_use_builder":"off","_et_pb_old_content":"","_et_gb_content_width":"","footnotes":""},"class_list":["post-10372","page","type-page","status-publish","hentry"],"yoast_head":"<!-- This site is optimized with the Yoast SEO plugin v27.3 - https:\/\/yoast.com\/product\/yoast-seo-wordpress\/ -->\n<title>Internationales Freiwilligenprogramm f\u00fcr Unternehmen<\/title>\n<meta name=\"description\" content=\"Schlie\u00dfen Sie sich Compagnie Fruiti\u00e8re als International Corporate Volunteer (V.I.E.) an und sammeln Sie einzigartige Erfahrungen in der Obstindustrie in unseren weltweiten Niederlassungen.\" \/>\n<meta name=\"robots\" content=\"index, follow, max-snippet:-1, max-image-preview:large, max-video-preview:-1\" \/>\n<link rel=\"canonical\" href=\"https:\/\/www.compagniefruitiere.fr\/de\/ein-verantwortungsbewusster-arbeitgeber\/\" \/>\n<meta property=\"og:locale\" content=\"de_DE\" \/>\n<meta property=\"og:type\" content=\"article\" \/>\n<meta property=\"og:title\" content=\"Internationales Freiwilligenprogramm f\u00fcr Unternehmen\" \/>\n<meta property=\"og:description\" content=\"Schlie\u00dfen Sie sich Compagnie Fruiti\u00e8re als International Corporate Volunteer (V.I.E.) an und sammeln Sie einzigartige Erfahrungen in der Obstindustrie in unseren weltweiten Niederlassungen.\" \/>\n<meta property=\"og:url\" content=\"https:\/\/www.compagniefruitiere.fr\/de\/ein-verantwortungsbewusster-arbeitgeber\/\" \/>\n<meta property=\"og:site_name\" content=\"Compagnie fruiti\u00e8re\" \/>\n<meta property=\"article:modified_time\" content=\"2025-06-05T13:29:29+00:00\" \/>\n<meta name=\"twitter:card\" content=\"summary_large_image\" \/>\n<meta name=\"twitter:label1\" content=\"Gesch\u00e4tzte Lesezeit\" \/>\n\t<meta name=\"twitter:data1\" content=\"1\u00a0Minute\" \/>\n<script type=\"application\/ld+json\" class=\"yoast-schema-graph\">{\"@context\":\"https:\\\/\\\/schema.org\",\"@graph\":[{\"@type\":\"WebPage\",\"@id\":\"https:\\\/\\\/www.compagniefruitiere.fr\\\/de\\\/ein-verantwortungsbewusster-arbeitgeber\\\/\",\"url\":\"https:\\\/\\\/www.compagniefruitiere.fr\\\/de\\\/ein-verantwortungsbewusster-arbeitgeber\\\/\",\"name\":\"Internationales Freiwilligenprogramm f\u00fcr Unternehmen\",\"isPartOf\":{\"@id\":\"https:\\\/\\\/www.compagniefruitiere.fr\\\/de\\\/#website\"},\"datePublished\":\"2022-07-12T16:15:03+00:00\",\"dateModified\":\"2025-06-05T13:29:29+00:00\",\"description\":\"Schlie\u00dfen Sie sich Compagnie Fruiti\u00e8re als International Corporate Volunteer (V.I.E.) an und sammeln Sie einzigartige Erfahrungen in der Obstindustrie in unseren weltweiten Niederlassungen.\",\"breadcrumb\":{\"@id\":\"https:\\\/\\\/www.compagniefruitiere.fr\\\/de\\\/ein-verantwortungsbewusster-arbeitgeber\\\/#breadcrumb\"},\"inLanguage\":\"de\",\"potentialAction\":[{\"@type\":\"ReadAction\",\"target\":[\"https:\\\/\\\/www.compagniefruitiere.fr\\\/de\\\/ein-verantwortungsbewusster-arbeitgeber\\\/\"]}]},{\"@type\":\"BreadcrumbList\",\"@id\":\"https:\\\/\\\/www.compagniefruitiere.fr\\\/de\\\/ein-verantwortungsbewusster-arbeitgeber\\\/#breadcrumb\",\"itemListElement\":[{\"@type\":\"ListItem\",\"position\":1,\"name\":\"Accueil\",\"item\":\"https:\\\/\\\/www.compagniefruitiere.fr\\\/de\\\/\"},{\"@type\":\"ListItem\",\"position\":2,\"name\":\"Ein verantwortungsbewusster Arbeitgeber\"}]},{\"@type\":\"WebSite\",\"@id\":\"https:\\\/\\\/www.compagniefruitiere.fr\\\/de\\\/#website\",\"url\":\"https:\\\/\\\/www.compagniefruitiere.fr\\\/de\\\/\",\"name\":\"Compagnie fruiti\u00e8re\",\"description\":\"Origine : Nature.\",\"publisher\":{\"@id\":\"https:\\\/\\\/www.compagniefruitiere.fr\\\/de\\\/#organization\"},\"potentialAction\":[{\"@type\":\"SearchAction\",\"target\":{\"@type\":\"EntryPoint\",\"urlTemplate\":\"https:\\\/\\\/www.compagniefruitiere.fr\\\/de\\\/?s={search_term_string}\"},\"query-input\":{\"@type\":\"PropertyValueSpecification\",\"valueRequired\":true,\"valueName\":\"search_term_string\"}}],\"inLanguage\":\"de\"},{\"@type\":\"Organization\",\"@id\":\"https:\\\/\\\/www.compagniefruitiere.fr\\\/de\\\/#organization\",\"name\":\"Compagnie fruiti\u00e8re\",\"url\":\"https:\\\/\\\/www.compagniefruitiere.fr\\\/de\\\/\",\"logo\":{\"@type\":\"ImageObject\",\"inLanguage\":\"de\",\"@id\":\"https:\\\/\\\/www.compagniefruitiere.fr\\\/de\\\/#\\\/schema\\\/logo\\\/image\\\/\",\"url\":\"https:\\\/\\\/www.compagniefruitiere.fr\\\/wp-content\\\/uploads\\\/2022\\\/03\\\/compagniefrutiere-logo.svg\",\"contentUrl\":\"https:\\\/\\\/www.compagniefruitiere.fr\\\/wp-content\\\/uploads\\\/2022\\\/03\\\/compagniefrutiere-logo.svg\",\"width\":471,\"height\":113,\"caption\":\"Compagnie fruiti\u00e8re\"},\"image\":{\"@id\":\"https:\\\/\\\/www.compagniefruitiere.fr\\\/de\\\/#\\\/schema\\\/logo\\\/image\\\/\"},\"sameAs\":[\"https:\\\/\\\/www.linkedin.com\\\/company\\\/compagnie-fruitiere\\\/\"]}]}<\/script>\n<!-- \/ Yoast SEO plugin. -->","yoast_head_json":{"title":"Internationales Freiwilligenprogramm f\u00fcr Unternehmen","description":"Schlie\u00dfen Sie sich Compagnie Fruiti\u00e8re als International Corporate Volunteer (V.I.E.) an und sammeln Sie einzigartige Erfahrungen in der Obstindustrie in unseren weltweiten Niederlassungen.","robots":{"index":"index","follow":"follow","max-snippet":"max-snippet:-1","max-image-preview":"max-image-preview:large","max-video-preview":"max-video-preview:-1"},"canonical":"https:\/\/www.compagniefruitiere.fr\/de\/ein-verantwortungsbewusster-arbeitgeber\/","og_locale":"de_DE","og_type":"article","og_title":"Internationales Freiwilligenprogramm f\u00fcr Unternehmen","og_description":"Schlie\u00dfen Sie sich Compagnie Fruiti\u00e8re als International Corporate Volunteer (V.I.E.) an und sammeln Sie einzigartige Erfahrungen in der Obstindustrie in unseren weltweiten Niederlassungen.","og_url":"https:\/\/www.compagniefruitiere.fr\/de\/ein-verantwortungsbewusster-arbeitgeber\/","og_site_name":"Compagnie fruiti\u00e8re","article_modified_time":"2025-06-05T13:29:29+00:00","twitter_card":"summary_large_image","twitter_misc":{"Gesch\u00e4tzte Lesezeit":"1\u00a0Minute"},"schema":{"@context":"https:\/\/schema.org","@graph":[{"@type":"WebPage","@id":"https:\/\/www.compagniefruitiere.fr\/de\/ein-verantwortungsbewusster-arbeitgeber\/","url":"https:\/\/www.compagniefruitiere.fr\/de\/ein-verantwortungsbewusster-arbeitgeber\/","name":"Internationales Freiwilligenprogramm f\u00fcr Unternehmen","isPartOf":{"@id":"https:\/\/www.compagniefruitiere.fr\/de\/#website"},"datePublished":"2022-07-12T16:15:03+00:00","dateModified":"2025-06-05T13:29:29+00:00","description":"Schlie\u00dfen Sie sich Compagnie Fruiti\u00e8re als International Corporate Volunteer (V.I.E.) an und sammeln Sie einzigartige Erfahrungen in der Obstindustrie in unseren weltweiten Niederlassungen.","breadcrumb":{"@id":"https:\/\/www.compagniefruitiere.fr\/de\/ein-verantwortungsbewusster-arbeitgeber\/#breadcrumb"},"inLanguage":"de","potentialAction":[{"@type":"ReadAction","target":["https:\/\/www.compagniefruitiere.fr\/de\/ein-verantwortungsbewusster-arbeitgeber\/"]}]},{"@type":"BreadcrumbList","@id":"https:\/\/www.compagniefruitiere.fr\/de\/ein-verantwortungsbewusster-arbeitgeber\/#breadcrumb","itemListElement":[{"@type":"ListItem","position":1,"name":"Accueil","item":"https:\/\/www.compagniefruitiere.fr\/de\/"},{"@type":"ListItem","position":2,"name":"Ein verantwortungsbewusster Arbeitgeber"}]},{"@type":"WebSite","@id":"https:\/\/www.compagniefruitiere.fr\/de\/#website","url":"https:\/\/www.compagniefruitiere.fr\/de\/","name":"Compagnie fruiti\u00e8re","description":"Origine : Nature.","publisher":{"@id":"https:\/\/www.compagniefruitiere.fr\/de\/#organization"},"potentialAction":[{"@type":"SearchAction","target":{"@type":"EntryPoint","urlTemplate":"https:\/\/www.compagniefruitiere.fr\/de\/?s={search_term_string}"},"query-input":{"@type":"PropertyValueSpecification","valueRequired":true,"valueName":"search_term_string"}}],"inLanguage":"de"},{"@type":"Organization","@id":"https:\/\/www.compagniefruitiere.fr\/de\/#organization","name":"Compagnie fruiti\u00e8re","url":"https:\/\/www.compagniefruitiere.fr\/de\/","logo":{"@type":"ImageObject","inLanguage":"de","@id":"https:\/\/www.compagniefruitiere.fr\/de\/#\/schema\/logo\/image\/","url":"https:\/\/www.compagniefruitiere.fr\/wp-content\/uploads\/2022\/03\/compagniefrutiere-logo.svg","contentUrl":"https:\/\/www.compagniefruitiere.fr\/wp-content\/uploads\/2022\/03\/compagniefrutiere-logo.svg","width":471,"height":113,"caption":"Compagnie fruiti\u00e8re"},"image":{"@id":"https:\/\/www.compagniefruitiere.fr\/de\/#\/schema\/logo\/image\/"},"sameAs":["https:\/\/www.linkedin.com\/company\/compagnie-fruitiere\/"]}]}},"_links":{"self":[{"href":"https:\/\/www.compagniefruitiere.fr\/de\/wp-json\/wp\/v2\/pages\/10372","targetHints":{"allow":["GET"]}}],"collection":[{"href":"https:\/\/www.compagniefruitiere.fr\/de\/wp-json\/wp\/v2\/pages"}],"about":[{"href":"https:\/\/www.compagniefruitiere.fr\/de\/wp-json\/wp\/v2\/types\/page"}],"author":[{"embeddable":true,"href":"https:\/\/www.compagniefruitiere.fr\/de\/wp-json\/wp\/v2\/users\/1"}],"replies":[{"embeddable":true,"href":"https:\/\/www.compagniefruitiere.fr\/de\/wp-json\/wp\/v2\/comments?post=10372"}],"version-history":[{"count":5,"href":"https:\/\/www.compagniefruitiere.fr\/de\/wp-json\/wp\/v2\/pages\/10372\/revisions"}],"predecessor-version":[{"id":10739,"href":"https:\/\/www.compagniefruitiere.fr\/de\/wp-json\/wp\/v2\/pages\/10372\/revisions\/10739"}],"wp:attachment":[{"href":"https:\/\/www.compagniefruitiere.fr\/de\/wp-json\/wp\/v2\/media?parent=10372"}],"curies":[{"name":"wp","href":"https:\/\/api.w.org\/{rel}","templated":true}]}}