{"id":10362,"date":"2022-06-26T22:15:11","date_gmt":"2022-06-26T20:15:11","guid":{"rendered":"https:\/\/www.compagniefruitiere.fr\/catalogue-des-fruits\/"},"modified":"2025-06-05T15:04:39","modified_gmt":"2025-06-05T13:04:39","slug":"obst-katalog","status":"publish","type":"page","link":"https:\/\/www.compagniefruitiere.fr\/de\/obst-katalog\/","title":{"rendered":"Obst-Katalog"},"content":{"rendered":"\n<p>Um der wachsenden Nachfrage nach Obst im Allgemeinen gerecht zu werden, bieten wir beinahe 50 Obstsorten an, die auf unseren und den Plantagen unserer Partner und Partnerinnen kultiviert werden. Auf diese Weise versorgen wir unsere Kunden das ganze Jahr hindurch mit Obst und Gem\u00fcse, das im Anbauland zur jeweiligen Hauptsaison geerntet wird.<\/p>\n\n<div class=\"wp-block-divi-layout\">[et_pb_section fb_built=&#8220;1&#8243; admin_label=&#8220;section&#8220; _builder_version=&#8220;4.21.0&#8243; width=&#8220;100%&#8220; max_width=&#8220;100%&#8220; custom_margin=&#8220;20px|0px|0px|0px|false|false&#8220; custom_padding=&#8220;0px|0px|0px|0px|false|false&#8220; global_colors_info=&#8220;{}&#8220;][et_pb_row admin_label=&#8220;row&#8220; _builder_version=&#8220;4.21.0&#8243; background_size=&#8220;initial&#8220; background_position=&#8220;top_left&#8220; background_repeat=&#8220;repeat&#8220; width=&#8220;100%&#8220; custom_margin=&#8220;0px|0px|0px|0px|false|false&#8220; custom_padding=&#8220;0px|0px|0px|0px|false|false&#8220; global_colors_info=&#8220;{}&#8220;][et_pb_column type=&#8220;4_4&#8243; _builder_version=&#8220;4.21.0&#8243; _module_preset=&#8220;default&#8220; global_colors_info=&#8220;{}&#8220;][et_pb_menu menu_id=&#8220;28&#8243; disabled_on=&#8220;off|off|off&#8220; module_class=&#8220;menu-type-catalogue catalogue-productions&#8220; _builder_version=&#8220;4.18.1&#8243; _module_preset=&#8220;default&#8220; menu_font=&#8220;|||on|||||&#8220; menu_text_color=&#8220;rgba(0,0,0,0.5)&#8220; menu_line_height=&#8220;1.8em&#8220; background_enable_color=&#8220;off&#8220; global_colors_info=&#8220;{}&#8220;][\/et_pb_menu][\/et_pb_column][\/et_pb_row][\/et_pb_section]<\/div>\n","protected":false},"excerpt":{"rendered":"<p>Um der wachsenden Nachfrage nach Obst im Allgemeinen gerecht zu werden, bieten wir beinahe 50 Obstsorten an, die auf unseren und den Plantagen unserer Partner und Partnerinnen kultiviert werden. Auf diese Weise versorgen wir unsere Kunden das ganze Jahr hindurch mit Obst und Gem\u00fcse, das im Anbauland zur jeweiligen Hauptsaison geerntet wird.<\/p>\n","protected":false},"author":1,"featured_media":0,"parent":0,"menu_order":0,"comment_status":"closed","ping_status":"closed","template":"","meta":{"_et_pb_use_builder":"off","_et_pb_old_content":"","_et_gb_content_width":"","footnotes":""},"class_list":["post-10362","page","type-page","status-publish","hentry"],"yoast_head":"<!-- This site is optimized with the Yoast SEO plugin v27.3 - https:\/\/yoast.com\/product\/yoast-seo-wordpress\/ -->\n<title>Produktionskatalog | Compagnie Fruiti\u00e8re<\/title>\n<meta name=\"description\" content=\"Die Compagnie Fruiti\u00e8re produziert, transportiert, reift und vermarktet \u00fcber 903.000 Tonnen saisonales Obst und Gem\u00fcse.\" \/>\n<meta name=\"robots\" content=\"index, follow, max-snippet:-1, max-image-preview:large, max-video-preview:-1\" \/>\n<link rel=\"canonical\" href=\"https:\/\/www.compagniefruitiere.fr\/de\/obst-katalog\/\" \/>\n<meta property=\"og:locale\" content=\"de_DE\" \/>\n<meta property=\"og:type\" content=\"article\" \/>\n<meta property=\"og:title\" content=\"Produktionskatalog | Compagnie Fruiti\u00e8re\" \/>\n<meta property=\"og:description\" content=\"Die Compagnie Fruiti\u00e8re produziert, transportiert, reift und vermarktet \u00fcber 903.000 Tonnen saisonales Obst und Gem\u00fcse.\" \/>\n<meta property=\"og:url\" content=\"https:\/\/www.compagniefruitiere.fr\/de\/obst-katalog\/\" \/>\n<meta property=\"og:site_name\" content=\"Compagnie fruiti\u00e8re\" \/>\n<meta property=\"article:modified_time\" content=\"2025-06-05T13:04:39+00:00\" \/>\n<meta name=\"twitter:card\" content=\"summary_large_image\" \/>\n<meta name=\"twitter:label1\" content=\"Gesch\u00e4tzte Lesezeit\" \/>\n\t<meta name=\"twitter:data1\" content=\"1\u00a0Minute\" \/>\n<script type=\"application\/ld+json\" class=\"yoast-schema-graph\">{\"@context\":\"https:\\\/\\\/schema.org\",\"@graph\":[{\"@type\":\"WebPage\",\"@id\":\"https:\\\/\\\/www.compagniefruitiere.fr\\\/de\\\/obst-katalog\\\/\",\"url\":\"https:\\\/\\\/www.compagniefruitiere.fr\\\/de\\\/obst-katalog\\\/\",\"name\":\"Produktionskatalog | Compagnie Fruiti\u00e8re\",\"isPartOf\":{\"@id\":\"https:\\\/\\\/www.compagniefruitiere.fr\\\/de\\\/#website\"},\"datePublished\":\"2022-06-26T20:15:11+00:00\",\"dateModified\":\"2025-06-05T13:04:39+00:00\",\"description\":\"Die Compagnie Fruiti\u00e8re produziert, transportiert, reift und vermarktet \u00fcber 903.000 Tonnen saisonales Obst und Gem\u00fcse.\",\"breadcrumb\":{\"@id\":\"https:\\\/\\\/www.compagniefruitiere.fr\\\/de\\\/obst-katalog\\\/#breadcrumb\"},\"inLanguage\":\"de\",\"potentialAction\":[{\"@type\":\"ReadAction\",\"target\":[\"https:\\\/\\\/www.compagniefruitiere.fr\\\/de\\\/obst-katalog\\\/\"]}]},{\"@type\":\"BreadcrumbList\",\"@id\":\"https:\\\/\\\/www.compagniefruitiere.fr\\\/de\\\/obst-katalog\\\/#breadcrumb\",\"itemListElement\":[{\"@type\":\"ListItem\",\"position\":1,\"name\":\"Accueil\",\"item\":\"https:\\\/\\\/www.compagniefruitiere.fr\\\/de\\\/\"},{\"@type\":\"ListItem\",\"position\":2,\"name\":\"Obst-Katalog\"}]},{\"@type\":\"WebSite\",\"@id\":\"https:\\\/\\\/www.compagniefruitiere.fr\\\/de\\\/#website\",\"url\":\"https:\\\/\\\/www.compagniefruitiere.fr\\\/de\\\/\",\"name\":\"Compagnie fruiti\u00e8re\",\"description\":\"Origine : Nature.\",\"publisher\":{\"@id\":\"https:\\\/\\\/www.compagniefruitiere.fr\\\/de\\\/#organization\"},\"potentialAction\":[{\"@type\":\"SearchAction\",\"target\":{\"@type\":\"EntryPoint\",\"urlTemplate\":\"https:\\\/\\\/www.compagniefruitiere.fr\\\/de\\\/?s={search_term_string}\"},\"query-input\":{\"@type\":\"PropertyValueSpecification\",\"valueRequired\":true,\"valueName\":\"search_term_string\"}}],\"inLanguage\":\"de\"},{\"@type\":\"Organization\",\"@id\":\"https:\\\/\\\/www.compagniefruitiere.fr\\\/de\\\/#organization\",\"name\":\"Compagnie fruiti\u00e8re\",\"url\":\"https:\\\/\\\/www.compagniefruitiere.fr\\\/de\\\/\",\"logo\":{\"@type\":\"ImageObject\",\"inLanguage\":\"de\",\"@id\":\"https:\\\/\\\/www.compagniefruitiere.fr\\\/de\\\/#\\\/schema\\\/logo\\\/image\\\/\",\"url\":\"https:\\\/\\\/www.compagniefruitiere.fr\\\/wp-content\\\/uploads\\\/2022\\\/03\\\/compagniefrutiere-logo.svg\",\"contentUrl\":\"https:\\\/\\\/www.compagniefruitiere.fr\\\/wp-content\\\/uploads\\\/2022\\\/03\\\/compagniefrutiere-logo.svg\",\"width\":471,\"height\":113,\"caption\":\"Compagnie fruiti\u00e8re\"},\"image\":{\"@id\":\"https:\\\/\\\/www.compagniefruitiere.fr\\\/de\\\/#\\\/schema\\\/logo\\\/image\\\/\"},\"sameAs\":[\"https:\\\/\\\/www.linkedin.com\\\/company\\\/compagnie-fruitiere\\\/\"]}]}<\/script>\n<!-- \/ Yoast SEO plugin. -->","yoast_head_json":{"title":"Produktionskatalog | Compagnie Fruiti\u00e8re","description":"Die Compagnie Fruiti\u00e8re produziert, transportiert, reift und vermarktet \u00fcber 903.000 Tonnen saisonales Obst und Gem\u00fcse.","robots":{"index":"index","follow":"follow","max-snippet":"max-snippet:-1","max-image-preview":"max-image-preview:large","max-video-preview":"max-video-preview:-1"},"canonical":"https:\/\/www.compagniefruitiere.fr\/de\/obst-katalog\/","og_locale":"de_DE","og_type":"article","og_title":"Produktionskatalog | Compagnie Fruiti\u00e8re","og_description":"Die Compagnie Fruiti\u00e8re produziert, transportiert, reift und vermarktet \u00fcber 903.000 Tonnen saisonales Obst und Gem\u00fcse.","og_url":"https:\/\/www.compagniefruitiere.fr\/de\/obst-katalog\/","og_site_name":"Compagnie fruiti\u00e8re","article_modified_time":"2025-06-05T13:04:39+00:00","twitter_card":"summary_large_image","twitter_misc":{"Gesch\u00e4tzte Lesezeit":"1\u00a0Minute"},"schema":{"@context":"https:\/\/schema.org","@graph":[{"@type":"WebPage","@id":"https:\/\/www.compagniefruitiere.fr\/de\/obst-katalog\/","url":"https:\/\/www.compagniefruitiere.fr\/de\/obst-katalog\/","name":"Produktionskatalog | Compagnie Fruiti\u00e8re","isPartOf":{"@id":"https:\/\/www.compagniefruitiere.fr\/de\/#website"},"datePublished":"2022-06-26T20:15:11+00:00","dateModified":"2025-06-05T13:04:39+00:00","description":"Die Compagnie Fruiti\u00e8re produziert, transportiert, reift und vermarktet \u00fcber 903.000 Tonnen saisonales Obst und Gem\u00fcse.","breadcrumb":{"@id":"https:\/\/www.compagniefruitiere.fr\/de\/obst-katalog\/#breadcrumb"},"inLanguage":"de","potentialAction":[{"@type":"ReadAction","target":["https:\/\/www.compagniefruitiere.fr\/de\/obst-katalog\/"]}]},{"@type":"BreadcrumbList","@id":"https:\/\/www.compagniefruitiere.fr\/de\/obst-katalog\/#breadcrumb","itemListElement":[{"@type":"ListItem","position":1,"name":"Accueil","item":"https:\/\/www.compagniefruitiere.fr\/de\/"},{"@type":"ListItem","position":2,"name":"Obst-Katalog"}]},{"@type":"WebSite","@id":"https:\/\/www.compagniefruitiere.fr\/de\/#website","url":"https:\/\/www.compagniefruitiere.fr\/de\/","name":"Compagnie fruiti\u00e8re","description":"Origine : Nature.","publisher":{"@id":"https:\/\/www.compagniefruitiere.fr\/de\/#organization"},"potentialAction":[{"@type":"SearchAction","target":{"@type":"EntryPoint","urlTemplate":"https:\/\/www.compagniefruitiere.fr\/de\/?s={search_term_string}"},"query-input":{"@type":"PropertyValueSpecification","valueRequired":true,"valueName":"search_term_string"}}],"inLanguage":"de"},{"@type":"Organization","@id":"https:\/\/www.compagniefruitiere.fr\/de\/#organization","name":"Compagnie fruiti\u00e8re","url":"https:\/\/www.compagniefruitiere.fr\/de\/","logo":{"@type":"ImageObject","inLanguage":"de","@id":"https:\/\/www.compagniefruitiere.fr\/de\/#\/schema\/logo\/image\/","url":"https:\/\/www.compagniefruitiere.fr\/wp-content\/uploads\/2022\/03\/compagniefrutiere-logo.svg","contentUrl":"https:\/\/www.compagniefruitiere.fr\/wp-content\/uploads\/2022\/03\/compagniefrutiere-logo.svg","width":471,"height":113,"caption":"Compagnie fruiti\u00e8re"},"image":{"@id":"https:\/\/www.compagniefruitiere.fr\/de\/#\/schema\/logo\/image\/"},"sameAs":["https:\/\/www.linkedin.com\/company\/compagnie-fruitiere\/"]}]}},"_links":{"self":[{"href":"https:\/\/www.compagniefruitiere.fr\/de\/wp-json\/wp\/v2\/pages\/10362","targetHints":{"allow":["GET"]}}],"collection":[{"href":"https:\/\/www.compagniefruitiere.fr\/de\/wp-json\/wp\/v2\/pages"}],"about":[{"href":"https:\/\/www.compagniefruitiere.fr\/de\/wp-json\/wp\/v2\/types\/page"}],"author":[{"embeddable":true,"href":"https:\/\/www.compagniefruitiere.fr\/de\/wp-json\/wp\/v2\/users\/1"}],"replies":[{"embeddable":true,"href":"https:\/\/www.compagniefruitiere.fr\/de\/wp-json\/wp\/v2\/comments?post=10362"}],"version-history":[{"count":2,"href":"https:\/\/www.compagniefruitiere.fr\/de\/wp-json\/wp\/v2\/pages\/10362\/revisions"}],"predecessor-version":[{"id":10633,"href":"https:\/\/www.compagniefruitiere.fr\/de\/wp-json\/wp\/v2\/pages\/10362\/revisions\/10633"}],"wp:attachment":[{"href":"https:\/\/www.compagniefruitiere.fr\/de\/wp-json\/wp\/v2\/media?parent=10362"}],"curies":[{"name":"wp","href":"https:\/\/api.w.org\/{rel}","templated":true}]}}