{"id":10354,"date":"2022-07-12T15:42:28","date_gmt":"2022-07-12T13:42:28","guid":{"rendered":"https:\/\/www.compagniefruitiere.fr\/scb\/"},"modified":"2025-06-05T16:21:38","modified_gmt":"2025-06-05T14:21:38","slug":"scb","status":"publish","type":"page","link":"https:\/\/www.compagniefruitiere.fr\/de\/scb\/","title":{"rendered":"SCB"},"content":{"rendered":"\n<p>Mit ihren anspruchsvollen Produktvorgaben hat sich die <a href=\"https:\/\/www.compagniefruitiere.fr\/scb-premium\/\">Marke SCB<\/a> im Lauf der Jahre als Referenz f\u00fcr qualit\u00e4tsbewusste Experten und Expertinnen etabliert. Die auf unseren Plantagen in Afrika und Lateinamerika kultivierte Cavendish-Banane ist das perfekte Beispiel daf\u00fcr, wie durch unsere Bem\u00fchungen in allen Etappen der Produktionskette ein Produkt unvergleichlicher Qualit\u00e4t entsteht. Zun\u00e4chst wird jede Frucht bei der Ernte von <a href=\"https:\/\/www.compagniefruitiere.fr\/la-delicatesse-de-la-banane\/\"> Hand ausgew\u00e4hlt<\/a>. F\u00fcr den Versand erhalten diese Bananen eine spezielle Verpackung und reisen dann in Containern oder Frachtr\u00e4umen mit kontrollierter Atmosph\u00e4re. <a href=\"https:\/\/www.compagniefruitiere.fr\/la-banane-scb-bien-plus-quun-fruit-savoureux\/\">Damit wird <\/a> sichergestellt, dass sie in perfektem Zustand im Handel ankommen: zart s\u00fc\u00df, cremig und trotzdem gleichzeitig mit Biss. Ein weiteres Aush\u00e4ngeschild unserer SCB-Reihe ist die <a href=\"https:\/\/www.compagniefruitiere.fr\/scb-anadou\/\">Ananas Ana&#8217;Dou<\/a>: Auch sie verdankt ihre strahlend goldgelbe Farbe, ihr zart schmelzendes Fruchtfleisch und ihren intensiven, lieblichen Geschmack der besonderen Sorgfalt, die wir ihr von der Ernte zur Vollreife bis hin zu ihrer Ankunft am Teller des Kunden angedeihen lassen.<\/p>\n","protected":false},"excerpt":{"rendered":"<p>Mit ihren anspruchsvollen Produktvorgaben hat sich die Marke SCB im Lauf der Jahre als Referenz f\u00fcr qualit\u00e4tsbewusste Experten und Expertinnen etabliert. Die auf unseren Plantagen in Afrika und Lateinamerika kultivierte Cavendish-Banane ist das perfekte Beispiel daf\u00fcr, wie durch unsere Bem\u00fchungen in allen Etappen der Produktionskette ein Produkt unvergleichlicher Qualit\u00e4t entsteht. Zun\u00e4chst wird jede Frucht bei [&hellip;]<\/p>\n","protected":false},"author":1,"featured_media":0,"parent":0,"menu_order":0,"comment_status":"closed","ping_status":"closed","template":"","meta":{"_et_pb_use_builder":"off","_et_pb_old_content":"","_et_gb_content_width":"","footnotes":""},"class_list":["post-10354","page","type-page","status-publish","hentry"],"yoast_head":"<!-- This site is optimized with the Yoast SEO plugin v27.3 - https:\/\/yoast.com\/product\/yoast-seo-wordpress\/ -->\n<title>SCB, eine Garantie f\u00fcr Qualit\u00e4t | Compagnie Fruiti\u00e8re<\/title>\n<meta name=\"description\" content=\"Mit ihren strengen Standards ist die Marke SCB zu einem Ma\u00dfstab f\u00fcr Fachleute geworden, die auf Qualit\u00e4t Wert legen.\" \/>\n<meta name=\"robots\" content=\"index, follow, max-snippet:-1, max-image-preview:large, max-video-preview:-1\" \/>\n<link rel=\"canonical\" href=\"https:\/\/www.compagniefruitiere.fr\/de\/scb\/\" \/>\n<meta property=\"og:locale\" content=\"de_DE\" \/>\n<meta property=\"og:type\" content=\"article\" \/>\n<meta property=\"og:title\" content=\"SCB, eine Garantie f\u00fcr Qualit\u00e4t | Compagnie Fruiti\u00e8re\" \/>\n<meta property=\"og:description\" content=\"Mit ihren strengen Standards ist die Marke SCB zu einem Ma\u00dfstab f\u00fcr Fachleute geworden, die auf Qualit\u00e4t Wert legen.\" \/>\n<meta property=\"og:url\" content=\"https:\/\/www.compagniefruitiere.fr\/de\/scb\/\" \/>\n<meta property=\"og:site_name\" content=\"Compagnie fruiti\u00e8re\" \/>\n<meta property=\"article:modified_time\" content=\"2025-06-05T14:21:38+00:00\" \/>\n<meta name=\"twitter:card\" content=\"summary_large_image\" \/>\n<meta name=\"twitter:label1\" content=\"Gesch\u00e4tzte Lesezeit\" \/>\n\t<meta name=\"twitter:data1\" content=\"1\u00a0Minute\" \/>\n<script type=\"application\/ld+json\" class=\"yoast-schema-graph\">{\"@context\":\"https:\\\/\\\/schema.org\",\"@graph\":[{\"@type\":\"WebPage\",\"@id\":\"https:\\\/\\\/www.compagniefruitiere.fr\\\/de\\\/scb\\\/\",\"url\":\"https:\\\/\\\/www.compagniefruitiere.fr\\\/de\\\/scb\\\/\",\"name\":\"SCB, eine Garantie f\u00fcr Qualit\u00e4t | Compagnie Fruiti\u00e8re\",\"isPartOf\":{\"@id\":\"https:\\\/\\\/www.compagniefruitiere.fr\\\/de\\\/#website\"},\"datePublished\":\"2022-07-12T13:42:28+00:00\",\"dateModified\":\"2025-06-05T14:21:38+00:00\",\"description\":\"Mit ihren strengen Standards ist die Marke SCB zu einem Ma\u00dfstab f\u00fcr Fachleute geworden, die auf Qualit\u00e4t Wert legen.\",\"breadcrumb\":{\"@id\":\"https:\\\/\\\/www.compagniefruitiere.fr\\\/de\\\/scb\\\/#breadcrumb\"},\"inLanguage\":\"de\",\"potentialAction\":[{\"@type\":\"ReadAction\",\"target\":[\"https:\\\/\\\/www.compagniefruitiere.fr\\\/de\\\/scb\\\/\"]}]},{\"@type\":\"BreadcrumbList\",\"@id\":\"https:\\\/\\\/www.compagniefruitiere.fr\\\/de\\\/scb\\\/#breadcrumb\",\"itemListElement\":[{\"@type\":\"ListItem\",\"position\":1,\"name\":\"Accueil\",\"item\":\"https:\\\/\\\/www.compagniefruitiere.fr\\\/de\\\/\"},{\"@type\":\"ListItem\",\"position\":2,\"name\":\"SCB\"}]},{\"@type\":\"WebSite\",\"@id\":\"https:\\\/\\\/www.compagniefruitiere.fr\\\/de\\\/#website\",\"url\":\"https:\\\/\\\/www.compagniefruitiere.fr\\\/de\\\/\",\"name\":\"Compagnie fruiti\u00e8re\",\"description\":\"Origine : Nature.\",\"publisher\":{\"@id\":\"https:\\\/\\\/www.compagniefruitiere.fr\\\/de\\\/#organization\"},\"potentialAction\":[{\"@type\":\"SearchAction\",\"target\":{\"@type\":\"EntryPoint\",\"urlTemplate\":\"https:\\\/\\\/www.compagniefruitiere.fr\\\/de\\\/?s={search_term_string}\"},\"query-input\":{\"@type\":\"PropertyValueSpecification\",\"valueRequired\":true,\"valueName\":\"search_term_string\"}}],\"inLanguage\":\"de\"},{\"@type\":\"Organization\",\"@id\":\"https:\\\/\\\/www.compagniefruitiere.fr\\\/de\\\/#organization\",\"name\":\"Compagnie fruiti\u00e8re\",\"url\":\"https:\\\/\\\/www.compagniefruitiere.fr\\\/de\\\/\",\"logo\":{\"@type\":\"ImageObject\",\"inLanguage\":\"de\",\"@id\":\"https:\\\/\\\/www.compagniefruitiere.fr\\\/de\\\/#\\\/schema\\\/logo\\\/image\\\/\",\"url\":\"https:\\\/\\\/www.compagniefruitiere.fr\\\/wp-content\\\/uploads\\\/2022\\\/03\\\/compagniefrutiere-logo.svg\",\"contentUrl\":\"https:\\\/\\\/www.compagniefruitiere.fr\\\/wp-content\\\/uploads\\\/2022\\\/03\\\/compagniefrutiere-logo.svg\",\"width\":471,\"height\":113,\"caption\":\"Compagnie fruiti\u00e8re\"},\"image\":{\"@id\":\"https:\\\/\\\/www.compagniefruitiere.fr\\\/de\\\/#\\\/schema\\\/logo\\\/image\\\/\"},\"sameAs\":[\"https:\\\/\\\/www.linkedin.com\\\/company\\\/compagnie-fruitiere\\\/\"]}]}<\/script>\n<!-- \/ Yoast SEO plugin. -->","yoast_head_json":{"title":"SCB, eine Garantie f\u00fcr Qualit\u00e4t | Compagnie Fruiti\u00e8re","description":"Mit ihren strengen Standards ist die Marke SCB zu einem Ma\u00dfstab f\u00fcr Fachleute geworden, die auf Qualit\u00e4t Wert legen.","robots":{"index":"index","follow":"follow","max-snippet":"max-snippet:-1","max-image-preview":"max-image-preview:large","max-video-preview":"max-video-preview:-1"},"canonical":"https:\/\/www.compagniefruitiere.fr\/de\/scb\/","og_locale":"de_DE","og_type":"article","og_title":"SCB, eine Garantie f\u00fcr Qualit\u00e4t | Compagnie Fruiti\u00e8re","og_description":"Mit ihren strengen Standards ist die Marke SCB zu einem Ma\u00dfstab f\u00fcr Fachleute geworden, die auf Qualit\u00e4t Wert legen.","og_url":"https:\/\/www.compagniefruitiere.fr\/de\/scb\/","og_site_name":"Compagnie fruiti\u00e8re","article_modified_time":"2025-06-05T14:21:38+00:00","twitter_card":"summary_large_image","twitter_misc":{"Gesch\u00e4tzte Lesezeit":"1\u00a0Minute"},"schema":{"@context":"https:\/\/schema.org","@graph":[{"@type":"WebPage","@id":"https:\/\/www.compagniefruitiere.fr\/de\/scb\/","url":"https:\/\/www.compagniefruitiere.fr\/de\/scb\/","name":"SCB, eine Garantie f\u00fcr Qualit\u00e4t | Compagnie Fruiti\u00e8re","isPartOf":{"@id":"https:\/\/www.compagniefruitiere.fr\/de\/#website"},"datePublished":"2022-07-12T13:42:28+00:00","dateModified":"2025-06-05T14:21:38+00:00","description":"Mit ihren strengen Standards ist die Marke SCB zu einem Ma\u00dfstab f\u00fcr Fachleute geworden, die auf Qualit\u00e4t Wert legen.","breadcrumb":{"@id":"https:\/\/www.compagniefruitiere.fr\/de\/scb\/#breadcrumb"},"inLanguage":"de","potentialAction":[{"@type":"ReadAction","target":["https:\/\/www.compagniefruitiere.fr\/de\/scb\/"]}]},{"@type":"BreadcrumbList","@id":"https:\/\/www.compagniefruitiere.fr\/de\/scb\/#breadcrumb","itemListElement":[{"@type":"ListItem","position":1,"name":"Accueil","item":"https:\/\/www.compagniefruitiere.fr\/de\/"},{"@type":"ListItem","position":2,"name":"SCB"}]},{"@type":"WebSite","@id":"https:\/\/www.compagniefruitiere.fr\/de\/#website","url":"https:\/\/www.compagniefruitiere.fr\/de\/","name":"Compagnie fruiti\u00e8re","description":"Origine : Nature.","publisher":{"@id":"https:\/\/www.compagniefruitiere.fr\/de\/#organization"},"potentialAction":[{"@type":"SearchAction","target":{"@type":"EntryPoint","urlTemplate":"https:\/\/www.compagniefruitiere.fr\/de\/?s={search_term_string}"},"query-input":{"@type":"PropertyValueSpecification","valueRequired":true,"valueName":"search_term_string"}}],"inLanguage":"de"},{"@type":"Organization","@id":"https:\/\/www.compagniefruitiere.fr\/de\/#organization","name":"Compagnie fruiti\u00e8re","url":"https:\/\/www.compagniefruitiere.fr\/de\/","logo":{"@type":"ImageObject","inLanguage":"de","@id":"https:\/\/www.compagniefruitiere.fr\/de\/#\/schema\/logo\/image\/","url":"https:\/\/www.compagniefruitiere.fr\/wp-content\/uploads\/2022\/03\/compagniefrutiere-logo.svg","contentUrl":"https:\/\/www.compagniefruitiere.fr\/wp-content\/uploads\/2022\/03\/compagniefrutiere-logo.svg","width":471,"height":113,"caption":"Compagnie fruiti\u00e8re"},"image":{"@id":"https:\/\/www.compagniefruitiere.fr\/de\/#\/schema\/logo\/image\/"},"sameAs":["https:\/\/www.linkedin.com\/company\/compagnie-fruitiere\/"]}]}},"_links":{"self":[{"href":"https:\/\/www.compagniefruitiere.fr\/de\/wp-json\/wp\/v2\/pages\/10354","targetHints":{"allow":["GET"]}}],"collection":[{"href":"https:\/\/www.compagniefruitiere.fr\/de\/wp-json\/wp\/v2\/pages"}],"about":[{"href":"https:\/\/www.compagniefruitiere.fr\/de\/wp-json\/wp\/v2\/types\/page"}],"author":[{"embeddable":true,"href":"https:\/\/www.compagniefruitiere.fr\/de\/wp-json\/wp\/v2\/users\/1"}],"replies":[{"embeddable":true,"href":"https:\/\/www.compagniefruitiere.fr\/de\/wp-json\/wp\/v2\/comments?post=10354"}],"version-history":[{"count":6,"href":"https:\/\/www.compagniefruitiere.fr\/de\/wp-json\/wp\/v2\/pages\/10354\/revisions"}],"predecessor-version":[{"id":11738,"href":"https:\/\/www.compagniefruitiere.fr\/de\/wp-json\/wp\/v2\/pages\/10354\/revisions\/11738"}],"wp:attachment":[{"href":"https:\/\/www.compagniefruitiere.fr\/de\/wp-json\/wp\/v2\/media?parent=10354"}],"curies":[{"name":"wp","href":"https:\/\/api.w.org\/{rel}","templated":true}]}}