{"id":10330,"date":"2022-06-30T14:13:06","date_gmt":"2022-06-30T12:13:06","guid":{"rendered":"https:\/\/www.compagniefruitiere.fr\/transport-maritime\/"},"modified":"2025-06-05T14:54:51","modified_gmt":"2025-06-05T12:54:51","slug":"warentransport","status":"publish","type":"page","link":"https:\/\/www.compagniefruitiere.fr\/de\/warentransport\/","title":{"rendered":"Warentransport"},"content":{"rendered":"\n<p>Transit Fruits, das 1957 in Marseille gegr\u00fcndete Tochterunternehmen der Compagnie Fruiti\u00e8re, hat sich ganz auf den Warentransport spezialisiert. Dazu kann es auf die aus neun Spezialfahrzeugen bestehende Flotte von AEL zur\u00fcckgreifen. Dank seiner soliden Erfahrung bei der Verbindung zwischen dem afrikanischen Kontinent und Europa verf\u00fcgt Transit Fruit au\u00dferdem \u00fcber den ZWB-Status (Zugelassener Wirtschaftsbeteiligter), der f\u00fcr seine Kunden und Partner eine Garantie f\u00fcr Zuverl\u00e4ssigkeit und Effizienz darstellt, sei es bei Zwischenstationen oder administrativen Formalit\u00e4ten.<\/p>\n\n\n<a target=\"\" class=\"cf-content-btn\" href=\"https:\/\/www.transitfruits-eagle.com\/\">Consulter le site internet<\/a>\n\n\n\n<div class=\"wp-block-divi-layout\">[et_pb_section fb_built=&#8220;1&#8243; admin_label=&#8220;section&#8220; _builder_version=&#8220;4.25.0&#8243; width=&#8220;100%&#8220; max_width=&#8220;100%&#8220; custom_margin=&#8220;20px|0px|0px|0px|false|false&#8220; custom_padding=&#8220;0px|0px|0px|0px|false|false&#8220; hover_enabled=&#8220;0&#8243; global_colors_info=&#8220;{}&#8220; sticky_enabled=&#8220;0&#8243;][et_pb_row admin_label=&#8220;row&#8220; _builder_version=&#8220;4.21.0&#8243; background_size=&#8220;initial&#8220; background_position=&#8220;top_left&#8220; background_repeat=&#8220;repeat&#8220; width=&#8220;100%&#8220; custom_margin=&#8220;0px|0px|0px|0px|false|false&#8220; custom_padding=&#8220;0px|0px|0px|0px|false|false&#8220; global_colors_info=&#8220;{}&#8220;][et_pb_column type=&#8220;4_4&#8243; _builder_version=&#8220;4.21.0&#8243; _module_preset=&#8220;default&#8220; global_colors_info=&#8220;{}&#8220;][dnxte_coverflowslider_parent dnxte_coverflow_loop=&#8220;on&#8220; dnxte_coverflow_centered_slides=&#8220;on&#8220; dnxte_coverflow_auto_height=&#8220;on&#8220; dnxte_coverflow_equal_height=&#8220;off&#8220; dnxte_coverflow_grab=&#8220;on&#8220; dnxte_coverflow_keyboard_enable=&#8220;off&#8220; dnxte_coverflow_mousewheel_enable=&#8220;off&#8220; dnxte_coverflow_speed=&#8220;674&#8243; dnxte_coverflow_arrows=&#8220;on&#8220; dnxte_coverflow_pagination_type=&#8220;none&#8220; dnxte_coverflow_breakpoint_desktop=&#8220;2&#8243; dnxte_coverflow_arrow_color=&#8220;rgba(255,255,255,0.7)&#8220; dnxte_coverflow_arrow_background_color=&#8220;rgba(255,255,255,0)&#8220; dnxte_coverflow_arrow_size=&#8220;48&#8243; lightbox_showhide=&#8220;on&#8220; dnxte_coverflow_breakpoint_desktop_tablet=&#8220;2&#8243; dnxte_coverflow_breakpoint_desktop_phone=&#8220;2&#8243; dnxte_coverflow_breakpoint_desktop_last_edited=&#8220;on|phone&#8220; admin_label=&#8220;Next Divi Carousel&#8220; _builder_version=&#8220;4.25.0&#8243; _module_preset=&#8220;default&#8220; custom_padding=&#8220;||||false|false&#8220; custom_padding_tablet=&#8220;||||false|false&#8220; custom_padding_phone=&#8220;||30px||false|false&#8220; custom_padding_last_edited=&#8220;on|phone&#8220; hover_enabled=&#8220;0&#8243; border_radii_image_border=&#8220;on|15px|15px|15px|15px&#8220; global_colors_info=&#8220;{}&#8220; sticky_enabled=&#8220;0&#8243;][dnxte_coverflowslider_child coverflowslider_image=&#8220;https:\/\/www.compagniefruitiere.fr\/wp-content\/uploads\/2022\/11\/compagnie-fruitiere-img-8335-l-slider-500&#215;500.webp&#8220; _builder_version=&#8220;4.25.0&#8243; _module_preset=&#8220;default&#8220; hover_enabled=&#8220;0&#8243; global_colors_info=&#8220;{}&#8220; sticky_enabled=&#8220;0&#8243;][\/dnxte_coverflowslider_child][dnxte_coverflowslider_child coverflowslider_image=&#8220;https:\/\/www.compagniefruitiere.fr\/wp-content\/uploads\/2023\/09\/Compagnie_Fruitiere_022A5053-L-500&#215;500.webp&#8220; _builder_version=&#8220;4.25.0&#8243; _module_preset=&#8220;default&#8220; hover_enabled=&#8220;0&#8243; global_colors_info=&#8220;{}&#8220; sticky_enabled=&#8220;0&#8243; title_text=&#8220;Compagnie_Fruitie\u0300re_022A5053-L&#8220;][\/dnxte_coverflowslider_child][dnxte_coverflowslider_child coverflowslider_image=&#8220;https:\/\/www.compagniefruitiere.fr\/wp-content\/uploads\/2023\/09\/1-pdg-500&#215;500.webp&#8220; _builder_version=&#8220;4.25.0&#8243; _module_preset=&#8220;default&#8220; hover_enabled=&#8220;0&#8243; global_colors_info=&#8220;{}&#8220; sticky_enabled=&#8220;0&#8243; title_text=&#8220;1 pdg&#8220;][\/dnxte_coverflowslider_child][\/dnxte_coverflowslider_parent][\/et_pb_column][\/et_pb_row][\/et_pb_section]<\/div>\n","protected":false},"excerpt":{"rendered":"<p>Transit Fruits, das 1957 in Marseille gegr\u00fcndete Tochterunternehmen der Compagnie Fruiti\u00e8re, hat sich ganz auf den Warentransport spezialisiert. Dazu kann es auf die aus neun Spezialfahrzeugen bestehende Flotte von AEL zur\u00fcckgreifen. Dank seiner soliden Erfahrung bei der Verbindung zwischen dem afrikanischen Kontinent und Europa verf\u00fcgt Transit Fruit au\u00dferdem \u00fcber den ZWB-Status (Zugelassener Wirtschaftsbeteiligter), der f\u00fcr [&hellip;]<\/p>\n","protected":false},"author":1,"featured_media":0,"parent":0,"menu_order":0,"comment_status":"closed","ping_status":"closed","template":"","meta":{"_et_pb_use_builder":"off","_et_pb_old_content":"<!-- wp:paragraph {\"translatedWithWPMLTM\":\"1\"} -->\n<p>Transit Fruits, das 1957 in Marseille gegr\u00fcndete Tochterunternehmen der Compagnie Fruiti\u00e8re, hat sich ganz auf den Warentransport spezialisiert. Dazu kann es auf die aus neun Spezialfahrzeugen bestehende Flotte von AEL zur\u00fcckgreifen. Dank seiner soliden Erfahrung bei der Verbindung zwischen dem afrikanischen Kontinent und Europa verf\u00fcgt Transit Fruit au\u00dferdem \u00fcber den ZWB-Status (Zugelassener Wirtschaftsbeteiligter), der f\u00fcr seine Kunden und Partner eine Garantie f\u00fcr Zuverl\u00e4ssigkeit und Effizienz darstellt, sei es bei Zwischenstationen oder administrativen Formalit\u00e4ten.<\/p>\n<!-- \/wp:paragraph --><!-- wp:shortcode -->\n[bouton-in-content url='https:\/\/www.transitfruits-eagle.com\/' text='Consulter le site internet']\n<!-- \/wp:shortcode --><!-- wp:divi\/layout -->\n<div class=\"wp-block-divi-layout\">[et_pb_section fb_built=\"1\" admin_label=\"section\" _builder_version=\"4.25.0\" width=\"100%\" max_width=\"100%\" custom_margin=\"20px|0px|0px|0px|false|false\" custom_padding=\"0px|0px|0px|0px|false|false\" hover_enabled=\"0\" global_colors_info=\"{}\" sticky_enabled=\"0\"][et_pb_row admin_label=\"row\" _builder_version=\"4.21.0\" background_size=\"initial\" background_position=\"top_left\" background_repeat=\"repeat\" width=\"100%\" custom_margin=\"0px|0px|0px|0px|false|false\" custom_padding=\"0px|0px|0px|0px|false|false\" global_colors_info=\"{}\"][et_pb_column type=\"4_4\" _builder_version=\"4.21.0\" _module_preset=\"default\" global_colors_info=\"{}\"][dnxte_coverflowslider_parent dnxte_coverflow_loop=\"on\" dnxte_coverflow_centered_slides=\"on\" dnxte_coverflow_auto_height=\"on\" dnxte_coverflow_equal_height=\"off\" dnxte_coverflow_grab=\"on\" dnxte_coverflow_keyboard_enable=\"off\" dnxte_coverflow_mousewheel_enable=\"off\" dnxte_coverflow_speed=\"674\" dnxte_coverflow_arrows=\"on\" dnxte_coverflow_pagination_type=\"none\" dnxte_coverflow_breakpoint_desktop=\"2\" dnxte_coverflow_arrow_color=\"rgba(255,255,255,0.7)\" dnxte_coverflow_arrow_background_color=\"rgba(255,255,255,0)\" dnxte_coverflow_arrow_size=\"48\" lightbox_showhide=\"on\" dnxte_coverflow_breakpoint_desktop_tablet=\"2\" dnxte_coverflow_breakpoint_desktop_phone=\"2\" dnxte_coverflow_breakpoint_desktop_last_edited=\"on|phone\" admin_label=\"Next Divi Carousel\" _builder_version=\"4.25.0\" _module_preset=\"default\" custom_padding=\"||||false|false\" custom_padding_tablet=\"||||false|false\" custom_padding_phone=\"||30px||false|false\" custom_padding_last_edited=\"on|phone\" hover_enabled=\"0\" border_radii_image_border=\"on|15px|15px|15px|15px\" global_colors_info=\"{}\" sticky_enabled=\"0\"][dnxte_coverflowslider_child coverflowslider_image=\"https:\/\/www.compagniefruitiere.fr\/wp-content\/uploads\/2022\/11\/compagnie-fruitiere-img-8335-l-slider-500x500.webp\" _builder_version=\"4.25.0\" _module_preset=\"default\" hover_enabled=\"0\" global_colors_info=\"{}\" sticky_enabled=\"0\"][\/dnxte_coverflowslider_child][dnxte_coverflowslider_child coverflowslider_image=\"https:\/\/www.compagniefruitiere.fr\/wp-content\/uploads\/2023\/09\/Compagnie_Fruitiere_022A5053-L-500x500.webp\" _builder_version=\"4.25.0\" _module_preset=\"default\" hover_enabled=\"0\" global_colors_info=\"{}\" sticky_enabled=\"0\" title_text=\"Compagnie_Fruitie\u0300re_022A5053-L\"][\/dnxte_coverflowslider_child][dnxte_coverflowslider_child coverflowslider_image=\"https:\/\/www.compagniefruitiere.fr\/wp-content\/uploads\/2023\/09\/1-pdg-500x500.webp\" _builder_version=\"4.25.0\" _module_preset=\"default\" hover_enabled=\"0\" global_colors_info=\"{}\" sticky_enabled=\"0\" title_text=\"1 pdg\"][\/dnxte_coverflowslider_child][\/dnxte_coverflowslider_parent][\/et_pb_column][\/et_pb_row][\/et_pb_section]<\/div>\n<!-- \/wp:divi\/layout --><!-- wp:paragraph -->\n<p><\/p>\n<!-- \/wp:paragraph -->","_et_gb_content_width":"","footnotes":""},"class_list":["post-10330","page","type-page","status-publish","hentry"],"yoast_head":"<!-- This site is optimized with the Yoast SEO plugin v27.3 - https:\/\/yoast.com\/product\/yoast-seo-wordpress\/ -->\n<title>G\u00fcterverkehr: Optimierung und Qualit\u00e4t | Compagnie Fruiti\u00e8re<\/title>\n<meta name=\"description\" content=\"Entdecken Sie, wie Compagnie Fruiti\u00e8re den G\u00fctertransport optimiert, um Qualit\u00e4t und Frische zu gew\u00e4hrleisten.\" \/>\n<meta name=\"robots\" content=\"index, follow, max-snippet:-1, max-image-preview:large, max-video-preview:-1\" \/>\n<link rel=\"canonical\" href=\"https:\/\/www.compagniefruitiere.fr\/de\/warentransport\/\" \/>\n<meta property=\"og:locale\" content=\"de_DE\" \/>\n<meta property=\"og:type\" content=\"article\" \/>\n<meta property=\"og:title\" content=\"G\u00fcterverkehr: Optimierung und Qualit\u00e4t | Compagnie Fruiti\u00e8re\" \/>\n<meta property=\"og:description\" content=\"Entdecken Sie, wie Compagnie Fruiti\u00e8re den G\u00fctertransport optimiert, um Qualit\u00e4t und Frische zu gew\u00e4hrleisten.\" \/>\n<meta property=\"og:url\" content=\"https:\/\/www.compagniefruitiere.fr\/de\/warentransport\/\" \/>\n<meta property=\"og:site_name\" content=\"Compagnie fruiti\u00e8re\" \/>\n<meta property=\"article:modified_time\" content=\"2025-06-05T12:54:51+00:00\" \/>\n<meta name=\"twitter:card\" content=\"summary_large_image\" \/>\n<meta name=\"twitter:label1\" content=\"Gesch\u00e4tzte Lesezeit\" \/>\n\t<meta name=\"twitter:data1\" content=\"1\u00a0Minute\" \/>\n<script type=\"application\/ld+json\" class=\"yoast-schema-graph\">{\"@context\":\"https:\\\/\\\/schema.org\",\"@graph\":[{\"@type\":\"WebPage\",\"@id\":\"https:\\\/\\\/www.compagniefruitiere.fr\\\/de\\\/warentransport\\\/\",\"url\":\"https:\\\/\\\/www.compagniefruitiere.fr\\\/de\\\/warentransport\\\/\",\"name\":\"G\u00fcterverkehr: Optimierung und Qualit\u00e4t | Compagnie Fruiti\u00e8re\",\"isPartOf\":{\"@id\":\"https:\\\/\\\/www.compagniefruitiere.fr\\\/de\\\/#website\"},\"datePublished\":\"2022-06-30T12:13:06+00:00\",\"dateModified\":\"2025-06-05T12:54:51+00:00\",\"description\":\"Entdecken Sie, wie Compagnie Fruiti\u00e8re den G\u00fctertransport optimiert, um Qualit\u00e4t und Frische zu gew\u00e4hrleisten.\",\"breadcrumb\":{\"@id\":\"https:\\\/\\\/www.compagniefruitiere.fr\\\/de\\\/warentransport\\\/#breadcrumb\"},\"inLanguage\":\"de\",\"potentialAction\":[{\"@type\":\"ReadAction\",\"target\":[\"https:\\\/\\\/www.compagniefruitiere.fr\\\/de\\\/warentransport\\\/\"]}]},{\"@type\":\"BreadcrumbList\",\"@id\":\"https:\\\/\\\/www.compagniefruitiere.fr\\\/de\\\/warentransport\\\/#breadcrumb\",\"itemListElement\":[{\"@type\":\"ListItem\",\"position\":1,\"name\":\"Accueil\",\"item\":\"https:\\\/\\\/www.compagniefruitiere.fr\\\/de\\\/\"},{\"@type\":\"ListItem\",\"position\":2,\"name\":\"Warentransport\"}]},{\"@type\":\"WebSite\",\"@id\":\"https:\\\/\\\/www.compagniefruitiere.fr\\\/de\\\/#website\",\"url\":\"https:\\\/\\\/www.compagniefruitiere.fr\\\/de\\\/\",\"name\":\"Compagnie fruiti\u00e8re\",\"description\":\"Origine : Nature.\",\"publisher\":{\"@id\":\"https:\\\/\\\/www.compagniefruitiere.fr\\\/de\\\/#organization\"},\"potentialAction\":[{\"@type\":\"SearchAction\",\"target\":{\"@type\":\"EntryPoint\",\"urlTemplate\":\"https:\\\/\\\/www.compagniefruitiere.fr\\\/de\\\/?s={search_term_string}\"},\"query-input\":{\"@type\":\"PropertyValueSpecification\",\"valueRequired\":true,\"valueName\":\"search_term_string\"}}],\"inLanguage\":\"de\"},{\"@type\":\"Organization\",\"@id\":\"https:\\\/\\\/www.compagniefruitiere.fr\\\/de\\\/#organization\",\"name\":\"Compagnie fruiti\u00e8re\",\"url\":\"https:\\\/\\\/www.compagniefruitiere.fr\\\/de\\\/\",\"logo\":{\"@type\":\"ImageObject\",\"inLanguage\":\"de\",\"@id\":\"https:\\\/\\\/www.compagniefruitiere.fr\\\/de\\\/#\\\/schema\\\/logo\\\/image\\\/\",\"url\":\"https:\\\/\\\/www.compagniefruitiere.fr\\\/wp-content\\\/uploads\\\/2022\\\/03\\\/compagniefrutiere-logo.svg\",\"contentUrl\":\"https:\\\/\\\/www.compagniefruitiere.fr\\\/wp-content\\\/uploads\\\/2022\\\/03\\\/compagniefrutiere-logo.svg\",\"width\":471,\"height\":113,\"caption\":\"Compagnie fruiti\u00e8re\"},\"image\":{\"@id\":\"https:\\\/\\\/www.compagniefruitiere.fr\\\/de\\\/#\\\/schema\\\/logo\\\/image\\\/\"},\"sameAs\":[\"https:\\\/\\\/www.linkedin.com\\\/company\\\/compagnie-fruitiere\\\/\"]}]}<\/script>\n<!-- \/ Yoast SEO plugin. -->","yoast_head_json":{"title":"G\u00fcterverkehr: Optimierung und Qualit\u00e4t | Compagnie Fruiti\u00e8re","description":"Entdecken Sie, wie Compagnie Fruiti\u00e8re den G\u00fctertransport optimiert, um Qualit\u00e4t und Frische zu gew\u00e4hrleisten.","robots":{"index":"index","follow":"follow","max-snippet":"max-snippet:-1","max-image-preview":"max-image-preview:large","max-video-preview":"max-video-preview:-1"},"canonical":"https:\/\/www.compagniefruitiere.fr\/de\/warentransport\/","og_locale":"de_DE","og_type":"article","og_title":"G\u00fcterverkehr: Optimierung und Qualit\u00e4t | Compagnie Fruiti\u00e8re","og_description":"Entdecken Sie, wie Compagnie Fruiti\u00e8re den G\u00fctertransport optimiert, um Qualit\u00e4t und Frische zu gew\u00e4hrleisten.","og_url":"https:\/\/www.compagniefruitiere.fr\/de\/warentransport\/","og_site_name":"Compagnie fruiti\u00e8re","article_modified_time":"2025-06-05T12:54:51+00:00","twitter_card":"summary_large_image","twitter_misc":{"Gesch\u00e4tzte Lesezeit":"1\u00a0Minute"},"schema":{"@context":"https:\/\/schema.org","@graph":[{"@type":"WebPage","@id":"https:\/\/www.compagniefruitiere.fr\/de\/warentransport\/","url":"https:\/\/www.compagniefruitiere.fr\/de\/warentransport\/","name":"G\u00fcterverkehr: Optimierung und Qualit\u00e4t | Compagnie Fruiti\u00e8re","isPartOf":{"@id":"https:\/\/www.compagniefruitiere.fr\/de\/#website"},"datePublished":"2022-06-30T12:13:06+00:00","dateModified":"2025-06-05T12:54:51+00:00","description":"Entdecken Sie, wie Compagnie Fruiti\u00e8re den G\u00fctertransport optimiert, um Qualit\u00e4t und Frische zu gew\u00e4hrleisten.","breadcrumb":{"@id":"https:\/\/www.compagniefruitiere.fr\/de\/warentransport\/#breadcrumb"},"inLanguage":"de","potentialAction":[{"@type":"ReadAction","target":["https:\/\/www.compagniefruitiere.fr\/de\/warentransport\/"]}]},{"@type":"BreadcrumbList","@id":"https:\/\/www.compagniefruitiere.fr\/de\/warentransport\/#breadcrumb","itemListElement":[{"@type":"ListItem","position":1,"name":"Accueil","item":"https:\/\/www.compagniefruitiere.fr\/de\/"},{"@type":"ListItem","position":2,"name":"Warentransport"}]},{"@type":"WebSite","@id":"https:\/\/www.compagniefruitiere.fr\/de\/#website","url":"https:\/\/www.compagniefruitiere.fr\/de\/","name":"Compagnie fruiti\u00e8re","description":"Origine : Nature.","publisher":{"@id":"https:\/\/www.compagniefruitiere.fr\/de\/#organization"},"potentialAction":[{"@type":"SearchAction","target":{"@type":"EntryPoint","urlTemplate":"https:\/\/www.compagniefruitiere.fr\/de\/?s={search_term_string}"},"query-input":{"@type":"PropertyValueSpecification","valueRequired":true,"valueName":"search_term_string"}}],"inLanguage":"de"},{"@type":"Organization","@id":"https:\/\/www.compagniefruitiere.fr\/de\/#organization","name":"Compagnie fruiti\u00e8re","url":"https:\/\/www.compagniefruitiere.fr\/de\/","logo":{"@type":"ImageObject","inLanguage":"de","@id":"https:\/\/www.compagniefruitiere.fr\/de\/#\/schema\/logo\/image\/","url":"https:\/\/www.compagniefruitiere.fr\/wp-content\/uploads\/2022\/03\/compagniefrutiere-logo.svg","contentUrl":"https:\/\/www.compagniefruitiere.fr\/wp-content\/uploads\/2022\/03\/compagniefrutiere-logo.svg","width":471,"height":113,"caption":"Compagnie fruiti\u00e8re"},"image":{"@id":"https:\/\/www.compagniefruitiere.fr\/de\/#\/schema\/logo\/image\/"},"sameAs":["https:\/\/www.linkedin.com\/company\/compagnie-fruitiere\/"]}]}},"_links":{"self":[{"href":"https:\/\/www.compagniefruitiere.fr\/de\/wp-json\/wp\/v2\/pages\/10330","targetHints":{"allow":["GET"]}}],"collection":[{"href":"https:\/\/www.compagniefruitiere.fr\/de\/wp-json\/wp\/v2\/pages"}],"about":[{"href":"https:\/\/www.compagniefruitiere.fr\/de\/wp-json\/wp\/v2\/types\/page"}],"author":[{"embeddable":true,"href":"https:\/\/www.compagniefruitiere.fr\/de\/wp-json\/wp\/v2\/users\/1"}],"replies":[{"embeddable":true,"href":"https:\/\/www.compagniefruitiere.fr\/de\/wp-json\/wp\/v2\/comments?post=10330"}],"version-history":[{"count":10,"href":"https:\/\/www.compagniefruitiere.fr\/de\/wp-json\/wp\/v2\/pages\/10330\/revisions"}],"predecessor-version":[{"id":12262,"href":"https:\/\/www.compagniefruitiere.fr\/de\/wp-json\/wp\/v2\/pages\/10330\/revisions\/12262"}],"wp:attachment":[{"href":"https:\/\/www.compagniefruitiere.fr\/de\/wp-json\/wp\/v2\/media?parent=10330"}],"curies":[{"name":"wp","href":"https:\/\/api.w.org\/{rel}","templated":true}]}}