{"id":10311,"date":"2022-06-29T10:52:42","date_gmt":"2022-06-29T08:52:42","guid":{"rendered":"https:\/\/www.compagniefruitiere.fr\/partenaires\/"},"modified":"2025-06-05T14:49:35","modified_gmt":"2025-06-05T12:49:35","slug":"partner","status":"publish","type":"page","link":"https:\/\/www.compagniefruitiere.fr\/de\/partner\/","title":{"rendered":"Partner"},"content":{"rendered":"\n<p><\/p>\n\n\n\n<p>Die Kartierung von Parzellen mithilfe von Drohnen, die \u00dcberwachung von Sch\u00e4dlingen mittels Sensoren, der Einsatz von Begleitpflanzen oder Insektenfallen\u2026all dies sind Techniken, mit denen der Einsatz von Pflanzenschutzmitteln und Kunstd\u00fcnger schrittweise reduziert werden kann. Seit vielen Jahren profitiert die Compagnie Fruiti\u00e8re in diesem Bereich vom umfassenden agronomischen Fachwissen der \u00f6ffentlichen Institute <a href=\"https:\/\/www.cirad.fr\/\" target=\"_blank\" rel=\"noreferrer noopener\">CIRAD<\/a> und <a href=\"https:\/\/www.inrae.fr\/\" target=\"_blank\" rel=\"noreferrer noopener\">INRAE<\/a>. Und der <a data-type=\"link\" data-id=\"https:\/\/www.wwf.fr\/\" href=\"https:\/\/www.wwf.fr\/\" target=\"_blank\" rel=\"noreferrer noopener\">WWF<\/a> begleitet uns auf dem Weg zu einer nachhaltigeren Landwirtschaft bei der Umsetzung von agrar\u00f6kologischen Methoden zum besseren Schutz von \u00d6kosystemen und Biodiversit\u00e4t. Durch diesen h\u00e4ufigen Austausch von Wissen und Erfahrung konnten wir unsere eigene Software zur \u00dcberwachung der Parzellen, <a href=\"https:\/\/www.farms-digital.com\/home\">FARMS Digital<\/a>, entwickeln, die eine pr\u00e4zise Behandlung auf allen unseren Plantagen erm\u00f6glicht.<\/p>\n\n\n\n<p>Da uns au\u00dferdem soziale Unterst\u00fctzungsma\u00dfnahmen in unseren Produktionsl\u00e4ndern besonders am Herzen liegen, habe wir Partnerschaften mit der NGO <a href=\"https:\/\/www.bananalink.org.uk\/\" target=\"_blank\" rel=\"noreferrer noopener\">Banana Link<\/a> und dem Welt-Bananen-Forum eingerichtet, um Programme zur F\u00f6rderung von Gesundheit und Sicherheit unserer Mitarbeitenden zu entwickeln, die Gleichstellung von Mann und Frau zu f\u00f6rdern, Entlohnungsfragen zu l\u00f6sen und den sozialen Dialog zu f\u00f6rdern.<\/p>\n\n\n\n<div class=\"wp-block-divi-layout\">[et_pb_section fb_built=&#8220;1&#8243; admin_label=&#8220;section&#8220; _builder_version=&#8220;4.21.0&#8243; width=&#8220;100%&#8220; max_width=&#8220;100%&#8220; custom_margin=&#8220;20px|0px|0px|0px|false|false&#8220; custom_padding=&#8220;0px|0px|0px|0px|false|false&#8220; global_colors_info=&#8220;{}&#8220;][et_pb_row admin_label=&#8220;row&#8220; _builder_version=&#8220;4.21.0&#8243; background_size=&#8220;initial&#8220; background_position=&#8220;top_left&#8220; background_repeat=&#8220;repeat&#8220; width=&#8220;100%&#8220; custom_margin=&#8220;0px|0px|0px|0px|false|false&#8220; custom_padding=&#8220;0px|0px|0px|0px|false|false&#8220; global_colors_info=&#8220;{}&#8220;][et_pb_column type=&#8220;4_4&#8243; _builder_version=&#8220;4.21.0&#8243; _module_preset=&#8220;default&#8220; global_colors_info=&#8220;{}&#8220;][dnxte_coverflowslider_parent dnxte_coverflow_loop=&#8220;on&#8220; dnxte_coverflow_centered_slides=&#8220;on&#8220; dnxte_coverflow_auto_height=&#8220;on&#8220; dnxte_coverflow_equal_height=&#8220;off&#8220; dnxte_coverflow_grab=&#8220;on&#8220; dnxte_coverflow_keyboard_enable=&#8220;off&#8220; dnxte_coverflow_mousewheel_enable=&#8220;off&#8220; dnxte_coverflow_speed=&#8220;674&#8243; dnxte_coverflow_arrows=&#8220;on&#8220; dnxte_coverflow_pagination_type=&#8220;none&#8220; dnxte_coverflow_breakpoint_desktop=&#8220;2&#8243; dnxte_coverflow_arrow_color=&#8220;rgba(255,255,255,0.7)&#8220; dnxte_coverflow_arrow_background_color=&#8220;rgba(255,255,255,0)&#8220; dnxte_coverflow_arrow_size=&#8220;48&#8243; lightbox_showhide=&#8220;on&#8220; dnxte_coverflow_breakpoint_desktop_tablet=&#8220;2&#8243; dnxte_coverflow_breakpoint_desktop_phone=&#8220;2&#8243; dnxte_coverflow_breakpoint_desktop_last_edited=&#8220;on|phone&#8220; admin_label=&#8220;Next Divi Carousel&#8220; _builder_version=&#8220;4.21.0&#8243; _module_preset=&#8220;default&#8220; custom_padding=&#8220;||||false|false&#8220; custom_padding_tablet=&#8220;||||false|false&#8220; custom_padding_phone=&#8220;||30px||false|false&#8220; custom_padding_last_edited=&#8220;on|phone&#8220; border_radii_image_border=&#8220;on|15px|15px|15px|15px&#8220; global_colors_info=&#8220;{}&#8220; theme_builder_area=&#8220;post_content&#8220;][dnxte_coverflowslider_child coverflowslider_image=&#8220;https:\/\/www.compagniefruitiere.fr\/wp-content\/uploads\/2022\/11\/compagnie-fruitirere-cote-d-ivoire2022-9814-hd-slider-500&#215;500.webp&#8220; _builder_version=&#8220;4.21.0&#8243; _module_preset=&#8220;default&#8220; global_colors_info=&#8220;{}&#8220; theme_builder_area=&#8220;post_content&#8220;][\/dnxte_coverflowslider_child][dnxte_coverflowslider_child coverflowslider_image=&#8220;https:\/\/www.compagniefruitiere.fr\/wp-content\/uploads\/2022\/11\/compagnie-fruitirere-cote-d-ivoire2022-8218-hd-slider-500&#215;500.webp&#8220; _builder_version=&#8220;4.21.0&#8243; _module_preset=&#8220;default&#8220; global_colors_info=&#8220;{}&#8220; theme_builder_area=&#8220;post_content&#8220;][\/dnxte_coverflowslider_child][dnxte_coverflowslider_child coverflowslider_image=&#8220;https:\/\/www.compagniefruitiere.fr\/wp-content\/uploads\/2022\/11\/compagnie-fruitirere-cameroun2022-bananes-3681-slider-500&#215;500.webp&#8220; _builder_version=&#8220;4.21.0&#8243; _module_preset=&#8220;default&#8220; global_colors_info=&#8220;{}&#8220; theme_builder_area=&#8220;post_content&#8220;][\/dnxte_coverflowslider_child][\/dnxte_coverflowslider_parent][\/et_pb_column][\/et_pb_row][\/et_pb_section]<\/div>\n\n\n\n<p>Dar\u00fcber hinaus verst\u00e4rken wir durch Partnerschaften mit ausgew\u00e4hlten Akteuren wie <a href=\"https:\/\/www.classm.fr\/fr\/\" target=\"_blank\" rel=\"noreferrer noopener\">classM<\/a> und <a href=\"https:\/\/www.puregrowafrica.com\/\" target=\"_blank\" rel=\"noreferrer noopener\">Pure Grow Africa<\/a>unseren Beitrag zur Entwicklung der lokalen Wirtschaft, indem wir konkrete, an die Bed\u00fcrfnisse der Produzierenden angepasste L\u00f6sungen umsetzen. Im Rahmen unserer Partnerschaft mit dem Europ\u00e4ischen Institut f\u00fcr Zusammenarbeit und Entwicklung (<a href=\"https:\/\/www.iecd.org\/\" target=\"_blank\" rel=\"noreferrer noopener\">IECD<\/a>) unterst\u00fctzen wir Unternehmer und Unternehmerinnen in der Lebensmittelbranche beim Start und bei der Strukturierung ihres Gesch\u00e4fts.<\/p>\n","protected":false},"excerpt":{"rendered":"<p>Die Kartierung von Parzellen mithilfe von Drohnen, die \u00dcberwachung von Sch\u00e4dlingen mittels Sensoren, der Einsatz von Begleitpflanzen oder Insektenfallen\u2026all dies sind Techniken, mit denen der Einsatz von Pflanzenschutzmitteln und Kunstd\u00fcnger schrittweise reduziert werden kann. Seit vielen Jahren profitiert die Compagnie Fruiti\u00e8re in diesem Bereich vom umfassenden agronomischen Fachwissen der \u00f6ffentlichen Institute CIRAD und INRAE. Und [&hellip;]<\/p>\n","protected":false},"author":1,"featured_media":0,"parent":0,"menu_order":0,"comment_status":"closed","ping_status":"closed","template":"","meta":{"_et_pb_use_builder":"off","_et_pb_old_content":"","_et_gb_content_width":"","footnotes":""},"class_list":["post-10311","page","type-page","status-publish","hentry"],"yoast_head":"<!-- This site is optimized with the Yoast SEO plugin v27.3 - https:\/\/yoast.com\/product\/yoast-seo-wordpress\/ -->\n<title>Unsere strategischen Partner | Compagnie Fruiti\u00e8re<\/title>\n<meta name=\"description\" content=\"Entdecken Sie die Partnerschaften von Compagnie Fruiti\u00e8re, um nachhaltige L\u00f6sungen zu entwickeln und die Qualit\u00e4t unserer Produkte zu gew\u00e4hrleisten.\" \/>\n<meta name=\"robots\" content=\"index, follow, max-snippet:-1, max-image-preview:large, max-video-preview:-1\" \/>\n<link rel=\"canonical\" href=\"https:\/\/www.compagniefruitiere.fr\/de\/partner\/\" \/>\n<meta property=\"og:locale\" content=\"de_DE\" \/>\n<meta property=\"og:type\" content=\"article\" \/>\n<meta property=\"og:title\" content=\"Unsere strategischen Partner | Compagnie Fruiti\u00e8re\" \/>\n<meta property=\"og:description\" content=\"Entdecken Sie die Partnerschaften von Compagnie Fruiti\u00e8re, um nachhaltige L\u00f6sungen zu entwickeln und die Qualit\u00e4t unserer Produkte zu gew\u00e4hrleisten.\" \/>\n<meta property=\"og:url\" content=\"https:\/\/www.compagniefruitiere.fr\/de\/partner\/\" \/>\n<meta property=\"og:site_name\" content=\"Compagnie fruiti\u00e8re\" \/>\n<meta property=\"article:modified_time\" content=\"2025-06-05T12:49:35+00:00\" \/>\n<meta name=\"twitter:card\" content=\"summary_large_image\" \/>\n<meta name=\"twitter:label1\" content=\"Gesch\u00e4tzte Lesezeit\" \/>\n\t<meta name=\"twitter:data1\" content=\"2\u00a0Minuten\" \/>\n<script type=\"application\/ld+json\" class=\"yoast-schema-graph\">{\"@context\":\"https:\\\/\\\/schema.org\",\"@graph\":[{\"@type\":\"WebPage\",\"@id\":\"https:\\\/\\\/www.compagniefruitiere.fr\\\/de\\\/partner\\\/\",\"url\":\"https:\\\/\\\/www.compagniefruitiere.fr\\\/de\\\/partner\\\/\",\"name\":\"Unsere strategischen Partner | Compagnie Fruiti\u00e8re\",\"isPartOf\":{\"@id\":\"https:\\\/\\\/www.compagniefruitiere.fr\\\/de\\\/#website\"},\"datePublished\":\"2022-06-29T08:52:42+00:00\",\"dateModified\":\"2025-06-05T12:49:35+00:00\",\"description\":\"Entdecken Sie die Partnerschaften von Compagnie Fruiti\u00e8re, um nachhaltige L\u00f6sungen zu entwickeln und die Qualit\u00e4t unserer Produkte zu gew\u00e4hrleisten.\",\"breadcrumb\":{\"@id\":\"https:\\\/\\\/www.compagniefruitiere.fr\\\/de\\\/partner\\\/#breadcrumb\"},\"inLanguage\":\"de\",\"potentialAction\":[{\"@type\":\"ReadAction\",\"target\":[\"https:\\\/\\\/www.compagniefruitiere.fr\\\/de\\\/partner\\\/\"]}]},{\"@type\":\"BreadcrumbList\",\"@id\":\"https:\\\/\\\/www.compagniefruitiere.fr\\\/de\\\/partner\\\/#breadcrumb\",\"itemListElement\":[{\"@type\":\"ListItem\",\"position\":1,\"name\":\"Accueil\",\"item\":\"https:\\\/\\\/www.compagniefruitiere.fr\\\/de\\\/\"},{\"@type\":\"ListItem\",\"position\":2,\"name\":\"Partner\"}]},{\"@type\":\"WebSite\",\"@id\":\"https:\\\/\\\/www.compagniefruitiere.fr\\\/de\\\/#website\",\"url\":\"https:\\\/\\\/www.compagniefruitiere.fr\\\/de\\\/\",\"name\":\"Compagnie fruiti\u00e8re\",\"description\":\"Origine : Nature.\",\"publisher\":{\"@id\":\"https:\\\/\\\/www.compagniefruitiere.fr\\\/de\\\/#organization\"},\"potentialAction\":[{\"@type\":\"SearchAction\",\"target\":{\"@type\":\"EntryPoint\",\"urlTemplate\":\"https:\\\/\\\/www.compagniefruitiere.fr\\\/de\\\/?s={search_term_string}\"},\"query-input\":{\"@type\":\"PropertyValueSpecification\",\"valueRequired\":true,\"valueName\":\"search_term_string\"}}],\"inLanguage\":\"de\"},{\"@type\":\"Organization\",\"@id\":\"https:\\\/\\\/www.compagniefruitiere.fr\\\/de\\\/#organization\",\"name\":\"Compagnie fruiti\u00e8re\",\"url\":\"https:\\\/\\\/www.compagniefruitiere.fr\\\/de\\\/\",\"logo\":{\"@type\":\"ImageObject\",\"inLanguage\":\"de\",\"@id\":\"https:\\\/\\\/www.compagniefruitiere.fr\\\/de\\\/#\\\/schema\\\/logo\\\/image\\\/\",\"url\":\"https:\\\/\\\/www.compagniefruitiere.fr\\\/wp-content\\\/uploads\\\/2022\\\/03\\\/compagniefrutiere-logo.svg\",\"contentUrl\":\"https:\\\/\\\/www.compagniefruitiere.fr\\\/wp-content\\\/uploads\\\/2022\\\/03\\\/compagniefrutiere-logo.svg\",\"width\":471,\"height\":113,\"caption\":\"Compagnie fruiti\u00e8re\"},\"image\":{\"@id\":\"https:\\\/\\\/www.compagniefruitiere.fr\\\/de\\\/#\\\/schema\\\/logo\\\/image\\\/\"},\"sameAs\":[\"https:\\\/\\\/www.linkedin.com\\\/company\\\/compagnie-fruitiere\\\/\"]}]}<\/script>\n<!-- \/ Yoast SEO plugin. -->","yoast_head_json":{"title":"Unsere strategischen Partner | Compagnie Fruiti\u00e8re","description":"Entdecken Sie die Partnerschaften von Compagnie Fruiti\u00e8re, um nachhaltige L\u00f6sungen zu entwickeln und die Qualit\u00e4t unserer Produkte zu gew\u00e4hrleisten.","robots":{"index":"index","follow":"follow","max-snippet":"max-snippet:-1","max-image-preview":"max-image-preview:large","max-video-preview":"max-video-preview:-1"},"canonical":"https:\/\/www.compagniefruitiere.fr\/de\/partner\/","og_locale":"de_DE","og_type":"article","og_title":"Unsere strategischen Partner | Compagnie Fruiti\u00e8re","og_description":"Entdecken Sie die Partnerschaften von Compagnie Fruiti\u00e8re, um nachhaltige L\u00f6sungen zu entwickeln und die Qualit\u00e4t unserer Produkte zu gew\u00e4hrleisten.","og_url":"https:\/\/www.compagniefruitiere.fr\/de\/partner\/","og_site_name":"Compagnie fruiti\u00e8re","article_modified_time":"2025-06-05T12:49:35+00:00","twitter_card":"summary_large_image","twitter_misc":{"Gesch\u00e4tzte Lesezeit":"2\u00a0Minuten"},"schema":{"@context":"https:\/\/schema.org","@graph":[{"@type":"WebPage","@id":"https:\/\/www.compagniefruitiere.fr\/de\/partner\/","url":"https:\/\/www.compagniefruitiere.fr\/de\/partner\/","name":"Unsere strategischen Partner | Compagnie Fruiti\u00e8re","isPartOf":{"@id":"https:\/\/www.compagniefruitiere.fr\/de\/#website"},"datePublished":"2022-06-29T08:52:42+00:00","dateModified":"2025-06-05T12:49:35+00:00","description":"Entdecken Sie die Partnerschaften von Compagnie Fruiti\u00e8re, um nachhaltige L\u00f6sungen zu entwickeln und die Qualit\u00e4t unserer Produkte zu gew\u00e4hrleisten.","breadcrumb":{"@id":"https:\/\/www.compagniefruitiere.fr\/de\/partner\/#breadcrumb"},"inLanguage":"de","potentialAction":[{"@type":"ReadAction","target":["https:\/\/www.compagniefruitiere.fr\/de\/partner\/"]}]},{"@type":"BreadcrumbList","@id":"https:\/\/www.compagniefruitiere.fr\/de\/partner\/#breadcrumb","itemListElement":[{"@type":"ListItem","position":1,"name":"Accueil","item":"https:\/\/www.compagniefruitiere.fr\/de\/"},{"@type":"ListItem","position":2,"name":"Partner"}]},{"@type":"WebSite","@id":"https:\/\/www.compagniefruitiere.fr\/de\/#website","url":"https:\/\/www.compagniefruitiere.fr\/de\/","name":"Compagnie fruiti\u00e8re","description":"Origine : Nature.","publisher":{"@id":"https:\/\/www.compagniefruitiere.fr\/de\/#organization"},"potentialAction":[{"@type":"SearchAction","target":{"@type":"EntryPoint","urlTemplate":"https:\/\/www.compagniefruitiere.fr\/de\/?s={search_term_string}"},"query-input":{"@type":"PropertyValueSpecification","valueRequired":true,"valueName":"search_term_string"}}],"inLanguage":"de"},{"@type":"Organization","@id":"https:\/\/www.compagniefruitiere.fr\/de\/#organization","name":"Compagnie fruiti\u00e8re","url":"https:\/\/www.compagniefruitiere.fr\/de\/","logo":{"@type":"ImageObject","inLanguage":"de","@id":"https:\/\/www.compagniefruitiere.fr\/de\/#\/schema\/logo\/image\/","url":"https:\/\/www.compagniefruitiere.fr\/wp-content\/uploads\/2022\/03\/compagniefrutiere-logo.svg","contentUrl":"https:\/\/www.compagniefruitiere.fr\/wp-content\/uploads\/2022\/03\/compagniefrutiere-logo.svg","width":471,"height":113,"caption":"Compagnie fruiti\u00e8re"},"image":{"@id":"https:\/\/www.compagniefruitiere.fr\/de\/#\/schema\/logo\/image\/"},"sameAs":["https:\/\/www.linkedin.com\/company\/compagnie-fruitiere\/"]}]}},"_links":{"self":[{"href":"https:\/\/www.compagniefruitiere.fr\/de\/wp-json\/wp\/v2\/pages\/10311","targetHints":{"allow":["GET"]}}],"collection":[{"href":"https:\/\/www.compagniefruitiere.fr\/de\/wp-json\/wp\/v2\/pages"}],"about":[{"href":"https:\/\/www.compagniefruitiere.fr\/de\/wp-json\/wp\/v2\/types\/page"}],"author":[{"embeddable":true,"href":"https:\/\/www.compagniefruitiere.fr\/de\/wp-json\/wp\/v2\/users\/1"}],"replies":[{"embeddable":true,"href":"https:\/\/www.compagniefruitiere.fr\/de\/wp-json\/wp\/v2\/comments?post=10311"}],"version-history":[{"count":4,"href":"https:\/\/www.compagniefruitiere.fr\/de\/wp-json\/wp\/v2\/pages\/10311\/revisions"}],"predecessor-version":[{"id":10917,"href":"https:\/\/www.compagniefruitiere.fr\/de\/wp-json\/wp\/v2\/pages\/10311\/revisions\/10917"}],"wp:attachment":[{"href":"https:\/\/www.compagniefruitiere.fr\/de\/wp-json\/wp\/v2\/media?parent=10311"}],"curies":[{"name":"wp","href":"https:\/\/api.w.org\/{rel}","templated":true}]}}