{"id":10300,"date":"2022-03-21T12:08:39","date_gmt":"2022-03-21T11:08:39","guid":{"rendered":"https:\/\/www.compagniefruitiere.fr\/compagnie-fruitiere\/"},"modified":"2025-06-05T13:20:03","modified_gmt":"2025-06-05T11:20:03","slug":"compagnie-fruitiere","status":"publish","type":"page","link":"https:\/\/www.compagniefruitiere.fr\/de\/","title":{"rendered":"Compagnie Fruiti\u00e8re"},"content":{"rendered":"<p>[et_pb_section fb_built=&#8220;1&#8243; module_class=&#8220;section-height-100 cf-homepage-section&#8220; _builder_version=&#8220;4.25.1&#8243; _module_preset=&#8220;default&#8220; background_enable_color=&#8220;off&#8220; background_enable_image=&#8220;off&#8220; background_enable_video_mp4=&#8220;off&#8220; z_index=&#8220;0&#8243; height=&#8220;100vh&#8220; custom_margin=&#8220;-60px||0px||false|false&#8220; custom_padding=&#8220;0px||0px||false|false&#8220; global_colors_info=&#8220;{}&#8220;][et_pb_row use_custom_gutter=&#8220;on&#8220; gutter_width=&#8220;1&#8243; make_equal=&#8220;on&#8220; disabled_on=&#8220;off|off|off&#8220; module_class=&#8220;ligne-height-100&#8243; _builder_version=&#8220;4.25.1&#8243; _module_preset=&#8220;default&#8220; background_enable_color=&#8220;off&#8220; background_enable_image=&#8220;off&#8220; background_video_mp4=&#8220;https:\/\/www.compagniefruitiere.fr\/wp-content\/uploads\/2023\/05\/20230511-Compagnie-Fruitiere-Video-Homepage.mp4&#8243; background_enable_video_webm=&#8220;off&#8220; positioning=&#8220;absolute&#8220; width=&#8220;100%&#8220; max_width=&#8220;100%&#8220; height=&#8220;100%&#8220; custom_padding=&#8220;0px|0px|0px|0px|false|false&#8220; global_colors_info=&#8220;{}&#8220; background__hover_enabled=&#8220;off|desktop&#8220;][et_pb_column type=&#8220;4_4&#8243; module_class=&#8220;column-height-100&#8243; _builder_version=&#8220;4.25.1&#8243; _module_preset=&#8220;default&#8220; background_enable_color=&#8220;off&#8220; custom_padding=&#8220;0px|0px|0px|0px|true|true&#8220; custom_css_main_element=&#8220;display: flex;||flex-direction: column;&#8220; border_radii=&#8220;off||||&#8220; global_colors_info=&#8220;{}&#8220;][et_pb_blurb image_icon_width=&#8220;130px&#8220; admin_label=&#8220;R\u00e9sum\u00e9&#8220; module_class=&#8220;badge-offres-emploi unselectable&#8220; _builder_version=&#8220;4.25.1&#8243; _module_preset=&#8220;default&#8220; header_text_align=&#8220;center&#8220; header_font_size=&#8220;14px&#8220; body_text_align=&#8220;center&#8220; body_text_color=&#8220;rgba(0,0,0,0.5)&#8220; body_line_height=&#8220;1.2em&#8220; background_color=&#8220;#FFFFFF&#8220; image_icon_custom_margin=&#8220;5px||0px||false|false&#8220; image_icon_custom_padding=&#8220;0px||0px||false|false&#8220; positioning=&#8220;absolute&#8220; position_origin_a=&#8220;top_right&#8220; vertical_offset=&#8220;60px&#8220; horizontal_offset=&#8220;30px&#8220; custom_margin=&#8220;0px|-10px|0px|0px|false|false&#8220; custom_padding=&#8220;5px|20px|5px|20px|true|true&#8220; link_option_url=&#8220;https:\/\/www.compagniefruitiere.fr\/de\/offres-demploi\/&#8220; border_radii=&#8220;off||||&#8220; box_shadow_style=&#8220;preset2&#8243; global_colors_info=&#8220;{}&#8220; icon_color__hover_enabled=&#8220;off|desktop&#8220; icon_color__hover=&#8220;rgba(0,0,0,0.8)&#8220;]<\/p>\n<p style=\"text-align: center;\">Unsere<br \/>Stellenangebote<\/p>\n<p>[\/et_pb_blurb][et_pb_post_title meta=&#8220;off&#8220; featured_image=&#8220;off&#8220; module_class=&#8220;visibility-hidden&#8220; _builder_version=&#8220;4.25.1&#8243; _module_preset=&#8220;default&#8220; global_colors_info=&#8220;{}&#8220;][\/et_pb_post_title][et_pb_blurb title=&#8220;\u00dcber die Compagnie Fruiti\u00e8re&#8220; url=&#8220;https:\/\/www.compagniefruitiere.fr\/de\/a-propos-de-la-compagnie-fruitiere\/&#8220; image=&#8220;https:\/\/www.compagniefruitiere.fr\/wp-content\/uploads\/2023\/04\/Bouton_Apropos_4-1.webp&#8220; image_icon_width=&#8220;130px&#8220; admin_label=&#8220;A propos&#8220; module_class=&#8220;hotspot-cf homepage-1&#8243; _builder_version=&#8220;4.25.1&#8243; _module_preset=&#8220;default&#8220; header_level=&#8220;h2&#8243; header_font=&#8220;|600||on|||||&#8220; header_text_color=&#8220;#FFFFFF&#8220; header_font_size=&#8220;18px&#8220; header_line_height=&#8220;1.2em&#8220; background_enable_color=&#8220;off&#8220; transform_translate_linked__hover=&#8220;off&#8220; positioning=&#8220;absolute&#8220; vertical_offset=&#8220;15vh&#8220; horizontal_offset=&#8220;5vw&#8220; z_index=&#8220;3&#8243; text_orientation=&#8220;center&#8220; max_width=&#8220;230px&#8220; animation_style=&#8220;fade&#8220; animation=&#8220;bottom&#8220; link_option_url=&#8220;https:\/\/www.compagniefruitiere.fr\/de\/a-propos-de-la-compagnie-fruitiere\/&#8220; header_font_size_tablet=&#8220;18px&#8220; header_font_size_phone=&#8220;16px&#8220; header_font_size_last_edited=&#8220;on|phone&#8220; header_text_shadow_style=&#8220;preset1&#8243; header_text_shadow_horizontal_length=&#8220;0.1em&#8220; header_text_shadow_color=&#8220;rgba(0,0,0,0.5)&#8220; global_colors_info=&#8220;{}&#8220; transform_styles__hover_enabled=&#8220;on|hover&#8220; transform_scale__hover_enabled=&#8220;on|hover&#8220; transform_translate__hover_enabled=&#8220;on|hover&#8220; transform_rotate__hover_enabled=&#8220;on|desktop&#8220; transform_skew__hover_enabled=&#8220;on|desktop&#8220; transform_origin__hover_enabled=&#8220;on|desktop&#8220; transform_translate__hover=&#8220;0px|-5px&#8220; transform_scale__hover=&#8220;120%|120%&#8220;][\/et_pb_blurb][et_pb_blurb title=&#8220;Ein verantwortungsbewusster Produzent&#8220; url=&#8220;https:\/\/www.compagniefruitiere.fr\/de\/un-producteur-engage\/&#8220; image=&#8220;https:\/\/www.compagniefruitiere.fr\/wp-content\/uploads\/2023\/04\/Bouton_Homepage_2-1.webp&#8220; image_icon_width=&#8220;130px&#8220; admin_label=&#8220;Producteur&#8220; module_class=&#8220;hotspot-cf homepage-2&#8243; _builder_version=&#8220;4.24.0&#8243; _module_preset=&#8220;default&#8220; header_level=&#8220;h2&#8243; header_font=&#8220;|600||on|||||&#8220; header_text_color=&#8220;#FFFFFF&#8220; header_font_size=&#8220;18px&#8220; header_line_height=&#8220;1.2em&#8220; background_enable_color=&#8220;off&#8220; positioning=&#8220;absolute&#8220; vertical_offset=&#8220;53.06vh&#8220; horizontal_offset=&#8220;18.34vw&#8220; z_index=&#8220;3&#8243; text_orientation=&#8220;center&#8220; max_width=&#8220;230px&#8220; animation_style=&#8220;fade&#8220; animation=&#8220;bottom&#8220; link_option_url=&#8220;https:\/\/www.compagniefruitiere.fr\/de\/un-producteur-engage\/&#8220; header_font_size_tablet=&#8220;18px&#8220; header_font_size_phone=&#8220;16px&#8220; header_font_size_last_edited=&#8220;on|phone&#8220; header_text_shadow_style=&#8220;preset1&#8243; header_text_shadow_horizontal_length=&#8220;0.1em&#8220; header_text_shadow_color=&#8220;rgba(0,0,0,0.5)&#8220; global_colors_info=&#8220;{}&#8220; transform_styles__hover_enabled=&#8220;on|desktop&#8220; transform_scale__hover=&#8220;120%|120%&#8220; transform_scale__hover_enabled=&#8220;on|desktop&#8220; transform_translate__hover=&#8220;0px|-5px&#8220; transform_translate__hover_enabled=&#8220;on|hover&#8220; transform_rotate__hover_enabled=&#8220;on|desktop&#8220; transform_skew__hover_enabled=&#8220;on|desktop&#8220; transform_origin__hover_enabled=&#8220;on|desktop&#8220;][\/et_pb_blurb][et_pb_blurb title=&#8220;Eine integrierte Logistik&#8220; url=&#8220;https:\/\/www.compagniefruitiere.fr\/de\/une-logistique-integree\/&#8220; image=&#8220;https:\/\/www.compagniefruitiere.fr\/wp-content\/uploads\/2023\/04\/Bouton_Homepage_3-1.webp&#8220; image_icon_width=&#8220;130px&#8220; admin_label=&#8220;Logistique&#8220; module_class=&#8220;hotspot-cf homepage-3&#8243; _builder_version=&#8220;4.24.0&#8243; _module_preset=&#8220;default&#8220; header_level=&#8220;h2&#8243; header_font=&#8220;|600||on|||||&#8220; header_text_color=&#8220;#FFFFFF&#8220; header_font_size=&#8220;18px&#8220; header_line_height=&#8220;1.2em&#8220; background_enable_color=&#8220;off&#8220; positioning=&#8220;absolute&#8220; vertical_offset=&#8220;20vh&#8220; horizontal_offset=&#8220;33.81vw&#8220; z_index=&#8220;3&#8243; text_orientation=&#8220;center&#8220; max_width=&#8220;230px&#8220; animation_style=&#8220;fade&#8220; animation=&#8220;bottom&#8220; link_option_url=&#8220;https:\/\/www.compagniefruitiere.fr\/de\/une-logistique-integree\/&#8220; header_font_size_tablet=&#8220;18px&#8220; header_font_size_phone=&#8220;16px&#8220; header_font_size_last_edited=&#8220;on|phone&#8220; header_text_shadow_style=&#8220;preset1&#8243; header_text_shadow_horizontal_length=&#8220;0.1em&#8220; header_text_shadow_color=&#8220;rgba(0,0,0,0.5)&#8220; global_colors_info=&#8220;{}&#8220; transform_styles__hover_enabled=&#8220;on|desktop&#8220; transform_scale__hover=&#8220;120%|120%&#8220; transform_scale__hover_enabled=&#8220;on|desktop&#8220; transform_translate__hover=&#8220;0px|-5px&#8220; transform_translate__hover_enabled=&#8220;on|hover&#8220; transform_rotate__hover_enabled=&#8220;on|desktop&#8220; transform_skew__hover_enabled=&#8220;on|desktop&#8220; transform_origin__hover_enabled=&#8220;on|desktop&#8220;][\/et_pb_blurb][et_pb_blurb title=&#8220;Ein umfassendes Handelsnetz&#8220; url=&#8220;https:\/\/www.compagniefruitiere.fr\/de\/un-reseau-commercial-etendu\/&#8220; image=&#8220;https:\/\/www.compagniefruitiere.fr\/wp-content\/uploads\/2023\/04\/Bouton_Travailler_2-1.webp&#8220; image_icon_width=&#8220;130px&#8220; admin_label=&#8220;R\u00e9seau \u00e9tendu&#8220; module_class=&#8220;hotspot-cf homepage-4&#8243; _builder_version=&#8220;4.24.0&#8243; _module_preset=&#8220;default&#8220; header_level=&#8220;h2&#8243; header_font=&#8220;|600||on|||||&#8220; header_text_color=&#8220;#FFFFFF&#8220; header_font_size=&#8220;18px&#8220; header_line_height=&#8220;1.2em&#8220; background_enable_color=&#8220;off&#8220; positioning=&#8220;absolute&#8220; vertical_offset=&#8220;50.58vh&#8220; horizontal_offset=&#8220;49.17vw&#8220; z_index=&#8220;3&#8243; text_orientation=&#8220;center&#8220; max_width=&#8220;230px&#8220; animation_style=&#8220;fade&#8220; animation=&#8220;bottom&#8220; link_option_url=&#8220;https:\/\/www.compagniefruitiere.fr\/de\/un-reseau-commercial-etendu\/&#8220; header_font_size_tablet=&#8220;18px&#8220; header_font_size_phone=&#8220;16px&#8220; header_font_size_last_edited=&#8220;on|phone&#8220; header_text_shadow_style=&#8220;preset1&#8243; header_text_shadow_horizontal_length=&#8220;0.1em&#8220; header_text_shadow_color=&#8220;rgba(0,0,0,0.5)&#8220; global_colors_info=&#8220;{}&#8220; transform_styles__hover_enabled=&#8220;on|hover&#8220; transform_scale__hover=&#8220;120%|120%&#8220; transform_scale__hover_enabled=&#8220;on|hover&#8220; transform_translate__hover=&#8220;0px|-5px&#8220; transform_translate__hover_enabled=&#8220;on|hover&#8220; transform_rotate__hover_enabled=&#8220;on|desktop&#8220; transform_skew__hover_enabled=&#8220;on|desktop&#8220; transform_origin__hover_enabled=&#8220;on|desktop&#8220;][\/et_pb_blurb][et_pb_blurb title=&#8220;Arbeiten bei der Compagnie Fruiti\u00e8re&#8220; url=&#8220;https:\/\/www.compagniefruitiere.fr\/de\/travailler-a-la-compagnie-fruitiere\/&#8220; image=&#8220;https:\/\/www.compagniefruitiere.fr\/wp-content\/uploads\/2023\/04\/Bouton_Travailler_8.webp&#8220; image_icon_width=&#8220;130px&#8220; admin_label=&#8220;Travailler&#8220; module_class=&#8220;hotspot-cf homepage-5&#8243; _builder_version=&#8220;4.24.0&#8243; _module_preset=&#8220;default&#8220; header_level=&#8220;h2&#8243; header_font=&#8220;|600||on|||||&#8220; header_text_color=&#8220;#FFFFFF&#8220; header_font_size=&#8220;18px&#8220; header_line_height=&#8220;1.2em&#8220; background_enable_color=&#8220;off&#8220; positioning=&#8220;absolute&#8220; vertical_offset=&#8220;19.82vh&#8220; horizontal_offset=&#8220;68.61vw&#8220; z_index=&#8220;3&#8243; text_orientation=&#8220;center&#8220; max_width=&#8220;230px&#8220; animation_style=&#8220;fade&#8220; animation=&#8220;bottom&#8220; link_option_url=&#8220;https:\/\/www.compagniefruitiere.fr\/de\/travailler-a-la-compagnie-fruitiere\/&#8220; header_font_size_tablet=&#8220;18px&#8220; header_font_size_phone=&#8220;16px&#8220; header_font_size_last_edited=&#8220;on|phone&#8220; header_text_shadow_style=&#8220;preset1&#8243; header_text_shadow_horizontal_length=&#8220;0.1em&#8220; header_text_shadow_color=&#8220;rgba(0,0,0,0.5)&#8220; global_colors_info=&#8220;{}&#8220; transform_styles__hover_enabled=&#8220;on|hover&#8220; transform_scale__hover=&#8220;120%|120%&#8220; transform_scale__hover_enabled=&#8220;on|hover&#8220; transform_translate__hover=&#8220;0px|-5px&#8220; transform_translate__hover_enabled=&#8220;on|hover&#8220; transform_rotate__hover_enabled=&#8220;on|desktop&#8220; transform_skew__hover_enabled=&#8220;on|desktop&#8220; transform_origin__hover_enabled=&#8220;on|desktop&#8220;][\/et_pb_blurb][et_pb_blurb title=&#8220;Verantwortungsvolle Praktiken&#8220; url=&#8220;https:\/\/www.compagniefruitiere.fr\/de\/des-pratiques-responsables\/&#8220; image=&#8220;https:\/\/www.compagniefruitiere.fr\/wp-content\/uploads\/2025\/01\/Bouton_Bouton-copie-25.png&#8220; image_icon_width=&#8220;130px&#8220; admin_label=&#8220;RSE&#8220; module_class=&#8220;hotspot-cf homepage-6&#8243; _builder_version=&#8220;4.27.4&#8243; _module_preset=&#8220;default&#8220; header_level=&#8220;h2&#8243; header_font=&#8220;|600||on|||||&#8220; header_text_color=&#8220;#FFFFFF&#8220; header_font_size=&#8220;18px&#8220; header_line_height=&#8220;1.2em&#8220; background_enable_color=&#8220;off&#8220; positioning=&#8220;absolute&#8220; vertical_offset=&#8220;57.11vh&#8220; horizontal_offset=&#8220;82.95vw&#8220; z_index=&#8220;3&#8243; text_orientation=&#8220;center&#8220; max_width=&#8220;230px&#8220; animation_style=&#8220;fade&#8220; animation=&#8220;bottom&#8220; link_option_url=&#8220;https:\/\/www.compagniefruitiere.fr\/de\/des-pratiques-responsables\/&#8220; hover_enabled=&#8220;0&#8243; header_font_size_tablet=&#8220;18px&#8220; header_font_size_phone=&#8220;16px&#8220; header_font_size_last_edited=&#8220;on|phone&#8220; header_text_shadow_style=&#8220;preset1&#8243; header_text_shadow_horizontal_length=&#8220;0.1em&#8220; header_text_shadow_color=&#8220;rgba(0,0,0,0.5)&#8220; global_colors_info=&#8220;{}&#8220; transform_styles__hover_enabled=&#8220;on|hover&#8220; transform_scale__hover=&#8220;120%|120%&#8220; transform_scale__hover_enabled=&#8220;on|hover&#8220; transform_translate__hover=&#8220;0px|-5px&#8220; transform_translate__hover_enabled=&#8220;on|hover&#8220; transform_rotate__hover_enabled=&#8220;on|desktop&#8220; transform_skew__hover_enabled=&#8220;on|desktop&#8220; transform_origin__hover_enabled=&#8220;on|desktop&#8220; title_text=&#8220;Bouton_Bouton copie 25&#8243; sticky_enabled=&#8220;0&#8243;][\/et_pb_blurb][\/et_pb_column][\/et_pb_row][\/et_pb_section]<\/p>\n","protected":false},"excerpt":{"rendered":"<p>UnsereStellenangebote<\/p>\n","protected":false},"author":1,"featured_media":0,"parent":0,"menu_order":0,"comment_status":"closed","ping_status":"closed","template":"","meta":{"_et_pb_use_builder":"on","_et_pb_old_content":"","_et_gb_content_width":"","footnotes":""},"class_list":["post-10300","page","type-page","status-publish","hentry"],"yoast_head":"<!-- This site is optimized with the Yoast SEO plugin v27.3 - https:\/\/yoast.com\/product\/yoast-seo-wordpress\/ -->\n<title>Die Obstgesellschaft. Ursprung: Natur.<\/title>\n<meta name=\"description\" content=\"Der 1938 in Marseille gegr\u00fcndete Familienkonzern Compagnie Fruiti\u00e8re ist der europ\u00e4ische Marktf\u00fchrer f\u00fcr Obst und Gem\u00fcse, von der Produktion bis zum Vertrieb.\" \/>\n<meta name=\"robots\" content=\"index, follow, max-snippet:-1, max-image-preview:large, max-video-preview:-1\" \/>\n<link rel=\"canonical\" href=\"https:\/\/www.compagniefruitiere.fr\/de\/\" \/>\n<meta property=\"og:locale\" content=\"de_DE\" \/>\n<meta property=\"og:type\" content=\"article\" \/>\n<meta property=\"og:title\" content=\"Die Obstgesellschaft. Ursprung: Natur.\" \/>\n<meta property=\"og:description\" content=\"Der 1938 in Marseille gegr\u00fcndete Familienkonzern Compagnie Fruiti\u00e8re ist der europ\u00e4ische Marktf\u00fchrer f\u00fcr Obst und Gem\u00fcse, von der Produktion bis zum Vertrieb.\" \/>\n<meta property=\"og:url\" content=\"https:\/\/www.compagniefruitiere.fr\/de\/\" \/>\n<meta property=\"og:site_name\" content=\"Compagnie fruiti\u00e8re\" \/>\n<meta property=\"article:modified_time\" content=\"2025-06-05T11:20:03+00:00\" \/>\n<meta name=\"twitter:card\" content=\"summary_large_image\" \/>\n<meta name=\"twitter:label1\" content=\"Gesch\u00e4tzte Lesezeit\" \/>\n\t<meta name=\"twitter:data1\" content=\"2\u00a0Minuten\" \/>\n<script type=\"application\/ld+json\" class=\"yoast-schema-graph\">{\"@context\":\"https:\\\/\\\/schema.org\",\"@graph\":[{\"@type\":\"WebPage\",\"@id\":\"https:\\\/\\\/www.compagniefruitiere.fr\\\/de\\\/\",\"url\":\"https:\\\/\\\/www.compagniefruitiere.fr\\\/de\\\/\",\"name\":\"Die Obstgesellschaft. Ursprung: Natur.\",\"isPartOf\":{\"@id\":\"https:\\\/\\\/www.compagniefruitiere.fr\\\/de\\\/#website\"},\"datePublished\":\"2022-03-21T11:08:39+00:00\",\"dateModified\":\"2025-06-05T11:20:03+00:00\",\"description\":\"Der 1938 in Marseille gegr\u00fcndete Familienkonzern Compagnie Fruiti\u00e8re ist der europ\u00e4ische Marktf\u00fchrer f\u00fcr Obst und Gem\u00fcse, von der Produktion bis zum Vertrieb.\",\"breadcrumb\":{\"@id\":\"https:\\\/\\\/www.compagniefruitiere.fr\\\/de\\\/#breadcrumb\"},\"inLanguage\":\"de\",\"potentialAction\":[{\"@type\":\"ReadAction\",\"target\":[\"https:\\\/\\\/www.compagniefruitiere.fr\\\/de\\\/\"]}]},{\"@type\":\"BreadcrumbList\",\"@id\":\"https:\\\/\\\/www.compagniefruitiere.fr\\\/de\\\/#breadcrumb\",\"itemListElement\":[{\"@type\":\"ListItem\",\"position\":1,\"name\":\"Accueil\",\"item\":\"https:\\\/\\\/www.compagniefruitiere.fr\\\/de\\\/\"},{\"@type\":\"ListItem\",\"position\":2,\"name\":\"Compagnie Fruiti\u00e8re\"}]},{\"@type\":\"WebSite\",\"@id\":\"https:\\\/\\\/www.compagniefruitiere.fr\\\/de\\\/#website\",\"url\":\"https:\\\/\\\/www.compagniefruitiere.fr\\\/de\\\/\",\"name\":\"Compagnie fruiti\u00e8re\",\"description\":\"Origine : Nature.\",\"publisher\":{\"@id\":\"https:\\\/\\\/www.compagniefruitiere.fr\\\/de\\\/#organization\"},\"potentialAction\":[{\"@type\":\"SearchAction\",\"target\":{\"@type\":\"EntryPoint\",\"urlTemplate\":\"https:\\\/\\\/www.compagniefruitiere.fr\\\/de\\\/?s={search_term_string}\"},\"query-input\":{\"@type\":\"PropertyValueSpecification\",\"valueRequired\":true,\"valueName\":\"search_term_string\"}}],\"inLanguage\":\"de\"},{\"@type\":\"Organization\",\"@id\":\"https:\\\/\\\/www.compagniefruitiere.fr\\\/de\\\/#organization\",\"name\":\"Compagnie fruiti\u00e8re\",\"url\":\"https:\\\/\\\/www.compagniefruitiere.fr\\\/de\\\/\",\"logo\":{\"@type\":\"ImageObject\",\"inLanguage\":\"de\",\"@id\":\"https:\\\/\\\/www.compagniefruitiere.fr\\\/de\\\/#\\\/schema\\\/logo\\\/image\\\/\",\"url\":\"https:\\\/\\\/www.compagniefruitiere.fr\\\/wp-content\\\/uploads\\\/2022\\\/03\\\/compagniefrutiere-logo.svg\",\"contentUrl\":\"https:\\\/\\\/www.compagniefruitiere.fr\\\/wp-content\\\/uploads\\\/2022\\\/03\\\/compagniefrutiere-logo.svg\",\"width\":471,\"height\":113,\"caption\":\"Compagnie fruiti\u00e8re\"},\"image\":{\"@id\":\"https:\\\/\\\/www.compagniefruitiere.fr\\\/de\\\/#\\\/schema\\\/logo\\\/image\\\/\"},\"sameAs\":[\"https:\\\/\\\/www.linkedin.com\\\/company\\\/compagnie-fruitiere\\\/\"]}]}<\/script>\n<!-- \/ Yoast SEO plugin. -->","yoast_head_json":{"title":"Die Obstgesellschaft. Ursprung: Natur.","description":"Der 1938 in Marseille gegr\u00fcndete Familienkonzern Compagnie Fruiti\u00e8re ist der europ\u00e4ische Marktf\u00fchrer f\u00fcr Obst und Gem\u00fcse, von der Produktion bis zum Vertrieb.","robots":{"index":"index","follow":"follow","max-snippet":"max-snippet:-1","max-image-preview":"max-image-preview:large","max-video-preview":"max-video-preview:-1"},"canonical":"https:\/\/www.compagniefruitiere.fr\/de\/","og_locale":"de_DE","og_type":"article","og_title":"Die Obstgesellschaft. Ursprung: Natur.","og_description":"Der 1938 in Marseille gegr\u00fcndete Familienkonzern Compagnie Fruiti\u00e8re ist der europ\u00e4ische Marktf\u00fchrer f\u00fcr Obst und Gem\u00fcse, von der Produktion bis zum Vertrieb.","og_url":"https:\/\/www.compagniefruitiere.fr\/de\/","og_site_name":"Compagnie fruiti\u00e8re","article_modified_time":"2025-06-05T11:20:03+00:00","twitter_card":"summary_large_image","twitter_misc":{"Gesch\u00e4tzte Lesezeit":"2\u00a0Minuten"},"schema":{"@context":"https:\/\/schema.org","@graph":[{"@type":"WebPage","@id":"https:\/\/www.compagniefruitiere.fr\/de\/","url":"https:\/\/www.compagniefruitiere.fr\/de\/","name":"Die Obstgesellschaft. Ursprung: Natur.","isPartOf":{"@id":"https:\/\/www.compagniefruitiere.fr\/de\/#website"},"datePublished":"2022-03-21T11:08:39+00:00","dateModified":"2025-06-05T11:20:03+00:00","description":"Der 1938 in Marseille gegr\u00fcndete Familienkonzern Compagnie Fruiti\u00e8re ist der europ\u00e4ische Marktf\u00fchrer f\u00fcr Obst und Gem\u00fcse, von der Produktion bis zum Vertrieb.","breadcrumb":{"@id":"https:\/\/www.compagniefruitiere.fr\/de\/#breadcrumb"},"inLanguage":"de","potentialAction":[{"@type":"ReadAction","target":["https:\/\/www.compagniefruitiere.fr\/de\/"]}]},{"@type":"BreadcrumbList","@id":"https:\/\/www.compagniefruitiere.fr\/de\/#breadcrumb","itemListElement":[{"@type":"ListItem","position":1,"name":"Accueil","item":"https:\/\/www.compagniefruitiere.fr\/de\/"},{"@type":"ListItem","position":2,"name":"Compagnie Fruiti\u00e8re"}]},{"@type":"WebSite","@id":"https:\/\/www.compagniefruitiere.fr\/de\/#website","url":"https:\/\/www.compagniefruitiere.fr\/de\/","name":"Compagnie fruiti\u00e8re","description":"Origine : Nature.","publisher":{"@id":"https:\/\/www.compagniefruitiere.fr\/de\/#organization"},"potentialAction":[{"@type":"SearchAction","target":{"@type":"EntryPoint","urlTemplate":"https:\/\/www.compagniefruitiere.fr\/de\/?s={search_term_string}"},"query-input":{"@type":"PropertyValueSpecification","valueRequired":true,"valueName":"search_term_string"}}],"inLanguage":"de"},{"@type":"Organization","@id":"https:\/\/www.compagniefruitiere.fr\/de\/#organization","name":"Compagnie fruiti\u00e8re","url":"https:\/\/www.compagniefruitiere.fr\/de\/","logo":{"@type":"ImageObject","inLanguage":"de","@id":"https:\/\/www.compagniefruitiere.fr\/de\/#\/schema\/logo\/image\/","url":"https:\/\/www.compagniefruitiere.fr\/wp-content\/uploads\/2022\/03\/compagniefrutiere-logo.svg","contentUrl":"https:\/\/www.compagniefruitiere.fr\/wp-content\/uploads\/2022\/03\/compagniefrutiere-logo.svg","width":471,"height":113,"caption":"Compagnie fruiti\u00e8re"},"image":{"@id":"https:\/\/www.compagniefruitiere.fr\/de\/#\/schema\/logo\/image\/"},"sameAs":["https:\/\/www.linkedin.com\/company\/compagnie-fruitiere\/"]}]}},"_links":{"self":[{"href":"https:\/\/www.compagniefruitiere.fr\/de\/wp-json\/wp\/v2\/pages\/10300","targetHints":{"allow":["GET"]}}],"collection":[{"href":"https:\/\/www.compagniefruitiere.fr\/de\/wp-json\/wp\/v2\/pages"}],"about":[{"href":"https:\/\/www.compagniefruitiere.fr\/de\/wp-json\/wp\/v2\/types\/page"}],"author":[{"embeddable":true,"href":"https:\/\/www.compagniefruitiere.fr\/de\/wp-json\/wp\/v2\/users\/1"}],"replies":[{"embeddable":true,"href":"https:\/\/www.compagniefruitiere.fr\/de\/wp-json\/wp\/v2\/comments?post=10300"}],"version-history":[{"count":8,"href":"https:\/\/www.compagniefruitiere.fr\/de\/wp-json\/wp\/v2\/pages\/10300\/revisions"}],"predecessor-version":[{"id":12394,"href":"https:\/\/www.compagniefruitiere.fr\/de\/wp-json\/wp\/v2\/pages\/10300\/revisions\/12394"}],"wp:attachment":[{"href":"https:\/\/www.compagniefruitiere.fr\/de\/wp-json\/wp\/v2\/media?parent=10300"}],"curies":[{"name":"wp","href":"https:\/\/api.w.org\/{rel}","templated":true}]}}